{"id":45338,"date":"2025-07-19T10:03:46","date_gmt":"2025-07-19T09:03:46","guid":{"rendered":"https:\/\/babylove.se\/produkt\/numero-74-tipitalt-till-barnrummet-dusty-pink\/"},"modified":"2026-04-08T12:53:51","modified_gmt":"2026-04-08T11:53:51","slug":"nummer-74-tipitelt-til-barnerommet-dusty-pink","status":"publish","type":"product","link":"https:\/\/babylove.se\/no\/produkt\/nummer-74-tipitelt-til-barnerommet-dusty-pink\/","title":{"rendered":"Numero 74, tipitelt til barnerommet, Dusty pink"},"content":{"rendered":"<p>Et meget sjarmerende og vakkert h\u00e5ndlaget tipitelt med to vinduer. I hvert rom hvor dette brukes vil en eventyrf\u00f8lelse spre seg. Perfekt for \u00e5 innrede barnerommet<strong>&nbsp;<\/strong>p\u00e5 en god m\u00e5te.&nbsp;<\/p>\n<p>La barnet ditt skape sin egen magiske verden med dette tipiiteltet. Dette leketeltet er praktisk da det er meget enkelt b\u00e5de \u00e5 sl\u00e5 opp og sammen. En smart oppbevaringsveske f\u00f8lger med.<\/p>\n<p>Alle tekstiler fra det spanske Numero 74 er vasket med et deilig skyllemiddel med en subtil duft som forsvinner etter f\u00f8rste vask.&nbsp;<\/p>\n<p>Tipiiteltet er GOTS-sertifisert som sikrer at produktet er \u00f8kologisk, b\u00e6rekraftig og produsert under gode arbeidsforhold. Da teltet er h\u00e5ndlaget kan mindre variasjoner i farge og form forekomme.<\/p>\n<p><strong>M\u00e5l<\/strong>:&nbsp;110 x 110 x 150 cm<span>&nbsp;<\/span><\/p>\n<p><strong>Materiale<\/strong>: 100 % organisk GOTS-sertifisert bomull.<\/p>\n<p>Designer: <a href=\"https:\/\/babylove.se\/varumarken\/numero-74\">Numero 74<\/a><\/p>\n","protected":false},"excerpt":{"rendered":"<p>Et meget sjarmerende og vakkert h\u00e5ndlaget tipitelt med to vinduer. I hvert rom hvor dette brukes vil en eventyrf\u00f8lelse spre seg. Perfekt for \u00e5 innrede barnerommet&nbsp;p\u00e5 en god m\u00e5te.&nbsp; La barnet ditt skape sin egen magiske verden med dette tipiiteltet. Dette leketeltet er praktisk da det er meget enkelt b\u00e5de \u00e5 sl\u00e5 opp og sammen. [&hellip;]<\/p>\n","protected":false},"featured_media":45340,"comment_status":"closed","ping_status":"open","template":"","meta":{"_acf_changed":false},"product_brand":[1313],"product_cat":[72,275,1314,276],"product_tag":[1709],"class_list":{"0":"post-45338","1":"product","2":"type-product","3":"status-publish","4":"has-post-thumbnail","6":"product_brand-numero-74","7":"product_cat-julegaver","8":"product_cat-tipitalt-lektalt","9":"product_cat-numero-74","10":"product_cat-tipi-telt-barnerom","11":"product_tag-utforsalg","13":"first","14":"instock","15":"taxable","16":"shipping-taxable","17":"purchasable","18":"product-type-simple"},"acf":[],"yoast_head":"<!-- This site is optimized with the Yoast SEO Premium plugin v25.8 (Yoast SEO v27.2) - https:\/\/yoast.com\/product\/yoast-seo-premium-wordpress\/ -->\n<title>Numero 74, tipitelt til barnerommet, Dusty pink - Babylove Norska<\/title>\n<meta name=\"robots\" content=\"noindex, follow, max-snippet:-1, max-image-preview:large, max-video-preview:-1\" \/>\n<meta property=\"og:locale\" content=\"nb_NO\" \/>\n<meta property=\"og:type\" content=\"article\" \/>\n<meta property=\"og:title\" content=\"Numero 74, tipitelt til barnerommet, Dusty pink\" \/>\n<meta property=\"og:description\" content=\"Et meget sjarmerende og vakkert h\u00e5ndlaget tipitelt med to vinduer. I hvert rom hvor dette brukes vil en eventyrf\u00f8lelse spre seg. Perfekt for \u00e5 innrede barnerommet&nbsp;p\u00e5 en god m\u00e5te.&nbsp; La barnet ditt skape sin egen magiske verden med dette tipiiteltet. Dette leketeltet er praktisk da det er meget enkelt b\u00e5de \u00e5 sl\u00e5 opp og sammen. [&hellip;]\" \/>\n<meta property=\"og:url\" content=\"https:\/\/babylove.se\/no\/produkt\/nummer-74-tipitelt-til-barnerommet-dusty-pink\/\" \/>\n<meta property=\"og:site_name\" content=\"Babylove Norska\" \/>\n<meta property=\"article:modified_time\" content=\"2026-04-08T11:53:51+00:00\" \/>\n<meta property=\"og:image\" content=\"https:\/\/babylove.se\/no\/wp-content\/uploads\/sites\/3\/2025\/07\/633e93351135a.jpeg\" \/>\n\t<meta property=\"og:image:width\" content=\"773\" \/>\n\t<meta property=\"og:image:height\" content=\"1024\" \/>\n\t<meta property=\"og:image:type\" content=\"image\/jpeg\" \/>\n<meta name=\"twitter:card\" content=\"summary_large_image\" \/>\n<meta name=\"twitter:label1\" content=\"Price\" \/>\n\t<meta name=\"twitter:data1\" content=\"1 799,00&nbsp;&#107;&#114;\" \/>\n\t<meta name=\"twitter:label2\" content=\"Availability\" \/>\n\t<meta name=\"twitter:data2\" content=\"In stock\" \/>\n<script type=\"application\/ld+json\" class=\"yoast-schema-graph\">{\"@context\":\"https:\/\/schema.org\",\"@graph\":[{\"@type\":\"WebPage\",\"@id\":\"https:\/\/babylove.se\/no\/produkt\/nummer-74-tipitelt-til-barnerommet-dusty-pink\/\",\"url\":\"https:\/\/babylove.se\/no\/produkt\/nummer-74-tipitelt-til-barnerommet-dusty-pink\/\",\"name\":\"Numero 74, tipitelt til barnerommet, Dusty pink - Babylove Norska\",\"isPartOf\":{\"@id\":\"https:\/\/babylove.se\/no\/#website\"},\"primaryImageOfPage\":{\"@id\":\"https:\/\/babylove.se\/no\/produkt\/nummer-74-tipitelt-til-barnerommet-dusty-pink\/#primaryimage\"},\"image\":{\"@id\":\"https:\/\/babylove.se\/no\/produkt\/nummer-74-tipitelt-til-barnerommet-dusty-pink\/#primaryimage\"},\"thumbnailUrl\":\"https:\/\/babylove.se\/no\/wp-content\/uploads\/sites\/3\/2025\/07\/633e93351135a.jpeg\",\"datePublished\":\"2025-07-19T09:03:46+00:00\",\"dateModified\":\"2026-04-08T11:53:51+00:00\",\"breadcrumb\":{\"@id\":\"https:\/\/babylove.se\/no\/produkt\/nummer-74-tipitelt-til-barnerommet-dusty-pink\/#breadcrumb\"},\"inLanguage\":\"nb-NO\",\"potentialAction\":[{\"@type\":\"ReadAction\",\"target\":[\"https:\/\/babylove.se\/no\/produkt\/nummer-74-tipitelt-til-barnerommet-dusty-pink\/\"]}]},{\"@type\":\"ImageObject\",\"inLanguage\":\"nb-NO\",\"@id\":\"https:\/\/babylove.se\/no\/produkt\/nummer-74-tipitelt-til-barnerommet-dusty-pink\/#primaryimage\",\"url\":\"https:\/\/babylove.se\/no\/wp-content\/uploads\/sites\/3\/2025\/07\/633e93351135a.jpeg\",\"contentUrl\":\"https:\/\/babylove.se\/no\/wp-content\/uploads\/sites\/3\/2025\/07\/633e93351135a.jpeg\",\"width\":773,\"height\":1024},{\"@type\":\"BreadcrumbList\",\"@id\":\"https:\/\/babylove.se\/no\/produkt\/nummer-74-tipitelt-til-barnerommet-dusty-pink\/#breadcrumb\",\"itemListElement\":[{\"@type\":\"ListItem\",\"position\":1,\"name\":\"Hem\",\"item\":\"https:\/\/babylove.se\/no\/\"},{\"@type\":\"ListItem\",\"position\":2,\"name\":\"Butik\",\"item\":\"https:\/\/babylove.se\/no\/butik\/\"},{\"@type\":\"ListItem\",\"position\":3,\"name\":\"Numero 74, tipitelt til barnerommet, Dusty pink\"}]},{\"@type\":\"WebSite\",\"@id\":\"https:\/\/babylove.se\/no\/#website\",\"url\":\"https:\/\/babylove.se\/no\/\",\"name\":\"Babylove Norska\",\"description\":\"\",\"potentialAction\":[{\"@type\":\"SearchAction\",\"target\":{\"@type\":\"EntryPoint\",\"urlTemplate\":\"https:\/\/babylove.se\/no\/?s={search_term_string}\"},\"query-input\":{\"@type\":\"PropertyValueSpecification\",\"valueRequired\":true,\"valueName\":\"search_term_string\"}}],\"inLanguage\":\"nb-NO\"}]}<\/script>\n<meta property=\"product:brand\" content=\"Numero 74\" \/>\n<meta property=\"product:price:amount\" content=\"1799.00\" \/>\n<meta property=\"product:price:currency\" content=\"SEK\" \/>\n<meta property=\"og:availability\" content=\"instock\" \/>\n<meta property=\"product:availability\" content=\"instock\" \/>\n<meta property=\"product:retailer_item_id\" content=\"7400000089297\" \/>\n<meta property=\"product:condition\" content=\"new\" \/>\n<!-- \/ Yoast SEO Premium plugin. -->","yoast_head_json":{"title":"Numero 74, tipitelt til barnerommet, Dusty pink - Babylove Norska","robots":{"index":"noindex","follow":"follow","max-snippet":"max-snippet:-1","max-image-preview":"max-image-preview:large","max-video-preview":"max-video-preview:-1"},"og_locale":"nb_NO","og_type":"article","og_title":"Numero 74, tipitelt til barnerommet, Dusty pink","og_description":"Et meget sjarmerende og vakkert h\u00e5ndlaget tipitelt med to vinduer. I hvert rom hvor dette brukes vil en eventyrf\u00f8lelse spre seg. Perfekt for \u00e5 innrede barnerommet&nbsp;p\u00e5 en god m\u00e5te.&nbsp; La barnet ditt skape sin egen magiske verden med dette tipiiteltet. Dette leketeltet er praktisk da det er meget enkelt b\u00e5de \u00e5 sl\u00e5 opp og sammen. [&hellip;]","og_url":"https:\/\/babylove.se\/no\/produkt\/nummer-74-tipitelt-til-barnerommet-dusty-pink\/","og_site_name":"Babylove Norska","article_modified_time":"2026-04-08T11:53:51+00:00","og_image":[{"width":773,"height":1024,"url":"https:\/\/babylove.se\/no\/wp-content\/uploads\/sites\/3\/2025\/07\/633e93351135a.jpeg","type":"image\/jpeg"}],"twitter_card":"summary_large_image","twitter_misc":{"Price":"1 799,00&nbsp;&#107;&#114;","Availability":"In stock"},"schema":{"@context":"https:\/\/schema.org","@graph":[{"@type":"WebPage","@id":"https:\/\/babylove.se\/no\/produkt\/nummer-74-tipitelt-til-barnerommet-dusty-pink\/","url":"https:\/\/babylove.se\/no\/produkt\/nummer-74-tipitelt-til-barnerommet-dusty-pink\/","name":"Numero 74, tipitelt til barnerommet, Dusty pink - Babylove Norska","isPartOf":{"@id":"https:\/\/babylove.se\/no\/#website"},"primaryImageOfPage":{"@id":"https:\/\/babylove.se\/no\/produkt\/nummer-74-tipitelt-til-barnerommet-dusty-pink\/#primaryimage"},"image":{"@id":"https:\/\/babylove.se\/no\/produkt\/nummer-74-tipitelt-til-barnerommet-dusty-pink\/#primaryimage"},"thumbnailUrl":"https:\/\/babylove.se\/no\/wp-content\/uploads\/sites\/3\/2025\/07\/633e93351135a.jpeg","datePublished":"2025-07-19T09:03:46+00:00","dateModified":"2026-04-08T11:53:51+00:00","breadcrumb":{"@id":"https:\/\/babylove.se\/no\/produkt\/nummer-74-tipitelt-til-barnerommet-dusty-pink\/#breadcrumb"},"inLanguage":"nb-NO","potentialAction":[{"@type":"ReadAction","target":["https:\/\/babylove.se\/no\/produkt\/nummer-74-tipitelt-til-barnerommet-dusty-pink\/"]}]},{"@type":"ImageObject","inLanguage":"nb-NO","@id":"https:\/\/babylove.se\/no\/produkt\/nummer-74-tipitelt-til-barnerommet-dusty-pink\/#primaryimage","url":"https:\/\/babylove.se\/no\/wp-content\/uploads\/sites\/3\/2025\/07\/633e93351135a.jpeg","contentUrl":"https:\/\/babylove.se\/no\/wp-content\/uploads\/sites\/3\/2025\/07\/633e93351135a.jpeg","width":773,"height":1024},{"@type":"BreadcrumbList","@id":"https:\/\/babylove.se\/no\/produkt\/nummer-74-tipitelt-til-barnerommet-dusty-pink\/#breadcrumb","itemListElement":[{"@type":"ListItem","position":1,"name":"Hem","item":"https:\/\/babylove.se\/no\/"},{"@type":"ListItem","position":2,"name":"Butik","item":"https:\/\/babylove.se\/no\/butik\/"},{"@type":"ListItem","position":3,"name":"Numero 74, tipitelt til barnerommet, Dusty pink"}]},{"@type":"WebSite","@id":"https:\/\/babylove.se\/no\/#website","url":"https:\/\/babylove.se\/no\/","name":"Babylove Norska","description":"","potentialAction":[{"@type":"SearchAction","target":{"@type":"EntryPoint","urlTemplate":"https:\/\/babylove.se\/no\/?s={search_term_string}"},"query-input":{"@type":"PropertyValueSpecification","valueRequired":true,"valueName":"search_term_string"}}],"inLanguage":"nb-NO"}]},"product_brand":"Numero 74","product_price_amount":"1799.00","product_price_currency":"SEK","og_availability":"instock","product_availability":"instock","product_retailer_item_id":"7400000089297","product_condition":"new"},"_links":{"self":[{"href":"https:\/\/babylove.se\/no\/wp-json\/wp\/v2\/product\/45338","targetHints":{"allow":["GET"]}}],"collection":[{"href":"https:\/\/babylove.se\/no\/wp-json\/wp\/v2\/product"}],"about":[{"href":"https:\/\/babylove.se\/no\/wp-json\/wp\/v2\/types\/product"}],"replies":[{"embeddable":true,"href":"https:\/\/babylove.se\/no\/wp-json\/wp\/v2\/comments?post=45338"}],"wp:featuredmedia":[{"embeddable":true,"href":"https:\/\/babylove.se\/no\/wp-json\/wp\/v2\/media\/45340"}],"wp:attachment":[{"href":"https:\/\/babylove.se\/no\/wp-json\/wp\/v2\/media?parent=45338"}],"wp:term":[{"taxonomy":"product_brand","embeddable":true,"href":"https:\/\/babylove.se\/no\/wp-json\/wp\/v2\/product_brand?post=45338"},{"taxonomy":"product_cat","embeddable":true,"href":"https:\/\/babylove.se\/no\/wp-json\/wp\/v2\/product_cat?post=45338"},{"taxonomy":"product_tag","embeddable":true,"href":"https:\/\/babylove.se\/no\/wp-json\/wp\/v2\/product_tag?post=45338"}],"curies":[{"name":"wp","href":"https:\/\/api.w.org\/{rel}","templated":true}]}}