{"id":45392,"date":"2025-07-19T10:04:11","date_gmt":"2025-07-19T09:04:11","guid":{"rendered":"https:\/\/babylove.se\/produkt\/personligt-julhange-julstrumpa-med-namn\/"},"modified":"2026-04-08T12:54:10","modified_gmt":"2026-04-08T11:54:10","slug":"personlig-julpynt-julestrompe-med-navn","status":"publish","type":"product","link":"https:\/\/babylove.se\/no\/produkt\/personlig-julpynt-julestrompe-med-navn\/","title":{"rendered":"Personlig julanheng, julestr\u00f8mpe med navn"},"content":{"rendered":"<p>Vakkert julpynt i form av en julesokk med valgfritt navn.&nbsp;<\/p>\n<p>Med denne juletrepynten blir ditt juletre b\u00e5de unikt og personlig!<\/p>\n<p><span>Produktet produseres i Sverige og henges enkelt opp p\u00e5 juletreet med natursnor.&nbsp;<\/span><\/p>\n<p><span><strong>M\u00e5l<\/strong>: ca 10 x 8 cm<\/span><\/p>\n<p><span><strong>Tykkelse<\/strong>: 8 mm<\/span><\/p>\n<p><span><strong>Materiale<\/strong>: Tre<\/span><\/p>\n<p><span>Designer: Pyssl<\/span><\/p>\n<p><em>OBS! Kontroller stavem\u00e5ten p\u00e5 \u00f8nsket navn<\/em><\/p>\n","protected":false},"excerpt":{"rendered":"<p>Vakkert julpynt i form av en julesokk med valgfritt navn.&nbsp; Med denne juletrepynten blir ditt juletre b\u00e5de unikt og personlig! Produktet produseres i Sverige og henges enkelt opp p\u00e5 juletreet med natursnor.&nbsp; M\u00e5l: ca 10 x 8 cm Tykkelse: 8 mm Materiale: Tre Designer: Pyssl OBS! Kontroller stavem\u00e5ten p\u00e5 \u00f8nsket navn<\/p>\n","protected":false},"featured_media":45394,"comment_status":"closed","ping_status":"open","template":"","meta":{"_acf_changed":false},"product_brand":[778],"product_cat":[75,305,74,779,29],"product_tag":[1689],"class_list":{"0":"post-45392","1":"product","2":"type-product","3":"status-publish","4":"has-post-thumbnail","6":"product_brand-varberg-laser","7":"product_cat-julklappar-med-gravering-broderi","8":"product_cat-julestromper","9":"product_cat-personlige-dapsgaver","10":"product_cat-vl","11":"product_cat-veggdekorasjoner","12":"product_tag-bestillingsvaror","13":"pa_farg-aprikos","14":"pa_farg-aquamarine","15":"pa_farg-bla","16":"pa_farg-bla-mork","17":"pa_farg-brun-ljus","18":"pa_farg-brun-mork","19":"pa_farg-gammelrosa","20":"pa_farg-gra","21":"pa_farg-gra-ljus","22":"pa_farg-gra-mork","23":"pa_farg-gron-ljus","24":"pa_farg-gron-mork","25":"pa_farg-gul","26":"pa_farg-himmelsbla","27":"pa_farg-vit","28":"pa_farg-lila-ljus","29":"pa_farg-lila-mork","30":"pa_farg-natrell-poppel","31":"pa_farg-orange","32":"pa_farg-rod","33":"pa_farg-rosa","34":"pa_farg-rosa-mork","35":"pa_farg-svart","36":"pa_farg-turkos","37":"pa_farg-vanlij","39":"first","40":"instock","41":"taxable","42":"shipping-taxable","43":"purchasable","44":"product-type-variable"},"acf":[],"yoast_head":"<!-- This site is optimized with the Yoast SEO Premium plugin v25.8 (Yoast SEO v27.2) - https:\/\/yoast.com\/product\/yoast-seo-premium-wordpress\/ -->\n<title>Personlig julanheng, julestr\u00f8mpe med navn - Babylove Norska<\/title>\n<meta name=\"robots\" content=\"noindex, follow, max-snippet:-1, max-image-preview:large, max-video-preview:-1\" \/>\n<meta property=\"og:locale\" content=\"nb_NO\" \/>\n<meta property=\"og:type\" content=\"article\" \/>\n<meta property=\"og:title\" content=\"Personlig julanheng, julestr\u00f8mpe med navn\" \/>\n<meta property=\"og:description\" content=\"Vakkert julpynt i form av en julesokk med valgfritt navn.&nbsp; Med denne juletrepynten blir ditt juletre b\u00e5de unikt og personlig! Produktet produseres i Sverige og henges enkelt opp p\u00e5 juletreet med natursnor.&nbsp; M\u00e5l: ca 10 x 8 cm Tykkelse: 8 mm Materiale: Tre Designer: Pyssl OBS! Kontroller stavem\u00e5ten p\u00e5 \u00f8nsket navn\" \/>\n<meta property=\"og:url\" content=\"https:\/\/babylove.se\/no\/produkt\/personlig-julpynt-julestrompe-med-navn\/\" \/>\n<meta property=\"og:site_name\" content=\"Babylove Norska\" \/>\n<meta property=\"article:modified_time\" content=\"2026-04-08T11:54:10+00:00\" \/>\n<meta property=\"og:image\" content=\"https:\/\/babylove.se\/no\/wp-content\/uploads\/sites\/3\/2025\/07\/633fc5f3117a6.jpeg\" \/>\n\t<meta property=\"og:image:width\" content=\"487\" \/>\n\t<meta property=\"og:image:height\" content=\"487\" \/>\n\t<meta property=\"og:image:type\" content=\"image\/jpeg\" \/>\n<meta name=\"twitter:card\" content=\"summary_large_image\" \/>\n<meta name=\"twitter:label1\" content=\"Availability\" \/>\n\t<meta name=\"twitter:data1\" content=\"In stock\" \/>\n<script type=\"application\/ld+json\" class=\"yoast-schema-graph\">{\"@context\":\"https:\/\/schema.org\",\"@graph\":[{\"@type\":\"WebPage\",\"@id\":\"https:\/\/babylove.se\/no\/produkt\/personlig-julpynt-julestrompe-med-navn\/\",\"url\":\"https:\/\/babylove.se\/no\/produkt\/personlig-julpynt-julestrompe-med-navn\/\",\"name\":\"Personlig julanheng, julestr\u00f8mpe med navn - Babylove Norska\",\"isPartOf\":{\"@id\":\"https:\/\/babylove.se\/no\/#website\"},\"primaryImageOfPage\":{\"@id\":\"https:\/\/babylove.se\/no\/produkt\/personlig-julpynt-julestrompe-med-navn\/#primaryimage\"},\"image\":{\"@id\":\"https:\/\/babylove.se\/no\/produkt\/personlig-julpynt-julestrompe-med-navn\/#primaryimage\"},\"thumbnailUrl\":\"https:\/\/babylove.se\/no\/wp-content\/uploads\/sites\/3\/2025\/07\/633fc5f3117a6.jpeg\",\"datePublished\":\"2025-07-19T09:04:11+00:00\",\"dateModified\":\"2026-04-08T11:54:10+00:00\",\"breadcrumb\":{\"@id\":\"https:\/\/babylove.se\/no\/produkt\/personlig-julpynt-julestrompe-med-navn\/#breadcrumb\"},\"inLanguage\":\"nb-NO\",\"potentialAction\":[{\"@type\":\"ReadAction\",\"target\":[\"https:\/\/babylove.se\/no\/produkt\/personlig-julpynt-julestrompe-med-navn\/\"]}]},{\"@type\":\"ImageObject\",\"inLanguage\":\"nb-NO\",\"@id\":\"https:\/\/babylove.se\/no\/produkt\/personlig-julpynt-julestrompe-med-navn\/#primaryimage\",\"url\":\"https:\/\/babylove.se\/no\/wp-content\/uploads\/sites\/3\/2025\/07\/633fc5f3117a6.jpeg\",\"contentUrl\":\"https:\/\/babylove.se\/no\/wp-content\/uploads\/sites\/3\/2025\/07\/633fc5f3117a6.jpeg\",\"width\":487,\"height\":487},{\"@type\":\"BreadcrumbList\",\"@id\":\"https:\/\/babylove.se\/no\/produkt\/personlig-julpynt-julestrompe-med-navn\/#breadcrumb\",\"itemListElement\":[{\"@type\":\"ListItem\",\"position\":1,\"name\":\"Hem\",\"item\":\"https:\/\/babylove.se\/no\/\"},{\"@type\":\"ListItem\",\"position\":2,\"name\":\"Butik\",\"item\":\"https:\/\/babylove.se\/no\/butik\/\"},{\"@type\":\"ListItem\",\"position\":3,\"name\":\"Personlig julanheng, julestr\u00f8mpe med navn\"}]},{\"@type\":\"WebSite\",\"@id\":\"https:\/\/babylove.se\/no\/#website\",\"url\":\"https:\/\/babylove.se\/no\/\",\"name\":\"Babylove Norska\",\"description\":\"\",\"potentialAction\":[{\"@type\":\"SearchAction\",\"target\":{\"@type\":\"EntryPoint\",\"urlTemplate\":\"https:\/\/babylove.se\/no\/?s={search_term_string}\"},\"query-input\":{\"@type\":\"PropertyValueSpecification\",\"valueRequired\":true,\"valueName\":\"search_term_string\"}}],\"inLanguage\":\"nb-NO\"}]}<\/script>\n<meta property=\"product:brand\" content=\"Varberg Laser\" \/>\n<meta property=\"og:availability\" content=\"instock\" \/>\n<meta property=\"product:availability\" content=\"instock\" \/>\n<meta property=\"product:retailer_item_id\" content=\"R\u00f6d-10189\" \/>\n<meta property=\"product:condition\" content=\"new\" \/>\n<!-- \/ Yoast SEO Premium plugin. -->","yoast_head_json":{"title":"Personlig julanheng, julestr\u00f8mpe med navn - Babylove Norska","robots":{"index":"noindex","follow":"follow","max-snippet":"max-snippet:-1","max-image-preview":"max-image-preview:large","max-video-preview":"max-video-preview:-1"},"og_locale":"nb_NO","og_type":"article","og_title":"Personlig julanheng, julestr\u00f8mpe med navn","og_description":"Vakkert julpynt i form av en julesokk med valgfritt navn.&nbsp; Med denne juletrepynten blir ditt juletre b\u00e5de unikt og personlig! Produktet produseres i Sverige og henges enkelt opp p\u00e5 juletreet med natursnor.&nbsp; M\u00e5l: ca 10 x 8 cm Tykkelse: 8 mm Materiale: Tre Designer: Pyssl OBS! Kontroller stavem\u00e5ten p\u00e5 \u00f8nsket navn","og_url":"https:\/\/babylove.se\/no\/produkt\/personlig-julpynt-julestrompe-med-navn\/","og_site_name":"Babylove Norska","article_modified_time":"2026-04-08T11:54:10+00:00","og_image":[{"width":487,"height":487,"url":"https:\/\/babylove.se\/no\/wp-content\/uploads\/sites\/3\/2025\/07\/633fc5f3117a6.jpeg","type":"image\/jpeg"}],"twitter_card":"summary_large_image","twitter_misc":{"Availability":"In stock"},"schema":{"@context":"https:\/\/schema.org","@graph":[{"@type":"WebPage","@id":"https:\/\/babylove.se\/no\/produkt\/personlig-julpynt-julestrompe-med-navn\/","url":"https:\/\/babylove.se\/no\/produkt\/personlig-julpynt-julestrompe-med-navn\/","name":"Personlig julanheng, julestr\u00f8mpe med navn - Babylove Norska","isPartOf":{"@id":"https:\/\/babylove.se\/no\/#website"},"primaryImageOfPage":{"@id":"https:\/\/babylove.se\/no\/produkt\/personlig-julpynt-julestrompe-med-navn\/#primaryimage"},"image":{"@id":"https:\/\/babylove.se\/no\/produkt\/personlig-julpynt-julestrompe-med-navn\/#primaryimage"},"thumbnailUrl":"https:\/\/babylove.se\/no\/wp-content\/uploads\/sites\/3\/2025\/07\/633fc5f3117a6.jpeg","datePublished":"2025-07-19T09:04:11+00:00","dateModified":"2026-04-08T11:54:10+00:00","breadcrumb":{"@id":"https:\/\/babylove.se\/no\/produkt\/personlig-julpynt-julestrompe-med-navn\/#breadcrumb"},"inLanguage":"nb-NO","potentialAction":[{"@type":"ReadAction","target":["https:\/\/babylove.se\/no\/produkt\/personlig-julpynt-julestrompe-med-navn\/"]}]},{"@type":"ImageObject","inLanguage":"nb-NO","@id":"https:\/\/babylove.se\/no\/produkt\/personlig-julpynt-julestrompe-med-navn\/#primaryimage","url":"https:\/\/babylove.se\/no\/wp-content\/uploads\/sites\/3\/2025\/07\/633fc5f3117a6.jpeg","contentUrl":"https:\/\/babylove.se\/no\/wp-content\/uploads\/sites\/3\/2025\/07\/633fc5f3117a6.jpeg","width":487,"height":487},{"@type":"BreadcrumbList","@id":"https:\/\/babylove.se\/no\/produkt\/personlig-julpynt-julestrompe-med-navn\/#breadcrumb","itemListElement":[{"@type":"ListItem","position":1,"name":"Hem","item":"https:\/\/babylove.se\/no\/"},{"@type":"ListItem","position":2,"name":"Butik","item":"https:\/\/babylove.se\/no\/butik\/"},{"@type":"ListItem","position":3,"name":"Personlig julanheng, julestr\u00f8mpe med navn"}]},{"@type":"WebSite","@id":"https:\/\/babylove.se\/no\/#website","url":"https:\/\/babylove.se\/no\/","name":"Babylove Norska","description":"","potentialAction":[{"@type":"SearchAction","target":{"@type":"EntryPoint","urlTemplate":"https:\/\/babylove.se\/no\/?s={search_term_string}"},"query-input":{"@type":"PropertyValueSpecification","valueRequired":true,"valueName":"search_term_string"}}],"inLanguage":"nb-NO"}]},"product_brand":"Varberg Laser","og_availability":"instock","product_availability":"instock","product_retailer_item_id":"R\u00f6d-10189","product_condition":"new"},"_links":{"self":[{"href":"https:\/\/babylove.se\/no\/wp-json\/wp\/v2\/product\/45392","targetHints":{"allow":["GET"]}}],"collection":[{"href":"https:\/\/babylove.se\/no\/wp-json\/wp\/v2\/product"}],"about":[{"href":"https:\/\/babylove.se\/no\/wp-json\/wp\/v2\/types\/product"}],"replies":[{"embeddable":true,"href":"https:\/\/babylove.se\/no\/wp-json\/wp\/v2\/comments?post=45392"}],"wp:featuredmedia":[{"embeddable":true,"href":"https:\/\/babylove.se\/no\/wp-json\/wp\/v2\/media\/45394"}],"wp:attachment":[{"href":"https:\/\/babylove.se\/no\/wp-json\/wp\/v2\/media?parent=45392"}],"wp:term":[{"taxonomy":"product_brand","embeddable":true,"href":"https:\/\/babylove.se\/no\/wp-json\/wp\/v2\/product_brand?post=45392"},{"taxonomy":"product_cat","embeddable":true,"href":"https:\/\/babylove.se\/no\/wp-json\/wp\/v2\/product_cat?post=45392"},{"taxonomy":"product_tag","embeddable":true,"href":"https:\/\/babylove.se\/no\/wp-json\/wp\/v2\/product_tag?post=45392"}],"curies":[{"name":"wp","href":"https:\/\/api.w.org\/{rel}","templated":true}]}}