{"id":45463,"date":"2025-07-19T10:05:35","date_gmt":"2025-07-19T09:05:35","guid":{"rendered":"https:\/\/babylove.se\/produkt\/personlig-vaggbokstav-med-namn-moomin\/"},"modified":"2026-04-08T12:54:22","modified_gmt":"2026-04-08T11:54:22","slug":"personlig-veggbokstav-med-navn-moomin","status":"publish","type":"product","link":"https:\/\/babylove.se\/no\/produkt\/personlig-veggbokstav-med-navn-moomin\/","title":{"rendered":"Personlig veggbokstav med navn &#8211; Moomin"},"content":{"rendered":"<p>En fin og personlig veggdekorasjon i form av en bokstav av tre med valgfritt navn og Mummi-figur. Passer perfekt p\u00e5 barnerommet eller som en d\u00e5psdekorasjon.&nbsp;<\/p>\n<p><span>Bokstaven produseres i Sverige og h<\/span>enges enkelt opp med f.eks. hengemasse eller dobbeltsidig tape&nbsp;<\/p>\n<p>Finnes i fargene: aprikos, bl\u00e5 (lys), bl\u00e5 (m\u00f8rk), gammelrosa, gr\u00e5 (lys), gr\u00e5 (mellom), gr\u00e5 (m\u00f8rk), gr\u00f8nn (lys), gr\u00f8nn (m\u00f8rk), gul (lys), gul (m\u00f8rk), himmelsbl\u00e5, hot pink, jade, lilla (lys), lilla (m\u00f8rk), mullvarp, orange, rosa (lys), rosa (m\u00f8rk), r\u00f8d, svart, hvit og natur (umalt tre).<\/p>\n<p><span><strong>M\u00e5l<\/strong>: Finnes i to st\u00f8rrelser:<\/span><\/p>\n<ul>\n<li><span>M: H\u00f8yde 20 cm. Bredde varierer avhengig av bokstav.<\/span><\/li>\n<li>L: H\u00f8yde 25 cm. Bredde varierer avhengig av bokstav.<\/li>\n<\/ul>\n<p><strong>Tykkelse<\/strong>: 4 mm<\/p>\n<p><span><strong>Materiale<\/strong>: Tre<\/span><\/p>\n<p><span>Designer: Pyssl<\/span><\/p>\n<p><em>OBS! Kontroller stavem\u00e5ten p\u00e5 \u00f8nsket navn!<\/em><\/p>\n","protected":false},"excerpt":{"rendered":"<p>En fin og personlig veggdekorasjon i form av en bokstav av tre med valgfritt navn og Mummi-figur. Passer perfekt p\u00e5 barnerommet eller som en d\u00e5psdekorasjon.&nbsp; Bokstaven produseres i Sverige og henges enkelt opp med f.eks. hengemasse eller dobbeltsidig tape&nbsp; Finnes i fargene: aprikos, bl\u00e5 (lys), bl\u00e5 (m\u00f8rk), gammelrosa, gr\u00e5 (lys), gr\u00e5 (mellom), gr\u00e5 (m\u00f8rk), gr\u00f8nn [&hellip;]<\/p>\n","protected":false},"featured_media":45465,"comment_status":"closed","ping_status":"open","template":"","meta":{"_acf_changed":false},"product_brand":[778],"product_cat":[75,74,779,29],"product_tag":[1689],"class_list":{"0":"post-45463","1":"product","2":"type-product","3":"status-publish","4":"has-post-thumbnail","6":"product_brand-varberg-laser","7":"product_cat-julklappar-med-gravering-broderi","8":"product_cat-personlige-dapsgaver","9":"product_cat-vl","10":"product_cat-veggdekorasjoner","11":"product_tag-bestillingsvaror","12":"pa_farg-aprikos","13":"pa_farg-bla-ljus","14":"pa_farg-bla-mork","15":"pa_farg-gammelrosa","16":"pa_farg-gra-ljus","17":"pa_farg-gra-mellan","18":"pa_farg-gra-mork","19":"pa_farg-gron-ljus","20":"pa_farg-gron-mork","21":"pa_farg-gul-ljus","22":"pa_farg-gul-mork","23":"pa_farg-himmelsbla","24":"pa_farg-hot-pink","25":"pa_farg-vit","26":"pa_farg-jade","27":"pa_farg-lila-ljus","28":"pa_farg-lila-mork","29":"pa_farg-mullvad","30":"pa_farg-natur","31":"pa_farg-orange","32":"pa_farg-rod","33":"pa_farg-rosa-ljus","34":"pa_farg-rosa-mork","35":"pa_farg-svart","36":"pa_figur-filifjonkan","37":"pa_figur-hemulen","38":"pa_figur-lilla-my","39":"pa_figur-mumminmamman","40":"pa_figur-mumminpappan","41":"pa_figur-mummintrollet","42":"pa_figur-sniff","43":"pa_figur-snorkfroken","44":"pa_figur-snusmumriken","45":"pa_figur-stinky","46":"pa_figur-too-ticki","47":"pa_storlek-l","48":"pa_storlek-m","50":"first","51":"instock","52":"taxable","53":"shipping-taxable","54":"purchasable","55":"product-type-variable"},"acf":[],"yoast_head":"<!-- This site is optimized with the Yoast SEO Premium plugin v25.8 (Yoast SEO v27.2) - https:\/\/yoast.com\/product\/yoast-seo-premium-wordpress\/ -->\n<title>Personlig veggbokstav med navn - Moomin - Babylove Norska<\/title>\n<meta name=\"robots\" content=\"noindex, follow, max-snippet:-1, max-image-preview:large, max-video-preview:-1\" \/>\n<meta property=\"og:locale\" content=\"nb_NO\" \/>\n<meta property=\"og:type\" content=\"article\" \/>\n<meta property=\"og:title\" content=\"Personlig veggbokstav med navn - Moomin\" \/>\n<meta property=\"og:description\" content=\"En fin og personlig veggdekorasjon i form av en bokstav av tre med valgfritt navn og Mummi-figur. Passer perfekt p\u00e5 barnerommet eller som en d\u00e5psdekorasjon.&nbsp; Bokstaven produseres i Sverige og henges enkelt opp med f.eks. hengemasse eller dobbeltsidig tape&nbsp; Finnes i fargene: aprikos, bl\u00e5 (lys), bl\u00e5 (m\u00f8rk), gammelrosa, gr\u00e5 (lys), gr\u00e5 (mellom), gr\u00e5 (m\u00f8rk), gr\u00f8nn [&hellip;]\" \/>\n<meta property=\"og:url\" content=\"https:\/\/babylove.se\/no\/produkt\/personlig-veggbokstav-med-navn-moomin\/\" \/>\n<meta property=\"og:site_name\" content=\"Babylove Norska\" \/>\n<meta property=\"article:modified_time\" content=\"2026-04-08T11:54:22+00:00\" \/>\n<meta property=\"og:image\" content=\"https:\/\/babylove.se\/no\/wp-content\/uploads\/sites\/3\/2025\/07\/633fd4b213561.jpeg\" \/>\n\t<meta property=\"og:image:width\" content=\"582\" \/>\n\t<meta property=\"og:image:height\" content=\"582\" \/>\n\t<meta property=\"og:image:type\" content=\"image\/jpeg\" \/>\n<meta name=\"twitter:card\" content=\"summary_large_image\" \/>\n<meta name=\"twitter:label1\" content=\"Availability\" \/>\n\t<meta name=\"twitter:data1\" content=\"In stock\" \/>\n<script type=\"application\/ld+json\" class=\"yoast-schema-graph\">{\"@context\":\"https:\/\/schema.org\",\"@graph\":[{\"@type\":\"WebPage\",\"@id\":\"https:\/\/babylove.se\/no\/produkt\/personlig-veggbokstav-med-navn-moomin\/\",\"url\":\"https:\/\/babylove.se\/no\/produkt\/personlig-veggbokstav-med-navn-moomin\/\",\"name\":\"Personlig veggbokstav med navn - Moomin - Babylove Norska\",\"isPartOf\":{\"@id\":\"https:\/\/babylove.se\/no\/#website\"},\"primaryImageOfPage\":{\"@id\":\"https:\/\/babylove.se\/no\/produkt\/personlig-veggbokstav-med-navn-moomin\/#primaryimage\"},\"image\":{\"@id\":\"https:\/\/babylove.se\/no\/produkt\/personlig-veggbokstav-med-navn-moomin\/#primaryimage\"},\"thumbnailUrl\":\"https:\/\/babylove.se\/no\/wp-content\/uploads\/sites\/3\/2025\/07\/633fd4b213561.jpeg\",\"datePublished\":\"2025-07-19T09:05:35+00:00\",\"dateModified\":\"2026-04-08T11:54:22+00:00\",\"breadcrumb\":{\"@id\":\"https:\/\/babylove.se\/no\/produkt\/personlig-veggbokstav-med-navn-moomin\/#breadcrumb\"},\"inLanguage\":\"nb-NO\",\"potentialAction\":[{\"@type\":\"ReadAction\",\"target\":[\"https:\/\/babylove.se\/no\/produkt\/personlig-veggbokstav-med-navn-moomin\/\"]}]},{\"@type\":\"ImageObject\",\"inLanguage\":\"nb-NO\",\"@id\":\"https:\/\/babylove.se\/no\/produkt\/personlig-veggbokstav-med-navn-moomin\/#primaryimage\",\"url\":\"https:\/\/babylove.se\/no\/wp-content\/uploads\/sites\/3\/2025\/07\/633fd4b213561.jpeg\",\"contentUrl\":\"https:\/\/babylove.se\/no\/wp-content\/uploads\/sites\/3\/2025\/07\/633fd4b213561.jpeg\",\"width\":582,\"height\":582},{\"@type\":\"BreadcrumbList\",\"@id\":\"https:\/\/babylove.se\/no\/produkt\/personlig-veggbokstav-med-navn-moomin\/#breadcrumb\",\"itemListElement\":[{\"@type\":\"ListItem\",\"position\":1,\"name\":\"Hem\",\"item\":\"https:\/\/babylove.se\/no\/\"},{\"@type\":\"ListItem\",\"position\":2,\"name\":\"Butik\",\"item\":\"https:\/\/babylove.se\/no\/butik\/\"},{\"@type\":\"ListItem\",\"position\":3,\"name\":\"Personlig veggbokstav med navn &#8211; Moomin\"}]},{\"@type\":\"WebSite\",\"@id\":\"https:\/\/babylove.se\/no\/#website\",\"url\":\"https:\/\/babylove.se\/no\/\",\"name\":\"Babylove Norska\",\"description\":\"\",\"potentialAction\":[{\"@type\":\"SearchAction\",\"target\":{\"@type\":\"EntryPoint\",\"urlTemplate\":\"https:\/\/babylove.se\/no\/?s={search_term_string}\"},\"query-input\":{\"@type\":\"PropertyValueSpecification\",\"valueRequired\":true,\"valueName\":\"search_term_string\"}}],\"inLanguage\":\"nb-NO\"}]}<\/script>\n<meta property=\"product:brand\" content=\"Varberg Laser\" \/>\n<meta property=\"og:availability\" content=\"instock\" \/>\n<meta property=\"product:availability\" content=\"instock\" \/>\n<meta property=\"product:retailer_item_id\" content=\"2004-M-Filifjonkan-aprikos\" \/>\n<meta property=\"product:condition\" content=\"new\" \/>\n<!-- \/ Yoast SEO Premium plugin. -->","yoast_head_json":{"title":"Personlig veggbokstav med navn - Moomin - Babylove Norska","robots":{"index":"noindex","follow":"follow","max-snippet":"max-snippet:-1","max-image-preview":"max-image-preview:large","max-video-preview":"max-video-preview:-1"},"og_locale":"nb_NO","og_type":"article","og_title":"Personlig veggbokstav med navn - Moomin","og_description":"En fin og personlig veggdekorasjon i form av en bokstav av tre med valgfritt navn og Mummi-figur. Passer perfekt p\u00e5 barnerommet eller som en d\u00e5psdekorasjon.&nbsp; Bokstaven produseres i Sverige og henges enkelt opp med f.eks. hengemasse eller dobbeltsidig tape&nbsp; Finnes i fargene: aprikos, bl\u00e5 (lys), bl\u00e5 (m\u00f8rk), gammelrosa, gr\u00e5 (lys), gr\u00e5 (mellom), gr\u00e5 (m\u00f8rk), gr\u00f8nn [&hellip;]","og_url":"https:\/\/babylove.se\/no\/produkt\/personlig-veggbokstav-med-navn-moomin\/","og_site_name":"Babylove Norska","article_modified_time":"2026-04-08T11:54:22+00:00","og_image":[{"width":582,"height":582,"url":"https:\/\/babylove.se\/no\/wp-content\/uploads\/sites\/3\/2025\/07\/633fd4b213561.jpeg","type":"image\/jpeg"}],"twitter_card":"summary_large_image","twitter_misc":{"Availability":"In stock"},"schema":{"@context":"https:\/\/schema.org","@graph":[{"@type":"WebPage","@id":"https:\/\/babylove.se\/no\/produkt\/personlig-veggbokstav-med-navn-moomin\/","url":"https:\/\/babylove.se\/no\/produkt\/personlig-veggbokstav-med-navn-moomin\/","name":"Personlig veggbokstav med navn - Moomin - Babylove Norska","isPartOf":{"@id":"https:\/\/babylove.se\/no\/#website"},"primaryImageOfPage":{"@id":"https:\/\/babylove.se\/no\/produkt\/personlig-veggbokstav-med-navn-moomin\/#primaryimage"},"image":{"@id":"https:\/\/babylove.se\/no\/produkt\/personlig-veggbokstav-med-navn-moomin\/#primaryimage"},"thumbnailUrl":"https:\/\/babylove.se\/no\/wp-content\/uploads\/sites\/3\/2025\/07\/633fd4b213561.jpeg","datePublished":"2025-07-19T09:05:35+00:00","dateModified":"2026-04-08T11:54:22+00:00","breadcrumb":{"@id":"https:\/\/babylove.se\/no\/produkt\/personlig-veggbokstav-med-navn-moomin\/#breadcrumb"},"inLanguage":"nb-NO","potentialAction":[{"@type":"ReadAction","target":["https:\/\/babylove.se\/no\/produkt\/personlig-veggbokstav-med-navn-moomin\/"]}]},{"@type":"ImageObject","inLanguage":"nb-NO","@id":"https:\/\/babylove.se\/no\/produkt\/personlig-veggbokstav-med-navn-moomin\/#primaryimage","url":"https:\/\/babylove.se\/no\/wp-content\/uploads\/sites\/3\/2025\/07\/633fd4b213561.jpeg","contentUrl":"https:\/\/babylove.se\/no\/wp-content\/uploads\/sites\/3\/2025\/07\/633fd4b213561.jpeg","width":582,"height":582},{"@type":"BreadcrumbList","@id":"https:\/\/babylove.se\/no\/produkt\/personlig-veggbokstav-med-navn-moomin\/#breadcrumb","itemListElement":[{"@type":"ListItem","position":1,"name":"Hem","item":"https:\/\/babylove.se\/no\/"},{"@type":"ListItem","position":2,"name":"Butik","item":"https:\/\/babylove.se\/no\/butik\/"},{"@type":"ListItem","position":3,"name":"Personlig veggbokstav med navn &#8211; Moomin"}]},{"@type":"WebSite","@id":"https:\/\/babylove.se\/no\/#website","url":"https:\/\/babylove.se\/no\/","name":"Babylove Norska","description":"","potentialAction":[{"@type":"SearchAction","target":{"@type":"EntryPoint","urlTemplate":"https:\/\/babylove.se\/no\/?s={search_term_string}"},"query-input":{"@type":"PropertyValueSpecification","valueRequired":true,"valueName":"search_term_string"}}],"inLanguage":"nb-NO"}]},"product_brand":"Varberg Laser","og_availability":"instock","product_availability":"instock","product_retailer_item_id":"2004-M-Filifjonkan-aprikos","product_condition":"new"},"_links":{"self":[{"href":"https:\/\/babylove.se\/no\/wp-json\/wp\/v2\/product\/45463","targetHints":{"allow":["GET"]}}],"collection":[{"href":"https:\/\/babylove.se\/no\/wp-json\/wp\/v2\/product"}],"about":[{"href":"https:\/\/babylove.se\/no\/wp-json\/wp\/v2\/types\/product"}],"replies":[{"embeddable":true,"href":"https:\/\/babylove.se\/no\/wp-json\/wp\/v2\/comments?post=45463"}],"wp:featuredmedia":[{"embeddable":true,"href":"https:\/\/babylove.se\/no\/wp-json\/wp\/v2\/media\/45465"}],"wp:attachment":[{"href":"https:\/\/babylove.se\/no\/wp-json\/wp\/v2\/media?parent=45463"}],"wp:term":[{"taxonomy":"product_brand","embeddable":true,"href":"https:\/\/babylove.se\/no\/wp-json\/wp\/v2\/product_brand?post=45463"},{"taxonomy":"product_cat","embeddable":true,"href":"https:\/\/babylove.se\/no\/wp-json\/wp\/v2\/product_cat?post=45463"},{"taxonomy":"product_tag","embeddable":true,"href":"https:\/\/babylove.se\/no\/wp-json\/wp\/v2\/product_tag?post=45463"}],"curies":[{"name":"wp","href":"https:\/\/api.w.org\/{rel}","templated":true}]}}