{"id":46003,"date":"2025-07-19T10:18:56","date_gmt":"2025-07-19T09:18:56","guid":{"rendered":"https:\/\/babylove.se\/produkt\/personlig-vaggkrok-med-namn-moomin\/"},"modified":"2026-04-08T12:54:29","modified_gmt":"2026-04-08T11:54:29","slug":"personlig-veggkrok-med-navn-mummitrollet","status":"publish","type":"product","link":"https:\/\/babylove.se\/no\/produkt\/personlig-veggkrok-med-navn-mummitrollet\/","title":{"rendered":"Personlig veggkrok med navn &#8211; Moomin"},"content":{"rendered":"<p>En fin og personlig veggkrok med valgfritt navn i form av en Mummifigur. Passer perfekt p\u00e5 barnerommet eller som en d\u00e5psgave.<\/p>\n<p><span>Kroken produseres i Sverige og s<\/span>krus enkelt opp med de to medf\u00f8lgende skruene.<\/p>\n<p>Finnes i fargene: aprikos, bl\u00e5 (lys), bl\u00e5 (m\u00f8rk), gammelrosa, gr\u00e5 (lys), gr\u00e5 (mellom), gr\u00e5 (m\u00f8rk), gr\u00f8nn (lys), gr\u00f8nn (m\u00f8rk), gul (lys), gul (m\u00f8rk), himmelsbl\u00e5, hot pink, jade, lilla (lys), lilla (m\u00f8rk), mullvarp, oransje, rosa (lys), rosa (m\u00f8rk), r\u00f8d, svart, hvit og natur (umalt tre).<\/p>\n<p><span><strong>M\u00e5l<\/strong>: 19 x 11 cm<\/span><\/p>\n<p><span><strong>Materiale<\/strong>: Tre\/metall.<\/span><\/p>\n<p><span>Designer: Varberg Laser<\/span><\/p>\n<p><em>OBS! Kontroller stavem\u00e5te p\u00e5 \u00f8nsket navn!<\/em><\/p>\n","protected":false},"excerpt":{"rendered":"<p>En fin og personlig veggkrok med valgfritt navn i form av en Mummifigur. Passer perfekt p\u00e5 barnerommet eller som en d\u00e5psgave. Kroken produseres i Sverige og skrus enkelt opp med de to medf\u00f8lgende skruene. Finnes i fargene: aprikos, bl\u00e5 (lys), bl\u00e5 (m\u00f8rk), gammelrosa, gr\u00e5 (lys), gr\u00e5 (mellom), gr\u00e5 (m\u00f8rk), gr\u00f8nn (lys), gr\u00f8nn (m\u00f8rk), gul (lys), [&hellip;]<\/p>\n","protected":false},"featured_media":46005,"comment_status":"closed","ping_status":"open","template":"","meta":{"_acf_changed":false},"product_brand":[1374],"product_cat":[75,74,29],"product_tag":[1689],"class_list":{"0":"post-46003","1":"product","2":"type-product","3":"status-publish","4":"has-post-thumbnail","6":"product_brand-varberg","7":"product_cat-julklappar-med-gravering-broderi","8":"product_cat-personlige-dapsgaver","9":"product_cat-veggdekorasjoner","10":"product_tag-bestillingsvaror","11":"pa_figur-lilla-my","12":"pa_figur-muminmamman","13":"pa_figur-muminpappan","14":"pa_figur-mumintrollet","15":"pa_figur-snorfroken","16":"pa_figur-stinky","18":"first","19":"instock","20":"taxable","21":"shipping-taxable","22":"purchasable","23":"product-type-variable"},"acf":[],"yoast_head":"<!-- This site is optimized with the Yoast SEO Premium plugin v25.8 (Yoast SEO v27.2) - https:\/\/yoast.com\/product\/yoast-seo-premium-wordpress\/ -->\n<title>Personlig veggkrok med navn - Moomin - Babylove Norska<\/title>\n<meta name=\"robots\" content=\"noindex, follow, max-snippet:-1, max-image-preview:large, max-video-preview:-1\" \/>\n<meta property=\"og:locale\" content=\"nb_NO\" \/>\n<meta property=\"og:type\" content=\"article\" \/>\n<meta property=\"og:title\" content=\"Personlig veggkrok med navn - Moomin\" \/>\n<meta property=\"og:description\" content=\"En fin og personlig veggkrok med valgfritt navn i form av en Mummifigur. Passer perfekt p\u00e5 barnerommet eller som en d\u00e5psgave. Kroken produseres i Sverige og skrus enkelt opp med de to medf\u00f8lgende skruene. Finnes i fargene: aprikos, bl\u00e5 (lys), bl\u00e5 (m\u00f8rk), gammelrosa, gr\u00e5 (lys), gr\u00e5 (mellom), gr\u00e5 (m\u00f8rk), gr\u00f8nn (lys), gr\u00f8nn (m\u00f8rk), gul (lys), [&hellip;]\" \/>\n<meta property=\"og:url\" content=\"https:\/\/babylove.se\/no\/produkt\/personlig-veggkrok-med-navn-mummitrollet\/\" \/>\n<meta property=\"og:site_name\" content=\"Babylove Norska\" \/>\n<meta property=\"article:modified_time\" content=\"2026-04-08T11:54:29+00:00\" \/>\n<meta property=\"og:image\" content=\"https:\/\/babylove.se\/no\/wp-content\/uploads\/sites\/3\/2025\/07\/633fe79e82bd8.jpeg\" \/>\n\t<meta property=\"og:image:width\" content=\"566\" \/>\n\t<meta property=\"og:image:height\" content=\"566\" \/>\n\t<meta property=\"og:image:type\" content=\"image\/jpeg\" \/>\n<meta name=\"twitter:card\" content=\"summary_large_image\" \/>\n<meta name=\"twitter:label1\" content=\"Availability\" \/>\n\t<meta name=\"twitter:data1\" content=\"In stock\" \/>\n<script type=\"application\/ld+json\" class=\"yoast-schema-graph\">{\"@context\":\"https:\/\/schema.org\",\"@graph\":[{\"@type\":\"WebPage\",\"@id\":\"https:\/\/babylove.se\/no\/produkt\/personlig-veggkrok-med-navn-mummitrollet\/\",\"url\":\"https:\/\/babylove.se\/no\/produkt\/personlig-veggkrok-med-navn-mummitrollet\/\",\"name\":\"Personlig veggkrok med navn - Moomin - Babylove Norska\",\"isPartOf\":{\"@id\":\"https:\/\/babylove.se\/no\/#website\"},\"primaryImageOfPage\":{\"@id\":\"https:\/\/babylove.se\/no\/produkt\/personlig-veggkrok-med-navn-mummitrollet\/#primaryimage\"},\"image\":{\"@id\":\"https:\/\/babylove.se\/no\/produkt\/personlig-veggkrok-med-navn-mummitrollet\/#primaryimage\"},\"thumbnailUrl\":\"https:\/\/babylove.se\/no\/wp-content\/uploads\/sites\/3\/2025\/07\/633fe79e82bd8.jpeg\",\"datePublished\":\"2025-07-19T09:18:56+00:00\",\"dateModified\":\"2026-04-08T11:54:29+00:00\",\"breadcrumb\":{\"@id\":\"https:\/\/babylove.se\/no\/produkt\/personlig-veggkrok-med-navn-mummitrollet\/#breadcrumb\"},\"inLanguage\":\"nb-NO\",\"potentialAction\":[{\"@type\":\"ReadAction\",\"target\":[\"https:\/\/babylove.se\/no\/produkt\/personlig-veggkrok-med-navn-mummitrollet\/\"]}]},{\"@type\":\"ImageObject\",\"inLanguage\":\"nb-NO\",\"@id\":\"https:\/\/babylove.se\/no\/produkt\/personlig-veggkrok-med-navn-mummitrollet\/#primaryimage\",\"url\":\"https:\/\/babylove.se\/no\/wp-content\/uploads\/sites\/3\/2025\/07\/633fe79e82bd8.jpeg\",\"contentUrl\":\"https:\/\/babylove.se\/no\/wp-content\/uploads\/sites\/3\/2025\/07\/633fe79e82bd8.jpeg\",\"width\":566,\"height\":566},{\"@type\":\"BreadcrumbList\",\"@id\":\"https:\/\/babylove.se\/no\/produkt\/personlig-veggkrok-med-navn-mummitrollet\/#breadcrumb\",\"itemListElement\":[{\"@type\":\"ListItem\",\"position\":1,\"name\":\"Hem\",\"item\":\"https:\/\/babylove.se\/no\/\"},{\"@type\":\"ListItem\",\"position\":2,\"name\":\"Butik\",\"item\":\"https:\/\/babylove.se\/no\/butik\/\"},{\"@type\":\"ListItem\",\"position\":3,\"name\":\"Personlig veggkrok med navn &#8211; Moomin\"}]},{\"@type\":\"WebSite\",\"@id\":\"https:\/\/babylove.se\/no\/#website\",\"url\":\"https:\/\/babylove.se\/no\/\",\"name\":\"Babylove Norska\",\"description\":\"\",\"potentialAction\":[{\"@type\":\"SearchAction\",\"target\":{\"@type\":\"EntryPoint\",\"urlTemplate\":\"https:\/\/babylove.se\/no\/?s={search_term_string}\"},\"query-input\":{\"@type\":\"PropertyValueSpecification\",\"valueRequired\":true,\"valueName\":\"search_term_string\"}}],\"inLanguage\":\"nb-NO\"}]}<\/script>\n<meta property=\"product:brand\" content=\"Varberg\" \/>\n<meta property=\"og:availability\" content=\"instock\" \/>\n<meta property=\"product:availability\" content=\"instock\" \/>\n<meta property=\"product:retailer_item_id\" content=\"2007-Lilla-My\" \/>\n<meta property=\"product:condition\" content=\"new\" \/>\n<!-- \/ Yoast SEO Premium plugin. -->","yoast_head_json":{"title":"Personlig veggkrok med navn - Moomin - Babylove Norska","robots":{"index":"noindex","follow":"follow","max-snippet":"max-snippet:-1","max-image-preview":"max-image-preview:large","max-video-preview":"max-video-preview:-1"},"og_locale":"nb_NO","og_type":"article","og_title":"Personlig veggkrok med navn - Moomin","og_description":"En fin og personlig veggkrok med valgfritt navn i form av en Mummifigur. Passer perfekt p\u00e5 barnerommet eller som en d\u00e5psgave. Kroken produseres i Sverige og skrus enkelt opp med de to medf\u00f8lgende skruene. Finnes i fargene: aprikos, bl\u00e5 (lys), bl\u00e5 (m\u00f8rk), gammelrosa, gr\u00e5 (lys), gr\u00e5 (mellom), gr\u00e5 (m\u00f8rk), gr\u00f8nn (lys), gr\u00f8nn (m\u00f8rk), gul (lys), [&hellip;]","og_url":"https:\/\/babylove.se\/no\/produkt\/personlig-veggkrok-med-navn-mummitrollet\/","og_site_name":"Babylove Norska","article_modified_time":"2026-04-08T11:54:29+00:00","og_image":[{"width":566,"height":566,"url":"https:\/\/babylove.se\/no\/wp-content\/uploads\/sites\/3\/2025\/07\/633fe79e82bd8.jpeg","type":"image\/jpeg"}],"twitter_card":"summary_large_image","twitter_misc":{"Availability":"In stock"},"schema":{"@context":"https:\/\/schema.org","@graph":[{"@type":"WebPage","@id":"https:\/\/babylove.se\/no\/produkt\/personlig-veggkrok-med-navn-mummitrollet\/","url":"https:\/\/babylove.se\/no\/produkt\/personlig-veggkrok-med-navn-mummitrollet\/","name":"Personlig veggkrok med navn - Moomin - Babylove Norska","isPartOf":{"@id":"https:\/\/babylove.se\/no\/#website"},"primaryImageOfPage":{"@id":"https:\/\/babylove.se\/no\/produkt\/personlig-veggkrok-med-navn-mummitrollet\/#primaryimage"},"image":{"@id":"https:\/\/babylove.se\/no\/produkt\/personlig-veggkrok-med-navn-mummitrollet\/#primaryimage"},"thumbnailUrl":"https:\/\/babylove.se\/no\/wp-content\/uploads\/sites\/3\/2025\/07\/633fe79e82bd8.jpeg","datePublished":"2025-07-19T09:18:56+00:00","dateModified":"2026-04-08T11:54:29+00:00","breadcrumb":{"@id":"https:\/\/babylove.se\/no\/produkt\/personlig-veggkrok-med-navn-mummitrollet\/#breadcrumb"},"inLanguage":"nb-NO","potentialAction":[{"@type":"ReadAction","target":["https:\/\/babylove.se\/no\/produkt\/personlig-veggkrok-med-navn-mummitrollet\/"]}]},{"@type":"ImageObject","inLanguage":"nb-NO","@id":"https:\/\/babylove.se\/no\/produkt\/personlig-veggkrok-med-navn-mummitrollet\/#primaryimage","url":"https:\/\/babylove.se\/no\/wp-content\/uploads\/sites\/3\/2025\/07\/633fe79e82bd8.jpeg","contentUrl":"https:\/\/babylove.se\/no\/wp-content\/uploads\/sites\/3\/2025\/07\/633fe79e82bd8.jpeg","width":566,"height":566},{"@type":"BreadcrumbList","@id":"https:\/\/babylove.se\/no\/produkt\/personlig-veggkrok-med-navn-mummitrollet\/#breadcrumb","itemListElement":[{"@type":"ListItem","position":1,"name":"Hem","item":"https:\/\/babylove.se\/no\/"},{"@type":"ListItem","position":2,"name":"Butik","item":"https:\/\/babylove.se\/no\/butik\/"},{"@type":"ListItem","position":3,"name":"Personlig veggkrok med navn &#8211; Moomin"}]},{"@type":"WebSite","@id":"https:\/\/babylove.se\/no\/#website","url":"https:\/\/babylove.se\/no\/","name":"Babylove Norska","description":"","potentialAction":[{"@type":"SearchAction","target":{"@type":"EntryPoint","urlTemplate":"https:\/\/babylove.se\/no\/?s={search_term_string}"},"query-input":{"@type":"PropertyValueSpecification","valueRequired":true,"valueName":"search_term_string"}}],"inLanguage":"nb-NO"}]},"product_brand":"Varberg","og_availability":"instock","product_availability":"instock","product_retailer_item_id":"2007-Lilla-My","product_condition":"new"},"_links":{"self":[{"href":"https:\/\/babylove.se\/no\/wp-json\/wp\/v2\/product\/46003","targetHints":{"allow":["GET"]}}],"collection":[{"href":"https:\/\/babylove.se\/no\/wp-json\/wp\/v2\/product"}],"about":[{"href":"https:\/\/babylove.se\/no\/wp-json\/wp\/v2\/types\/product"}],"replies":[{"embeddable":true,"href":"https:\/\/babylove.se\/no\/wp-json\/wp\/v2\/comments?post=46003"}],"wp:featuredmedia":[{"embeddable":true,"href":"https:\/\/babylove.se\/no\/wp-json\/wp\/v2\/media\/46005"}],"wp:attachment":[{"href":"https:\/\/babylove.se\/no\/wp-json\/wp\/v2\/media?parent=46003"}],"wp:term":[{"taxonomy":"product_brand","embeddable":true,"href":"https:\/\/babylove.se\/no\/wp-json\/wp\/v2\/product_brand?post=46003"},{"taxonomy":"product_cat","embeddable":true,"href":"https:\/\/babylove.se\/no\/wp-json\/wp\/v2\/product_cat?post=46003"},{"taxonomy":"product_tag","embeddable":true,"href":"https:\/\/babylove.se\/no\/wp-json\/wp\/v2\/product_tag?post=46003"}],"curies":[{"name":"wp","href":"https:\/\/api.w.org\/{rel}","templated":true}]}}