{"id":46014,"date":"2025-07-19T10:19:03","date_gmt":"2025-07-19T09:19:03","guid":{"rendered":"https:\/\/babylove.se\/produkt\/cottonsweets-sittpuff-boho-boucle-vit\/"},"modified":"2026-04-08T12:54:33","modified_gmt":"2026-04-08T11:54:33","slug":"bomullsgodt-sitteputte-boho-boucle-hvit","status":"publish","type":"product","link":"https:\/\/babylove.se\/no\/produkt\/bomullsgodt-sitteputte-boho-boucle-hvit\/","title":{"rendered":"Cotton&#038;Sweets, sitteposer boho boucle, hvit"},"content":{"rendered":"<p>Fin og praktisk rektangul\u00e6r sittepute fra popul\u00e6re Cotton &amp; Sweets. Et vakkert produkt som vil bidra til barneroms-innredningen din p\u00e5 beste m\u00e5te.&nbsp;<\/p>\n<p>Sittepuffen passer dessuten like godt i barnets rom som i stua. Se frem til masse koselige stunder for boklesing sammen med barnet ditt, eller en avslappende stund for deg med en kopp te, n\u00e5r barnet ditt har sovnet. Det myke materialet tilf\u00f8rer det lille ekstra til kosefaktoren i barnerommet ditt!&nbsp;<\/p>\n<p>Vaskes p\u00e5 h\u00f8yst 30 grader.&nbsp;<\/p>\n<p><strong>M\u00e5l:&nbsp;<\/strong>46 x 46 x 13 cm (+\/- 2cm)<\/p>\n<p><strong>Materiale<\/strong>: 100 % polyester<\/p>\n<p>Designer: <a href=\"https:\/\/babylove.se\/varumarken\/cottonsweets\"><u>Cotton &amp; Sweets<\/u><\/a><\/p>\n","protected":false},"excerpt":{"rendered":"<p>Fin og praktisk rektangul\u00e6r sittepute fra popul\u00e6re Cotton &amp; Sweets. Et vakkert produkt som vil bidra til barneroms-innredningen din p\u00e5 beste m\u00e5te.&nbsp; Sittepuffen passer dessuten like godt i barnets rom som i stua. Se frem til masse koselige stunder for boklesing sammen med barnet ditt, eller en avslappende stund for deg med en kopp te, [&hellip;]<\/p>\n","protected":false},"featured_media":46016,"comment_status":"closed","ping_status":"open","template":"","meta":{"_acf_changed":false},"product_brand":[143],"product_cat":[144,44,80],"product_tag":[1689],"class_list":{"0":"post-46014","1":"product","2":"type-product","3":"status-publish","4":"has-post-thumbnail","6":"product_brand-cotton-sweets","7":"product_cat-cottonsweets","8":"product_cat-sitteputfer-saccosekker","9":"product_cat-stoler","10":"product_tag-bestillingsvaror","12":"first","13":"instock","14":"taxable","15":"shipping-taxable","16":"purchasable","17":"product-type-simple"},"acf":[],"yoast_head":"<!-- This site is optimized with the Yoast SEO Premium plugin v25.8 (Yoast SEO v27.2) - https:\/\/yoast.com\/product\/yoast-seo-premium-wordpress\/ -->\n<title>Cotton&amp;Sweets, sitteposer boho boucle, hvit - Babylove Norska<\/title>\n<meta name=\"robots\" content=\"noindex, follow, max-snippet:-1, max-image-preview:large, max-video-preview:-1\" \/>\n<meta property=\"og:locale\" content=\"nb_NO\" \/>\n<meta property=\"og:type\" content=\"article\" \/>\n<meta property=\"og:title\" content=\"Cotton&amp;Sweets, sitteposer boho boucle, hvit\" \/>\n<meta property=\"og:description\" content=\"Fin og praktisk rektangul\u00e6r sittepute fra popul\u00e6re Cotton &amp; Sweets. Et vakkert produkt som vil bidra til barneroms-innredningen din p\u00e5 beste m\u00e5te.&nbsp; Sittepuffen passer dessuten like godt i barnets rom som i stua. Se frem til masse koselige stunder for boklesing sammen med barnet ditt, eller en avslappende stund for deg med en kopp te, [&hellip;]\" \/>\n<meta property=\"og:url\" content=\"https:\/\/babylove.se\/no\/produkt\/bomullsgodt-sitteputte-boho-boucle-hvit\/\" \/>\n<meta property=\"og:site_name\" content=\"Babylove Norska\" \/>\n<meta property=\"article:modified_time\" content=\"2026-04-08T11:54:33+00:00\" \/>\n<meta property=\"og:image\" content=\"https:\/\/babylove.se\/no\/wp-content\/uploads\/sites\/3\/2025\/07\/6343b6d5a51b4.jpeg\" \/>\n\t<meta property=\"og:image:width\" content=\"1000\" \/>\n\t<meta property=\"og:image:height\" content=\"1000\" \/>\n\t<meta property=\"og:image:type\" content=\"image\/jpeg\" \/>\n<meta name=\"twitter:card\" content=\"summary_large_image\" \/>\n<meta name=\"twitter:label1\" content=\"Price\" \/>\n\t<meta name=\"twitter:data1\" content=\"599,00&nbsp;&#107;&#114;\" \/>\n\t<meta name=\"twitter:label2\" content=\"Availability\" \/>\n\t<meta name=\"twitter:data2\" content=\"In stock\" \/>\n<script type=\"application\/ld+json\" class=\"yoast-schema-graph\">{\"@context\":\"https:\/\/schema.org\",\"@graph\":[{\"@type\":\"WebPage\",\"@id\":\"https:\/\/babylove.se\/no\/produkt\/bomullsgodt-sitteputte-boho-boucle-hvit\/\",\"url\":\"https:\/\/babylove.se\/no\/produkt\/bomullsgodt-sitteputte-boho-boucle-hvit\/\",\"name\":\"Cotton&Sweets, sitteposer boho boucle, hvit - Babylove Norska\",\"isPartOf\":{\"@id\":\"https:\/\/babylove.se\/no\/#website\"},\"primaryImageOfPage\":{\"@id\":\"https:\/\/babylove.se\/no\/produkt\/bomullsgodt-sitteputte-boho-boucle-hvit\/#primaryimage\"},\"image\":{\"@id\":\"https:\/\/babylove.se\/no\/produkt\/bomullsgodt-sitteputte-boho-boucle-hvit\/#primaryimage\"},\"thumbnailUrl\":\"https:\/\/babylove.se\/no\/wp-content\/uploads\/sites\/3\/2025\/07\/6343b6d5a51b4.jpeg\",\"datePublished\":\"2025-07-19T09:19:03+00:00\",\"dateModified\":\"2026-04-08T11:54:33+00:00\",\"breadcrumb\":{\"@id\":\"https:\/\/babylove.se\/no\/produkt\/bomullsgodt-sitteputte-boho-boucle-hvit\/#breadcrumb\"},\"inLanguage\":\"nb-NO\",\"potentialAction\":[{\"@type\":\"ReadAction\",\"target\":[\"https:\/\/babylove.se\/no\/produkt\/bomullsgodt-sitteputte-boho-boucle-hvit\/\"]}]},{\"@type\":\"ImageObject\",\"inLanguage\":\"nb-NO\",\"@id\":\"https:\/\/babylove.se\/no\/produkt\/bomullsgodt-sitteputte-boho-boucle-hvit\/#primaryimage\",\"url\":\"https:\/\/babylove.se\/no\/wp-content\/uploads\/sites\/3\/2025\/07\/6343b6d5a51b4.jpeg\",\"contentUrl\":\"https:\/\/babylove.se\/no\/wp-content\/uploads\/sites\/3\/2025\/07\/6343b6d5a51b4.jpeg\",\"width\":1000,\"height\":1000},{\"@type\":\"BreadcrumbList\",\"@id\":\"https:\/\/babylove.se\/no\/produkt\/bomullsgodt-sitteputte-boho-boucle-hvit\/#breadcrumb\",\"itemListElement\":[{\"@type\":\"ListItem\",\"position\":1,\"name\":\"Hem\",\"item\":\"https:\/\/babylove.se\/no\/\"},{\"@type\":\"ListItem\",\"position\":2,\"name\":\"Butik\",\"item\":\"https:\/\/babylove.se\/no\/butik\/\"},{\"@type\":\"ListItem\",\"position\":3,\"name\":\"Cotton&#038;Sweets, sitteposer boho boucle, hvit\"}]},{\"@type\":\"WebSite\",\"@id\":\"https:\/\/babylove.se\/no\/#website\",\"url\":\"https:\/\/babylove.se\/no\/\",\"name\":\"Babylove Norska\",\"description\":\"\",\"potentialAction\":[{\"@type\":\"SearchAction\",\"target\":{\"@type\":\"EntryPoint\",\"urlTemplate\":\"https:\/\/babylove.se\/no\/?s={search_term_string}\"},\"query-input\":{\"@type\":\"PropertyValueSpecification\",\"valueRequired\":true,\"valueName\":\"search_term_string\"}}],\"inLanguage\":\"nb-NO\"}]}<\/script>\n<meta property=\"product:brand\" content=\"Cotton &amp; Sweets\" \/>\n<meta property=\"product:price:amount\" content=\"599.00\" \/>\n<meta property=\"product:price:currency\" content=\"SEK\" \/>\n<meta property=\"og:availability\" content=\"instock\" \/>\n<meta property=\"product:availability\" content=\"instock\" \/>\n<meta property=\"product:retailer_item_id\" content=\"BH58101\" \/>\n<meta property=\"product:condition\" content=\"new\" \/>\n<!-- \/ Yoast SEO Premium plugin. -->","yoast_head_json":{"title":"Cotton&Sweets, sitteposer boho boucle, hvit - Babylove Norska","robots":{"index":"noindex","follow":"follow","max-snippet":"max-snippet:-1","max-image-preview":"max-image-preview:large","max-video-preview":"max-video-preview:-1"},"og_locale":"nb_NO","og_type":"article","og_title":"Cotton&Sweets, sitteposer boho boucle, hvit","og_description":"Fin og praktisk rektangul\u00e6r sittepute fra popul\u00e6re Cotton &amp; Sweets. Et vakkert produkt som vil bidra til barneroms-innredningen din p\u00e5 beste m\u00e5te.&nbsp; Sittepuffen passer dessuten like godt i barnets rom som i stua. Se frem til masse koselige stunder for boklesing sammen med barnet ditt, eller en avslappende stund for deg med en kopp te, [&hellip;]","og_url":"https:\/\/babylove.se\/no\/produkt\/bomullsgodt-sitteputte-boho-boucle-hvit\/","og_site_name":"Babylove Norska","article_modified_time":"2026-04-08T11:54:33+00:00","og_image":[{"width":1000,"height":1000,"url":"https:\/\/babylove.se\/no\/wp-content\/uploads\/sites\/3\/2025\/07\/6343b6d5a51b4.jpeg","type":"image\/jpeg"}],"twitter_card":"summary_large_image","twitter_misc":{"Price":"599,00&nbsp;&#107;&#114;","Availability":"In stock"},"schema":{"@context":"https:\/\/schema.org","@graph":[{"@type":"WebPage","@id":"https:\/\/babylove.se\/no\/produkt\/bomullsgodt-sitteputte-boho-boucle-hvit\/","url":"https:\/\/babylove.se\/no\/produkt\/bomullsgodt-sitteputte-boho-boucle-hvit\/","name":"Cotton&Sweets, sitteposer boho boucle, hvit - Babylove Norska","isPartOf":{"@id":"https:\/\/babylove.se\/no\/#website"},"primaryImageOfPage":{"@id":"https:\/\/babylove.se\/no\/produkt\/bomullsgodt-sitteputte-boho-boucle-hvit\/#primaryimage"},"image":{"@id":"https:\/\/babylove.se\/no\/produkt\/bomullsgodt-sitteputte-boho-boucle-hvit\/#primaryimage"},"thumbnailUrl":"https:\/\/babylove.se\/no\/wp-content\/uploads\/sites\/3\/2025\/07\/6343b6d5a51b4.jpeg","datePublished":"2025-07-19T09:19:03+00:00","dateModified":"2026-04-08T11:54:33+00:00","breadcrumb":{"@id":"https:\/\/babylove.se\/no\/produkt\/bomullsgodt-sitteputte-boho-boucle-hvit\/#breadcrumb"},"inLanguage":"nb-NO","potentialAction":[{"@type":"ReadAction","target":["https:\/\/babylove.se\/no\/produkt\/bomullsgodt-sitteputte-boho-boucle-hvit\/"]}]},{"@type":"ImageObject","inLanguage":"nb-NO","@id":"https:\/\/babylove.se\/no\/produkt\/bomullsgodt-sitteputte-boho-boucle-hvit\/#primaryimage","url":"https:\/\/babylove.se\/no\/wp-content\/uploads\/sites\/3\/2025\/07\/6343b6d5a51b4.jpeg","contentUrl":"https:\/\/babylove.se\/no\/wp-content\/uploads\/sites\/3\/2025\/07\/6343b6d5a51b4.jpeg","width":1000,"height":1000},{"@type":"BreadcrumbList","@id":"https:\/\/babylove.se\/no\/produkt\/bomullsgodt-sitteputte-boho-boucle-hvit\/#breadcrumb","itemListElement":[{"@type":"ListItem","position":1,"name":"Hem","item":"https:\/\/babylove.se\/no\/"},{"@type":"ListItem","position":2,"name":"Butik","item":"https:\/\/babylove.se\/no\/butik\/"},{"@type":"ListItem","position":3,"name":"Cotton&#038;Sweets, sitteposer boho boucle, hvit"}]},{"@type":"WebSite","@id":"https:\/\/babylove.se\/no\/#website","url":"https:\/\/babylove.se\/no\/","name":"Babylove Norska","description":"","potentialAction":[{"@type":"SearchAction","target":{"@type":"EntryPoint","urlTemplate":"https:\/\/babylove.se\/no\/?s={search_term_string}"},"query-input":{"@type":"PropertyValueSpecification","valueRequired":true,"valueName":"search_term_string"}}],"inLanguage":"nb-NO"}]},"product_brand":"Cotton &amp; Sweets","product_price_amount":"599.00","product_price_currency":"SEK","og_availability":"instock","product_availability":"instock","product_retailer_item_id":"BH58101","product_condition":"new"},"_links":{"self":[{"href":"https:\/\/babylove.se\/no\/wp-json\/wp\/v2\/product\/46014","targetHints":{"allow":["GET"]}}],"collection":[{"href":"https:\/\/babylove.se\/no\/wp-json\/wp\/v2\/product"}],"about":[{"href":"https:\/\/babylove.se\/no\/wp-json\/wp\/v2\/types\/product"}],"replies":[{"embeddable":true,"href":"https:\/\/babylove.se\/no\/wp-json\/wp\/v2\/comments?post=46014"}],"wp:featuredmedia":[{"embeddable":true,"href":"https:\/\/babylove.se\/no\/wp-json\/wp\/v2\/media\/46016"}],"wp:attachment":[{"href":"https:\/\/babylove.se\/no\/wp-json\/wp\/v2\/media?parent=46014"}],"wp:term":[{"taxonomy":"product_brand","embeddable":true,"href":"https:\/\/babylove.se\/no\/wp-json\/wp\/v2\/product_brand?post=46014"},{"taxonomy":"product_cat","embeddable":true,"href":"https:\/\/babylove.se\/no\/wp-json\/wp\/v2\/product_cat?post=46014"},{"taxonomy":"product_tag","embeddable":true,"href":"https:\/\/babylove.se\/no\/wp-json\/wp\/v2\/product_tag?post=46014"}],"curies":[{"name":"wp","href":"https:\/\/api.w.org\/{rel}","templated":true}]}}