{"id":46072,"date":"2025-07-19T10:19:40","date_gmt":"2025-07-19T09:19:40","guid":{"rendered":"https:\/\/babylove.se\/produkt\/byggbar-kokspall-bil-svart\/"},"modified":"2026-04-08T12:55:06","modified_gmt":"2026-04-08T11:55:06","slug":"byggbar-kjokkenkrakk-bil-svart","status":"publish","type":"product","link":"https:\/\/babylove.se\/no\/produkt\/byggbar-kjokkenkrakk-bil-svart\/","title":{"rendered":"Byggbar kj\u00f8kkenkrakk bil, svart"},"content":{"rendered":"<p>Smart og pen 2 i 1 kj\u00f8kkenkrakk!&nbsp;<\/p>\n<p><span style=\"background-color: initial; text-align: initial;\">Den sjarmerende h\u00e5ndlagde hjelpekrakken gj\u00f8r det lettere n\u00e5r barnet skal pusse tenner, vaske hender, hjelpe foreldrene ved matlaging eller annen aktivitet der lillegullet ikke helt n\u00e5r opp.&nbsp;<\/span>Kan ogs\u00e5 brettes sammen til et skrivebord med krakk n\u00e5r det er tid for en pause med farging. Barnet ditt vil elske at skrivebordet ser ut som en bil!<\/p>\n<p><span style=\"background-color: initial; text-align: initial;\">Laget i henhold til Montessoripedagogikk som motiverer barnet til p\u00e5 egen h\u00e5nd \u00e5 utforske og l\u00e6re nye ting.&nbsp;<\/span><\/p>\n<p><span style=\"background-color: initial; text-align: initial;\">Monteres enkelt.<\/span><\/p>\n<p><strong>Info<\/strong>:&nbsp;<\/p>\n<ul>\n<li><span>Velg mellom to forskjellige modeller: Trolley eller Car.<\/span><\/li>\n<li>Maks vekt: 100 kg.<\/li>\n<li><span>Hjulene er bare estetiske.&nbsp;<\/span><\/li>\n<\/ul>\n<p><strong>M\u00e5l<\/strong>:&nbsp;<\/p>\n<ul>\n<li>Hjelpekrakk: <span>&nbsp;H\u00f8yde: 90 cm. Bredde 38 cm. Dybde: 40 cm.&nbsp;<\/span><\/li>\n<li>Skrivebord med krakk: H\u00f8yde: 45 cm. Sitteh\u00f8yde: 24 cm.&nbsp;<\/li>\n<\/ul>\n<p data-empty=\"true\"><strong>Materiale<\/strong>: Kryssfiner.&nbsp;<\/p>\n","protected":false},"excerpt":{"rendered":"<p>Smart og pen 2 i 1 kj\u00f8kkenkrakk!&nbsp; Den sjarmerende h\u00e5ndlagde hjelpekrakken gj\u00f8r det lettere n\u00e5r barnet skal pusse tenner, vaske hender, hjelpe foreldrene ved matlaging eller annen aktivitet der lillegullet ikke helt n\u00e5r opp.&nbsp;Kan ogs\u00e5 brettes sammen til et skrivebord med krakk n\u00e5r det er tid for en pause med farging. Barnet ditt vil elske [&hellip;]<\/p>\n","protected":false},"featured_media":46074,"comment_status":"closed","ping_status":"open","template":"","meta":{"_acf_changed":false},"product_brand":[1380],"product_cat":[137,85,911,359,1381],"product_tag":[1689],"class_list":{"0":"post-46072","1":"product","2":"type-product","3":"status-publish","4":"has-post-thumbnail","6":"product_brand-toddler-family","7":"product_cat-bilverden","8":"product_cat-bord","9":"product_cat-hjelpe-til-pall","10":"product_cat-skrivebord","11":"product_cat-toddler-family","12":"product_tag-bestillingsvaror","13":"pa_modell-car","14":"pa_modell-trolley","16":"first","17":"instock","18":"taxable","19":"shipping-taxable","20":"purchasable","21":"product-type-variable"},"acf":[],"yoast_head":"<!-- This site is optimized with the Yoast SEO Premium plugin v25.8 (Yoast SEO v27.2) - https:\/\/yoast.com\/product\/yoast-seo-premium-wordpress\/ -->\n<title>Byggbar kj\u00f8kkenkrakk bil, svart - Babylove Norska<\/title>\n<meta name=\"robots\" content=\"noindex, follow, max-snippet:-1, max-image-preview:large, max-video-preview:-1\" \/>\n<meta property=\"og:locale\" content=\"nb_NO\" \/>\n<meta property=\"og:type\" content=\"article\" \/>\n<meta property=\"og:title\" content=\"Byggbar kj\u00f8kkenkrakk bil, svart\" \/>\n<meta property=\"og:description\" content=\"Smart og pen 2 i 1 kj\u00f8kkenkrakk!&nbsp; Den sjarmerende h\u00e5ndlagde hjelpekrakken gj\u00f8r det lettere n\u00e5r barnet skal pusse tenner, vaske hender, hjelpe foreldrene ved matlaging eller annen aktivitet der lillegullet ikke helt n\u00e5r opp.&nbsp;Kan ogs\u00e5 brettes sammen til et skrivebord med krakk n\u00e5r det er tid for en pause med farging. Barnet ditt vil elske [&hellip;]\" \/>\n<meta property=\"og:url\" content=\"https:\/\/babylove.se\/no\/produkt\/byggbar-kjokkenkrakk-bil-svart\/\" \/>\n<meta property=\"og:site_name\" content=\"Babylove Norska\" \/>\n<meta property=\"article:modified_time\" content=\"2026-04-08T11:55:06+00:00\" \/>\n<meta property=\"og:image\" content=\"https:\/\/babylove.se\/no\/wp-content\/uploads\/sites\/3\/2025\/07\/6343e4684e50d.webp\" \/>\n\t<meta property=\"og:image:width\" content=\"1189\" \/>\n\t<meta property=\"og:image:height\" content=\"889\" \/>\n\t<meta property=\"og:image:type\" content=\"image\/webp\" \/>\n<meta name=\"twitter:card\" content=\"summary_large_image\" \/>\n<meta name=\"twitter:label1\" content=\"Availability\" \/>\n\t<meta name=\"twitter:data1\" content=\"In stock\" \/>\n<script type=\"application\/ld+json\" class=\"yoast-schema-graph\">{\"@context\":\"https:\/\/schema.org\",\"@graph\":[{\"@type\":\"WebPage\",\"@id\":\"https:\/\/babylove.se\/no\/produkt\/byggbar-kjokkenkrakk-bil-svart\/\",\"url\":\"https:\/\/babylove.se\/no\/produkt\/byggbar-kjokkenkrakk-bil-svart\/\",\"name\":\"Byggbar kj\u00f8kkenkrakk bil, svart - Babylove Norska\",\"isPartOf\":{\"@id\":\"https:\/\/babylove.se\/no\/#website\"},\"primaryImageOfPage\":{\"@id\":\"https:\/\/babylove.se\/no\/produkt\/byggbar-kjokkenkrakk-bil-svart\/#primaryimage\"},\"image\":{\"@id\":\"https:\/\/babylove.se\/no\/produkt\/byggbar-kjokkenkrakk-bil-svart\/#primaryimage\"},\"thumbnailUrl\":\"https:\/\/babylove.se\/no\/wp-content\/uploads\/sites\/3\/2025\/07\/6343e4684e50d.webp\",\"datePublished\":\"2025-07-19T09:19:40+00:00\",\"dateModified\":\"2026-04-08T11:55:06+00:00\",\"breadcrumb\":{\"@id\":\"https:\/\/babylove.se\/no\/produkt\/byggbar-kjokkenkrakk-bil-svart\/#breadcrumb\"},\"inLanguage\":\"nb-NO\",\"potentialAction\":[{\"@type\":\"ReadAction\",\"target\":[\"https:\/\/babylove.se\/no\/produkt\/byggbar-kjokkenkrakk-bil-svart\/\"]}]},{\"@type\":\"ImageObject\",\"inLanguage\":\"nb-NO\",\"@id\":\"https:\/\/babylove.se\/no\/produkt\/byggbar-kjokkenkrakk-bil-svart\/#primaryimage\",\"url\":\"https:\/\/babylove.se\/no\/wp-content\/uploads\/sites\/3\/2025\/07\/6343e4684e50d.webp\",\"contentUrl\":\"https:\/\/babylove.se\/no\/wp-content\/uploads\/sites\/3\/2025\/07\/6343e4684e50d.webp\",\"width\":1189,\"height\":889},{\"@type\":\"BreadcrumbList\",\"@id\":\"https:\/\/babylove.se\/no\/produkt\/byggbar-kjokkenkrakk-bil-svart\/#breadcrumb\",\"itemListElement\":[{\"@type\":\"ListItem\",\"position\":1,\"name\":\"Hem\",\"item\":\"https:\/\/babylove.se\/no\/\"},{\"@type\":\"ListItem\",\"position\":2,\"name\":\"Butik\",\"item\":\"https:\/\/babylove.se\/no\/butik\/\"},{\"@type\":\"ListItem\",\"position\":3,\"name\":\"Byggbar kj\u00f8kkenkrakk bil, svart\"}]},{\"@type\":\"WebSite\",\"@id\":\"https:\/\/babylove.se\/no\/#website\",\"url\":\"https:\/\/babylove.se\/no\/\",\"name\":\"Babylove Norska\",\"description\":\"\",\"potentialAction\":[{\"@type\":\"SearchAction\",\"target\":{\"@type\":\"EntryPoint\",\"urlTemplate\":\"https:\/\/babylove.se\/no\/?s={search_term_string}\"},\"query-input\":{\"@type\":\"PropertyValueSpecification\",\"valueRequired\":true,\"valueName\":\"search_term_string\"}}],\"inLanguage\":\"nb-NO\"}]}<\/script>\n<meta property=\"product:brand\" content=\"Toddler Family\" \/>\n<meta property=\"og:availability\" content=\"instock\" \/>\n<meta property=\"product:availability\" content=\"instock\" \/>\n<meta property=\"product:retailer_item_id\" content=\"Black-Trolley\" \/>\n<meta property=\"product:condition\" content=\"new\" \/>\n<!-- \/ Yoast SEO Premium plugin. -->","yoast_head_json":{"title":"Byggbar kj\u00f8kkenkrakk bil, svart - Babylove Norska","robots":{"index":"noindex","follow":"follow","max-snippet":"max-snippet:-1","max-image-preview":"max-image-preview:large","max-video-preview":"max-video-preview:-1"},"og_locale":"nb_NO","og_type":"article","og_title":"Byggbar kj\u00f8kkenkrakk bil, svart","og_description":"Smart og pen 2 i 1 kj\u00f8kkenkrakk!&nbsp; Den sjarmerende h\u00e5ndlagde hjelpekrakken gj\u00f8r det lettere n\u00e5r barnet skal pusse tenner, vaske hender, hjelpe foreldrene ved matlaging eller annen aktivitet der lillegullet ikke helt n\u00e5r opp.&nbsp;Kan ogs\u00e5 brettes sammen til et skrivebord med krakk n\u00e5r det er tid for en pause med farging. Barnet ditt vil elske [&hellip;]","og_url":"https:\/\/babylove.se\/no\/produkt\/byggbar-kjokkenkrakk-bil-svart\/","og_site_name":"Babylove Norska","article_modified_time":"2026-04-08T11:55:06+00:00","og_image":[{"width":1189,"height":889,"url":"https:\/\/babylove.se\/no\/wp-content\/uploads\/sites\/3\/2025\/07\/6343e4684e50d.webp","type":"image\/webp"}],"twitter_card":"summary_large_image","twitter_misc":{"Availability":"In stock"},"schema":{"@context":"https:\/\/schema.org","@graph":[{"@type":"WebPage","@id":"https:\/\/babylove.se\/no\/produkt\/byggbar-kjokkenkrakk-bil-svart\/","url":"https:\/\/babylove.se\/no\/produkt\/byggbar-kjokkenkrakk-bil-svart\/","name":"Byggbar kj\u00f8kkenkrakk bil, svart - Babylove Norska","isPartOf":{"@id":"https:\/\/babylove.se\/no\/#website"},"primaryImageOfPage":{"@id":"https:\/\/babylove.se\/no\/produkt\/byggbar-kjokkenkrakk-bil-svart\/#primaryimage"},"image":{"@id":"https:\/\/babylove.se\/no\/produkt\/byggbar-kjokkenkrakk-bil-svart\/#primaryimage"},"thumbnailUrl":"https:\/\/babylove.se\/no\/wp-content\/uploads\/sites\/3\/2025\/07\/6343e4684e50d.webp","datePublished":"2025-07-19T09:19:40+00:00","dateModified":"2026-04-08T11:55:06+00:00","breadcrumb":{"@id":"https:\/\/babylove.se\/no\/produkt\/byggbar-kjokkenkrakk-bil-svart\/#breadcrumb"},"inLanguage":"nb-NO","potentialAction":[{"@type":"ReadAction","target":["https:\/\/babylove.se\/no\/produkt\/byggbar-kjokkenkrakk-bil-svart\/"]}]},{"@type":"ImageObject","inLanguage":"nb-NO","@id":"https:\/\/babylove.se\/no\/produkt\/byggbar-kjokkenkrakk-bil-svart\/#primaryimage","url":"https:\/\/babylove.se\/no\/wp-content\/uploads\/sites\/3\/2025\/07\/6343e4684e50d.webp","contentUrl":"https:\/\/babylove.se\/no\/wp-content\/uploads\/sites\/3\/2025\/07\/6343e4684e50d.webp","width":1189,"height":889},{"@type":"BreadcrumbList","@id":"https:\/\/babylove.se\/no\/produkt\/byggbar-kjokkenkrakk-bil-svart\/#breadcrumb","itemListElement":[{"@type":"ListItem","position":1,"name":"Hem","item":"https:\/\/babylove.se\/no\/"},{"@type":"ListItem","position":2,"name":"Butik","item":"https:\/\/babylove.se\/no\/butik\/"},{"@type":"ListItem","position":3,"name":"Byggbar kj\u00f8kkenkrakk bil, svart"}]},{"@type":"WebSite","@id":"https:\/\/babylove.se\/no\/#website","url":"https:\/\/babylove.se\/no\/","name":"Babylove Norska","description":"","potentialAction":[{"@type":"SearchAction","target":{"@type":"EntryPoint","urlTemplate":"https:\/\/babylove.se\/no\/?s={search_term_string}"},"query-input":{"@type":"PropertyValueSpecification","valueRequired":true,"valueName":"search_term_string"}}],"inLanguage":"nb-NO"}]},"product_brand":"Toddler Family","og_availability":"instock","product_availability":"instock","product_retailer_item_id":"Black-Trolley","product_condition":"new"},"_links":{"self":[{"href":"https:\/\/babylove.se\/no\/wp-json\/wp\/v2\/product\/46072","targetHints":{"allow":["GET"]}}],"collection":[{"href":"https:\/\/babylove.se\/no\/wp-json\/wp\/v2\/product"}],"about":[{"href":"https:\/\/babylove.se\/no\/wp-json\/wp\/v2\/types\/product"}],"replies":[{"embeddable":true,"href":"https:\/\/babylove.se\/no\/wp-json\/wp\/v2\/comments?post=46072"}],"wp:featuredmedia":[{"embeddable":true,"href":"https:\/\/babylove.se\/no\/wp-json\/wp\/v2\/media\/46074"}],"wp:attachment":[{"href":"https:\/\/babylove.se\/no\/wp-json\/wp\/v2\/media?parent=46072"}],"wp:term":[{"taxonomy":"product_brand","embeddable":true,"href":"https:\/\/babylove.se\/no\/wp-json\/wp\/v2\/product_brand?post=46072"},{"taxonomy":"product_cat","embeddable":true,"href":"https:\/\/babylove.se\/no\/wp-json\/wp\/v2\/product_cat?post=46072"},{"taxonomy":"product_tag","embeddable":true,"href":"https:\/\/babylove.se\/no\/wp-json\/wp\/v2\/product_tag?post=46072"}],"curies":[{"name":"wp","href":"https:\/\/api.w.org\/{rel}","templated":true}]}}