{"id":46149,"date":"2025-07-19T10:20:29","date_gmt":"2025-07-19T09:20:29","guid":{"rendered":"https:\/\/babylove.se\/produkt\/byggbar-kokspall-bil-bumblebee\/"},"modified":"2026-04-08T12:55:40","modified_gmt":"2026-04-08T11:55:40","slug":"byggbar-kjokkenkrakk-bil-bumblebee","status":"publish","type":"product","link":"https:\/\/babylove.se\/no\/produkt\/byggbar-kjokkenkrakk-bil-bumblebee\/","title":{"rendered":"Byggbar kj\u00f8kkenkrakk bil, humle"},"content":{"rendered":"<p>Smart og flott 2 i 1 kj\u00f8kkenkrakk!&nbsp;<\/p>\n<p><span style=\"background-color: initial; text-align: initial;\">Den sjarmerende h\u00e5ndlagde hjelpekrakken gj\u00f8r det lettere n\u00e5r barnet skal pusse tenner, vaske hender, hjelpe foreldrene ved matlaging eller annen aktivitet der sm\u00e5en ikke helt n\u00e5r opp.&nbsp;<\/span>Kan ogs\u00e5 foldes sammen til et skrivebord med sittekrakk n\u00e5r det er p\u00e5 tide \u00e5 ta en pause for farging. Barnet ditt vil elske at skrivebordet ser ut som en bil!<\/p>\n<p><span style=\"background-color: initial; text-align: initial;\">Laget i henhold til Montessoripedagogikk som motiverer barnet til \u00e5 p\u00e5 egen h\u00e5nd utforske og l\u00e6re nye ting.&nbsp;<\/span><\/p>\n<p><span style=\"background-color: initial; text-align: initial;\">Monteres enkelt.<\/span><\/p>\n<p><span style=\"background-color: initial; text-align: initial;\"><strong>Info<\/strong>:&nbsp;<\/span><\/p>\n<ul>\n<li><span style=\"background-color: initial; text-align: initial;\">Velg mellom to forskjellige modeller: Trolley eller Car.<\/span><\/li>\n<li><span style=\"background-color: initial; text-align: initial;\">Maks vekt: 100 kg.<\/span><\/li>\n<li><span style=\"background-color: initial; text-align: initial;\">Hjulene er kun estetiske.&nbsp;<\/span><\/li>\n<\/ul>\n<p><strong>M\u00e5l<\/strong>:&nbsp;<\/p>\n<ul>\n<li>Hjelpekrakk: <span>&nbsp;H\u00f8yde: 90 cm. Bredde 38 cm. Dybde: 40 cm.&nbsp;<\/span><\/li>\n<li>Skrivebord med krakk: H\u00f8yde: 45 cm. Sitteh\u00f8yde: 24 cm.&nbsp;<\/li>\n<\/ul>\n<p data-empty=\"true\"><strong>Materiale<\/strong>: Kryssfiner.&nbsp;<\/p>\n","protected":false},"excerpt":{"rendered":"<p>Smart og flott 2 i 1 kj\u00f8kkenkrakk!&nbsp; Den sjarmerende h\u00e5ndlagde hjelpekrakken gj\u00f8r det lettere n\u00e5r barnet skal pusse tenner, vaske hender, hjelpe foreldrene ved matlaging eller annen aktivitet der sm\u00e5en ikke helt n\u00e5r opp.&nbsp;Kan ogs\u00e5 foldes sammen til et skrivebord med sittekrakk n\u00e5r det er p\u00e5 tide \u00e5 ta en pause for farging. Barnet ditt [&hellip;]<\/p>\n","protected":false},"featured_media":46151,"comment_status":"closed","ping_status":"open","template":"","meta":{"_acf_changed":false},"product_brand":[1380],"product_cat":[137,85,911,359,1381],"product_tag":[1689],"class_list":{"0":"post-46149","1":"product","2":"type-product","3":"status-publish","4":"has-post-thumbnail","6":"product_brand-toddler-family","7":"product_cat-bilverden","8":"product_cat-bord","9":"product_cat-hjelpe-til-pall","10":"product_cat-skrivebord","11":"product_cat-toddler-family","12":"product_tag-bestillingsvaror","13":"pa_modell-car","14":"pa_modell-trolley","16":"first","17":"instock","18":"taxable","19":"shipping-taxable","20":"purchasable","21":"product-type-variable"},"acf":[],"yoast_head":"<!-- This site is optimized with the Yoast SEO Premium plugin v25.8 (Yoast SEO v27.2) - https:\/\/yoast.com\/product\/yoast-seo-premium-wordpress\/ -->\n<title>Byggbar kj\u00f8kkenkrakk bil, humle - Babylove Norska<\/title>\n<meta name=\"robots\" content=\"noindex, follow, max-snippet:-1, max-image-preview:large, max-video-preview:-1\" \/>\n<meta property=\"og:locale\" content=\"nb_NO\" \/>\n<meta property=\"og:type\" content=\"article\" \/>\n<meta property=\"og:title\" content=\"Byggbar kj\u00f8kkenkrakk bil, humle\" \/>\n<meta property=\"og:description\" content=\"Smart og flott 2 i 1 kj\u00f8kkenkrakk!&nbsp; Den sjarmerende h\u00e5ndlagde hjelpekrakken gj\u00f8r det lettere n\u00e5r barnet skal pusse tenner, vaske hender, hjelpe foreldrene ved matlaging eller annen aktivitet der sm\u00e5en ikke helt n\u00e5r opp.&nbsp;Kan ogs\u00e5 foldes sammen til et skrivebord med sittekrakk n\u00e5r det er p\u00e5 tide \u00e5 ta en pause for farging. Barnet ditt [&hellip;]\" \/>\n<meta property=\"og:url\" content=\"https:\/\/babylove.se\/no\/produkt\/byggbar-kjokkenkrakk-bil-bumblebee\/\" \/>\n<meta property=\"og:site_name\" content=\"Babylove Norska\" \/>\n<meta property=\"article:modified_time\" content=\"2026-04-08T11:55:40+00:00\" \/>\n<meta property=\"og:image\" content=\"https:\/\/babylove.se\/no\/wp-content\/uploads\/sites\/3\/2025\/07\/634516a6f3c7c.webp\" \/>\n\t<meta property=\"og:image:width\" content=\"533\" \/>\n\t<meta property=\"og:image:height\" content=\"800\" \/>\n\t<meta property=\"og:image:type\" content=\"image\/webp\" \/>\n<meta name=\"twitter:card\" content=\"summary_large_image\" \/>\n<meta name=\"twitter:label1\" content=\"Availability\" \/>\n\t<meta name=\"twitter:data1\" content=\"In stock\" \/>\n<script type=\"application\/ld+json\" class=\"yoast-schema-graph\">{\"@context\":\"https:\/\/schema.org\",\"@graph\":[{\"@type\":\"WebPage\",\"@id\":\"https:\/\/babylove.se\/no\/produkt\/byggbar-kjokkenkrakk-bil-bumblebee\/\",\"url\":\"https:\/\/babylove.se\/no\/produkt\/byggbar-kjokkenkrakk-bil-bumblebee\/\",\"name\":\"Byggbar kj\u00f8kkenkrakk bil, humle - Babylove Norska\",\"isPartOf\":{\"@id\":\"https:\/\/babylove.se\/no\/#website\"},\"primaryImageOfPage\":{\"@id\":\"https:\/\/babylove.se\/no\/produkt\/byggbar-kjokkenkrakk-bil-bumblebee\/#primaryimage\"},\"image\":{\"@id\":\"https:\/\/babylove.se\/no\/produkt\/byggbar-kjokkenkrakk-bil-bumblebee\/#primaryimage\"},\"thumbnailUrl\":\"https:\/\/babylove.se\/no\/wp-content\/uploads\/sites\/3\/2025\/07\/634516a6f3c7c.webp\",\"datePublished\":\"2025-07-19T09:20:29+00:00\",\"dateModified\":\"2026-04-08T11:55:40+00:00\",\"breadcrumb\":{\"@id\":\"https:\/\/babylove.se\/no\/produkt\/byggbar-kjokkenkrakk-bil-bumblebee\/#breadcrumb\"},\"inLanguage\":\"nb-NO\",\"potentialAction\":[{\"@type\":\"ReadAction\",\"target\":[\"https:\/\/babylove.se\/no\/produkt\/byggbar-kjokkenkrakk-bil-bumblebee\/\"]}]},{\"@type\":\"ImageObject\",\"inLanguage\":\"nb-NO\",\"@id\":\"https:\/\/babylove.se\/no\/produkt\/byggbar-kjokkenkrakk-bil-bumblebee\/#primaryimage\",\"url\":\"https:\/\/babylove.se\/no\/wp-content\/uploads\/sites\/3\/2025\/07\/634516a6f3c7c.webp\",\"contentUrl\":\"https:\/\/babylove.se\/no\/wp-content\/uploads\/sites\/3\/2025\/07\/634516a6f3c7c.webp\",\"width\":533,\"height\":800},{\"@type\":\"BreadcrumbList\",\"@id\":\"https:\/\/babylove.se\/no\/produkt\/byggbar-kjokkenkrakk-bil-bumblebee\/#breadcrumb\",\"itemListElement\":[{\"@type\":\"ListItem\",\"position\":1,\"name\":\"Hem\",\"item\":\"https:\/\/babylove.se\/no\/\"},{\"@type\":\"ListItem\",\"position\":2,\"name\":\"Butik\",\"item\":\"https:\/\/babylove.se\/no\/butik\/\"},{\"@type\":\"ListItem\",\"position\":3,\"name\":\"Byggbar kj\u00f8kkenkrakk bil, humle\"}]},{\"@type\":\"WebSite\",\"@id\":\"https:\/\/babylove.se\/no\/#website\",\"url\":\"https:\/\/babylove.se\/no\/\",\"name\":\"Babylove Norska\",\"description\":\"\",\"potentialAction\":[{\"@type\":\"SearchAction\",\"target\":{\"@type\":\"EntryPoint\",\"urlTemplate\":\"https:\/\/babylove.se\/no\/?s={search_term_string}\"},\"query-input\":{\"@type\":\"PropertyValueSpecification\",\"valueRequired\":true,\"valueName\":\"search_term_string\"}}],\"inLanguage\":\"nb-NO\"}]}<\/script>\n<meta property=\"product:brand\" content=\"Toddler Family\" \/>\n<meta property=\"og:availability\" content=\"instock\" \/>\n<meta property=\"product:availability\" content=\"instock\" \/>\n<meta property=\"product:retailer_item_id\" content=\"BumblebeeTrolley\" \/>\n<meta property=\"product:condition\" content=\"new\" \/>\n<!-- \/ Yoast SEO Premium plugin. -->","yoast_head_json":{"title":"Byggbar kj\u00f8kkenkrakk bil, humle - Babylove Norska","robots":{"index":"noindex","follow":"follow","max-snippet":"max-snippet:-1","max-image-preview":"max-image-preview:large","max-video-preview":"max-video-preview:-1"},"og_locale":"nb_NO","og_type":"article","og_title":"Byggbar kj\u00f8kkenkrakk bil, humle","og_description":"Smart og flott 2 i 1 kj\u00f8kkenkrakk!&nbsp; Den sjarmerende h\u00e5ndlagde hjelpekrakken gj\u00f8r det lettere n\u00e5r barnet skal pusse tenner, vaske hender, hjelpe foreldrene ved matlaging eller annen aktivitet der sm\u00e5en ikke helt n\u00e5r opp.&nbsp;Kan ogs\u00e5 foldes sammen til et skrivebord med sittekrakk n\u00e5r det er p\u00e5 tide \u00e5 ta en pause for farging. Barnet ditt [&hellip;]","og_url":"https:\/\/babylove.se\/no\/produkt\/byggbar-kjokkenkrakk-bil-bumblebee\/","og_site_name":"Babylove Norska","article_modified_time":"2026-04-08T11:55:40+00:00","og_image":[{"width":533,"height":800,"url":"https:\/\/babylove.se\/no\/wp-content\/uploads\/sites\/3\/2025\/07\/634516a6f3c7c.webp","type":"image\/webp"}],"twitter_card":"summary_large_image","twitter_misc":{"Availability":"In stock"},"schema":{"@context":"https:\/\/schema.org","@graph":[{"@type":"WebPage","@id":"https:\/\/babylove.se\/no\/produkt\/byggbar-kjokkenkrakk-bil-bumblebee\/","url":"https:\/\/babylove.se\/no\/produkt\/byggbar-kjokkenkrakk-bil-bumblebee\/","name":"Byggbar kj\u00f8kkenkrakk bil, humle - Babylove Norska","isPartOf":{"@id":"https:\/\/babylove.se\/no\/#website"},"primaryImageOfPage":{"@id":"https:\/\/babylove.se\/no\/produkt\/byggbar-kjokkenkrakk-bil-bumblebee\/#primaryimage"},"image":{"@id":"https:\/\/babylove.se\/no\/produkt\/byggbar-kjokkenkrakk-bil-bumblebee\/#primaryimage"},"thumbnailUrl":"https:\/\/babylove.se\/no\/wp-content\/uploads\/sites\/3\/2025\/07\/634516a6f3c7c.webp","datePublished":"2025-07-19T09:20:29+00:00","dateModified":"2026-04-08T11:55:40+00:00","breadcrumb":{"@id":"https:\/\/babylove.se\/no\/produkt\/byggbar-kjokkenkrakk-bil-bumblebee\/#breadcrumb"},"inLanguage":"nb-NO","potentialAction":[{"@type":"ReadAction","target":["https:\/\/babylove.se\/no\/produkt\/byggbar-kjokkenkrakk-bil-bumblebee\/"]}]},{"@type":"ImageObject","inLanguage":"nb-NO","@id":"https:\/\/babylove.se\/no\/produkt\/byggbar-kjokkenkrakk-bil-bumblebee\/#primaryimage","url":"https:\/\/babylove.se\/no\/wp-content\/uploads\/sites\/3\/2025\/07\/634516a6f3c7c.webp","contentUrl":"https:\/\/babylove.se\/no\/wp-content\/uploads\/sites\/3\/2025\/07\/634516a6f3c7c.webp","width":533,"height":800},{"@type":"BreadcrumbList","@id":"https:\/\/babylove.se\/no\/produkt\/byggbar-kjokkenkrakk-bil-bumblebee\/#breadcrumb","itemListElement":[{"@type":"ListItem","position":1,"name":"Hem","item":"https:\/\/babylove.se\/no\/"},{"@type":"ListItem","position":2,"name":"Butik","item":"https:\/\/babylove.se\/no\/butik\/"},{"@type":"ListItem","position":3,"name":"Byggbar kj\u00f8kkenkrakk bil, humle"}]},{"@type":"WebSite","@id":"https:\/\/babylove.se\/no\/#website","url":"https:\/\/babylove.se\/no\/","name":"Babylove Norska","description":"","potentialAction":[{"@type":"SearchAction","target":{"@type":"EntryPoint","urlTemplate":"https:\/\/babylove.se\/no\/?s={search_term_string}"},"query-input":{"@type":"PropertyValueSpecification","valueRequired":true,"valueName":"search_term_string"}}],"inLanguage":"nb-NO"}]},"product_brand":"Toddler Family","og_availability":"instock","product_availability":"instock","product_retailer_item_id":"BumblebeeTrolley","product_condition":"new"},"_links":{"self":[{"href":"https:\/\/babylove.se\/no\/wp-json\/wp\/v2\/product\/46149","targetHints":{"allow":["GET"]}}],"collection":[{"href":"https:\/\/babylove.se\/no\/wp-json\/wp\/v2\/product"}],"about":[{"href":"https:\/\/babylove.se\/no\/wp-json\/wp\/v2\/types\/product"}],"replies":[{"embeddable":true,"href":"https:\/\/babylove.se\/no\/wp-json\/wp\/v2\/comments?post=46149"}],"wp:featuredmedia":[{"embeddable":true,"href":"https:\/\/babylove.se\/no\/wp-json\/wp\/v2\/media\/46151"}],"wp:attachment":[{"href":"https:\/\/babylove.se\/no\/wp-json\/wp\/v2\/media?parent=46149"}],"wp:term":[{"taxonomy":"product_brand","embeddable":true,"href":"https:\/\/babylove.se\/no\/wp-json\/wp\/v2\/product_brand?post=46149"},{"taxonomy":"product_cat","embeddable":true,"href":"https:\/\/babylove.se\/no\/wp-json\/wp\/v2\/product_cat?post=46149"},{"taxonomy":"product_tag","embeddable":true,"href":"https:\/\/babylove.se\/no\/wp-json\/wp\/v2\/product_tag?post=46149"}],"curies":[{"name":"wp","href":"https:\/\/api.w.org\/{rel}","templated":true}]}}