{"id":4619,"date":"2025-07-18T20:24:00","date_gmt":"2025-07-18T19:24:00","guid":{"rendered":"https:\/\/babylove.se\/produkt\/forvaringslada-pa-hjul-kanin\/"},"modified":"2026-04-08T08:09:28","modified_gmt":"2026-04-08T07:09:28","slug":"oppbevaringskasse-pa-hjul-kanin","status":"publish","type":"product","link":"https:\/\/babylove.se\/no\/produkt\/oppbevaringskasse-pa-hjul-kanin\/","title":{"rendered":"Oppbevaringsboks p\u00e5 hjul, kanin"},"content":{"rendered":"<p>Gj\u00f8r oppbevaringen p\u00e5 barnerommet enkel og samtidig morsom. Denne vakre oppbevaringsboksen med hjul, er laget av kryssfiner med et smalt og dekorativt element i form av en kanin. Hjulene gj\u00f8r at boksen er enkel \u00e5 flytte rundt ved behov, f.eks. ved rengj\u00f8ring av barnerommet.<\/p>\n<p>Denne boksen vil lette din og ditt barns hverdag, samtidig som den vil bidra til en vakker innredning p\u00e5 barnerommet ditt.<\/p>\n<p><strong>M\u00e5l<\/strong>: 55 cm lengde, 35 cm bredde og 60 cm h\u00f8yde med to rette \u00f8rer.&nbsp;<\/p>\n<p>Produsert i EU.<\/p>\n","protected":false},"excerpt":{"rendered":"<p>Gj\u00f8r oppbevaringen p\u00e5 barnerommet enkel og samtidig morsom. Denne vakre oppbevaringsboksen med hjul, er laget av kryssfiner med et smalt og dekorativt element i form av en kanin. Hjulene gj\u00f8r at boksen er enkel \u00e5 flytte rundt ved behov, f.eks. ved rengj\u00f8ring av barnerommet. Denne boksen vil lette din og ditt barns hverdag, samtidig som [&hellip;]<\/p>\n","protected":false},"featured_media":4621,"comment_status":"closed","ping_status":"open","template":"","meta":{"_acf_changed":false},"product_brand":[261],"product_cat":[26,25,43],"product_tag":[1689],"class_list":{"0":"post-4619","1":"product","2":"type-product","3":"status-publish","4":"has-post-thumbnail","6":"product_brand-ohh-mami","7":"product_cat-kjop-produkter-som-ikke-bare-er-for-gutter","8":"product_cat-ikke-bare-jenter","9":"product_cat-oppbevaringskurver","10":"product_tag-bestillingsvaror","12":"first","13":"instock","14":"taxable","15":"shipping-taxable","16":"purchasable","17":"product-type-simple"},"acf":[],"yoast_head":"<!-- This site is optimized with the Yoast SEO Premium plugin v25.8 (Yoast SEO v27.2) - https:\/\/yoast.com\/product\/yoast-seo-premium-wordpress\/ -->\n<title>Oppbevaringsboks p\u00e5 hjul, kanin - Babylove Norska<\/title>\n<meta name=\"description\" content=\"G\u00f6r din f\u00f6rvaring i barnrummet enkel och samtidigt rolig. Denna vackra f\u00f6rvaringsl\u00e5da med hjul, \u00e4r tillverkad av plywood - skickas inom 24h !\" \/>\n<meta name=\"robots\" content=\"noindex, follow, max-snippet:-1, max-image-preview:large, max-video-preview:-1\" \/>\n<meta property=\"og:locale\" content=\"nb_NO\" \/>\n<meta property=\"og:type\" content=\"article\" \/>\n<meta property=\"og:title\" content=\"Oppbevaringsboks p\u00e5 hjul, kanin\" \/>\n<meta property=\"og:description\" content=\"G\u00f6r din f\u00f6rvaring i barnrummet enkel och samtidigt rolig. Denna vackra f\u00f6rvaringsl\u00e5da med hjul, \u00e4r tillverkad av plywood - skickas inom 24h !\" \/>\n<meta property=\"og:url\" content=\"https:\/\/babylove.se\/no\/produkt\/oppbevaringskasse-pa-hjul-kanin\/\" \/>\n<meta property=\"og:site_name\" content=\"Babylove Norska\" \/>\n<meta property=\"article:modified_time\" content=\"2026-04-08T07:09:28+00:00\" \/>\n<meta property=\"og:image\" content=\"https:\/\/babylove.se\/no\/wp-content\/uploads\/sites\/3\/2025\/07\/59c22d27aaffd.jpeg\" \/>\n\t<meta property=\"og:image:width\" content=\"750\" \/>\n\t<meta property=\"og:image:height\" content=\"750\" \/>\n\t<meta property=\"og:image:type\" content=\"image\/jpeg\" \/>\n<meta name=\"twitter:card\" content=\"summary_large_image\" \/>\n<meta name=\"twitter:label1\" content=\"Price\" \/>\n\t<meta name=\"twitter:data1\" content=\"1 299,00&nbsp;&#107;&#114;\" \/>\n\t<meta name=\"twitter:label2\" content=\"Availability\" \/>\n\t<meta name=\"twitter:data2\" content=\"In stock\" \/>\n<script type=\"application\/ld+json\" class=\"yoast-schema-graph\">{\"@context\":\"https:\/\/schema.org\",\"@graph\":[{\"@type\":\"WebPage\",\"@id\":\"https:\/\/babylove.se\/no\/produkt\/oppbevaringskasse-pa-hjul-kanin\/\",\"url\":\"https:\/\/babylove.se\/no\/produkt\/oppbevaringskasse-pa-hjul-kanin\/\",\"name\":\"Oppbevaringsboks p\u00e5 hjul, kanin - Babylove Norska\",\"isPartOf\":{\"@id\":\"https:\/\/babylove.se\/no\/#website\"},\"primaryImageOfPage\":{\"@id\":\"https:\/\/babylove.se\/no\/produkt\/oppbevaringskasse-pa-hjul-kanin\/#primaryimage\"},\"image\":{\"@id\":\"https:\/\/babylove.se\/no\/produkt\/oppbevaringskasse-pa-hjul-kanin\/#primaryimage\"},\"thumbnailUrl\":\"https:\/\/babylove.se\/no\/wp-content\/uploads\/sites\/3\/2025\/07\/59c22d27aaffd.jpeg\",\"datePublished\":\"2025-07-18T19:24:00+00:00\",\"dateModified\":\"2026-04-08T07:09:28+00:00\",\"description\":\"G\u00f6r din f\u00f6rvaring i barnrummet enkel och samtidigt rolig. Denna vackra f\u00f6rvaringsl\u00e5da med hjul, \u00e4r tillverkad av plywood - skickas inom 24h !\",\"breadcrumb\":{\"@id\":\"https:\/\/babylove.se\/no\/produkt\/oppbevaringskasse-pa-hjul-kanin\/#breadcrumb\"},\"inLanguage\":\"nb-NO\",\"potentialAction\":[{\"@type\":\"ReadAction\",\"target\":[\"https:\/\/babylove.se\/no\/produkt\/oppbevaringskasse-pa-hjul-kanin\/\"]}]},{\"@type\":\"ImageObject\",\"inLanguage\":\"nb-NO\",\"@id\":\"https:\/\/babylove.se\/no\/produkt\/oppbevaringskasse-pa-hjul-kanin\/#primaryimage\",\"url\":\"https:\/\/babylove.se\/no\/wp-content\/uploads\/sites\/3\/2025\/07\/59c22d27aaffd.jpeg\",\"contentUrl\":\"https:\/\/babylove.se\/no\/wp-content\/uploads\/sites\/3\/2025\/07\/59c22d27aaffd.jpeg\",\"width\":750,\"height\":750},{\"@type\":\"BreadcrumbList\",\"@id\":\"https:\/\/babylove.se\/no\/produkt\/oppbevaringskasse-pa-hjul-kanin\/#breadcrumb\",\"itemListElement\":[{\"@type\":\"ListItem\",\"position\":1,\"name\":\"Hem\",\"item\":\"https:\/\/babylove.se\/no\/\"},{\"@type\":\"ListItem\",\"position\":2,\"name\":\"Butik\",\"item\":\"https:\/\/babylove.se\/no\/butik\/\"},{\"@type\":\"ListItem\",\"position\":3,\"name\":\"Oppbevaringsboks p\u00e5 hjul, kanin\"}]},{\"@type\":\"WebSite\",\"@id\":\"https:\/\/babylove.se\/no\/#website\",\"url\":\"https:\/\/babylove.se\/no\/\",\"name\":\"Babylove Norska\",\"description\":\"\",\"potentialAction\":[{\"@type\":\"SearchAction\",\"target\":{\"@type\":\"EntryPoint\",\"urlTemplate\":\"https:\/\/babylove.se\/no\/?s={search_term_string}\"},\"query-input\":{\"@type\":\"PropertyValueSpecification\",\"valueRequired\":true,\"valueName\":\"search_term_string\"}}],\"inLanguage\":\"nb-NO\"}]}<\/script>\n<meta property=\"product:brand\" content=\"Ohh Mami\" \/>\n<meta property=\"product:price:amount\" content=\"1299.00\" \/>\n<meta property=\"product:price:currency\" content=\"SEK\" \/>\n<meta property=\"og:availability\" content=\"instock\" \/>\n<meta property=\"product:availability\" content=\"instock\" \/>\n<meta property=\"product:retailer_item_id\" content=\"1441\" \/>\n<meta property=\"product:condition\" content=\"new\" \/>\n<!-- \/ Yoast SEO Premium plugin. -->","yoast_head_json":{"title":"Oppbevaringsboks p\u00e5 hjul, kanin - Babylove Norska","description":"G\u00f6r din f\u00f6rvaring i barnrummet enkel och samtidigt rolig. Denna vackra f\u00f6rvaringsl\u00e5da med hjul, \u00e4r tillverkad av plywood - skickas inom 24h !","robots":{"index":"noindex","follow":"follow","max-snippet":"max-snippet:-1","max-image-preview":"max-image-preview:large","max-video-preview":"max-video-preview:-1"},"og_locale":"nb_NO","og_type":"article","og_title":"Oppbevaringsboks p\u00e5 hjul, kanin","og_description":"G\u00f6r din f\u00f6rvaring i barnrummet enkel och samtidigt rolig. Denna vackra f\u00f6rvaringsl\u00e5da med hjul, \u00e4r tillverkad av plywood - skickas inom 24h !","og_url":"https:\/\/babylove.se\/no\/produkt\/oppbevaringskasse-pa-hjul-kanin\/","og_site_name":"Babylove Norska","article_modified_time":"2026-04-08T07:09:28+00:00","og_image":[{"width":750,"height":750,"url":"https:\/\/babylove.se\/no\/wp-content\/uploads\/sites\/3\/2025\/07\/59c22d27aaffd.jpeg","type":"image\/jpeg"}],"twitter_card":"summary_large_image","twitter_misc":{"Price":"1 299,00&nbsp;&#107;&#114;","Availability":"In stock"},"schema":{"@context":"https:\/\/schema.org","@graph":[{"@type":"WebPage","@id":"https:\/\/babylove.se\/no\/produkt\/oppbevaringskasse-pa-hjul-kanin\/","url":"https:\/\/babylove.se\/no\/produkt\/oppbevaringskasse-pa-hjul-kanin\/","name":"Oppbevaringsboks p\u00e5 hjul, kanin - Babylove Norska","isPartOf":{"@id":"https:\/\/babylove.se\/no\/#website"},"primaryImageOfPage":{"@id":"https:\/\/babylove.se\/no\/produkt\/oppbevaringskasse-pa-hjul-kanin\/#primaryimage"},"image":{"@id":"https:\/\/babylove.se\/no\/produkt\/oppbevaringskasse-pa-hjul-kanin\/#primaryimage"},"thumbnailUrl":"https:\/\/babylove.se\/no\/wp-content\/uploads\/sites\/3\/2025\/07\/59c22d27aaffd.jpeg","datePublished":"2025-07-18T19:24:00+00:00","dateModified":"2026-04-08T07:09:28+00:00","description":"G\u00f6r din f\u00f6rvaring i barnrummet enkel och samtidigt rolig. Denna vackra f\u00f6rvaringsl\u00e5da med hjul, \u00e4r tillverkad av plywood - skickas inom 24h !","breadcrumb":{"@id":"https:\/\/babylove.se\/no\/produkt\/oppbevaringskasse-pa-hjul-kanin\/#breadcrumb"},"inLanguage":"nb-NO","potentialAction":[{"@type":"ReadAction","target":["https:\/\/babylove.se\/no\/produkt\/oppbevaringskasse-pa-hjul-kanin\/"]}]},{"@type":"ImageObject","inLanguage":"nb-NO","@id":"https:\/\/babylove.se\/no\/produkt\/oppbevaringskasse-pa-hjul-kanin\/#primaryimage","url":"https:\/\/babylove.se\/no\/wp-content\/uploads\/sites\/3\/2025\/07\/59c22d27aaffd.jpeg","contentUrl":"https:\/\/babylove.se\/no\/wp-content\/uploads\/sites\/3\/2025\/07\/59c22d27aaffd.jpeg","width":750,"height":750},{"@type":"BreadcrumbList","@id":"https:\/\/babylove.se\/no\/produkt\/oppbevaringskasse-pa-hjul-kanin\/#breadcrumb","itemListElement":[{"@type":"ListItem","position":1,"name":"Hem","item":"https:\/\/babylove.se\/no\/"},{"@type":"ListItem","position":2,"name":"Butik","item":"https:\/\/babylove.se\/no\/butik\/"},{"@type":"ListItem","position":3,"name":"Oppbevaringsboks p\u00e5 hjul, kanin"}]},{"@type":"WebSite","@id":"https:\/\/babylove.se\/no\/#website","url":"https:\/\/babylove.se\/no\/","name":"Babylove Norska","description":"","potentialAction":[{"@type":"SearchAction","target":{"@type":"EntryPoint","urlTemplate":"https:\/\/babylove.se\/no\/?s={search_term_string}"},"query-input":{"@type":"PropertyValueSpecification","valueRequired":true,"valueName":"search_term_string"}}],"inLanguage":"nb-NO"}]},"product_brand":"Ohh Mami","product_price_amount":"1299.00","product_price_currency":"SEK","og_availability":"instock","product_availability":"instock","product_retailer_item_id":"1441","product_condition":"new"},"_links":{"self":[{"href":"https:\/\/babylove.se\/no\/wp-json\/wp\/v2\/product\/4619","targetHints":{"allow":["GET"]}}],"collection":[{"href":"https:\/\/babylove.se\/no\/wp-json\/wp\/v2\/product"}],"about":[{"href":"https:\/\/babylove.se\/no\/wp-json\/wp\/v2\/types\/product"}],"replies":[{"embeddable":true,"href":"https:\/\/babylove.se\/no\/wp-json\/wp\/v2\/comments?post=4619"}],"wp:featuredmedia":[{"embeddable":true,"href":"https:\/\/babylove.se\/no\/wp-json\/wp\/v2\/media\/4621"}],"wp:attachment":[{"href":"https:\/\/babylove.se\/no\/wp-json\/wp\/v2\/media?parent=4619"}],"wp:term":[{"taxonomy":"product_brand","embeddable":true,"href":"https:\/\/babylove.se\/no\/wp-json\/wp\/v2\/product_brand?post=4619"},{"taxonomy":"product_cat","embeddable":true,"href":"https:\/\/babylove.se\/no\/wp-json\/wp\/v2\/product_cat?post=4619"},{"taxonomy":"product_tag","embeddable":true,"href":"https:\/\/babylove.se\/no\/wp-json\/wp\/v2\/product_tag?post=4619"}],"curies":[{"name":"wp","href":"https:\/\/api.w.org\/{rel}","templated":true}]}}