{"id":46228,"date":"2025-07-19T10:21:36","date_gmt":"2025-07-19T09:21:36","guid":{"rendered":"https:\/\/babylove.se\/produkt\/hjalpa-till-pall-bil-natur\/"},"modified":"2026-04-08T12:56:03","modified_gmt":"2026-04-08T11:56:03","slug":"hjelpe-til-pall-bil-natur","status":"publish","type":"product","link":"https:\/\/babylove.se\/no\/produkt\/hjelpe-til-pall-bil-natur\/","title":{"rendered":"Hjelpe til krakk Bil, natur"},"content":{"rendered":"<p>Aldri f\u00f8r har det v\u00e6rt enklere \u00e5 p\u00e5 en trygg (og stilsikker) m\u00e5te la stjernekokker ta plass p\u00e5 kj\u00f8kkenet!<\/p>\n<p>Den nydelige h\u00e5ndlagde hjelpekrakken gj\u00f8r det lettere n\u00e5r barnet skal pusse tenner, vaske hender, assistere foreldrene ved matlaging eller annen aktivitet der lilleguten ikke helt rekker opp.&nbsp;Barnet ditt vil elske at skrivebordet ser ut som en bil!<\/p>\n<p><span>Laget i henhold til Montessoripedagogikk som motiverer barnet til p\u00e5 egen h\u00e5nd \u00e5 utforske og l\u00e6re nye ting.&nbsp;<\/span><\/p>\n<p>Monteres enkelt.<\/p>\n<p><span style=\"background-color: initial; text-align: initial;\"><strong>Info<\/strong>:&nbsp;<\/span><\/p>\n<ul>\n<li><span style=\"background-color: initial; text-align: initial;\">Velg mellom to forskjellige modeller: Trolley eller Car.<\/span><\/li>\n<li><span style=\"background-color: initial; text-align: initial;\">Velg mellom to forskjellige trebehandlinger: umalt eller bivokspolert.&nbsp;<\/span><\/li>\n<li>Fotst\u00f8tten kan justeres i h\u00f8yde.<\/li>\n<li><span style=\"background-color: initial; text-align: initial;\">Maks vekt: 100 kg.<\/span><\/li>\n<li><span style=\"background-color: initial; text-align: initial;\">Hjulene er kun estetiske.&nbsp;<\/span><\/li>\n<\/ul>\n<p><strong>M\u00e5l<\/strong>:&nbsp;<\/p>\n<ul>\n<li>Hjelpekrakk: <span>&nbsp;H\u00f8yde: 90 cm. Bredde 38 m. Dybde: 40 cm.&nbsp;<\/span><\/li>\n<li>Fotst\u00f8tteh\u00f8yde &#8211; Bunh\u00f8yde: 24 cm. Midth\u00f8yde: 34 cm. Topph\u00f8yde: 44 cm.<\/li>\n<\/ul>\n<p data-empty=\"true\"><strong>Materiale<\/strong>: Kryssfiner.<\/p>\n","protected":false},"excerpt":{"rendered":"<p>Aldri f\u00f8r har det v\u00e6rt enklere \u00e5 p\u00e5 en trygg (og stilsikker) m\u00e5te la stjernekokker ta plass p\u00e5 kj\u00f8kkenet! Den nydelige h\u00e5ndlagde hjelpekrakken gj\u00f8r det lettere n\u00e5r barnet skal pusse tenner, vaske hender, assistere foreldrene ved matlaging eller annen aktivitet der lilleguten ikke helt rekker opp.&nbsp;Barnet ditt vil elske at skrivebordet ser ut som en [&hellip;]<\/p>\n","protected":false},"featured_media":46230,"comment_status":"closed","ping_status":"open","template":"","meta":{"_acf_changed":false},"product_brand":[1380],"product_cat":[137,911,1381],"product_tag":[1689],"class_list":{"0":"post-46228","1":"product","2":"type-product","3":"status-publish","4":"has-post-thumbnail","6":"product_brand-toddler-family","7":"product_cat-bilverden","8":"product_cat-hjelpe-til-pall","9":"product_cat-toddler-family","10":"product_tag-bestillingsvaror","11":"pa_modell-car","12":"pa_modell-trolley","13":"pa_trabehandling-bivaxpolerad","14":"pa_trabehandling-omalad","16":"first","17":"instock","18":"taxable","19":"shipping-taxable","20":"purchasable","21":"product-type-variable"},"acf":[],"yoast_head":"<!-- This site is optimized with the Yoast SEO Premium plugin v25.8 (Yoast SEO v27.2) - https:\/\/yoast.com\/product\/yoast-seo-premium-wordpress\/ -->\n<title>Hjelpe til krakk Bil, natur - Babylove Norska<\/title>\n<meta name=\"robots\" content=\"noindex, follow, max-snippet:-1, max-image-preview:large, max-video-preview:-1\" \/>\n<meta property=\"og:locale\" content=\"nb_NO\" \/>\n<meta property=\"og:type\" content=\"article\" \/>\n<meta property=\"og:title\" content=\"Hjelpe til krakk Bil, natur\" \/>\n<meta property=\"og:description\" content=\"Aldri f\u00f8r har det v\u00e6rt enklere \u00e5 p\u00e5 en trygg (og stilsikker) m\u00e5te la stjernekokker ta plass p\u00e5 kj\u00f8kkenet! Den nydelige h\u00e5ndlagde hjelpekrakken gj\u00f8r det lettere n\u00e5r barnet skal pusse tenner, vaske hender, assistere foreldrene ved matlaging eller annen aktivitet der lilleguten ikke helt rekker opp.&nbsp;Barnet ditt vil elske at skrivebordet ser ut som en [&hellip;]\" \/>\n<meta property=\"og:url\" content=\"https:\/\/babylove.se\/no\/produkt\/hjelpe-til-pall-bil-natur\/\" \/>\n<meta property=\"og:site_name\" content=\"Babylove Norska\" \/>\n<meta property=\"article:modified_time\" content=\"2026-04-08T11:56:03+00:00\" \/>\n<meta property=\"og:image\" content=\"https:\/\/babylove.se\/no\/wp-content\/uploads\/sites\/3\/2025\/07\/6345333372997.jpeg\" \/>\n\t<meta property=\"og:image:width\" content=\"750\" \/>\n\t<meta property=\"og:image:height\" content=\"501\" \/>\n\t<meta property=\"og:image:type\" content=\"image\/jpeg\" \/>\n<meta name=\"twitter:card\" content=\"summary_large_image\" \/>\n<meta name=\"twitter:label1\" content=\"Availability\" \/>\n\t<meta name=\"twitter:data1\" content=\"In stock\" \/>\n<script type=\"application\/ld+json\" class=\"yoast-schema-graph\">{\"@context\":\"https:\/\/schema.org\",\"@graph\":[{\"@type\":\"WebPage\",\"@id\":\"https:\/\/babylove.se\/no\/produkt\/hjelpe-til-pall-bil-natur\/\",\"url\":\"https:\/\/babylove.se\/no\/produkt\/hjelpe-til-pall-bil-natur\/\",\"name\":\"Hjelpe til krakk Bil, natur - Babylove Norska\",\"isPartOf\":{\"@id\":\"https:\/\/babylove.se\/no\/#website\"},\"primaryImageOfPage\":{\"@id\":\"https:\/\/babylove.se\/no\/produkt\/hjelpe-til-pall-bil-natur\/#primaryimage\"},\"image\":{\"@id\":\"https:\/\/babylove.se\/no\/produkt\/hjelpe-til-pall-bil-natur\/#primaryimage\"},\"thumbnailUrl\":\"https:\/\/babylove.se\/no\/wp-content\/uploads\/sites\/3\/2025\/07\/6345333372997.jpeg\",\"datePublished\":\"2025-07-19T09:21:36+00:00\",\"dateModified\":\"2026-04-08T11:56:03+00:00\",\"breadcrumb\":{\"@id\":\"https:\/\/babylove.se\/no\/produkt\/hjelpe-til-pall-bil-natur\/#breadcrumb\"},\"inLanguage\":\"nb-NO\",\"potentialAction\":[{\"@type\":\"ReadAction\",\"target\":[\"https:\/\/babylove.se\/no\/produkt\/hjelpe-til-pall-bil-natur\/\"]}]},{\"@type\":\"ImageObject\",\"inLanguage\":\"nb-NO\",\"@id\":\"https:\/\/babylove.se\/no\/produkt\/hjelpe-til-pall-bil-natur\/#primaryimage\",\"url\":\"https:\/\/babylove.se\/no\/wp-content\/uploads\/sites\/3\/2025\/07\/6345333372997.jpeg\",\"contentUrl\":\"https:\/\/babylove.se\/no\/wp-content\/uploads\/sites\/3\/2025\/07\/6345333372997.jpeg\",\"width\":750,\"height\":501},{\"@type\":\"BreadcrumbList\",\"@id\":\"https:\/\/babylove.se\/no\/produkt\/hjelpe-til-pall-bil-natur\/#breadcrumb\",\"itemListElement\":[{\"@type\":\"ListItem\",\"position\":1,\"name\":\"Hem\",\"item\":\"https:\/\/babylove.se\/no\/\"},{\"@type\":\"ListItem\",\"position\":2,\"name\":\"Butik\",\"item\":\"https:\/\/babylove.se\/no\/butik\/\"},{\"@type\":\"ListItem\",\"position\":3,\"name\":\"Hjelpe til krakk Bil, natur\"}]},{\"@type\":\"WebSite\",\"@id\":\"https:\/\/babylove.se\/no\/#website\",\"url\":\"https:\/\/babylove.se\/no\/\",\"name\":\"Babylove Norska\",\"description\":\"\",\"potentialAction\":[{\"@type\":\"SearchAction\",\"target\":{\"@type\":\"EntryPoint\",\"urlTemplate\":\"https:\/\/babylove.se\/no\/?s={search_term_string}\"},\"query-input\":{\"@type\":\"PropertyValueSpecification\",\"valueRequired\":true,\"valueName\":\"search_term_string\"}}],\"inLanguage\":\"nb-NO\"}]}<\/script>\n<meta property=\"product:brand\" content=\"Toddler Family\" \/>\n<meta property=\"og:availability\" content=\"instock\" \/>\n<meta property=\"product:availability\" content=\"instock\" \/>\n<meta property=\"product:retailer_item_id\" content=\"KH-Natural-Notpainted-Trolley\" \/>\n<meta property=\"product:condition\" content=\"new\" \/>\n<!-- \/ Yoast SEO Premium plugin. -->","yoast_head_json":{"title":"Hjelpe til krakk Bil, natur - Babylove Norska","robots":{"index":"noindex","follow":"follow","max-snippet":"max-snippet:-1","max-image-preview":"max-image-preview:large","max-video-preview":"max-video-preview:-1"},"og_locale":"nb_NO","og_type":"article","og_title":"Hjelpe til krakk Bil, natur","og_description":"Aldri f\u00f8r har det v\u00e6rt enklere \u00e5 p\u00e5 en trygg (og stilsikker) m\u00e5te la stjernekokker ta plass p\u00e5 kj\u00f8kkenet! Den nydelige h\u00e5ndlagde hjelpekrakken gj\u00f8r det lettere n\u00e5r barnet skal pusse tenner, vaske hender, assistere foreldrene ved matlaging eller annen aktivitet der lilleguten ikke helt rekker opp.&nbsp;Barnet ditt vil elske at skrivebordet ser ut som en [&hellip;]","og_url":"https:\/\/babylove.se\/no\/produkt\/hjelpe-til-pall-bil-natur\/","og_site_name":"Babylove Norska","article_modified_time":"2026-04-08T11:56:03+00:00","og_image":[{"width":750,"height":501,"url":"https:\/\/babylove.se\/no\/wp-content\/uploads\/sites\/3\/2025\/07\/6345333372997.jpeg","type":"image\/jpeg"}],"twitter_card":"summary_large_image","twitter_misc":{"Availability":"In stock"},"schema":{"@context":"https:\/\/schema.org","@graph":[{"@type":"WebPage","@id":"https:\/\/babylove.se\/no\/produkt\/hjelpe-til-pall-bil-natur\/","url":"https:\/\/babylove.se\/no\/produkt\/hjelpe-til-pall-bil-natur\/","name":"Hjelpe til krakk Bil, natur - Babylove Norska","isPartOf":{"@id":"https:\/\/babylove.se\/no\/#website"},"primaryImageOfPage":{"@id":"https:\/\/babylove.se\/no\/produkt\/hjelpe-til-pall-bil-natur\/#primaryimage"},"image":{"@id":"https:\/\/babylove.se\/no\/produkt\/hjelpe-til-pall-bil-natur\/#primaryimage"},"thumbnailUrl":"https:\/\/babylove.se\/no\/wp-content\/uploads\/sites\/3\/2025\/07\/6345333372997.jpeg","datePublished":"2025-07-19T09:21:36+00:00","dateModified":"2026-04-08T11:56:03+00:00","breadcrumb":{"@id":"https:\/\/babylove.se\/no\/produkt\/hjelpe-til-pall-bil-natur\/#breadcrumb"},"inLanguage":"nb-NO","potentialAction":[{"@type":"ReadAction","target":["https:\/\/babylove.se\/no\/produkt\/hjelpe-til-pall-bil-natur\/"]}]},{"@type":"ImageObject","inLanguage":"nb-NO","@id":"https:\/\/babylove.se\/no\/produkt\/hjelpe-til-pall-bil-natur\/#primaryimage","url":"https:\/\/babylove.se\/no\/wp-content\/uploads\/sites\/3\/2025\/07\/6345333372997.jpeg","contentUrl":"https:\/\/babylove.se\/no\/wp-content\/uploads\/sites\/3\/2025\/07\/6345333372997.jpeg","width":750,"height":501},{"@type":"BreadcrumbList","@id":"https:\/\/babylove.se\/no\/produkt\/hjelpe-til-pall-bil-natur\/#breadcrumb","itemListElement":[{"@type":"ListItem","position":1,"name":"Hem","item":"https:\/\/babylove.se\/no\/"},{"@type":"ListItem","position":2,"name":"Butik","item":"https:\/\/babylove.se\/no\/butik\/"},{"@type":"ListItem","position":3,"name":"Hjelpe til krakk Bil, natur"}]},{"@type":"WebSite","@id":"https:\/\/babylove.se\/no\/#website","url":"https:\/\/babylove.se\/no\/","name":"Babylove Norska","description":"","potentialAction":[{"@type":"SearchAction","target":{"@type":"EntryPoint","urlTemplate":"https:\/\/babylove.se\/no\/?s={search_term_string}"},"query-input":{"@type":"PropertyValueSpecification","valueRequired":true,"valueName":"search_term_string"}}],"inLanguage":"nb-NO"}]},"product_brand":"Toddler Family","og_availability":"instock","product_availability":"instock","product_retailer_item_id":"KH-Natural-Notpainted-Trolley","product_condition":"new"},"_links":{"self":[{"href":"https:\/\/babylove.se\/no\/wp-json\/wp\/v2\/product\/46228","targetHints":{"allow":["GET"]}}],"collection":[{"href":"https:\/\/babylove.se\/no\/wp-json\/wp\/v2\/product"}],"about":[{"href":"https:\/\/babylove.se\/no\/wp-json\/wp\/v2\/types\/product"}],"replies":[{"embeddable":true,"href":"https:\/\/babylove.se\/no\/wp-json\/wp\/v2\/comments?post=46228"}],"wp:featuredmedia":[{"embeddable":true,"href":"https:\/\/babylove.se\/no\/wp-json\/wp\/v2\/media\/46230"}],"wp:attachment":[{"href":"https:\/\/babylove.se\/no\/wp-json\/wp\/v2\/media?parent=46228"}],"wp:term":[{"taxonomy":"product_brand","embeddable":true,"href":"https:\/\/babylove.se\/no\/wp-json\/wp\/v2\/product_brand?post=46228"},{"taxonomy":"product_cat","embeddable":true,"href":"https:\/\/babylove.se\/no\/wp-json\/wp\/v2\/product_cat?post=46228"},{"taxonomy":"product_tag","embeddable":true,"href":"https:\/\/babylove.se\/no\/wp-json\/wp\/v2\/product_tag?post=46228"}],"curies":[{"name":"wp","href":"https:\/\/api.w.org\/{rel}","templated":true}]}}