{"id":46287,"date":"2025-07-19T10:22:18","date_gmt":"2025-07-19T09:22:18","guid":{"rendered":"https:\/\/babylove.se\/produkt\/hjalpa-till-pall-hopfallbar-natur\/"},"modified":"2026-04-08T12:56:29","modified_gmt":"2026-04-08T11:56:29","slug":"hjelpe-til-pall-hopfellbar-natur","status":"publish","type":"product","link":"https:\/\/babylove.se\/no\/produkt\/hjelpe-til-pall-hopfellbar-natur\/","title":{"rendered":"Hjelpe til krakk sammenleggbar, natur"},"content":{"rendered":"<p>Aldri f\u00f8r har det v\u00e6rt enklere \u00e5 p\u00e5 en sikker (og stilsikker) m\u00e5te la stjernekokker ta plass p\u00e5 kj\u00f8kkenet! N\u00e5r barnet ditt ikke bruker krakken, bretter du den enkelt sammen og sparer plass.&nbsp;<\/p>\n<p><span style=\"background-color: initial; text-align: initial;\">Den nydelige h\u00e5ndlagede hjelpekrakken gj\u00f8r det lettere n\u00e5r barnet skal pusse tenner, vaske hender, assistere foreldrene ved matlaging eller annen aktivitet som lillegutten ikke helt rekker opp til. Den medf\u00f8lgende sikkerhetsskinnen hindrer barnet ditt i \u00e5 falle ut.&nbsp;<\/span><\/p>\n<p><span style=\"background-color: initial; text-align: initial;\">Laget i henhold til Montessoripedagogikk som motiverer barnet til p\u00e5 egen h\u00e5nd \u00e5 utforske og l\u00e6re nye ting.&nbsp;<\/span><\/p>\n<p><span style=\"background-color: initial; text-align: initial;\">Monteres enkelt.<\/span><\/p>\n<p><strong>Info<\/strong>:&nbsp;<\/p>\n<ul>\n<li>Velg mellom ulakkert eller lakkert.&nbsp;<\/li>\n<li>Fotsteget kan justeres i h\u00f8yde.<\/li>\n<li>Maks vekt: 50 kg.<\/li>\n<\/ul>\n<p><strong>M\u00e5l<\/strong>:&nbsp;<\/p>\n<ul>\n<li>Hjelpekrakk &#8211;<span>&nbsp;H\u00f8yde: 90 cm. Bredde 45 cm. Dybde: 41 cm.&nbsp;<\/span><\/li>\n<li>Fotstegsh\u00f8yde &#8211; Bunnh\u00f8yde: 33 cm. Topph\u00f8yde: 43 cm.<\/li>\n<li>Sammenbrettet &#8211; H\u00f8yde: 90 cm. Bredde 45 cm. Dybde: 13 cm.&nbsp;<\/li>\n<\/ul>\n<p><strong>Materiale<\/strong>: Plywood.&nbsp;<\/p>\n","protected":false},"excerpt":{"rendered":"<p>Aldri f\u00f8r har det v\u00e6rt enklere \u00e5 p\u00e5 en sikker (og stilsikker) m\u00e5te la stjernekokker ta plass p\u00e5 kj\u00f8kkenet! N\u00e5r barnet ditt ikke bruker krakken, bretter du den enkelt sammen og sparer plass.&nbsp; Den nydelige h\u00e5ndlagede hjelpekrakken gj\u00f8r det lettere n\u00e5r barnet skal pusse tenner, vaske hender, assistere foreldrene ved matlaging eller annen aktivitet som [&hellip;]<\/p>\n","protected":false},"featured_media":46289,"comment_status":"closed","ping_status":"open","template":"","meta":{"_acf_changed":false},"product_brand":[1380],"product_cat":[911,1381],"product_tag":[1689],"class_list":{"0":"post-46287","1":"product","2":"type-product","3":"status-publish","4":"has-post-thumbnail","6":"product_brand-toddler-family","7":"product_cat-hjelpe-til-pall","8":"product_cat-toddler-family","9":"product_tag-bestillingsvaror","10":"pa_lackering-lackad","11":"pa_lackering-olackad","13":"first","14":"instock","15":"taxable","16":"shipping-taxable","17":"purchasable","18":"product-type-variable"},"acf":[],"yoast_head":"<!-- This site is optimized with the Yoast SEO Premium plugin v25.8 (Yoast SEO v27.2) - https:\/\/yoast.com\/product\/yoast-seo-premium-wordpress\/ -->\n<title>Hjelpe til krakk sammenleggbar, natur - Babylove Norska<\/title>\n<meta name=\"robots\" content=\"noindex, follow, max-snippet:-1, max-image-preview:large, max-video-preview:-1\" \/>\n<meta property=\"og:locale\" content=\"nb_NO\" \/>\n<meta property=\"og:type\" content=\"article\" \/>\n<meta property=\"og:title\" content=\"Hjelpe til krakk sammenleggbar, natur\" \/>\n<meta property=\"og:description\" content=\"Aldri f\u00f8r har det v\u00e6rt enklere \u00e5 p\u00e5 en sikker (og stilsikker) m\u00e5te la stjernekokker ta plass p\u00e5 kj\u00f8kkenet! N\u00e5r barnet ditt ikke bruker krakken, bretter du den enkelt sammen og sparer plass.&nbsp; Den nydelige h\u00e5ndlagede hjelpekrakken gj\u00f8r det lettere n\u00e5r barnet skal pusse tenner, vaske hender, assistere foreldrene ved matlaging eller annen aktivitet som [&hellip;]\" \/>\n<meta property=\"og:url\" content=\"https:\/\/babylove.se\/no\/produkt\/hjelpe-til-pall-hopfellbar-natur\/\" \/>\n<meta property=\"og:site_name\" content=\"Babylove Norska\" \/>\n<meta property=\"article:modified_time\" content=\"2026-04-08T11:56:29+00:00\" \/>\n<meta property=\"og:image\" content=\"https:\/\/babylove.se\/no\/wp-content\/uploads\/sites\/3\/2025\/07\/63465c9375416.webp\" \/>\n\t<meta property=\"og:image:width\" content=\"1140\" \/>\n\t<meta property=\"og:image:height\" content=\"1714\" \/>\n\t<meta property=\"og:image:type\" content=\"image\/webp\" \/>\n<meta name=\"twitter:card\" content=\"summary_large_image\" \/>\n<meta name=\"twitter:label1\" content=\"Availability\" \/>\n\t<meta name=\"twitter:data1\" content=\"In stock\" \/>\n<script type=\"application\/ld+json\" class=\"yoast-schema-graph\">{\"@context\":\"https:\/\/schema.org\",\"@graph\":[{\"@type\":\"WebPage\",\"@id\":\"https:\/\/babylove.se\/no\/produkt\/hjelpe-til-pall-hopfellbar-natur\/\",\"url\":\"https:\/\/babylove.se\/no\/produkt\/hjelpe-til-pall-hopfellbar-natur\/\",\"name\":\"Hjelpe til krakk sammenleggbar, natur - Babylove Norska\",\"isPartOf\":{\"@id\":\"https:\/\/babylove.se\/no\/#website\"},\"primaryImageOfPage\":{\"@id\":\"https:\/\/babylove.se\/no\/produkt\/hjelpe-til-pall-hopfellbar-natur\/#primaryimage\"},\"image\":{\"@id\":\"https:\/\/babylove.se\/no\/produkt\/hjelpe-til-pall-hopfellbar-natur\/#primaryimage\"},\"thumbnailUrl\":\"https:\/\/babylove.se\/no\/wp-content\/uploads\/sites\/3\/2025\/07\/63465c9375416.webp\",\"datePublished\":\"2025-07-19T09:22:18+00:00\",\"dateModified\":\"2026-04-08T11:56:29+00:00\",\"breadcrumb\":{\"@id\":\"https:\/\/babylove.se\/no\/produkt\/hjelpe-til-pall-hopfellbar-natur\/#breadcrumb\"},\"inLanguage\":\"nb-NO\",\"potentialAction\":[{\"@type\":\"ReadAction\",\"target\":[\"https:\/\/babylove.se\/no\/produkt\/hjelpe-til-pall-hopfellbar-natur\/\"]}]},{\"@type\":\"ImageObject\",\"inLanguage\":\"nb-NO\",\"@id\":\"https:\/\/babylove.se\/no\/produkt\/hjelpe-til-pall-hopfellbar-natur\/#primaryimage\",\"url\":\"https:\/\/babylove.se\/no\/wp-content\/uploads\/sites\/3\/2025\/07\/63465c9375416.webp\",\"contentUrl\":\"https:\/\/babylove.se\/no\/wp-content\/uploads\/sites\/3\/2025\/07\/63465c9375416.webp\",\"width\":1140,\"height\":1714},{\"@type\":\"BreadcrumbList\",\"@id\":\"https:\/\/babylove.se\/no\/produkt\/hjelpe-til-pall-hopfellbar-natur\/#breadcrumb\",\"itemListElement\":[{\"@type\":\"ListItem\",\"position\":1,\"name\":\"Hem\",\"item\":\"https:\/\/babylove.se\/no\/\"},{\"@type\":\"ListItem\",\"position\":2,\"name\":\"Butik\",\"item\":\"https:\/\/babylove.se\/no\/butik\/\"},{\"@type\":\"ListItem\",\"position\":3,\"name\":\"Hjelpe til krakk sammenleggbar, natur\"}]},{\"@type\":\"WebSite\",\"@id\":\"https:\/\/babylove.se\/no\/#website\",\"url\":\"https:\/\/babylove.se\/no\/\",\"name\":\"Babylove Norska\",\"description\":\"\",\"potentialAction\":[{\"@type\":\"SearchAction\",\"target\":{\"@type\":\"EntryPoint\",\"urlTemplate\":\"https:\/\/babylove.se\/no\/?s={search_term_string}\"},\"query-input\":{\"@type\":\"PropertyValueSpecification\",\"valueRequired\":true,\"valueName\":\"search_term_string\"}}],\"inLanguage\":\"nb-NO\"}]}<\/script>\n<meta property=\"product:brand\" content=\"Toddler Family\" \/>\n<meta property=\"og:availability\" content=\"instock\" \/>\n<meta property=\"product:availability\" content=\"instock\" \/>\n<meta property=\"product:retailer_item_id\" content=\"KH-Spacesaving-Olackad\" \/>\n<meta property=\"product:condition\" content=\"new\" \/>\n<!-- \/ Yoast SEO Premium plugin. -->","yoast_head_json":{"title":"Hjelpe til krakk sammenleggbar, natur - Babylove Norska","robots":{"index":"noindex","follow":"follow","max-snippet":"max-snippet:-1","max-image-preview":"max-image-preview:large","max-video-preview":"max-video-preview:-1"},"og_locale":"nb_NO","og_type":"article","og_title":"Hjelpe til krakk sammenleggbar, natur","og_description":"Aldri f\u00f8r har det v\u00e6rt enklere \u00e5 p\u00e5 en sikker (og stilsikker) m\u00e5te la stjernekokker ta plass p\u00e5 kj\u00f8kkenet! N\u00e5r barnet ditt ikke bruker krakken, bretter du den enkelt sammen og sparer plass.&nbsp; Den nydelige h\u00e5ndlagede hjelpekrakken gj\u00f8r det lettere n\u00e5r barnet skal pusse tenner, vaske hender, assistere foreldrene ved matlaging eller annen aktivitet som [&hellip;]","og_url":"https:\/\/babylove.se\/no\/produkt\/hjelpe-til-pall-hopfellbar-natur\/","og_site_name":"Babylove Norska","article_modified_time":"2026-04-08T11:56:29+00:00","og_image":[{"width":1140,"height":1714,"url":"https:\/\/babylove.se\/no\/wp-content\/uploads\/sites\/3\/2025\/07\/63465c9375416.webp","type":"image\/webp"}],"twitter_card":"summary_large_image","twitter_misc":{"Availability":"In stock"},"schema":{"@context":"https:\/\/schema.org","@graph":[{"@type":"WebPage","@id":"https:\/\/babylove.se\/no\/produkt\/hjelpe-til-pall-hopfellbar-natur\/","url":"https:\/\/babylove.se\/no\/produkt\/hjelpe-til-pall-hopfellbar-natur\/","name":"Hjelpe til krakk sammenleggbar, natur - Babylove Norska","isPartOf":{"@id":"https:\/\/babylove.se\/no\/#website"},"primaryImageOfPage":{"@id":"https:\/\/babylove.se\/no\/produkt\/hjelpe-til-pall-hopfellbar-natur\/#primaryimage"},"image":{"@id":"https:\/\/babylove.se\/no\/produkt\/hjelpe-til-pall-hopfellbar-natur\/#primaryimage"},"thumbnailUrl":"https:\/\/babylove.se\/no\/wp-content\/uploads\/sites\/3\/2025\/07\/63465c9375416.webp","datePublished":"2025-07-19T09:22:18+00:00","dateModified":"2026-04-08T11:56:29+00:00","breadcrumb":{"@id":"https:\/\/babylove.se\/no\/produkt\/hjelpe-til-pall-hopfellbar-natur\/#breadcrumb"},"inLanguage":"nb-NO","potentialAction":[{"@type":"ReadAction","target":["https:\/\/babylove.se\/no\/produkt\/hjelpe-til-pall-hopfellbar-natur\/"]}]},{"@type":"ImageObject","inLanguage":"nb-NO","@id":"https:\/\/babylove.se\/no\/produkt\/hjelpe-til-pall-hopfellbar-natur\/#primaryimage","url":"https:\/\/babylove.se\/no\/wp-content\/uploads\/sites\/3\/2025\/07\/63465c9375416.webp","contentUrl":"https:\/\/babylove.se\/no\/wp-content\/uploads\/sites\/3\/2025\/07\/63465c9375416.webp","width":1140,"height":1714},{"@type":"BreadcrumbList","@id":"https:\/\/babylove.se\/no\/produkt\/hjelpe-til-pall-hopfellbar-natur\/#breadcrumb","itemListElement":[{"@type":"ListItem","position":1,"name":"Hem","item":"https:\/\/babylove.se\/no\/"},{"@type":"ListItem","position":2,"name":"Butik","item":"https:\/\/babylove.se\/no\/butik\/"},{"@type":"ListItem","position":3,"name":"Hjelpe til krakk sammenleggbar, natur"}]},{"@type":"WebSite","@id":"https:\/\/babylove.se\/no\/#website","url":"https:\/\/babylove.se\/no\/","name":"Babylove Norska","description":"","potentialAction":[{"@type":"SearchAction","target":{"@type":"EntryPoint","urlTemplate":"https:\/\/babylove.se\/no\/?s={search_term_string}"},"query-input":{"@type":"PropertyValueSpecification","valueRequired":true,"valueName":"search_term_string"}}],"inLanguage":"nb-NO"}]},"product_brand":"Toddler Family","og_availability":"instock","product_availability":"instock","product_retailer_item_id":"KH-Spacesaving-Olackad","product_condition":"new"},"_links":{"self":[{"href":"https:\/\/babylove.se\/no\/wp-json\/wp\/v2\/product\/46287","targetHints":{"allow":["GET"]}}],"collection":[{"href":"https:\/\/babylove.se\/no\/wp-json\/wp\/v2\/product"}],"about":[{"href":"https:\/\/babylove.se\/no\/wp-json\/wp\/v2\/types\/product"}],"replies":[{"embeddable":true,"href":"https:\/\/babylove.se\/no\/wp-json\/wp\/v2\/comments?post=46287"}],"wp:featuredmedia":[{"embeddable":true,"href":"https:\/\/babylove.se\/no\/wp-json\/wp\/v2\/media\/46289"}],"wp:attachment":[{"href":"https:\/\/babylove.se\/no\/wp-json\/wp\/v2\/media?parent=46287"}],"wp:term":[{"taxonomy":"product_brand","embeddable":true,"href":"https:\/\/babylove.se\/no\/wp-json\/wp\/v2\/product_brand?post=46287"},{"taxonomy":"product_cat","embeddable":true,"href":"https:\/\/babylove.se\/no\/wp-json\/wp\/v2\/product_cat?post=46287"},{"taxonomy":"product_tag","embeddable":true,"href":"https:\/\/babylove.se\/no\/wp-json\/wp\/v2\/product_tag?post=46287"}],"curies":[{"name":"wp","href":"https:\/\/api.w.org\/{rel}","templated":true}]}}