{"id":46299,"date":"2025-07-19T10:22:18","date_gmt":"2025-07-19T09:22:18","guid":{"rendered":"https:\/\/babylove.se\/produkt\/klatterstallning-till-barnrummet-gra\/"},"modified":"2026-04-08T12:56:34","modified_gmt":"2026-04-08T11:56:34","slug":"klatrestativ-til-barnerommet-gra","status":"publish","type":"product","link":"https:\/\/babylove.se\/no\/produkt\/klatrestativ-til-barnerommet-gra\/","title":{"rendered":"Klatrestativ til barnerommet, gr\u00e5"},"content":{"rendered":"<p>Et fantastisk multifunksjonelt produkt med mange bruksomr\u00e5der \\n \\nHvis du bare tenker \u00e5 kj\u00f8pe en aktivitetsleke er det denne du skal kj\u00f8pe! Klatrebuen passer barn mellom 2-7 \u00e5r og kommer til \u00e5 henge med gjennom barnets oppvekst. Fremmer utvikling av motorikk, koordinasjon, balanse og styrke gjennom aktiv lek. \\n \\nBare fantasien som setter stopp for hvordan du kan bruke denne klatretrekanten! Bruk rampen som en rutsjebane for de minste. For \u00e5 forvandle den til et lekeslott eller en hytte legg litt koselige puter og tepper. Legg den p\u00e5 siden mot en vegg og du f\u00e5r en lekeoppbevaring! De st\u00f8rre barna kan bruke klatrebuen som et m\u00e5l. \\n \\n<span style=\"background-color: initial; text-align: initial;\">Laget etter Montessoripedagogikk som motiverer barnet til p\u00e5 egen h\u00e5nd \u00e5 utforske og l\u00e6re seg nye ting. <\/span> \\n<\/p>\n<p data-empty=\"true\"><strong>Pakke<\/strong>:<\/p>\n<p> \\n \\n<\/p>\n<ul> \\n \\t<\/p>\n<li>Velg 2 seksjoner for \u00e5 skape en Mini Pikler trekant.<\/li>\n<p> \\n \\t<\/p>\n<li>Velg 3 seksjoner for \u00e5 skape en Pikler trekant eller en ribbstol.<\/li>\n<p> \\n \\t<\/p>\n<li>Velg 4 seksjoner for \u00e5 skape to Mini Pikler trekanter, en stor Pikler trekant eller en ribbstol.<\/li>\n<p> \\n \\t<\/p>\n<li>Velg 5 seksjoner for \u00e5 skape alle ovennevnte konfigurasjoner eller klatrebue.<\/li>\n<p> \\n \\t<\/p>\n<li>Dobbeltsidig rampe kan brukes som rutsjebane eller klatrevegg. Fire klatretak er inkludert.<\/li>\n<p> \\n \\t<\/p>\n<li><em>Obs! Velg 1 seksjon kun som et tillegg til ditt eksisterende sett.<\/em><\/li>\n<p> \\n \\t<\/p>\n<li><em>Obs! Velg rampe kun som et tillegg til ditt eksisterende sett.<\/em><\/li>\n<p> \\n<\/ul>\n<p> \\n<span style=\"background-color: initial; text-align: initial;\"><strong>Info<\/strong>: <\/span> \\n<\/p>\n<ul> \\n \\t<\/p>\n<li>Farge: Gr\u00e5. Trinnpinnene og klatresiden av rampen er natur.<\/li>\n<p> \\n \\t<\/p>\n<li>Maks vekt: 50 kg.<\/li>\n<p> \\n \\t<\/p>\n<li>CE-merking.<\/li>\n<p> \\n \\t<\/p>\n<li>F\u00f8lger EUs sikkerhetskrav EN 71.<\/li>\n<p> \\n<\/ul>\n<p> \\n<strong>M\u00e5l<\/strong>: \\n<\/p>\n<ul> \\n \\t<\/p>\n<li>Hver seksjon: Bredde: 80 cm. Lengde: 54 cm. Tykkelse: 8 cm.<\/li>\n<p> \\n \\t<\/p>\n<li>Avstand mellom trinnpinner: 15 cm.<\/li>\n<p> \\n \\t<\/p>\n<li>Rampe: Bredde: 65 cm. Lengde: 95 cm. Tykkelse: 8 cm.<\/li>\n<p> \\n<\/ul>\n<p> \\n<strong>Materiale<\/strong>: Kryssfiner. \\n \\n<em>Obs! La aldri babyen din v\u00e6re uten tilsyn i klatrestativet!<\/em><\/p>\n","protected":false},"excerpt":{"rendered":"<p>Et fantastisk multifunksjonelt produkt med mange bruksomr\u00e5der \\n \\nHvis du bare tenker \u00e5 kj\u00f8pe en aktivitetsleke er det denne du skal kj\u00f8pe! Klatrebuen passer barn mellom 2-7 \u00e5r og kommer til \u00e5 henge med gjennom barnets oppvekst. Fremmer utvikling av motorikk, koordinasjon, balanse og styrke gjennom aktiv lek. \\n \\nBare fantasien som setter stopp for [&hellip;]<\/p>\n","protected":false},"featured_media":46301,"comment_status":"closed","ping_status":"closed","template":"","meta":{"_acf_changed":false},"product_brand":[1380],"product_cat":[72,204,1381],"product_tag":[1689],"class_list":{"0":"post-46299","1":"product","2":"type-product","3":"status-publish","4":"has-post-thumbnail","6":"product_brand-toddler-family","7":"product_cat-julegaver","8":"product_cat-motoriske-barnmobler","9":"product_cat-toddler-family","10":"product_tag-bestillingsvaror","11":"pa_paket-1-sektion","12":"pa_paket-2-sektioner","13":"pa_paket-3-sektioner","14":"pa_paket-4-sektioner","15":"pa_paket-5-sektioner","16":"pa_paket-ramp","17":"pa_paket-ramp-1-sektion","18":"pa_paket-ramp-2-sektioner","19":"pa_paket-ramp-3-sektioner","20":"pa_paket-ramp-4-sektioner","21":"pa_paket-ramp-5-sektioner","23":"first","24":"instock","25":"taxable","26":"shipping-taxable","27":"purchasable","28":"product-type-variable"},"acf":[],"yoast_head":"<!-- This site is optimized with the Yoast SEO Premium plugin v25.8 (Yoast SEO v27.2) - https:\/\/yoast.com\/product\/yoast-seo-premium-wordpress\/ -->\n<title>Kl\u00e4tterst\u00e4llning - Perfekt till barnrummet - Gr\u00e5 - Babylove Norska<\/title>\n<meta name=\"robots\" content=\"noindex, follow, max-snippet:-1, max-image-preview:large, max-video-preview:-1\" \/>\n<meta property=\"og:locale\" content=\"nb_NO\" \/>\n<meta property=\"og:type\" content=\"article\" \/>\n<meta property=\"og:title\" content=\"Klatrestativ til barnerommet, gr\u00e5\" \/>\n<meta property=\"og:description\" content=\"Et fantastisk multifunksjonelt produkt med mange bruksomr\u00e5der n nHvis du bare tenker \u00e5 kj\u00f8pe en aktivitetsleke er det denne du skal kj\u00f8pe! Klatrebuen passer barn mellom 2-7 \u00e5r og kommer til \u00e5 henge med gjennom barnets oppvekst. Fremmer utvikling av motorikk, koordinasjon, balanse og styrke gjennom aktiv lek. n nBare fantasien som setter stopp for [&hellip;]\" \/>\n<meta property=\"og:url\" content=\"https:\/\/babylove.se\/no\/produkt\/klatrestativ-til-barnerommet-gra\/\" \/>\n<meta property=\"og:site_name\" content=\"Babylove Norska\" \/>\n<meta property=\"article:modified_time\" content=\"2026-04-08T11:56:34+00:00\" \/>\n<meta property=\"og:image\" content=\"https:\/\/babylove.se\/no\/wp-content\/uploads\/sites\/3\/2025\/07\/63466b3bbaa4d.jpeg\" \/>\n\t<meta property=\"og:image:width\" content=\"676\" \/>\n\t<meta property=\"og:image:height\" content=\"511\" \/>\n\t<meta property=\"og:image:type\" content=\"image\/jpeg\" \/>\n<meta name=\"twitter:card\" content=\"summary_large_image\" \/>\n<meta name=\"twitter:label1\" content=\"Availability\" \/>\n\t<meta name=\"twitter:data1\" content=\"In stock\" \/>\n<script type=\"application\/ld+json\" class=\"yoast-schema-graph\">{\"@context\":\"https:\/\/schema.org\",\"@graph\":[{\"@type\":\"WebPage\",\"@id\":\"https:\/\/babylove.se\/no\/produkt\/klatrestativ-til-barnerommet-gra\/\",\"url\":\"https:\/\/babylove.se\/no\/produkt\/klatrestativ-til-barnerommet-gra\/\",\"name\":\"Kl\u00e4tterst\u00e4llning - Perfekt till barnrummet - Gr\u00e5 - Babylove Norska\",\"isPartOf\":{\"@id\":\"https:\/\/babylove.se\/no\/#website\"},\"primaryImageOfPage\":{\"@id\":\"https:\/\/babylove.se\/no\/produkt\/klatrestativ-til-barnerommet-gra\/#primaryimage\"},\"image\":{\"@id\":\"https:\/\/babylove.se\/no\/produkt\/klatrestativ-til-barnerommet-gra\/#primaryimage\"},\"thumbnailUrl\":\"https:\/\/babylove.se\/no\/wp-content\/uploads\/sites\/3\/2025\/07\/63466b3bbaa4d.jpeg\",\"datePublished\":\"2025-07-19T09:22:18+00:00\",\"dateModified\":\"2026-04-08T11:56:34+00:00\",\"breadcrumb\":{\"@id\":\"https:\/\/babylove.se\/no\/produkt\/klatrestativ-til-barnerommet-gra\/#breadcrumb\"},\"inLanguage\":\"nb-NO\",\"potentialAction\":[{\"@type\":\"ReadAction\",\"target\":[\"https:\/\/babylove.se\/no\/produkt\/klatrestativ-til-barnerommet-gra\/\"]}]},{\"@type\":\"ImageObject\",\"inLanguage\":\"nb-NO\",\"@id\":\"https:\/\/babylove.se\/no\/produkt\/klatrestativ-til-barnerommet-gra\/#primaryimage\",\"url\":\"https:\/\/babylove.se\/no\/wp-content\/uploads\/sites\/3\/2025\/07\/63466b3bbaa4d.jpeg\",\"contentUrl\":\"https:\/\/babylove.se\/no\/wp-content\/uploads\/sites\/3\/2025\/07\/63466b3bbaa4d.jpeg\",\"width\":676,\"height\":511},{\"@type\":\"BreadcrumbList\",\"@id\":\"https:\/\/babylove.se\/no\/produkt\/klatrestativ-til-barnerommet-gra\/#breadcrumb\",\"itemListElement\":[{\"@type\":\"ListItem\",\"position\":1,\"name\":\"Hem\",\"item\":\"https:\/\/babylove.se\/no\/\"},{\"@type\":\"ListItem\",\"position\":2,\"name\":\"Butik\",\"item\":\"https:\/\/babylove.se\/no\/butik\/\"},{\"@type\":\"ListItem\",\"position\":3,\"name\":\"Klatrestativ til barnerommet, gr\u00e5\"}]},{\"@type\":\"WebSite\",\"@id\":\"https:\/\/babylove.se\/no\/#website\",\"url\":\"https:\/\/babylove.se\/no\/\",\"name\":\"Babylove Norska\",\"description\":\"\",\"potentialAction\":[{\"@type\":\"SearchAction\",\"target\":{\"@type\":\"EntryPoint\",\"urlTemplate\":\"https:\/\/babylove.se\/no\/?s={search_term_string}\"},\"query-input\":{\"@type\":\"PropertyValueSpecification\",\"valueRequired\":true,\"valueName\":\"search_term_string\"}}],\"inLanguage\":\"nb-NO\"}]}<\/script>\n<meta property=\"product:brand\" content=\"Toddler Family\" \/>\n<meta property=\"og:availability\" content=\"instock\" \/>\n<meta property=\"product:availability\" content=\"instock\" \/>\n<meta property=\"product:retailer_item_id\" content=\"Gr\u00e5-Ramp\" \/>\n<meta property=\"product:condition\" content=\"new\" \/>\n<!-- \/ Yoast SEO Premium plugin. -->","yoast_head_json":{"title":"Kl\u00e4tterst\u00e4llning - Perfekt till barnrummet - Gr\u00e5 - Babylove Norska","robots":{"index":"noindex","follow":"follow","max-snippet":"max-snippet:-1","max-image-preview":"max-image-preview:large","max-video-preview":"max-video-preview:-1"},"og_locale":"nb_NO","og_type":"article","og_title":"Klatrestativ til barnerommet, gr\u00e5","og_description":"Et fantastisk multifunksjonelt produkt med mange bruksomr\u00e5der n nHvis du bare tenker \u00e5 kj\u00f8pe en aktivitetsleke er det denne du skal kj\u00f8pe! Klatrebuen passer barn mellom 2-7 \u00e5r og kommer til \u00e5 henge med gjennom barnets oppvekst. Fremmer utvikling av motorikk, koordinasjon, balanse og styrke gjennom aktiv lek. n nBare fantasien som setter stopp for [&hellip;]","og_url":"https:\/\/babylove.se\/no\/produkt\/klatrestativ-til-barnerommet-gra\/","og_site_name":"Babylove Norska","article_modified_time":"2026-04-08T11:56:34+00:00","og_image":[{"width":676,"height":511,"url":"https:\/\/babylove.se\/no\/wp-content\/uploads\/sites\/3\/2025\/07\/63466b3bbaa4d.jpeg","type":"image\/jpeg"}],"twitter_card":"summary_large_image","twitter_misc":{"Availability":"In stock"},"schema":{"@context":"https:\/\/schema.org","@graph":[{"@type":"WebPage","@id":"https:\/\/babylove.se\/no\/produkt\/klatrestativ-til-barnerommet-gra\/","url":"https:\/\/babylove.se\/no\/produkt\/klatrestativ-til-barnerommet-gra\/","name":"Kl\u00e4tterst\u00e4llning - Perfekt till barnrummet - Gr\u00e5 - Babylove Norska","isPartOf":{"@id":"https:\/\/babylove.se\/no\/#website"},"primaryImageOfPage":{"@id":"https:\/\/babylove.se\/no\/produkt\/klatrestativ-til-barnerommet-gra\/#primaryimage"},"image":{"@id":"https:\/\/babylove.se\/no\/produkt\/klatrestativ-til-barnerommet-gra\/#primaryimage"},"thumbnailUrl":"https:\/\/babylove.se\/no\/wp-content\/uploads\/sites\/3\/2025\/07\/63466b3bbaa4d.jpeg","datePublished":"2025-07-19T09:22:18+00:00","dateModified":"2026-04-08T11:56:34+00:00","breadcrumb":{"@id":"https:\/\/babylove.se\/no\/produkt\/klatrestativ-til-barnerommet-gra\/#breadcrumb"},"inLanguage":"nb-NO","potentialAction":[{"@type":"ReadAction","target":["https:\/\/babylove.se\/no\/produkt\/klatrestativ-til-barnerommet-gra\/"]}]},{"@type":"ImageObject","inLanguage":"nb-NO","@id":"https:\/\/babylove.se\/no\/produkt\/klatrestativ-til-barnerommet-gra\/#primaryimage","url":"https:\/\/babylove.se\/no\/wp-content\/uploads\/sites\/3\/2025\/07\/63466b3bbaa4d.jpeg","contentUrl":"https:\/\/babylove.se\/no\/wp-content\/uploads\/sites\/3\/2025\/07\/63466b3bbaa4d.jpeg","width":676,"height":511},{"@type":"BreadcrumbList","@id":"https:\/\/babylove.se\/no\/produkt\/klatrestativ-til-barnerommet-gra\/#breadcrumb","itemListElement":[{"@type":"ListItem","position":1,"name":"Hem","item":"https:\/\/babylove.se\/no\/"},{"@type":"ListItem","position":2,"name":"Butik","item":"https:\/\/babylove.se\/no\/butik\/"},{"@type":"ListItem","position":3,"name":"Klatrestativ til barnerommet, gr\u00e5"}]},{"@type":"WebSite","@id":"https:\/\/babylove.se\/no\/#website","url":"https:\/\/babylove.se\/no\/","name":"Babylove Norska","description":"","potentialAction":[{"@type":"SearchAction","target":{"@type":"EntryPoint","urlTemplate":"https:\/\/babylove.se\/no\/?s={search_term_string}"},"query-input":{"@type":"PropertyValueSpecification","valueRequired":true,"valueName":"search_term_string"}}],"inLanguage":"nb-NO"}]},"product_brand":"Toddler Family","og_availability":"instock","product_availability":"instock","product_retailer_item_id":"Gr\u00e5-Ramp","product_condition":"new"},"_links":{"self":[{"href":"https:\/\/babylove.se\/no\/wp-json\/wp\/v2\/product\/46299","targetHints":{"allow":["GET"]}}],"collection":[{"href":"https:\/\/babylove.se\/no\/wp-json\/wp\/v2\/product"}],"about":[{"href":"https:\/\/babylove.se\/no\/wp-json\/wp\/v2\/types\/product"}],"replies":[{"embeddable":true,"href":"https:\/\/babylove.se\/no\/wp-json\/wp\/v2\/comments?post=46299"}],"wp:featuredmedia":[{"embeddable":true,"href":"https:\/\/babylove.se\/no\/wp-json\/wp\/v2\/media\/46301"}],"wp:attachment":[{"href":"https:\/\/babylove.se\/no\/wp-json\/wp\/v2\/media?parent=46299"}],"wp:term":[{"taxonomy":"product_brand","embeddable":true,"href":"https:\/\/babylove.se\/no\/wp-json\/wp\/v2\/product_brand?post=46299"},{"taxonomy":"product_cat","embeddable":true,"href":"https:\/\/babylove.se\/no\/wp-json\/wp\/v2\/product_cat?post=46299"},{"taxonomy":"product_tag","embeddable":true,"href":"https:\/\/babylove.se\/no\/wp-json\/wp\/v2\/product_tag?post=46299"}],"curies":[{"name":"wp","href":"https:\/\/api.w.org\/{rel}","templated":true}]}}