{"id":46347,"date":"2025-07-19T10:23:29","date_gmt":"2025-07-19T09:23:29","guid":{"rendered":"https:\/\/babylove.se\/produkt\/klatterstallning-till-barnrummet-natur\/"},"modified":"2026-04-08T12:56:40","modified_gmt":"2026-04-08T11:56:40","slug":"klatrestativ-til-barnerommet-natur","status":"publish","type":"product","link":"https:\/\/babylove.se\/no\/produkt\/klatrestativ-til-barnerommet-natur\/","title":{"rendered":"Klatrestativ til barnerommet, natur"},"content":{"rendered":"<p>Et fantastisk multifunksjonelt produkt med mange bruksomr\u00e5der<\/p>\n<p>Hvis du bare tenker \u00e5 kj\u00f8pe en aktivitetsleke er det denne du skal kj\u00f8pe! Klatrebuen passer barn mellom 2-7 \u00e5r og kommer til \u00e5 f\u00f8lge med gjennom barnets oppvekst. Fremmer utvikling av motorikk, koordinasjon, balanse og styrke gjennom aktiv lek.&nbsp;<\/p>\n<p>Bare fantasien setter stopper for hvordan du kan bruke denne klatretrekanten! Bruk rampen som en rutsjebane for de minste. For \u00e5 forvandle den til et lekeslott eller en krok legg noen koselige puter og tepper. <span>Legg den p\u00e5 siden mot en vegg og du f\u00e5r en lekeoppbevaring!&nbsp;<\/span>De st\u00f8rre barna kan bruke klatrebuen som et m\u00e5l.&nbsp;<\/p>\n<p><span style=\"background-color: initial; text-align: initial;\">Laget etter Montessoripedagogikk som motiverer barnet til p\u00e5 egen h\u00e5nd \u00e5 utforske og l\u00e6re seg nye ting.&nbsp;<\/span><\/p>\n<p data-empty=\"true\"><strong>Pakke<\/strong>:<\/p>\n<ul>\n<li>Velg 2 seksjoner for \u00e5 lage en Mini Pikler trekant.<\/li>\n<li>Velg 3 seksjoner for \u00e5 lage en Pikler trekant eller en ribbenstol.<\/li>\n<li>Velg 4 seksjoner for \u00e5 lage to Mini Pikler trekanter, en stor Pikler trekant eller en ribbenstol.<\/li>\n<li>Velg 5 seksjoner for \u00e5 lage alle ovennevnte konfigurasjoner eller klatrebue.<\/li>\n<li>Dobbeltsidig rampe kan brukes som rutsjebane eller klatrevegg. Fire klatretak inng\u00e5r.<\/li>\n<li><em>Obs! Velg 1 seksjon kun som et tillegg til ditt eksisterende sett.<\/em><\/li>\n<li><em>Obs! Velg rampe kun som et tillegg til ditt eksisterende sett.<\/em><\/li>\n<\/ul>\n<p><span style=\"background-color: initial; text-align: initial;\"><strong>Info<\/strong>:&nbsp;<\/span><\/p>\n<ul>\n<li>Farge: Natur.&nbsp;<\/li>\n<li>Maks vekt: 50 kg.&nbsp;<\/li>\n<li>CE-merking.<\/li>\n<li>F\u00f8lger EUs sikkerhetskrav EN 71.<\/li>\n<\/ul>\n<p><strong>M\u00e5l<\/strong>:&nbsp;<\/p>\n<ul>\n<li>Hver seksjon: Bredde: 80 cm. Lengde: 54 cm. Tykkelse: 8 cm.<\/li>\n<li>Avstand mellom trinpinner: 15 cm.<\/li>\n<li>Rampe: Bredde: 65 cm. Lengde: 95 cm. Tykkelse: 8 cm.<\/li>\n<\/ul>\n<p><strong>Materiale<\/strong>: Kryssfiner.&nbsp;<\/p>\n<p><em>Obs! La aldri babyen din v\u00e6re uten tilsyn i klatrestativet!<\/em><\/p>\n","protected":false},"excerpt":{"rendered":"<p>Et fantastisk multifunksjonelt produkt med mange bruksomr\u00e5der Hvis du bare tenker \u00e5 kj\u00f8pe en aktivitetsleke er det denne du skal kj\u00f8pe! Klatrebuen passer barn mellom 2-7 \u00e5r og kommer til \u00e5 f\u00f8lge med gjennom barnets oppvekst. Fremmer utvikling av motorikk, koordinasjon, balanse og styrke gjennom aktiv lek.&nbsp; Bare fantasien setter stopper for hvordan du kan [&hellip;]<\/p>\n","protected":false},"featured_media":46349,"comment_status":"closed","ping_status":"open","template":"","meta":{"_acf_changed":false},"product_brand":[1380],"product_cat":[72,204,1381],"product_tag":[1689],"class_list":{"0":"post-46347","1":"product","2":"type-product","3":"status-publish","4":"has-post-thumbnail","6":"product_brand-toddler-family","7":"product_cat-julegaver","8":"product_cat-motoriske-barnmobler","9":"product_cat-toddler-family","10":"product_tag-bestillingsvaror","11":"pa_paket-1-sektion","12":"pa_paket-2-sektioner","13":"pa_paket-3-sektioner","14":"pa_paket-4-sektioner","15":"pa_paket-5-sektioner","16":"pa_paket-ramp","17":"pa_paket-ramp-1-sektion","18":"pa_paket-ramp-2-sektioner","19":"pa_paket-ramp-3-sektioner","20":"pa_paket-ramp-4-sektioner","21":"pa_paket-ramp-5-sektioner","23":"first","24":"instock","25":"taxable","26":"shipping-taxable","27":"purchasable","28":"product-type-variable"},"acf":[],"yoast_head":"<!-- This site is optimized with the Yoast SEO Premium plugin v25.8 (Yoast SEO v27.2) - https:\/\/yoast.com\/product\/yoast-seo-premium-wordpress\/ -->\n<title>Klatrestativ til barnerommet, natur - Babylove Norska<\/title>\n<meta name=\"robots\" content=\"noindex, follow, max-snippet:-1, max-image-preview:large, max-video-preview:-1\" \/>\n<meta property=\"og:locale\" content=\"nb_NO\" \/>\n<meta property=\"og:type\" content=\"article\" \/>\n<meta property=\"og:title\" content=\"Klatrestativ til barnerommet, natur\" \/>\n<meta property=\"og:description\" content=\"Et fantastisk multifunksjonelt produkt med mange bruksomr\u00e5der Hvis du bare tenker \u00e5 kj\u00f8pe en aktivitetsleke er det denne du skal kj\u00f8pe! Klatrebuen passer barn mellom 2-7 \u00e5r og kommer til \u00e5 f\u00f8lge med gjennom barnets oppvekst. Fremmer utvikling av motorikk, koordinasjon, balanse og styrke gjennom aktiv lek.&nbsp; Bare fantasien setter stopper for hvordan du kan [&hellip;]\" \/>\n<meta property=\"og:url\" content=\"https:\/\/babylove.se\/no\/produkt\/klatrestativ-til-barnerommet-natur\/\" \/>\n<meta property=\"og:site_name\" content=\"Babylove Norska\" \/>\n<meta property=\"article:modified_time\" content=\"2026-04-08T11:56:40+00:00\" \/>\n<meta property=\"og:image\" content=\"https:\/\/babylove.se\/no\/wp-content\/uploads\/sites\/3\/2025\/07\/63468944702ae.jpeg\" \/>\n\t<meta property=\"og:image:width\" content=\"642\" \/>\n\t<meta property=\"og:image:height\" content=\"427\" \/>\n\t<meta property=\"og:image:type\" content=\"image\/jpeg\" \/>\n<meta name=\"twitter:card\" content=\"summary_large_image\" \/>\n<meta name=\"twitter:label1\" content=\"Availability\" \/>\n\t<meta name=\"twitter:data1\" content=\"In stock\" \/>\n<script type=\"application\/ld+json\" class=\"yoast-schema-graph\">{\"@context\":\"https:\/\/schema.org\",\"@graph\":[{\"@type\":\"WebPage\",\"@id\":\"https:\/\/babylove.se\/no\/produkt\/klatrestativ-til-barnerommet-natur\/\",\"url\":\"https:\/\/babylove.se\/no\/produkt\/klatrestativ-til-barnerommet-natur\/\",\"name\":\"Klatrestativ til barnerommet, natur - Babylove Norska\",\"isPartOf\":{\"@id\":\"https:\/\/babylove.se\/no\/#website\"},\"primaryImageOfPage\":{\"@id\":\"https:\/\/babylove.se\/no\/produkt\/klatrestativ-til-barnerommet-natur\/#primaryimage\"},\"image\":{\"@id\":\"https:\/\/babylove.se\/no\/produkt\/klatrestativ-til-barnerommet-natur\/#primaryimage\"},\"thumbnailUrl\":\"https:\/\/babylove.se\/no\/wp-content\/uploads\/sites\/3\/2025\/07\/63468944702ae.jpeg\",\"datePublished\":\"2025-07-19T09:23:29+00:00\",\"dateModified\":\"2026-04-08T11:56:40+00:00\",\"breadcrumb\":{\"@id\":\"https:\/\/babylove.se\/no\/produkt\/klatrestativ-til-barnerommet-natur\/#breadcrumb\"},\"inLanguage\":\"nb-NO\",\"potentialAction\":[{\"@type\":\"ReadAction\",\"target\":[\"https:\/\/babylove.se\/no\/produkt\/klatrestativ-til-barnerommet-natur\/\"]}]},{\"@type\":\"ImageObject\",\"inLanguage\":\"nb-NO\",\"@id\":\"https:\/\/babylove.se\/no\/produkt\/klatrestativ-til-barnerommet-natur\/#primaryimage\",\"url\":\"https:\/\/babylove.se\/no\/wp-content\/uploads\/sites\/3\/2025\/07\/63468944702ae.jpeg\",\"contentUrl\":\"https:\/\/babylove.se\/no\/wp-content\/uploads\/sites\/3\/2025\/07\/63468944702ae.jpeg\",\"width\":642,\"height\":427},{\"@type\":\"BreadcrumbList\",\"@id\":\"https:\/\/babylove.se\/no\/produkt\/klatrestativ-til-barnerommet-natur\/#breadcrumb\",\"itemListElement\":[{\"@type\":\"ListItem\",\"position\":1,\"name\":\"Hem\",\"item\":\"https:\/\/babylove.se\/no\/\"},{\"@type\":\"ListItem\",\"position\":2,\"name\":\"Butik\",\"item\":\"https:\/\/babylove.se\/no\/butik\/\"},{\"@type\":\"ListItem\",\"position\":3,\"name\":\"Klatrestativ til barnerommet, natur\"}]},{\"@type\":\"WebSite\",\"@id\":\"https:\/\/babylove.se\/no\/#website\",\"url\":\"https:\/\/babylove.se\/no\/\",\"name\":\"Babylove Norska\",\"description\":\"\",\"potentialAction\":[{\"@type\":\"SearchAction\",\"target\":{\"@type\":\"EntryPoint\",\"urlTemplate\":\"https:\/\/babylove.se\/no\/?s={search_term_string}\"},\"query-input\":{\"@type\":\"PropertyValueSpecification\",\"valueRequired\":true,\"valueName\":\"search_term_string\"}}],\"inLanguage\":\"nb-NO\"}]}<\/script>\n<meta property=\"product:brand\" content=\"Toddler Family\" \/>\n<meta property=\"og:availability\" content=\"instock\" \/>\n<meta property=\"product:availability\" content=\"instock\" \/>\n<meta property=\"product:retailer_item_id\" content=\"Natur-Ramp\" \/>\n<meta property=\"product:condition\" content=\"new\" \/>\n<!-- \/ Yoast SEO Premium plugin. -->","yoast_head_json":{"title":"Klatrestativ til barnerommet, natur - Babylove Norska","robots":{"index":"noindex","follow":"follow","max-snippet":"max-snippet:-1","max-image-preview":"max-image-preview:large","max-video-preview":"max-video-preview:-1"},"og_locale":"nb_NO","og_type":"article","og_title":"Klatrestativ til barnerommet, natur","og_description":"Et fantastisk multifunksjonelt produkt med mange bruksomr\u00e5der Hvis du bare tenker \u00e5 kj\u00f8pe en aktivitetsleke er det denne du skal kj\u00f8pe! Klatrebuen passer barn mellom 2-7 \u00e5r og kommer til \u00e5 f\u00f8lge med gjennom barnets oppvekst. Fremmer utvikling av motorikk, koordinasjon, balanse og styrke gjennom aktiv lek.&nbsp; Bare fantasien setter stopper for hvordan du kan [&hellip;]","og_url":"https:\/\/babylove.se\/no\/produkt\/klatrestativ-til-barnerommet-natur\/","og_site_name":"Babylove Norska","article_modified_time":"2026-04-08T11:56:40+00:00","og_image":[{"width":642,"height":427,"url":"https:\/\/babylove.se\/no\/wp-content\/uploads\/sites\/3\/2025\/07\/63468944702ae.jpeg","type":"image\/jpeg"}],"twitter_card":"summary_large_image","twitter_misc":{"Availability":"In stock"},"schema":{"@context":"https:\/\/schema.org","@graph":[{"@type":"WebPage","@id":"https:\/\/babylove.se\/no\/produkt\/klatrestativ-til-barnerommet-natur\/","url":"https:\/\/babylove.se\/no\/produkt\/klatrestativ-til-barnerommet-natur\/","name":"Klatrestativ til barnerommet, natur - Babylove Norska","isPartOf":{"@id":"https:\/\/babylove.se\/no\/#website"},"primaryImageOfPage":{"@id":"https:\/\/babylove.se\/no\/produkt\/klatrestativ-til-barnerommet-natur\/#primaryimage"},"image":{"@id":"https:\/\/babylove.se\/no\/produkt\/klatrestativ-til-barnerommet-natur\/#primaryimage"},"thumbnailUrl":"https:\/\/babylove.se\/no\/wp-content\/uploads\/sites\/3\/2025\/07\/63468944702ae.jpeg","datePublished":"2025-07-19T09:23:29+00:00","dateModified":"2026-04-08T11:56:40+00:00","breadcrumb":{"@id":"https:\/\/babylove.se\/no\/produkt\/klatrestativ-til-barnerommet-natur\/#breadcrumb"},"inLanguage":"nb-NO","potentialAction":[{"@type":"ReadAction","target":["https:\/\/babylove.se\/no\/produkt\/klatrestativ-til-barnerommet-natur\/"]}]},{"@type":"ImageObject","inLanguage":"nb-NO","@id":"https:\/\/babylove.se\/no\/produkt\/klatrestativ-til-barnerommet-natur\/#primaryimage","url":"https:\/\/babylove.se\/no\/wp-content\/uploads\/sites\/3\/2025\/07\/63468944702ae.jpeg","contentUrl":"https:\/\/babylove.se\/no\/wp-content\/uploads\/sites\/3\/2025\/07\/63468944702ae.jpeg","width":642,"height":427},{"@type":"BreadcrumbList","@id":"https:\/\/babylove.se\/no\/produkt\/klatrestativ-til-barnerommet-natur\/#breadcrumb","itemListElement":[{"@type":"ListItem","position":1,"name":"Hem","item":"https:\/\/babylove.se\/no\/"},{"@type":"ListItem","position":2,"name":"Butik","item":"https:\/\/babylove.se\/no\/butik\/"},{"@type":"ListItem","position":3,"name":"Klatrestativ til barnerommet, natur"}]},{"@type":"WebSite","@id":"https:\/\/babylove.se\/no\/#website","url":"https:\/\/babylove.se\/no\/","name":"Babylove Norska","description":"","potentialAction":[{"@type":"SearchAction","target":{"@type":"EntryPoint","urlTemplate":"https:\/\/babylove.se\/no\/?s={search_term_string}"},"query-input":{"@type":"PropertyValueSpecification","valueRequired":true,"valueName":"search_term_string"}}],"inLanguage":"nb-NO"}]},"product_brand":"Toddler Family","og_availability":"instock","product_availability":"instock","product_retailer_item_id":"Natur-Ramp","product_condition":"new"},"_links":{"self":[{"href":"https:\/\/babylove.se\/no\/wp-json\/wp\/v2\/product\/46347","targetHints":{"allow":["GET"]}}],"collection":[{"href":"https:\/\/babylove.se\/no\/wp-json\/wp\/v2\/product"}],"about":[{"href":"https:\/\/babylove.se\/no\/wp-json\/wp\/v2\/types\/product"}],"replies":[{"embeddable":true,"href":"https:\/\/babylove.se\/no\/wp-json\/wp\/v2\/comments?post=46347"}],"wp:featuredmedia":[{"embeddable":true,"href":"https:\/\/babylove.se\/no\/wp-json\/wp\/v2\/media\/46349"}],"wp:attachment":[{"href":"https:\/\/babylove.se\/no\/wp-json\/wp\/v2\/media?parent=46347"}],"wp:term":[{"taxonomy":"product_brand","embeddable":true,"href":"https:\/\/babylove.se\/no\/wp-json\/wp\/v2\/product_brand?post=46347"},{"taxonomy":"product_cat","embeddable":true,"href":"https:\/\/babylove.se\/no\/wp-json\/wp\/v2\/product_cat?post=46347"},{"taxonomy":"product_tag","embeddable":true,"href":"https:\/\/babylove.se\/no\/wp-json\/wp\/v2\/product_tag?post=46347"}],"curies":[{"name":"wp","href":"https:\/\/api.w.org\/{rel}","templated":true}]}}