{"id":46375,"date":"2025-07-19T10:24:00","date_gmt":"2025-07-19T09:24:00","guid":{"rendered":"https:\/\/babylove.se\/produkt\/jabadabado-kranbil-med-magnet\/"},"modified":"2026-04-08T12:56:45","modified_gmt":"2026-04-08T11:56:45","slug":"jabadabado-kranbil-med-magnet","status":"publish","type":"product","link":"https:\/\/babylove.se\/no\/produkt\/jabadabado-kranbil-med-magnet\/","title":{"rendered":"JaBaDaBaDo kranbil med magnet"},"content":{"rendered":"<p>Et tidl\u00f8st leket\u00f8y som barnet ditt kommer til \u00e5 leke med igjen og igjen, og igjen, og igjen&#8230;&nbsp;<\/p>\n<p>Sj\u00e5f\u00f8ren styrer kranen som kan l\u00f8ftes og senkes samt dreies i ulike retninger for \u00e5 plukke opp de 8 klossene i forskjellige farger. Kranen kan kj\u00f8res med eller uten det avtakbare tilhengeret.<\/p>\n<p>Vakker design og laget av tre for best mulig holdbarhet og f\u00f8lelse fra svenske JaBaDaBaDo.&nbsp;<\/p>\n<p>Perfekt gave ved d\u00e5pen eller bursdagen.&nbsp;<\/p>\n<p><strong>M\u00e5l<\/strong>: 33 x 10 x 21 cm<\/p>\n<p><strong>Materiale<\/strong>: Tre, metall.&nbsp;<\/p>\n<p>Designer: <a href=\"https:\/\/babylove.se\/varumarken\/jabadabado\"><u>JaBaDaBaDo<\/u><\/a><\/p>\n","protected":false},"excerpt":{"rendered":"<p>Et tidl\u00f8st leket\u00f8y som barnet ditt kommer til \u00e5 leke med igjen og igjen, og igjen, og igjen&#8230;&nbsp; Sj\u00e5f\u00f8ren styrer kranen som kan l\u00f8ftes og senkes samt dreies i ulike retninger for \u00e5 plukke opp de 8 klossene i forskjellige farger. Kranen kan kj\u00f8res med eller uten det avtakbare tilhengeret. Vakker design og laget av [&hellip;]<\/p>\n","protected":false},"featured_media":46377,"comment_status":"closed","ping_status":"open","template":"","meta":{"_acf_changed":false},"product_brand":[273],"product_cat":[137,70,274,72,68,247,112],"product_tag":[],"class_list":{"0":"post-46375","1":"product","2":"type-product","3":"status-publish","4":"has-post-thumbnail","6":"product_brand-jabadabado","7":"product_cat-bilverden","8":"product_cat-gaver","9":"product_cat-jabadabado","10":"product_cat-julegaver","11":"product_cat-leker","12":"product_cat-traklossar-barn","13":"product_cat-treleker","15":"first","16":"outofstock","17":"taxable","18":"shipping-taxable","19":"purchasable","20":"product-type-simple"},"acf":[],"yoast_head":"<!-- This site is optimized with the Yoast SEO Premium plugin v25.8 (Yoast SEO v27.2) - https:\/\/yoast.com\/product\/yoast-seo-premium-wordpress\/ -->\n<title>JaBaDaBaDo kranbil med magnet - Babylove Norska<\/title>\n<meta name=\"robots\" content=\"noindex, follow, max-snippet:-1, max-image-preview:large, max-video-preview:-1\" \/>\n<meta property=\"og:locale\" content=\"nb_NO\" \/>\n<meta property=\"og:type\" content=\"article\" \/>\n<meta property=\"og:title\" content=\"JaBaDaBaDo kranbil med magnet\" \/>\n<meta property=\"og:description\" content=\"Et tidl\u00f8st leket\u00f8y som barnet ditt kommer til \u00e5 leke med igjen og igjen, og igjen, og igjen&#8230;&nbsp; Sj\u00e5f\u00f8ren styrer kranen som kan l\u00f8ftes og senkes samt dreies i ulike retninger for \u00e5 plukke opp de 8 klossene i forskjellige farger. Kranen kan kj\u00f8res med eller uten det avtakbare tilhengeret. Vakker design og laget av [&hellip;]\" \/>\n<meta property=\"og:url\" content=\"https:\/\/babylove.se\/no\/produkt\/jabadabado-kranbil-med-magnet\/\" \/>\n<meta property=\"og:site_name\" content=\"Babylove Norska\" \/>\n<meta property=\"article:modified_time\" content=\"2026-04-08T11:56:45+00:00\" \/>\n<meta property=\"og:image\" content=\"https:\/\/babylove.se\/no\/wp-content\/uploads\/sites\/3\/2025\/07\/63490dd9e2cbf.jpeg\" \/>\n\t<meta property=\"og:image:width\" content=\"1677\" \/>\n\t<meta property=\"og:image:height\" content=\"1677\" \/>\n\t<meta property=\"og:image:type\" content=\"image\/jpeg\" \/>\n<meta name=\"twitter:card\" content=\"summary_large_image\" \/>\n<meta name=\"twitter:label1\" content=\"Price\" \/>\n\t<meta name=\"twitter:data1\" content=\"399,00&nbsp;&#107;&#114;\" \/>\n\t<meta name=\"twitter:label2\" content=\"Availability\" \/>\n\t<meta name=\"twitter:data2\" content=\"Out of stock\" \/>\n<script type=\"application\/ld+json\" class=\"yoast-schema-graph\">{\"@context\":\"https:\/\/schema.org\",\"@graph\":[{\"@type\":\"WebPage\",\"@id\":\"https:\/\/babylove.se\/no\/produkt\/jabadabado-kranbil-med-magnet\/\",\"url\":\"https:\/\/babylove.se\/no\/produkt\/jabadabado-kranbil-med-magnet\/\",\"name\":\"JaBaDaBaDo kranbil med magnet - Babylove Norska\",\"isPartOf\":{\"@id\":\"https:\/\/babylove.se\/no\/#website\"},\"primaryImageOfPage\":{\"@id\":\"https:\/\/babylove.se\/no\/produkt\/jabadabado-kranbil-med-magnet\/#primaryimage\"},\"image\":{\"@id\":\"https:\/\/babylove.se\/no\/produkt\/jabadabado-kranbil-med-magnet\/#primaryimage\"},\"thumbnailUrl\":\"https:\/\/babylove.se\/no\/wp-content\/uploads\/sites\/3\/2025\/07\/63490dd9e2cbf.jpeg\",\"datePublished\":\"2025-07-19T09:24:00+00:00\",\"dateModified\":\"2026-04-08T11:56:45+00:00\",\"breadcrumb\":{\"@id\":\"https:\/\/babylove.se\/no\/produkt\/jabadabado-kranbil-med-magnet\/#breadcrumb\"},\"inLanguage\":\"nb-NO\",\"potentialAction\":[{\"@type\":\"ReadAction\",\"target\":[\"https:\/\/babylove.se\/no\/produkt\/jabadabado-kranbil-med-magnet\/\"]}]},{\"@type\":\"ImageObject\",\"inLanguage\":\"nb-NO\",\"@id\":\"https:\/\/babylove.se\/no\/produkt\/jabadabado-kranbil-med-magnet\/#primaryimage\",\"url\":\"https:\/\/babylove.se\/no\/wp-content\/uploads\/sites\/3\/2025\/07\/63490dd9e2cbf.jpeg\",\"contentUrl\":\"https:\/\/babylove.se\/no\/wp-content\/uploads\/sites\/3\/2025\/07\/63490dd9e2cbf.jpeg\",\"width\":1677,\"height\":1677},{\"@type\":\"BreadcrumbList\",\"@id\":\"https:\/\/babylove.se\/no\/produkt\/jabadabado-kranbil-med-magnet\/#breadcrumb\",\"itemListElement\":[{\"@type\":\"ListItem\",\"position\":1,\"name\":\"Hem\",\"item\":\"https:\/\/babylove.se\/no\/\"},{\"@type\":\"ListItem\",\"position\":2,\"name\":\"Butik\",\"item\":\"https:\/\/babylove.se\/no\/butik\/\"},{\"@type\":\"ListItem\",\"position\":3,\"name\":\"JaBaDaBaDo kranbil med magnet\"}]},{\"@type\":\"WebSite\",\"@id\":\"https:\/\/babylove.se\/no\/#website\",\"url\":\"https:\/\/babylove.se\/no\/\",\"name\":\"Babylove Norska\",\"description\":\"\",\"potentialAction\":[{\"@type\":\"SearchAction\",\"target\":{\"@type\":\"EntryPoint\",\"urlTemplate\":\"https:\/\/babylove.se\/no\/?s={search_term_string}\"},\"query-input\":{\"@type\":\"PropertyValueSpecification\",\"valueRequired\":true,\"valueName\":\"search_term_string\"}}],\"inLanguage\":\"nb-NO\"}]}<\/script>\n<meta property=\"product:brand\" content=\"JaBaDaBaDo\" \/>\n<meta property=\"product:price:amount\" content=\"399.00\" \/>\n<meta property=\"product:price:currency\" content=\"SEK\" \/>\n<meta property=\"og:availability\" content=\"out of stock\" \/>\n<meta property=\"product:availability\" content=\"out of stock\" \/>\n<meta property=\"product:retailer_item_id\" content=\"W7210\" \/>\n<meta property=\"product:condition\" content=\"new\" \/>\n<!-- \/ Yoast SEO Premium plugin. -->","yoast_head_json":{"title":"JaBaDaBaDo kranbil med magnet - Babylove Norska","robots":{"index":"noindex","follow":"follow","max-snippet":"max-snippet:-1","max-image-preview":"max-image-preview:large","max-video-preview":"max-video-preview:-1"},"og_locale":"nb_NO","og_type":"article","og_title":"JaBaDaBaDo kranbil med magnet","og_description":"Et tidl\u00f8st leket\u00f8y som barnet ditt kommer til \u00e5 leke med igjen og igjen, og igjen, og igjen&#8230;&nbsp; Sj\u00e5f\u00f8ren styrer kranen som kan l\u00f8ftes og senkes samt dreies i ulike retninger for \u00e5 plukke opp de 8 klossene i forskjellige farger. Kranen kan kj\u00f8res med eller uten det avtakbare tilhengeret. Vakker design og laget av [&hellip;]","og_url":"https:\/\/babylove.se\/no\/produkt\/jabadabado-kranbil-med-magnet\/","og_site_name":"Babylove Norska","article_modified_time":"2026-04-08T11:56:45+00:00","og_image":[{"width":1677,"height":1677,"url":"https:\/\/babylove.se\/no\/wp-content\/uploads\/sites\/3\/2025\/07\/63490dd9e2cbf.jpeg","type":"image\/jpeg"}],"twitter_card":"summary_large_image","twitter_misc":{"Price":"399,00&nbsp;&#107;&#114;","Availability":"Out of stock"},"schema":{"@context":"https:\/\/schema.org","@graph":[{"@type":"WebPage","@id":"https:\/\/babylove.se\/no\/produkt\/jabadabado-kranbil-med-magnet\/","url":"https:\/\/babylove.se\/no\/produkt\/jabadabado-kranbil-med-magnet\/","name":"JaBaDaBaDo kranbil med magnet - Babylove Norska","isPartOf":{"@id":"https:\/\/babylove.se\/no\/#website"},"primaryImageOfPage":{"@id":"https:\/\/babylove.se\/no\/produkt\/jabadabado-kranbil-med-magnet\/#primaryimage"},"image":{"@id":"https:\/\/babylove.se\/no\/produkt\/jabadabado-kranbil-med-magnet\/#primaryimage"},"thumbnailUrl":"https:\/\/babylove.se\/no\/wp-content\/uploads\/sites\/3\/2025\/07\/63490dd9e2cbf.jpeg","datePublished":"2025-07-19T09:24:00+00:00","dateModified":"2026-04-08T11:56:45+00:00","breadcrumb":{"@id":"https:\/\/babylove.se\/no\/produkt\/jabadabado-kranbil-med-magnet\/#breadcrumb"},"inLanguage":"nb-NO","potentialAction":[{"@type":"ReadAction","target":["https:\/\/babylove.se\/no\/produkt\/jabadabado-kranbil-med-magnet\/"]}]},{"@type":"ImageObject","inLanguage":"nb-NO","@id":"https:\/\/babylove.se\/no\/produkt\/jabadabado-kranbil-med-magnet\/#primaryimage","url":"https:\/\/babylove.se\/no\/wp-content\/uploads\/sites\/3\/2025\/07\/63490dd9e2cbf.jpeg","contentUrl":"https:\/\/babylove.se\/no\/wp-content\/uploads\/sites\/3\/2025\/07\/63490dd9e2cbf.jpeg","width":1677,"height":1677},{"@type":"BreadcrumbList","@id":"https:\/\/babylove.se\/no\/produkt\/jabadabado-kranbil-med-magnet\/#breadcrumb","itemListElement":[{"@type":"ListItem","position":1,"name":"Hem","item":"https:\/\/babylove.se\/no\/"},{"@type":"ListItem","position":2,"name":"Butik","item":"https:\/\/babylove.se\/no\/butik\/"},{"@type":"ListItem","position":3,"name":"JaBaDaBaDo kranbil med magnet"}]},{"@type":"WebSite","@id":"https:\/\/babylove.se\/no\/#website","url":"https:\/\/babylove.se\/no\/","name":"Babylove Norska","description":"","potentialAction":[{"@type":"SearchAction","target":{"@type":"EntryPoint","urlTemplate":"https:\/\/babylove.se\/no\/?s={search_term_string}"},"query-input":{"@type":"PropertyValueSpecification","valueRequired":true,"valueName":"search_term_string"}}],"inLanguage":"nb-NO"}]},"product_brand":"JaBaDaBaDo","product_price_amount":"399.00","product_price_currency":"SEK","og_availability":"out of stock","product_availability":"out of stock","product_retailer_item_id":"W7210","product_condition":"new"},"_links":{"self":[{"href":"https:\/\/babylove.se\/no\/wp-json\/wp\/v2\/product\/46375","targetHints":{"allow":["GET"]}}],"collection":[{"href":"https:\/\/babylove.se\/no\/wp-json\/wp\/v2\/product"}],"about":[{"href":"https:\/\/babylove.se\/no\/wp-json\/wp\/v2\/types\/product"}],"replies":[{"embeddable":true,"href":"https:\/\/babylove.se\/no\/wp-json\/wp\/v2\/comments?post=46375"}],"wp:featuredmedia":[{"embeddable":true,"href":"https:\/\/babylove.se\/no\/wp-json\/wp\/v2\/media\/46377"}],"wp:attachment":[{"href":"https:\/\/babylove.se\/no\/wp-json\/wp\/v2\/media?parent=46375"}],"wp:term":[{"taxonomy":"product_brand","embeddable":true,"href":"https:\/\/babylove.se\/no\/wp-json\/wp\/v2\/product_brand?post=46375"},{"taxonomy":"product_cat","embeddable":true,"href":"https:\/\/babylove.se\/no\/wp-json\/wp\/v2\/product_cat?post=46375"},{"taxonomy":"product_tag","embeddable":true,"href":"https:\/\/babylove.se\/no\/wp-json\/wp\/v2\/product_tag?post=46375"}],"curies":[{"name":"wp","href":"https:\/\/api.w.org\/{rel}","templated":true}]}}