{"id":46534,"date":"2025-07-19T10:25:50","date_gmt":"2025-07-19T09:25:50","guid":{"rendered":"https:\/\/babylove.se\/produkt\/klattergunga-till-barnrummet-gra-regnbage\/"},"modified":"2026-04-08T12:57:44","modified_gmt":"2026-04-08T11:57:44","slug":"klattrehuske-til-barnerommet-gra-regnbue","status":"publish","type":"product","link":"https:\/\/babylove.se\/no\/produkt\/klattrehuske-til-barnerommet-gra-regnbue\/","title":{"rendered":"Klatregunga til barnerommet, gr\u00e5 regnbue"},"content":{"rendered":"<p>Et fantastisk multifunksjonelt produkt med mange bruksomr\u00e5der<\/p>\n<p>Hvis du bare tenker \u00e5 kj\u00f8pe en aktivitetsleke er det denne du skal kj\u00f8pe! Klatrebuen passer barn fra 18 m\u00e5neder og oppover og fremmer utvikling av motorikk, koordinasjon, balanse og styrke gjennom aktiv lek.&nbsp;<\/p>\n<p>Bare fantasien som setter stopp for hvordan du kan bruke dette klatreutstyret! Bruk rampen som en rutsjebane for de minste. Snu p\u00e5 det og simsalabim s\u00e5 har du en huske! <span>Legg den p\u00e5 siden mot en vegg og du f\u00e5r en lekeoppbevaring!&nbsp;<\/span>De st\u00f8rre barna kan bruke klatrebuen som et m\u00e5l.&nbsp;<\/p>\n<p><span style=\"background-color: initial; text-align: initial;\">Laget etter Montessoripedagogikk som motiverer barnet til \u00e5 p\u00e5 egen h\u00e5nd utforske og l\u00e6re nye ting.&nbsp;<\/span><\/p>\n<p><span style=\"background-color: initial; text-align: initial;\"><strong>Info<\/strong>:&nbsp;<\/span><\/p>\n<ul>\n<li>Farge p\u00e5 husken: Gr\u00e5.<\/li>\n<li>Farge p\u00e5 rampen: Natur.<\/li>\n<li>Kan bestilles med eller uten rampe.<\/li>\n<li>Tosidig rampe kan brukes som rutsjebane eller klatrevegg. Fire klatregrep f\u00f8lger med.<\/li>\n<li>Maks vekt: 50 kg.&nbsp;<\/li>\n<li>F\u00f8lger EUs sikkerhetskrav.<\/li>\n<\/ul>\n<p><strong>M\u00e5l<\/strong>: 75 x 40 x 37 cm<\/p>\n<p><strong>Materiale<\/strong>: Kryssfiner.&nbsp;<\/p>\n<p><em>Obs! La aldri babyen din v\u00e6re uten oppsyn i klatreutstyret!<\/em><\/p>\n","protected":false},"excerpt":{"rendered":"<p>Et fantastisk multifunksjonelt produkt med mange bruksomr\u00e5der Hvis du bare tenker \u00e5 kj\u00f8pe en aktivitetsleke er det denne du skal kj\u00f8pe! Klatrebuen passer barn fra 18 m\u00e5neder og oppover og fremmer utvikling av motorikk, koordinasjon, balanse og styrke gjennom aktiv lek.&nbsp; Bare fantasien som setter stopp for hvordan du kan bruke dette klatreutstyret! Bruk rampen [&hellip;]<\/p>\n","protected":false},"featured_media":46536,"comment_status":"closed","ping_status":"open","template":"","meta":{"_acf_changed":false},"product_brand":[1380],"product_cat":[204,1381],"product_tag":[1689],"class_list":{"0":"post-46534","1":"product","2":"type-product","3":"status-publish","4":"has-post-thumbnail","6":"product_brand-toddler-family","7":"product_cat-motoriske-barnmobler","8":"product_cat-toddler-family","9":"product_tag-bestillingsvaror","10":"pa_paket-gunga","11":"pa_paket-gunga-med-ramp","13":"first","14":"instock","15":"taxable","16":"shipping-taxable","17":"purchasable","18":"product-type-variable"},"acf":[],"yoast_head":"<!-- This site is optimized with the Yoast SEO Premium plugin v25.8 (Yoast SEO v27.2) - https:\/\/yoast.com\/product\/yoast-seo-premium-wordpress\/ -->\n<title>Klatregunga til barnerommet, gr\u00e5 regnbue - Babylove Norska<\/title>\n<meta name=\"robots\" content=\"noindex, follow, max-snippet:-1, max-image-preview:large, max-video-preview:-1\" \/>\n<meta property=\"og:locale\" content=\"nb_NO\" \/>\n<meta property=\"og:type\" content=\"article\" \/>\n<meta property=\"og:title\" content=\"Klatregunga til barnerommet, gr\u00e5 regnbue\" \/>\n<meta property=\"og:description\" content=\"Et fantastisk multifunksjonelt produkt med mange bruksomr\u00e5der Hvis du bare tenker \u00e5 kj\u00f8pe en aktivitetsleke er det denne du skal kj\u00f8pe! Klatrebuen passer barn fra 18 m\u00e5neder og oppover og fremmer utvikling av motorikk, koordinasjon, balanse og styrke gjennom aktiv lek.&nbsp; Bare fantasien som setter stopp for hvordan du kan bruke dette klatreutstyret! Bruk rampen [&hellip;]\" \/>\n<meta property=\"og:url\" content=\"https:\/\/babylove.se\/no\/produkt\/klattrehuske-til-barnerommet-gra-regnbue\/\" \/>\n<meta property=\"og:site_name\" content=\"Babylove Norska\" \/>\n<meta property=\"article:modified_time\" content=\"2026-04-08T11:57:44+00:00\" \/>\n<meta property=\"og:image\" content=\"https:\/\/babylove.se\/no\/wp-content\/uploads\/sites\/3\/2025\/07\/634d0197096d2.jpeg\" \/>\n\t<meta property=\"og:image:width\" content=\"702\" \/>\n\t<meta property=\"og:image:height\" content=\"522\" \/>\n\t<meta property=\"og:image:type\" content=\"image\/jpeg\" \/>\n<meta name=\"twitter:card\" content=\"summary_large_image\" \/>\n<meta name=\"twitter:label1\" content=\"Availability\" \/>\n\t<meta name=\"twitter:data1\" content=\"In stock\" \/>\n<script type=\"application\/ld+json\" class=\"yoast-schema-graph\">{\"@context\":\"https:\/\/schema.org\",\"@graph\":[{\"@type\":\"WebPage\",\"@id\":\"https:\/\/babylove.se\/no\/produkt\/klattrehuske-til-barnerommet-gra-regnbue\/\",\"url\":\"https:\/\/babylove.se\/no\/produkt\/klattrehuske-til-barnerommet-gra-regnbue\/\",\"name\":\"Klatregunga til barnerommet, gr\u00e5 regnbue - Babylove Norska\",\"isPartOf\":{\"@id\":\"https:\/\/babylove.se\/no\/#website\"},\"primaryImageOfPage\":{\"@id\":\"https:\/\/babylove.se\/no\/produkt\/klattrehuske-til-barnerommet-gra-regnbue\/#primaryimage\"},\"image\":{\"@id\":\"https:\/\/babylove.se\/no\/produkt\/klattrehuske-til-barnerommet-gra-regnbue\/#primaryimage\"},\"thumbnailUrl\":\"https:\/\/babylove.se\/no\/wp-content\/uploads\/sites\/3\/2025\/07\/634d0197096d2.jpeg\",\"datePublished\":\"2025-07-19T09:25:50+00:00\",\"dateModified\":\"2026-04-08T11:57:44+00:00\",\"breadcrumb\":{\"@id\":\"https:\/\/babylove.se\/no\/produkt\/klattrehuske-til-barnerommet-gra-regnbue\/#breadcrumb\"},\"inLanguage\":\"nb-NO\",\"potentialAction\":[{\"@type\":\"ReadAction\",\"target\":[\"https:\/\/babylove.se\/no\/produkt\/klattrehuske-til-barnerommet-gra-regnbue\/\"]}]},{\"@type\":\"ImageObject\",\"inLanguage\":\"nb-NO\",\"@id\":\"https:\/\/babylove.se\/no\/produkt\/klattrehuske-til-barnerommet-gra-regnbue\/#primaryimage\",\"url\":\"https:\/\/babylove.se\/no\/wp-content\/uploads\/sites\/3\/2025\/07\/634d0197096d2.jpeg\",\"contentUrl\":\"https:\/\/babylove.se\/no\/wp-content\/uploads\/sites\/3\/2025\/07\/634d0197096d2.jpeg\",\"width\":702,\"height\":522},{\"@type\":\"BreadcrumbList\",\"@id\":\"https:\/\/babylove.se\/no\/produkt\/klattrehuske-til-barnerommet-gra-regnbue\/#breadcrumb\",\"itemListElement\":[{\"@type\":\"ListItem\",\"position\":1,\"name\":\"Hem\",\"item\":\"https:\/\/babylove.se\/no\/\"},{\"@type\":\"ListItem\",\"position\":2,\"name\":\"Butik\",\"item\":\"https:\/\/babylove.se\/no\/butik\/\"},{\"@type\":\"ListItem\",\"position\":3,\"name\":\"Klatregunga til barnerommet, gr\u00e5 regnbue\"}]},{\"@type\":\"WebSite\",\"@id\":\"https:\/\/babylove.se\/no\/#website\",\"url\":\"https:\/\/babylove.se\/no\/\",\"name\":\"Babylove Norska\",\"description\":\"\",\"potentialAction\":[{\"@type\":\"SearchAction\",\"target\":{\"@type\":\"EntryPoint\",\"urlTemplate\":\"https:\/\/babylove.se\/no\/?s={search_term_string}\"},\"query-input\":{\"@type\":\"PropertyValueSpecification\",\"valueRequired\":true,\"valueName\":\"search_term_string\"}}],\"inLanguage\":\"nb-NO\"}]}<\/script>\n<meta property=\"product:brand\" content=\"Toddler Family\" \/>\n<meta property=\"og:availability\" content=\"instock\" \/>\n<meta property=\"product:availability\" content=\"instock\" \/>\n<meta property=\"product:retailer_item_id\" content=\"Sway-greyrainbow\" \/>\n<meta property=\"product:condition\" content=\"new\" \/>\n<!-- \/ Yoast SEO Premium plugin. -->","yoast_head_json":{"title":"Klatregunga til barnerommet, gr\u00e5 regnbue - Babylove Norska","robots":{"index":"noindex","follow":"follow","max-snippet":"max-snippet:-1","max-image-preview":"max-image-preview:large","max-video-preview":"max-video-preview:-1"},"og_locale":"nb_NO","og_type":"article","og_title":"Klatregunga til barnerommet, gr\u00e5 regnbue","og_description":"Et fantastisk multifunksjonelt produkt med mange bruksomr\u00e5der Hvis du bare tenker \u00e5 kj\u00f8pe en aktivitetsleke er det denne du skal kj\u00f8pe! Klatrebuen passer barn fra 18 m\u00e5neder og oppover og fremmer utvikling av motorikk, koordinasjon, balanse og styrke gjennom aktiv lek.&nbsp; Bare fantasien som setter stopp for hvordan du kan bruke dette klatreutstyret! Bruk rampen [&hellip;]","og_url":"https:\/\/babylove.se\/no\/produkt\/klattrehuske-til-barnerommet-gra-regnbue\/","og_site_name":"Babylove Norska","article_modified_time":"2026-04-08T11:57:44+00:00","og_image":[{"width":702,"height":522,"url":"https:\/\/babylove.se\/no\/wp-content\/uploads\/sites\/3\/2025\/07\/634d0197096d2.jpeg","type":"image\/jpeg"}],"twitter_card":"summary_large_image","twitter_misc":{"Availability":"In stock"},"schema":{"@context":"https:\/\/schema.org","@graph":[{"@type":"WebPage","@id":"https:\/\/babylove.se\/no\/produkt\/klattrehuske-til-barnerommet-gra-regnbue\/","url":"https:\/\/babylove.se\/no\/produkt\/klattrehuske-til-barnerommet-gra-regnbue\/","name":"Klatregunga til barnerommet, gr\u00e5 regnbue - Babylove Norska","isPartOf":{"@id":"https:\/\/babylove.se\/no\/#website"},"primaryImageOfPage":{"@id":"https:\/\/babylove.se\/no\/produkt\/klattrehuske-til-barnerommet-gra-regnbue\/#primaryimage"},"image":{"@id":"https:\/\/babylove.se\/no\/produkt\/klattrehuske-til-barnerommet-gra-regnbue\/#primaryimage"},"thumbnailUrl":"https:\/\/babylove.se\/no\/wp-content\/uploads\/sites\/3\/2025\/07\/634d0197096d2.jpeg","datePublished":"2025-07-19T09:25:50+00:00","dateModified":"2026-04-08T11:57:44+00:00","breadcrumb":{"@id":"https:\/\/babylove.se\/no\/produkt\/klattrehuske-til-barnerommet-gra-regnbue\/#breadcrumb"},"inLanguage":"nb-NO","potentialAction":[{"@type":"ReadAction","target":["https:\/\/babylove.se\/no\/produkt\/klattrehuske-til-barnerommet-gra-regnbue\/"]}]},{"@type":"ImageObject","inLanguage":"nb-NO","@id":"https:\/\/babylove.se\/no\/produkt\/klattrehuske-til-barnerommet-gra-regnbue\/#primaryimage","url":"https:\/\/babylove.se\/no\/wp-content\/uploads\/sites\/3\/2025\/07\/634d0197096d2.jpeg","contentUrl":"https:\/\/babylove.se\/no\/wp-content\/uploads\/sites\/3\/2025\/07\/634d0197096d2.jpeg","width":702,"height":522},{"@type":"BreadcrumbList","@id":"https:\/\/babylove.se\/no\/produkt\/klattrehuske-til-barnerommet-gra-regnbue\/#breadcrumb","itemListElement":[{"@type":"ListItem","position":1,"name":"Hem","item":"https:\/\/babylove.se\/no\/"},{"@type":"ListItem","position":2,"name":"Butik","item":"https:\/\/babylove.se\/no\/butik\/"},{"@type":"ListItem","position":3,"name":"Klatregunga til barnerommet, gr\u00e5 regnbue"}]},{"@type":"WebSite","@id":"https:\/\/babylove.se\/no\/#website","url":"https:\/\/babylove.se\/no\/","name":"Babylove Norska","description":"","potentialAction":[{"@type":"SearchAction","target":{"@type":"EntryPoint","urlTemplate":"https:\/\/babylove.se\/no\/?s={search_term_string}"},"query-input":{"@type":"PropertyValueSpecification","valueRequired":true,"valueName":"search_term_string"}}],"inLanguage":"nb-NO"}]},"product_brand":"Toddler Family","og_availability":"instock","product_availability":"instock","product_retailer_item_id":"Sway-greyrainbow","product_condition":"new"},"_links":{"self":[{"href":"https:\/\/babylove.se\/no\/wp-json\/wp\/v2\/product\/46534","targetHints":{"allow":["GET"]}}],"collection":[{"href":"https:\/\/babylove.se\/no\/wp-json\/wp\/v2\/product"}],"about":[{"href":"https:\/\/babylove.se\/no\/wp-json\/wp\/v2\/types\/product"}],"replies":[{"embeddable":true,"href":"https:\/\/babylove.se\/no\/wp-json\/wp\/v2\/comments?post=46534"}],"wp:featuredmedia":[{"embeddable":true,"href":"https:\/\/babylove.se\/no\/wp-json\/wp\/v2\/media\/46536"}],"wp:attachment":[{"href":"https:\/\/babylove.se\/no\/wp-json\/wp\/v2\/media?parent=46534"}],"wp:term":[{"taxonomy":"product_brand","embeddable":true,"href":"https:\/\/babylove.se\/no\/wp-json\/wp\/v2\/product_brand?post=46534"},{"taxonomy":"product_cat","embeddable":true,"href":"https:\/\/babylove.se\/no\/wp-json\/wp\/v2\/product_cat?post=46534"},{"taxonomy":"product_tag","embeddable":true,"href":"https:\/\/babylove.se\/no\/wp-json\/wp\/v2\/product_tag?post=46534"}],"curies":[{"name":"wp","href":"https:\/\/api.w.org\/{rel}","templated":true}]}}