{"id":46546,"date":"2025-07-19T10:25:50","date_gmt":"2025-07-19T09:25:50","guid":{"rendered":"https:\/\/babylove.se\/produkt\/skotbord-hylla-2-i-1-vit\/"},"modified":"2026-04-08T12:57:47","modified_gmt":"2026-04-08T11:57:47","slug":"skytebord-hylle-2-i-1-hvit","status":"publish","type":"product","link":"https:\/\/babylove.se\/no\/produkt\/skytebord-hylle-2-i-1-hvit\/","title":{"rendered":"Stellebord hylle 2 i 1, hvit"},"content":{"rendered":"<p>Fantastisk stellebord som enkelt brettes og omgj\u00f8res til en hylle n\u00e5r bleieperioden er over! Praktisk og pen n\u00e5r det er som best!<\/p>\n<p>Stellebordet er romslig slik at du enkelt kan f\u00e5 plass til en stellemadras, bleier, babykrem og annet som du trenger.<\/p>\n<p><strong>Info<\/strong>:&nbsp;<\/p>\n<ul>\n<li>Velg mellom tre ulike motiv: klassisk, stork og bil.&nbsp;<\/li>\n<li>Passer de fleste kommoder.<\/li>\n<li>Milj\u00f8vennlig produkt.<\/li>\n<\/ul>\n<p><strong>M\u00e5l<\/strong> :<\/p>\n<ul>\n<li>Bredde: 79 cm<\/li>\n<li>Dybde som stellebord: 61 cm<\/li>\n<li>H\u00f8yde som stellebord: 12 cm<\/li>\n<li>Dybde som hylle: 42 cm<\/li>\n<\/ul>\n<p><strong>Material<\/strong>: Kryssfiner.<\/p>\n<p><em>Obs! Kun stellebord f\u00f8lger med, ikke stellepute og \u00f8vrige tilbeh\u00f8r p\u00e5 bildet!<\/em><\/p>\n","protected":false},"excerpt":{"rendered":"<p>Fantastisk stellebord som enkelt brettes og omgj\u00f8res til en hylle n\u00e5r bleieperioden er over! Praktisk og pen n\u00e5r det er som best! Stellebordet er romslig slik at du enkelt kan f\u00e5 plass til en stellemadras, bleier, babykrem og annet som du trenger. Info:&nbsp; Velg mellom tre ulike motiv: klassisk, stork og bil.&nbsp; Passer de fleste [&hellip;]<\/p>\n","protected":false},"featured_media":46548,"comment_status":"closed","ping_status":"open","template":"","meta":{"_acf_changed":false},"product_brand":[1380],"product_cat":[57,1381],"product_tag":[1689],"class_list":{"0":"post-46546","1":"product","2":"type-product","3":"status-publish","4":"has-post-thumbnail","6":"product_brand-toddler-family","7":"product_cat-skobadder","8":"product_cat-toddler-family","9":"product_tag-bestillingsvaror","10":"pa_motiv-bil","11":"pa_motiv-klassisk","12":"pa_motiv-stork","14":"first","15":"instock","16":"taxable","17":"shipping-taxable","18":"purchasable","19":"product-type-variable"},"acf":[],"yoast_head":"<!-- This site is optimized with the Yoast SEO Premium plugin v25.8 (Yoast SEO v27.2) - https:\/\/yoast.com\/product\/yoast-seo-premium-wordpress\/ -->\n<title>Stellebord hylle 2 i 1, hvit - Babylove Norska<\/title>\n<meta name=\"robots\" content=\"noindex, follow, max-snippet:-1, max-image-preview:large, max-video-preview:-1\" \/>\n<meta property=\"og:locale\" content=\"nb_NO\" \/>\n<meta property=\"og:type\" content=\"article\" \/>\n<meta property=\"og:title\" content=\"Stellebord hylle 2 i 1, hvit\" \/>\n<meta property=\"og:description\" content=\"Fantastisk stellebord som enkelt brettes og omgj\u00f8res til en hylle n\u00e5r bleieperioden er over! Praktisk og pen n\u00e5r det er som best! Stellebordet er romslig slik at du enkelt kan f\u00e5 plass til en stellemadras, bleier, babykrem og annet som du trenger. Info:&nbsp; Velg mellom tre ulike motiv: klassisk, stork og bil.&nbsp; Passer de fleste [&hellip;]\" \/>\n<meta property=\"og:url\" content=\"https:\/\/babylove.se\/no\/produkt\/skytebord-hylle-2-i-1-hvit\/\" \/>\n<meta property=\"og:site_name\" content=\"Babylove Norska\" \/>\n<meta property=\"article:modified_time\" content=\"2026-04-08T11:57:47+00:00\" \/>\n<meta property=\"og:image\" content=\"https:\/\/babylove.se\/no\/wp-content\/uploads\/sites\/3\/2025\/07\/634d0b270fd76.jpeg\" \/>\n\t<meta property=\"og:image:width\" content=\"1140\" \/>\n\t<meta property=\"og:image:height\" content=\"760\" \/>\n\t<meta property=\"og:image:type\" content=\"image\/jpeg\" \/>\n<meta name=\"twitter:card\" content=\"summary_large_image\" \/>\n<meta name=\"twitter:label1\" content=\"Availability\" \/>\n\t<meta name=\"twitter:data1\" content=\"In stock\" \/>\n<script type=\"application\/ld+json\" class=\"yoast-schema-graph\">{\"@context\":\"https:\/\/schema.org\",\"@graph\":[{\"@type\":\"WebPage\",\"@id\":\"https:\/\/babylove.se\/no\/produkt\/skytebord-hylle-2-i-1-hvit\/\",\"url\":\"https:\/\/babylove.se\/no\/produkt\/skytebord-hylle-2-i-1-hvit\/\",\"name\":\"Stellebord hylle 2 i 1, hvit - Babylove Norska\",\"isPartOf\":{\"@id\":\"https:\/\/babylove.se\/no\/#website\"},\"primaryImageOfPage\":{\"@id\":\"https:\/\/babylove.se\/no\/produkt\/skytebord-hylle-2-i-1-hvit\/#primaryimage\"},\"image\":{\"@id\":\"https:\/\/babylove.se\/no\/produkt\/skytebord-hylle-2-i-1-hvit\/#primaryimage\"},\"thumbnailUrl\":\"https:\/\/babylove.se\/no\/wp-content\/uploads\/sites\/3\/2025\/07\/634d0b270fd76.jpeg\",\"datePublished\":\"2025-07-19T09:25:50+00:00\",\"dateModified\":\"2026-04-08T11:57:47+00:00\",\"breadcrumb\":{\"@id\":\"https:\/\/babylove.se\/no\/produkt\/skytebord-hylle-2-i-1-hvit\/#breadcrumb\"},\"inLanguage\":\"nb-NO\",\"potentialAction\":[{\"@type\":\"ReadAction\",\"target\":[\"https:\/\/babylove.se\/no\/produkt\/skytebord-hylle-2-i-1-hvit\/\"]}]},{\"@type\":\"ImageObject\",\"inLanguage\":\"nb-NO\",\"@id\":\"https:\/\/babylove.se\/no\/produkt\/skytebord-hylle-2-i-1-hvit\/#primaryimage\",\"url\":\"https:\/\/babylove.se\/no\/wp-content\/uploads\/sites\/3\/2025\/07\/634d0b270fd76.jpeg\",\"contentUrl\":\"https:\/\/babylove.se\/no\/wp-content\/uploads\/sites\/3\/2025\/07\/634d0b270fd76.jpeg\",\"width\":1140,\"height\":760},{\"@type\":\"BreadcrumbList\",\"@id\":\"https:\/\/babylove.se\/no\/produkt\/skytebord-hylle-2-i-1-hvit\/#breadcrumb\",\"itemListElement\":[{\"@type\":\"ListItem\",\"position\":1,\"name\":\"Hem\",\"item\":\"https:\/\/babylove.se\/no\/\"},{\"@type\":\"ListItem\",\"position\":2,\"name\":\"Butik\",\"item\":\"https:\/\/babylove.se\/no\/butik\/\"},{\"@type\":\"ListItem\",\"position\":3,\"name\":\"Stellebord hylle 2 i 1, hvit\"}]},{\"@type\":\"WebSite\",\"@id\":\"https:\/\/babylove.se\/no\/#website\",\"url\":\"https:\/\/babylove.se\/no\/\",\"name\":\"Babylove Norska\",\"description\":\"\",\"potentialAction\":[{\"@type\":\"SearchAction\",\"target\":{\"@type\":\"EntryPoint\",\"urlTemplate\":\"https:\/\/babylove.se\/no\/?s={search_term_string}\"},\"query-input\":{\"@type\":\"PropertyValueSpecification\",\"valueRequired\":true,\"valueName\":\"search_term_string\"}}],\"inLanguage\":\"nb-NO\"}]}<\/script>\n<meta property=\"product:brand\" content=\"Toddler Family\" \/>\n<meta property=\"og:availability\" content=\"instock\" \/>\n<meta property=\"product:availability\" content=\"instock\" \/>\n<meta property=\"product:retailer_item_id\" content=\"Sk\u00f6tbordVitKlassisk\" \/>\n<meta property=\"product:condition\" content=\"new\" \/>\n<!-- \/ Yoast SEO Premium plugin. -->","yoast_head_json":{"title":"Stellebord hylle 2 i 1, hvit - Babylove Norska","robots":{"index":"noindex","follow":"follow","max-snippet":"max-snippet:-1","max-image-preview":"max-image-preview:large","max-video-preview":"max-video-preview:-1"},"og_locale":"nb_NO","og_type":"article","og_title":"Stellebord hylle 2 i 1, hvit","og_description":"Fantastisk stellebord som enkelt brettes og omgj\u00f8res til en hylle n\u00e5r bleieperioden er over! Praktisk og pen n\u00e5r det er som best! Stellebordet er romslig slik at du enkelt kan f\u00e5 plass til en stellemadras, bleier, babykrem og annet som du trenger. Info:&nbsp; Velg mellom tre ulike motiv: klassisk, stork og bil.&nbsp; Passer de fleste [&hellip;]","og_url":"https:\/\/babylove.se\/no\/produkt\/skytebord-hylle-2-i-1-hvit\/","og_site_name":"Babylove Norska","article_modified_time":"2026-04-08T11:57:47+00:00","og_image":[{"width":1140,"height":760,"url":"https:\/\/babylove.se\/no\/wp-content\/uploads\/sites\/3\/2025\/07\/634d0b270fd76.jpeg","type":"image\/jpeg"}],"twitter_card":"summary_large_image","twitter_misc":{"Availability":"In stock"},"schema":{"@context":"https:\/\/schema.org","@graph":[{"@type":"WebPage","@id":"https:\/\/babylove.se\/no\/produkt\/skytebord-hylle-2-i-1-hvit\/","url":"https:\/\/babylove.se\/no\/produkt\/skytebord-hylle-2-i-1-hvit\/","name":"Stellebord hylle 2 i 1, hvit - Babylove Norska","isPartOf":{"@id":"https:\/\/babylove.se\/no\/#website"},"primaryImageOfPage":{"@id":"https:\/\/babylove.se\/no\/produkt\/skytebord-hylle-2-i-1-hvit\/#primaryimage"},"image":{"@id":"https:\/\/babylove.se\/no\/produkt\/skytebord-hylle-2-i-1-hvit\/#primaryimage"},"thumbnailUrl":"https:\/\/babylove.se\/no\/wp-content\/uploads\/sites\/3\/2025\/07\/634d0b270fd76.jpeg","datePublished":"2025-07-19T09:25:50+00:00","dateModified":"2026-04-08T11:57:47+00:00","breadcrumb":{"@id":"https:\/\/babylove.se\/no\/produkt\/skytebord-hylle-2-i-1-hvit\/#breadcrumb"},"inLanguage":"nb-NO","potentialAction":[{"@type":"ReadAction","target":["https:\/\/babylove.se\/no\/produkt\/skytebord-hylle-2-i-1-hvit\/"]}]},{"@type":"ImageObject","inLanguage":"nb-NO","@id":"https:\/\/babylove.se\/no\/produkt\/skytebord-hylle-2-i-1-hvit\/#primaryimage","url":"https:\/\/babylove.se\/no\/wp-content\/uploads\/sites\/3\/2025\/07\/634d0b270fd76.jpeg","contentUrl":"https:\/\/babylove.se\/no\/wp-content\/uploads\/sites\/3\/2025\/07\/634d0b270fd76.jpeg","width":1140,"height":760},{"@type":"BreadcrumbList","@id":"https:\/\/babylove.se\/no\/produkt\/skytebord-hylle-2-i-1-hvit\/#breadcrumb","itemListElement":[{"@type":"ListItem","position":1,"name":"Hem","item":"https:\/\/babylove.se\/no\/"},{"@type":"ListItem","position":2,"name":"Butik","item":"https:\/\/babylove.se\/no\/butik\/"},{"@type":"ListItem","position":3,"name":"Stellebord hylle 2 i 1, hvit"}]},{"@type":"WebSite","@id":"https:\/\/babylove.se\/no\/#website","url":"https:\/\/babylove.se\/no\/","name":"Babylove Norska","description":"","potentialAction":[{"@type":"SearchAction","target":{"@type":"EntryPoint","urlTemplate":"https:\/\/babylove.se\/no\/?s={search_term_string}"},"query-input":{"@type":"PropertyValueSpecification","valueRequired":true,"valueName":"search_term_string"}}],"inLanguage":"nb-NO"}]},"product_brand":"Toddler Family","og_availability":"instock","product_availability":"instock","product_retailer_item_id":"Sk\u00f6tbordVitKlassisk","product_condition":"new"},"_links":{"self":[{"href":"https:\/\/babylove.se\/no\/wp-json\/wp\/v2\/product\/46546","targetHints":{"allow":["GET"]}}],"collection":[{"href":"https:\/\/babylove.se\/no\/wp-json\/wp\/v2\/product"}],"about":[{"href":"https:\/\/babylove.se\/no\/wp-json\/wp\/v2\/types\/product"}],"replies":[{"embeddable":true,"href":"https:\/\/babylove.se\/no\/wp-json\/wp\/v2\/comments?post=46546"}],"wp:featuredmedia":[{"embeddable":true,"href":"https:\/\/babylove.se\/no\/wp-json\/wp\/v2\/media\/46548"}],"wp:attachment":[{"href":"https:\/\/babylove.se\/no\/wp-json\/wp\/v2\/media?parent=46546"}],"wp:term":[{"taxonomy":"product_brand","embeddable":true,"href":"https:\/\/babylove.se\/no\/wp-json\/wp\/v2\/product_brand?post=46546"},{"taxonomy":"product_cat","embeddable":true,"href":"https:\/\/babylove.se\/no\/wp-json\/wp\/v2\/product_cat?post=46546"},{"taxonomy":"product_tag","embeddable":true,"href":"https:\/\/babylove.se\/no\/wp-json\/wp\/v2\/product_tag?post=46546"}],"curies":[{"name":"wp","href":"https:\/\/api.w.org\/{rel}","templated":true}]}}