{"id":4656,"date":"2025-07-18T20:24:14","date_gmt":"2025-07-18T19:24:14","guid":{"rendered":"https:\/\/babylove.se\/produkt\/kaninsang-barnsang-70-x-160-cm\/"},"modified":"2026-04-08T08:09:59","modified_gmt":"2026-04-08T07:09:59","slug":"kaninseng-barneseng-70-x-160-cm","status":"publish","type":"product","link":"https:\/\/babylove.se\/no\/produkt\/kaninseng-barneseng-70-x-160-cm\/","title":{"rendered":"Kanineng, Barneseng 70 x 160 cm"},"content":{"rendered":"<p>Leter du etter en unik og original seng til barnerommet ditt? Da har du funnet en her. Denne barnesengen vil barnet ditt sove komfortabelt i, samtidig som den gir et herlig tilskudd til barnerommets innredning.<\/p>\n<p>Sengen er omsluttet av en beskyttende barriere, men du kan ogs\u00e5 bestille et ekstra vern som enkelt monteres p\u00e5 siden for \u00e5 unng\u00e5 at barnet faller, anbefalt for de mindre barna. \u00d8nsker du en slik inng\u00e5r den kostnadsfritt, men glem ikke \u00e5 meddele oss at du vil ha den.<\/p>\n<p>Denne barnesengen er laget av kryssfiner og malt i hypoallergene, vannl\u00f8selige farger som er helt trygge for barn. Sengen er laget i EU.<\/p>\n<p><strong>M\u00e5l<\/strong>: H\u00f8yde 123 cm (sengegavlen). Bredde 78 cm (sengegavlen). Lengde 164 cm. <u>Madrassrom&nbsp;<\/u>70&#215;160 cm.<\/p>\n<p><strong>Farge<\/strong>: hvit<\/p>\n<p>Madrass inng\u00e5r ikke, men ta gjerne en titt i v\u00e5rt store madrassutvalg. Vi anbefaler en skummadrass med tykkelse p\u00e5 ca. 10-12 cm.<\/p>\n<p>Maksimal belastning 80 kg.<\/p>\n<p><em>Obs! Sengen sendes i 2 separate pakker, hver ca. 30 kg og med hjemlevering.&nbsp;<\/em><em>Sengen leveres umontert og b\u00f8r settes sammen i rommet den skal brukes i.<\/em><\/p>\n","protected":false},"excerpt":{"rendered":"<p>Leter du etter en unik og original seng til barnerommet ditt? Da har du funnet en her. Denne barnesengen vil barnet ditt sove komfortabelt i, samtidig som den gir et herlig tilskudd til barnerommets innredning. Sengen er omsluttet av en beskyttende barriere, men du kan ogs\u00e5 bestille et ekstra vern som enkelt monteres p\u00e5 siden [&hellip;]<\/p>\n","protected":false},"featured_media":4658,"comment_status":"closed","ping_status":"open","template":"","meta":{"_acf_changed":false},"product_brand":[261],"product_cat":[269,263,40],"product_tag":[1689],"class_list":{"0":"post-4656","1":"product","2":"type-product","3":"status-publish","4":"has-post-thumbnail","6":"product_brand-ohh-mami","7":"product_cat-juniorsenger","8":"product_cat-ohhmami","9":"product_cat-soverom-barn","10":"product_tag-bestillingsvaror","12":"first","13":"instock","14":"taxable","15":"shipping-taxable","16":"purchasable","17":"product-type-simple"},"acf":[],"yoast_head":"<!-- This site is optimized with the Yoast SEO Premium plugin v25.8 (Yoast SEO v27.2) - https:\/\/yoast.com\/product\/yoast-seo-premium-wordpress\/ -->\n<title>Kanineng, Barneseng 70 x 160 cm - Babylove Norska<\/title>\n<meta name=\"description\" content=\"Denna barns\u00e4ng kommer ditt barn att sova bekv\u00e4mt i, samtidigt som det ger ett h\u00e4rligt tillskott till barnrumsinredningen.\" \/>\n<meta name=\"robots\" content=\"noindex, follow, max-snippet:-1, max-image-preview:large, max-video-preview:-1\" \/>\n<meta property=\"og:locale\" content=\"nb_NO\" \/>\n<meta property=\"og:type\" content=\"article\" \/>\n<meta property=\"og:title\" content=\"Kanineng, Barneseng 70 x 160 cm\" \/>\n<meta property=\"og:description\" content=\"Denna barns\u00e4ng kommer ditt barn att sova bekv\u00e4mt i, samtidigt som det ger ett h\u00e4rligt tillskott till barnrumsinredningen.\" \/>\n<meta property=\"og:url\" content=\"https:\/\/babylove.se\/no\/produkt\/kaninseng-barneseng-70-x-160-cm\/\" \/>\n<meta property=\"og:site_name\" content=\"Babylove Norska\" \/>\n<meta property=\"article:modified_time\" content=\"2026-04-08T07:09:59+00:00\" \/>\n<meta property=\"og:image\" content=\"https:\/\/babylove.se\/no\/wp-content\/uploads\/sites\/3\/2025\/07\/5d63be7021d5b.jpeg\" \/>\n\t<meta property=\"og:image:width\" content=\"750\" \/>\n\t<meta property=\"og:image:height\" content=\"750\" \/>\n\t<meta property=\"og:image:type\" content=\"image\/jpeg\" \/>\n<meta name=\"twitter:card\" content=\"summary_large_image\" \/>\n<meta name=\"twitter:label1\" content=\"Price\" \/>\n\t<meta name=\"twitter:data1\" content=\"4 499,00&nbsp;&#107;&#114;\" \/>\n\t<meta name=\"twitter:label2\" content=\"Availability\" \/>\n\t<meta name=\"twitter:data2\" content=\"In stock\" \/>\n<script type=\"application\/ld+json\" class=\"yoast-schema-graph\">{\"@context\":\"https:\/\/schema.org\",\"@graph\":[{\"@type\":\"WebPage\",\"@id\":\"https:\/\/babylove.se\/no\/produkt\/kaninseng-barneseng-70-x-160-cm\/\",\"url\":\"https:\/\/babylove.se\/no\/produkt\/kaninseng-barneseng-70-x-160-cm\/\",\"name\":\"Kanineng, Barneseng 70 x 160 cm - Babylove Norska\",\"isPartOf\":{\"@id\":\"https:\/\/babylove.se\/no\/#website\"},\"primaryImageOfPage\":{\"@id\":\"https:\/\/babylove.se\/no\/produkt\/kaninseng-barneseng-70-x-160-cm\/#primaryimage\"},\"image\":{\"@id\":\"https:\/\/babylove.se\/no\/produkt\/kaninseng-barneseng-70-x-160-cm\/#primaryimage\"},\"thumbnailUrl\":\"https:\/\/babylove.se\/no\/wp-content\/uploads\/sites\/3\/2025\/07\/5d63be7021d5b.jpeg\",\"datePublished\":\"2025-07-18T19:24:14+00:00\",\"dateModified\":\"2026-04-08T07:09:59+00:00\",\"description\":\"Denna barns\u00e4ng kommer ditt barn att sova bekv\u00e4mt i, samtidigt som det ger ett h\u00e4rligt tillskott till barnrumsinredningen.\",\"breadcrumb\":{\"@id\":\"https:\/\/babylove.se\/no\/produkt\/kaninseng-barneseng-70-x-160-cm\/#breadcrumb\"},\"inLanguage\":\"nb-NO\",\"potentialAction\":[{\"@type\":\"ReadAction\",\"target\":[\"https:\/\/babylove.se\/no\/produkt\/kaninseng-barneseng-70-x-160-cm\/\"]}]},{\"@type\":\"ImageObject\",\"inLanguage\":\"nb-NO\",\"@id\":\"https:\/\/babylove.se\/no\/produkt\/kaninseng-barneseng-70-x-160-cm\/#primaryimage\",\"url\":\"https:\/\/babylove.se\/no\/wp-content\/uploads\/sites\/3\/2025\/07\/5d63be7021d5b.jpeg\",\"contentUrl\":\"https:\/\/babylove.se\/no\/wp-content\/uploads\/sites\/3\/2025\/07\/5d63be7021d5b.jpeg\",\"width\":750,\"height\":750},{\"@type\":\"BreadcrumbList\",\"@id\":\"https:\/\/babylove.se\/no\/produkt\/kaninseng-barneseng-70-x-160-cm\/#breadcrumb\",\"itemListElement\":[{\"@type\":\"ListItem\",\"position\":1,\"name\":\"Hem\",\"item\":\"https:\/\/babylove.se\/no\/\"},{\"@type\":\"ListItem\",\"position\":2,\"name\":\"Butik\",\"item\":\"https:\/\/babylove.se\/no\/butik\/\"},{\"@type\":\"ListItem\",\"position\":3,\"name\":\"Kanineng, Barneseng 70 x 160 cm\"}]},{\"@type\":\"WebSite\",\"@id\":\"https:\/\/babylove.se\/no\/#website\",\"url\":\"https:\/\/babylove.se\/no\/\",\"name\":\"Babylove Norska\",\"description\":\"\",\"potentialAction\":[{\"@type\":\"SearchAction\",\"target\":{\"@type\":\"EntryPoint\",\"urlTemplate\":\"https:\/\/babylove.se\/no\/?s={search_term_string}\"},\"query-input\":{\"@type\":\"PropertyValueSpecification\",\"valueRequired\":true,\"valueName\":\"search_term_string\"}}],\"inLanguage\":\"nb-NO\"}]}<\/script>\n<meta property=\"product:brand\" content=\"Ohh Mami\" \/>\n<meta property=\"product:price:amount\" content=\"4499.00\" \/>\n<meta property=\"product:price:currency\" content=\"SEK\" \/>\n<meta property=\"og:availability\" content=\"instock\" \/>\n<meta property=\"product:availability\" content=\"instock\" \/>\n<meta property=\"product:retailer_item_id\" content=\"1450\" \/>\n<meta property=\"product:condition\" content=\"new\" \/>\n<!-- \/ Yoast SEO Premium plugin. -->","yoast_head_json":{"title":"Kanineng, Barneseng 70 x 160 cm - Babylove Norska","description":"Denna barns\u00e4ng kommer ditt barn att sova bekv\u00e4mt i, samtidigt som det ger ett h\u00e4rligt tillskott till barnrumsinredningen.","robots":{"index":"noindex","follow":"follow","max-snippet":"max-snippet:-1","max-image-preview":"max-image-preview:large","max-video-preview":"max-video-preview:-1"},"og_locale":"nb_NO","og_type":"article","og_title":"Kanineng, Barneseng 70 x 160 cm","og_description":"Denna barns\u00e4ng kommer ditt barn att sova bekv\u00e4mt i, samtidigt som det ger ett h\u00e4rligt tillskott till barnrumsinredningen.","og_url":"https:\/\/babylove.se\/no\/produkt\/kaninseng-barneseng-70-x-160-cm\/","og_site_name":"Babylove Norska","article_modified_time":"2026-04-08T07:09:59+00:00","og_image":[{"width":750,"height":750,"url":"https:\/\/babylove.se\/no\/wp-content\/uploads\/sites\/3\/2025\/07\/5d63be7021d5b.jpeg","type":"image\/jpeg"}],"twitter_card":"summary_large_image","twitter_misc":{"Price":"4 499,00&nbsp;&#107;&#114;","Availability":"In stock"},"schema":{"@context":"https:\/\/schema.org","@graph":[{"@type":"WebPage","@id":"https:\/\/babylove.se\/no\/produkt\/kaninseng-barneseng-70-x-160-cm\/","url":"https:\/\/babylove.se\/no\/produkt\/kaninseng-barneseng-70-x-160-cm\/","name":"Kanineng, Barneseng 70 x 160 cm - Babylove Norska","isPartOf":{"@id":"https:\/\/babylove.se\/no\/#website"},"primaryImageOfPage":{"@id":"https:\/\/babylove.se\/no\/produkt\/kaninseng-barneseng-70-x-160-cm\/#primaryimage"},"image":{"@id":"https:\/\/babylove.se\/no\/produkt\/kaninseng-barneseng-70-x-160-cm\/#primaryimage"},"thumbnailUrl":"https:\/\/babylove.se\/no\/wp-content\/uploads\/sites\/3\/2025\/07\/5d63be7021d5b.jpeg","datePublished":"2025-07-18T19:24:14+00:00","dateModified":"2026-04-08T07:09:59+00:00","description":"Denna barns\u00e4ng kommer ditt barn att sova bekv\u00e4mt i, samtidigt som det ger ett h\u00e4rligt tillskott till barnrumsinredningen.","breadcrumb":{"@id":"https:\/\/babylove.se\/no\/produkt\/kaninseng-barneseng-70-x-160-cm\/#breadcrumb"},"inLanguage":"nb-NO","potentialAction":[{"@type":"ReadAction","target":["https:\/\/babylove.se\/no\/produkt\/kaninseng-barneseng-70-x-160-cm\/"]}]},{"@type":"ImageObject","inLanguage":"nb-NO","@id":"https:\/\/babylove.se\/no\/produkt\/kaninseng-barneseng-70-x-160-cm\/#primaryimage","url":"https:\/\/babylove.se\/no\/wp-content\/uploads\/sites\/3\/2025\/07\/5d63be7021d5b.jpeg","contentUrl":"https:\/\/babylove.se\/no\/wp-content\/uploads\/sites\/3\/2025\/07\/5d63be7021d5b.jpeg","width":750,"height":750},{"@type":"BreadcrumbList","@id":"https:\/\/babylove.se\/no\/produkt\/kaninseng-barneseng-70-x-160-cm\/#breadcrumb","itemListElement":[{"@type":"ListItem","position":1,"name":"Hem","item":"https:\/\/babylove.se\/no\/"},{"@type":"ListItem","position":2,"name":"Butik","item":"https:\/\/babylove.se\/no\/butik\/"},{"@type":"ListItem","position":3,"name":"Kanineng, Barneseng 70 x 160 cm"}]},{"@type":"WebSite","@id":"https:\/\/babylove.se\/no\/#website","url":"https:\/\/babylove.se\/no\/","name":"Babylove Norska","description":"","potentialAction":[{"@type":"SearchAction","target":{"@type":"EntryPoint","urlTemplate":"https:\/\/babylove.se\/no\/?s={search_term_string}"},"query-input":{"@type":"PropertyValueSpecification","valueRequired":true,"valueName":"search_term_string"}}],"inLanguage":"nb-NO"}]},"product_brand":"Ohh Mami","product_price_amount":"4499.00","product_price_currency":"SEK","og_availability":"instock","product_availability":"instock","product_retailer_item_id":"1450","product_condition":"new"},"_links":{"self":[{"href":"https:\/\/babylove.se\/no\/wp-json\/wp\/v2\/product\/4656","targetHints":{"allow":["GET"]}}],"collection":[{"href":"https:\/\/babylove.se\/no\/wp-json\/wp\/v2\/product"}],"about":[{"href":"https:\/\/babylove.se\/no\/wp-json\/wp\/v2\/types\/product"}],"replies":[{"embeddable":true,"href":"https:\/\/babylove.se\/no\/wp-json\/wp\/v2\/comments?post=4656"}],"wp:featuredmedia":[{"embeddable":true,"href":"https:\/\/babylove.se\/no\/wp-json\/wp\/v2\/media\/4658"}],"wp:attachment":[{"href":"https:\/\/babylove.se\/no\/wp-json\/wp\/v2\/media?parent=4656"}],"wp:term":[{"taxonomy":"product_brand","embeddable":true,"href":"https:\/\/babylove.se\/no\/wp-json\/wp\/v2\/product_brand?post=4656"},{"taxonomy":"product_cat","embeddable":true,"href":"https:\/\/babylove.se\/no\/wp-json\/wp\/v2\/product_cat?post=4656"},{"taxonomy":"product_tag","embeddable":true,"href":"https:\/\/babylove.se\/no\/wp-json\/wp\/v2\/product_tag?post=4656"}],"curies":[{"name":"wp","href":"https:\/\/api.w.org\/{rel}","templated":true}]}}