{"id":4661,"date":"2025-07-18T20:24:14","date_gmt":"2025-07-18T19:24:14","guid":{"rendered":"https:\/\/babylove.se\/produkt\/lekmatta-done-by-deer-grey\/"},"modified":"2026-04-08T08:10:02","modified_gmt":"2026-04-08T07:10:02","slug":"lekematte-done-by-deer-gra","status":"publish","type":"product","link":"https:\/\/babylove.se\/no\/produkt\/lekematte-done-by-deer-gra\/","title":{"rendered":"Lekematte Done By Deer, gr\u00e5"},"content":{"rendered":"<p><strong>Lekematte Done By Deer, gr\u00e5- sendes innen 24 timer !&nbsp;<\/strong><\/p>\n<p>Denne <strong>lekematten&nbsp;<\/strong>er det perfekte stedet for ditt lille barn \u00e5 trene motorikk og bevegelser p\u00e5.&nbsp;<\/p>\n<p>Denne prisbel\u00f8nte lekematten fra <strong>Done By Deer<\/strong> er laget av 100 % barnevennlig materiale helt fri fra ftalater og formaldehyd.&nbsp;<\/p>\n<p>Lekematten kan pusles sammen p\u00e5 flere forskjellige m\u00e5ter, noe som skaper en unik fleksibilitet. Alt fra \u00e5 skape et koselig lekehj\u00f8rne, til \u00e5 bygge en kul vei \u00e5 kj\u00f8re rundt bilene p\u00e5. Bare fantasien hos barnet og dets foreldre setter grensene.&nbsp;<\/p>\n<p>Lekematten kan vaskes, men kun for h\u00e5nd.&nbsp;<\/p>\n<p><strong>M\u00e5lene&nbsp;<\/strong>er 120 x 1,3 cm.<\/p>\n<p><span style=\"font-size: 11px;\">Designer: Done by deer<\/span><\/p>\n","protected":false},"excerpt":{"rendered":"<p>Lekematte Done By Deer, gr\u00e5- sendes innen 24 timer !&nbsp; Denne lekematten&nbsp;er det perfekte stedet for ditt lille barn \u00e5 trene motorikk og bevegelser p\u00e5.&nbsp; Denne prisbel\u00f8nte lekematten fra Done By Deer er laget av 100 % barnevennlig materiale helt fri fra ftalater og formaldehyd.&nbsp; Lekematten kan pusles sammen p\u00e5 flere forskjellige m\u00e5ter, noe som [&hellip;]<\/p>\n","protected":false},"featured_media":4663,"comment_status":"closed","ping_status":"open","template":"","meta":{"_acf_changed":false},"product_brand":[54],"product_cat":[55,26,25,52],"product_tag":[1689],"class_list":{"0":"post-4661","1":"product","2":"type-product","3":"status-publish","4":"has-post-thumbnail","6":"product_brand-done-by-deer","7":"product_cat-done-by-deer","8":"product_cat-kjop-produkter-som-ikke-bare-er-for-gutter","9":"product_cat-ikke-bare-jenter","10":"product_cat-lekematter","11":"product_tag-bestillingsvaror","13":"first","14":"outofstock","15":"taxable","16":"shipping-taxable","17":"purchasable","18":"product-type-simple"},"acf":[],"yoast_head":"<!-- This site is optimized with the Yoast SEO Premium plugin v25.8 (Yoast SEO v27.2) - https:\/\/yoast.com\/product\/yoast-seo-premium-wordpress\/ -->\n<title>Lekematte Done By Deer, gr\u00e5 - Babylove Norska<\/title>\n<meta name=\"description\" content=\"Denna lekmatta \u00e4r den perfekta platsen f\u00f6r ditt lilla barn att tr\u00e4na motorik och r\u00f6relser p\u00e5. K\u00f6p den h\u00e4r !\" \/>\n<meta name=\"robots\" content=\"noindex, follow, max-snippet:-1, max-image-preview:large, max-video-preview:-1\" \/>\n<meta property=\"og:locale\" content=\"nb_NO\" \/>\n<meta property=\"og:type\" content=\"article\" \/>\n<meta property=\"og:title\" content=\"Lekematte Done By Deer, gr\u00e5\" \/>\n<meta property=\"og:description\" content=\"Denna lekmatta \u00e4r den perfekta platsen f\u00f6r ditt lilla barn att tr\u00e4na motorik och r\u00f6relser p\u00e5. K\u00f6p den h\u00e4r !\" \/>\n<meta property=\"og:url\" content=\"https:\/\/babylove.se\/no\/produkt\/lekematte-done-by-deer-gra\/\" \/>\n<meta property=\"og:site_name\" content=\"Babylove Norska\" \/>\n<meta property=\"article:modified_time\" content=\"2026-04-08T07:10:02+00:00\" \/>\n<meta property=\"og:image\" content=\"https:\/\/babylove.se\/no\/wp-content\/uploads\/sites\/3\/2025\/07\/59cfd77a70542.jpeg\" \/>\n\t<meta property=\"og:image:width\" content=\"308\" \/>\n\t<meta property=\"og:image:height\" content=\"308\" \/>\n\t<meta property=\"og:image:type\" content=\"image\/jpeg\" \/>\n<meta name=\"twitter:card\" content=\"summary_large_image\" \/>\n<meta name=\"twitter:label1\" content=\"Price\" \/>\n\t<meta name=\"twitter:data1\" content=\"749,00&nbsp;&#107;&#114;\" \/>\n\t<meta name=\"twitter:label2\" content=\"Availability\" \/>\n\t<meta name=\"twitter:data2\" content=\"Out of stock\" \/>\n<script type=\"application\/ld+json\" class=\"yoast-schema-graph\">{\"@context\":\"https:\/\/schema.org\",\"@graph\":[{\"@type\":\"WebPage\",\"@id\":\"https:\/\/babylove.se\/no\/produkt\/lekematte-done-by-deer-gra\/\",\"url\":\"https:\/\/babylove.se\/no\/produkt\/lekematte-done-by-deer-gra\/\",\"name\":\"Lekematte Done By Deer, gr\u00e5 - Babylove Norska\",\"isPartOf\":{\"@id\":\"https:\/\/babylove.se\/no\/#website\"},\"primaryImageOfPage\":{\"@id\":\"https:\/\/babylove.se\/no\/produkt\/lekematte-done-by-deer-gra\/#primaryimage\"},\"image\":{\"@id\":\"https:\/\/babylove.se\/no\/produkt\/lekematte-done-by-deer-gra\/#primaryimage\"},\"thumbnailUrl\":\"https:\/\/babylove.se\/no\/wp-content\/uploads\/sites\/3\/2025\/07\/59cfd77a70542.jpeg\",\"datePublished\":\"2025-07-18T19:24:14+00:00\",\"dateModified\":\"2026-04-08T07:10:02+00:00\",\"description\":\"Denna lekmatta \u00e4r den perfekta platsen f\u00f6r ditt lilla barn att tr\u00e4na motorik och r\u00f6relser p\u00e5. K\u00f6p den h\u00e4r !\",\"breadcrumb\":{\"@id\":\"https:\/\/babylove.se\/no\/produkt\/lekematte-done-by-deer-gra\/#breadcrumb\"},\"inLanguage\":\"nb-NO\",\"potentialAction\":[{\"@type\":\"ReadAction\",\"target\":[\"https:\/\/babylove.se\/no\/produkt\/lekematte-done-by-deer-gra\/\"]}]},{\"@type\":\"ImageObject\",\"inLanguage\":\"nb-NO\",\"@id\":\"https:\/\/babylove.se\/no\/produkt\/lekematte-done-by-deer-gra\/#primaryimage\",\"url\":\"https:\/\/babylove.se\/no\/wp-content\/uploads\/sites\/3\/2025\/07\/59cfd77a70542.jpeg\",\"contentUrl\":\"https:\/\/babylove.se\/no\/wp-content\/uploads\/sites\/3\/2025\/07\/59cfd77a70542.jpeg\",\"width\":308,\"height\":308},{\"@type\":\"BreadcrumbList\",\"@id\":\"https:\/\/babylove.se\/no\/produkt\/lekematte-done-by-deer-gra\/#breadcrumb\",\"itemListElement\":[{\"@type\":\"ListItem\",\"position\":1,\"name\":\"Hem\",\"item\":\"https:\/\/babylove.se\/no\/\"},{\"@type\":\"ListItem\",\"position\":2,\"name\":\"Butik\",\"item\":\"https:\/\/babylove.se\/no\/butik\/\"},{\"@type\":\"ListItem\",\"position\":3,\"name\":\"Lekematte Done By Deer, gr\u00e5\"}]},{\"@type\":\"WebSite\",\"@id\":\"https:\/\/babylove.se\/no\/#website\",\"url\":\"https:\/\/babylove.se\/no\/\",\"name\":\"Babylove Norska\",\"description\":\"\",\"potentialAction\":[{\"@type\":\"SearchAction\",\"target\":{\"@type\":\"EntryPoint\",\"urlTemplate\":\"https:\/\/babylove.se\/no\/?s={search_term_string}\"},\"query-input\":{\"@type\":\"PropertyValueSpecification\",\"valueRequired\":true,\"valueName\":\"search_term_string\"}}],\"inLanguage\":\"nb-NO\"}]}<\/script>\n<meta property=\"product:brand\" content=\"Done by Deer\" \/>\n<meta property=\"product:price:amount\" content=\"749.00\" \/>\n<meta property=\"product:price:currency\" content=\"SEK\" \/>\n<meta property=\"og:availability\" content=\"out of stock\" \/>\n<meta property=\"product:availability\" content=\"out of stock\" \/>\n<meta property=\"product:retailer_item_id\" content=\"DD0006grey\" \/>\n<meta property=\"product:condition\" content=\"new\" \/>\n<!-- \/ Yoast SEO Premium plugin. -->","yoast_head_json":{"title":"Lekematte Done By Deer, gr\u00e5 - Babylove Norska","description":"Denna lekmatta \u00e4r den perfekta platsen f\u00f6r ditt lilla barn att tr\u00e4na motorik och r\u00f6relser p\u00e5. K\u00f6p den h\u00e4r !","robots":{"index":"noindex","follow":"follow","max-snippet":"max-snippet:-1","max-image-preview":"max-image-preview:large","max-video-preview":"max-video-preview:-1"},"og_locale":"nb_NO","og_type":"article","og_title":"Lekematte Done By Deer, gr\u00e5","og_description":"Denna lekmatta \u00e4r den perfekta platsen f\u00f6r ditt lilla barn att tr\u00e4na motorik och r\u00f6relser p\u00e5. K\u00f6p den h\u00e4r !","og_url":"https:\/\/babylove.se\/no\/produkt\/lekematte-done-by-deer-gra\/","og_site_name":"Babylove Norska","article_modified_time":"2026-04-08T07:10:02+00:00","og_image":[{"width":308,"height":308,"url":"https:\/\/babylove.se\/no\/wp-content\/uploads\/sites\/3\/2025\/07\/59cfd77a70542.jpeg","type":"image\/jpeg"}],"twitter_card":"summary_large_image","twitter_misc":{"Price":"749,00&nbsp;&#107;&#114;","Availability":"Out of stock"},"schema":{"@context":"https:\/\/schema.org","@graph":[{"@type":"WebPage","@id":"https:\/\/babylove.se\/no\/produkt\/lekematte-done-by-deer-gra\/","url":"https:\/\/babylove.se\/no\/produkt\/lekematte-done-by-deer-gra\/","name":"Lekematte Done By Deer, gr\u00e5 - Babylove Norska","isPartOf":{"@id":"https:\/\/babylove.se\/no\/#website"},"primaryImageOfPage":{"@id":"https:\/\/babylove.se\/no\/produkt\/lekematte-done-by-deer-gra\/#primaryimage"},"image":{"@id":"https:\/\/babylove.se\/no\/produkt\/lekematte-done-by-deer-gra\/#primaryimage"},"thumbnailUrl":"https:\/\/babylove.se\/no\/wp-content\/uploads\/sites\/3\/2025\/07\/59cfd77a70542.jpeg","datePublished":"2025-07-18T19:24:14+00:00","dateModified":"2026-04-08T07:10:02+00:00","description":"Denna lekmatta \u00e4r den perfekta platsen f\u00f6r ditt lilla barn att tr\u00e4na motorik och r\u00f6relser p\u00e5. K\u00f6p den h\u00e4r !","breadcrumb":{"@id":"https:\/\/babylove.se\/no\/produkt\/lekematte-done-by-deer-gra\/#breadcrumb"},"inLanguage":"nb-NO","potentialAction":[{"@type":"ReadAction","target":["https:\/\/babylove.se\/no\/produkt\/lekematte-done-by-deer-gra\/"]}]},{"@type":"ImageObject","inLanguage":"nb-NO","@id":"https:\/\/babylove.se\/no\/produkt\/lekematte-done-by-deer-gra\/#primaryimage","url":"https:\/\/babylove.se\/no\/wp-content\/uploads\/sites\/3\/2025\/07\/59cfd77a70542.jpeg","contentUrl":"https:\/\/babylove.se\/no\/wp-content\/uploads\/sites\/3\/2025\/07\/59cfd77a70542.jpeg","width":308,"height":308},{"@type":"BreadcrumbList","@id":"https:\/\/babylove.se\/no\/produkt\/lekematte-done-by-deer-gra\/#breadcrumb","itemListElement":[{"@type":"ListItem","position":1,"name":"Hem","item":"https:\/\/babylove.se\/no\/"},{"@type":"ListItem","position":2,"name":"Butik","item":"https:\/\/babylove.se\/no\/butik\/"},{"@type":"ListItem","position":3,"name":"Lekematte Done By Deer, gr\u00e5"}]},{"@type":"WebSite","@id":"https:\/\/babylove.se\/no\/#website","url":"https:\/\/babylove.se\/no\/","name":"Babylove Norska","description":"","potentialAction":[{"@type":"SearchAction","target":{"@type":"EntryPoint","urlTemplate":"https:\/\/babylove.se\/no\/?s={search_term_string}"},"query-input":{"@type":"PropertyValueSpecification","valueRequired":true,"valueName":"search_term_string"}}],"inLanguage":"nb-NO"}]},"product_brand":"Done by Deer","product_price_amount":"749.00","product_price_currency":"SEK","og_availability":"out of stock","product_availability":"out of stock","product_retailer_item_id":"DD0006grey","product_condition":"new"},"_links":{"self":[{"href":"https:\/\/babylove.se\/no\/wp-json\/wp\/v2\/product\/4661","targetHints":{"allow":["GET"]}}],"collection":[{"href":"https:\/\/babylove.se\/no\/wp-json\/wp\/v2\/product"}],"about":[{"href":"https:\/\/babylove.se\/no\/wp-json\/wp\/v2\/types\/product"}],"replies":[{"embeddable":true,"href":"https:\/\/babylove.se\/no\/wp-json\/wp\/v2\/comments?post=4661"}],"wp:featuredmedia":[{"embeddable":true,"href":"https:\/\/babylove.se\/no\/wp-json\/wp\/v2\/media\/4663"}],"wp:attachment":[{"href":"https:\/\/babylove.se\/no\/wp-json\/wp\/v2\/media?parent=4661"}],"wp:term":[{"taxonomy":"product_brand","embeddable":true,"href":"https:\/\/babylove.se\/no\/wp-json\/wp\/v2\/product_brand?post=4661"},{"taxonomy":"product_cat","embeddable":true,"href":"https:\/\/babylove.se\/no\/wp-json\/wp\/v2\/product_cat?post=4661"},{"taxonomy":"product_tag","embeddable":true,"href":"https:\/\/babylove.se\/no\/wp-json\/wp\/v2\/product_tag?post=4661"}],"curies":[{"name":"wp","href":"https:\/\/api.w.org\/{rel}","templated":true}]}}