{"id":46668,"date":"2025-07-19T10:27:31","date_gmt":"2025-07-19T09:27:31","guid":{"rendered":"https:\/\/babylove.se\/produkt\/mobelset-kaninstol-med-bord-vit\/"},"modified":"2026-04-08T12:58:31","modified_gmt":"2026-04-08T11:58:31","slug":"mobelsett-kaninstol-med-bord-hvit","status":"publish","type":"product","link":"https:\/\/babylove.se\/no\/produkt\/mobelsett-kaninstol-med-bord-hvit\/","title":{"rendered":"M\u00f8belsett kaninstol med bord, hvit"},"content":{"rendered":"<p>Et eksepsjonelt og meget vakkert Montessori m\u00f8belsett<strong>&nbsp;<\/strong><span>inneholdende en stol med kanin-\u00f8rer samt et vakkert tilh\u00f8rende skrivebord.<\/span><\/p>\n<p><span>M\u00f8blene gir en fantastisk sjarm til barnerommet, men fyller selvf\u00f8lgelig ogs\u00e5 et praktisk form\u00e5l.&nbsp;Ditt barn kan sitte komfortabelt og pusle eller leke, og det blir et godt hj\u00f8rne for penner og tegneblokk.<span>&nbsp;<\/span><\/span><\/p>\n<p><span>M\u00f8belsettet er helt laget for h\u00e5nd og vi vil derfor p\u00e5peke at utseendet p\u00e5 m\u00f8blene er mer robust enn fabrikk-produserte.<\/span><\/p>\n<p><strong>M\u00e5l:&nbsp;<\/strong><\/p>\n<ul>\n<li>Bord &#8211; Bredde: 60 cm. Dybde: 50 cm. H\u00f8yde: 51,5 cm.<\/li>\n<li>Stol &#8211; Bredde: 35 cm. Dybde: 31 cm. Sitteh\u00f8yde: 31,5 cm.<\/li>\n<\/ul>\n<p><strong>Materiale<\/strong>: Kryssfiner.<\/p>\n","protected":false},"excerpt":{"rendered":"<p>Et eksepsjonelt og meget vakkert Montessori m\u00f8belsett&nbsp;inneholdende en stol med kanin-\u00f8rer samt et vakkert tilh\u00f8rende skrivebord. M\u00f8blene gir en fantastisk sjarm til barnerommet, men fyller selvf\u00f8lgelig ogs\u00e5 et praktisk form\u00e5l.&nbsp;Ditt barn kan sitte komfortabelt og pusle eller leke, og det blir et godt hj\u00f8rne for penner og tegneblokk.&nbsp; M\u00f8belsettet er helt laget for h\u00e5nd og [&hellip;]<\/p>\n","protected":false},"featured_media":46670,"comment_status":"closed","ping_status":"open","template":"","meta":{"_acf_changed":false},"product_brand":[1380],"product_cat":[85,359,80,1381],"product_tag":[1689],"class_list":{"0":"post-46668","1":"product","2":"type-product","3":"status-publish","4":"has-post-thumbnail","6":"product_brand-toddler-family","7":"product_cat-bord","8":"product_cat-skrivebord","9":"product_cat-stoler","10":"product_cat-toddler-family","11":"product_tag-bestillingsvaror","13":"first","14":"instock","15":"taxable","16":"shipping-taxable","17":"purchasable","18":"product-type-simple"},"acf":[],"yoast_head":"<!-- This site is optimized with the Yoast SEO Premium plugin v25.8 (Yoast SEO v27.2) - https:\/\/yoast.com\/product\/yoast-seo-premium-wordpress\/ -->\n<title>M\u00f8belsett kaninstol med bord, hvit - Babylove Norska<\/title>\n<meta name=\"robots\" content=\"noindex, follow, max-snippet:-1, max-image-preview:large, max-video-preview:-1\" \/>\n<meta property=\"og:locale\" content=\"nb_NO\" \/>\n<meta property=\"og:type\" content=\"article\" \/>\n<meta property=\"og:title\" content=\"M\u00f8belsett kaninstol med bord, hvit\" \/>\n<meta property=\"og:description\" content=\"Et eksepsjonelt og meget vakkert Montessori m\u00f8belsett&nbsp;inneholdende en stol med kanin-\u00f8rer samt et vakkert tilh\u00f8rende skrivebord. M\u00f8blene gir en fantastisk sjarm til barnerommet, men fyller selvf\u00f8lgelig ogs\u00e5 et praktisk form\u00e5l.&nbsp;Ditt barn kan sitte komfortabelt og pusle eller leke, og det blir et godt hj\u00f8rne for penner og tegneblokk.&nbsp; M\u00f8belsettet er helt laget for h\u00e5nd og [&hellip;]\" \/>\n<meta property=\"og:url\" content=\"https:\/\/babylove.se\/no\/produkt\/mobelsett-kaninstol-med-bord-hvit\/\" \/>\n<meta property=\"og:site_name\" content=\"Babylove Norska\" \/>\n<meta property=\"article:modified_time\" content=\"2026-04-08T11:58:31+00:00\" \/>\n<meta property=\"og:image\" content=\"https:\/\/babylove.se\/no\/wp-content\/uploads\/sites\/3\/2025\/07\/635829fcad54c.jpeg\" \/>\n\t<meta property=\"og:image:width\" content=\"800\" \/>\n\t<meta property=\"og:image:height\" content=\"800\" \/>\n\t<meta property=\"og:image:type\" content=\"image\/jpeg\" \/>\n<meta name=\"twitter:card\" content=\"summary_large_image\" \/>\n<meta name=\"twitter:label1\" content=\"Price\" \/>\n\t<meta name=\"twitter:data1\" content=\"2 099,00&nbsp;&#107;&#114;\" \/>\n\t<meta name=\"twitter:label2\" content=\"Availability\" \/>\n\t<meta name=\"twitter:data2\" content=\"In stock\" \/>\n<script type=\"application\/ld+json\" class=\"yoast-schema-graph\">{\"@context\":\"https:\/\/schema.org\",\"@graph\":[{\"@type\":\"WebPage\",\"@id\":\"https:\/\/babylove.se\/no\/produkt\/mobelsett-kaninstol-med-bord-hvit\/\",\"url\":\"https:\/\/babylove.se\/no\/produkt\/mobelsett-kaninstol-med-bord-hvit\/\",\"name\":\"M\u00f8belsett kaninstol med bord, hvit - Babylove Norska\",\"isPartOf\":{\"@id\":\"https:\/\/babylove.se\/no\/#website\"},\"primaryImageOfPage\":{\"@id\":\"https:\/\/babylove.se\/no\/produkt\/mobelsett-kaninstol-med-bord-hvit\/#primaryimage\"},\"image\":{\"@id\":\"https:\/\/babylove.se\/no\/produkt\/mobelsett-kaninstol-med-bord-hvit\/#primaryimage\"},\"thumbnailUrl\":\"https:\/\/babylove.se\/no\/wp-content\/uploads\/sites\/3\/2025\/07\/635829fcad54c.jpeg\",\"datePublished\":\"2025-07-19T09:27:31+00:00\",\"dateModified\":\"2026-04-08T11:58:31+00:00\",\"breadcrumb\":{\"@id\":\"https:\/\/babylove.se\/no\/produkt\/mobelsett-kaninstol-med-bord-hvit\/#breadcrumb\"},\"inLanguage\":\"nb-NO\",\"potentialAction\":[{\"@type\":\"ReadAction\",\"target\":[\"https:\/\/babylove.se\/no\/produkt\/mobelsett-kaninstol-med-bord-hvit\/\"]}]},{\"@type\":\"ImageObject\",\"inLanguage\":\"nb-NO\",\"@id\":\"https:\/\/babylove.se\/no\/produkt\/mobelsett-kaninstol-med-bord-hvit\/#primaryimage\",\"url\":\"https:\/\/babylove.se\/no\/wp-content\/uploads\/sites\/3\/2025\/07\/635829fcad54c.jpeg\",\"contentUrl\":\"https:\/\/babylove.se\/no\/wp-content\/uploads\/sites\/3\/2025\/07\/635829fcad54c.jpeg\",\"width\":800,\"height\":800},{\"@type\":\"BreadcrumbList\",\"@id\":\"https:\/\/babylove.se\/no\/produkt\/mobelsett-kaninstol-med-bord-hvit\/#breadcrumb\",\"itemListElement\":[{\"@type\":\"ListItem\",\"position\":1,\"name\":\"Hem\",\"item\":\"https:\/\/babylove.se\/no\/\"},{\"@type\":\"ListItem\",\"position\":2,\"name\":\"Butik\",\"item\":\"https:\/\/babylove.se\/no\/butik\/\"},{\"@type\":\"ListItem\",\"position\":3,\"name\":\"M\u00f8belsett kaninstol med bord, hvit\"}]},{\"@type\":\"WebSite\",\"@id\":\"https:\/\/babylove.se\/no\/#website\",\"url\":\"https:\/\/babylove.se\/no\/\",\"name\":\"Babylove Norska\",\"description\":\"\",\"potentialAction\":[{\"@type\":\"SearchAction\",\"target\":{\"@type\":\"EntryPoint\",\"urlTemplate\":\"https:\/\/babylove.se\/no\/?s={search_term_string}\"},\"query-input\":{\"@type\":\"PropertyValueSpecification\",\"valueRequired\":true,\"valueName\":\"search_term_string\"}}],\"inLanguage\":\"nb-NO\"}]}<\/script>\n<meta property=\"product:brand\" content=\"Toddler Family\" \/>\n<meta property=\"product:price:amount\" content=\"2099.00\" \/>\n<meta property=\"product:price:currency\" content=\"SEK\" \/>\n<meta property=\"og:availability\" content=\"instock\" \/>\n<meta property=\"product:availability\" content=\"instock\" \/>\n<meta property=\"product:retailer_item_id\" content=\"Bunnychairandtable-vit\" \/>\n<meta property=\"product:condition\" content=\"new\" \/>\n<!-- \/ Yoast SEO Premium plugin. -->","yoast_head_json":{"title":"M\u00f8belsett kaninstol med bord, hvit - Babylove Norska","robots":{"index":"noindex","follow":"follow","max-snippet":"max-snippet:-1","max-image-preview":"max-image-preview:large","max-video-preview":"max-video-preview:-1"},"og_locale":"nb_NO","og_type":"article","og_title":"M\u00f8belsett kaninstol med bord, hvit","og_description":"Et eksepsjonelt og meget vakkert Montessori m\u00f8belsett&nbsp;inneholdende en stol med kanin-\u00f8rer samt et vakkert tilh\u00f8rende skrivebord. M\u00f8blene gir en fantastisk sjarm til barnerommet, men fyller selvf\u00f8lgelig ogs\u00e5 et praktisk form\u00e5l.&nbsp;Ditt barn kan sitte komfortabelt og pusle eller leke, og det blir et godt hj\u00f8rne for penner og tegneblokk.&nbsp; M\u00f8belsettet er helt laget for h\u00e5nd og [&hellip;]","og_url":"https:\/\/babylove.se\/no\/produkt\/mobelsett-kaninstol-med-bord-hvit\/","og_site_name":"Babylove Norska","article_modified_time":"2026-04-08T11:58:31+00:00","og_image":[{"width":800,"height":800,"url":"https:\/\/babylove.se\/no\/wp-content\/uploads\/sites\/3\/2025\/07\/635829fcad54c.jpeg","type":"image\/jpeg"}],"twitter_card":"summary_large_image","twitter_misc":{"Price":"2 099,00&nbsp;&#107;&#114;","Availability":"In stock"},"schema":{"@context":"https:\/\/schema.org","@graph":[{"@type":"WebPage","@id":"https:\/\/babylove.se\/no\/produkt\/mobelsett-kaninstol-med-bord-hvit\/","url":"https:\/\/babylove.se\/no\/produkt\/mobelsett-kaninstol-med-bord-hvit\/","name":"M\u00f8belsett kaninstol med bord, hvit - Babylove Norska","isPartOf":{"@id":"https:\/\/babylove.se\/no\/#website"},"primaryImageOfPage":{"@id":"https:\/\/babylove.se\/no\/produkt\/mobelsett-kaninstol-med-bord-hvit\/#primaryimage"},"image":{"@id":"https:\/\/babylove.se\/no\/produkt\/mobelsett-kaninstol-med-bord-hvit\/#primaryimage"},"thumbnailUrl":"https:\/\/babylove.se\/no\/wp-content\/uploads\/sites\/3\/2025\/07\/635829fcad54c.jpeg","datePublished":"2025-07-19T09:27:31+00:00","dateModified":"2026-04-08T11:58:31+00:00","breadcrumb":{"@id":"https:\/\/babylove.se\/no\/produkt\/mobelsett-kaninstol-med-bord-hvit\/#breadcrumb"},"inLanguage":"nb-NO","potentialAction":[{"@type":"ReadAction","target":["https:\/\/babylove.se\/no\/produkt\/mobelsett-kaninstol-med-bord-hvit\/"]}]},{"@type":"ImageObject","inLanguage":"nb-NO","@id":"https:\/\/babylove.se\/no\/produkt\/mobelsett-kaninstol-med-bord-hvit\/#primaryimage","url":"https:\/\/babylove.se\/no\/wp-content\/uploads\/sites\/3\/2025\/07\/635829fcad54c.jpeg","contentUrl":"https:\/\/babylove.se\/no\/wp-content\/uploads\/sites\/3\/2025\/07\/635829fcad54c.jpeg","width":800,"height":800},{"@type":"BreadcrumbList","@id":"https:\/\/babylove.se\/no\/produkt\/mobelsett-kaninstol-med-bord-hvit\/#breadcrumb","itemListElement":[{"@type":"ListItem","position":1,"name":"Hem","item":"https:\/\/babylove.se\/no\/"},{"@type":"ListItem","position":2,"name":"Butik","item":"https:\/\/babylove.se\/no\/butik\/"},{"@type":"ListItem","position":3,"name":"M\u00f8belsett kaninstol med bord, hvit"}]},{"@type":"WebSite","@id":"https:\/\/babylove.se\/no\/#website","url":"https:\/\/babylove.se\/no\/","name":"Babylove Norska","description":"","potentialAction":[{"@type":"SearchAction","target":{"@type":"EntryPoint","urlTemplate":"https:\/\/babylove.se\/no\/?s={search_term_string}"},"query-input":{"@type":"PropertyValueSpecification","valueRequired":true,"valueName":"search_term_string"}}],"inLanguage":"nb-NO"}]},"product_brand":"Toddler Family","product_price_amount":"2099.00","product_price_currency":"SEK","og_availability":"instock","product_availability":"instock","product_retailer_item_id":"Bunnychairandtable-vit","product_condition":"new"},"_links":{"self":[{"href":"https:\/\/babylove.se\/no\/wp-json\/wp\/v2\/product\/46668","targetHints":{"allow":["GET"]}}],"collection":[{"href":"https:\/\/babylove.se\/no\/wp-json\/wp\/v2\/product"}],"about":[{"href":"https:\/\/babylove.se\/no\/wp-json\/wp\/v2\/types\/product"}],"replies":[{"embeddable":true,"href":"https:\/\/babylove.se\/no\/wp-json\/wp\/v2\/comments?post=46668"}],"wp:featuredmedia":[{"embeddable":true,"href":"https:\/\/babylove.se\/no\/wp-json\/wp\/v2\/media\/46670"}],"wp:attachment":[{"href":"https:\/\/babylove.se\/no\/wp-json\/wp\/v2\/media?parent=46668"}],"wp:term":[{"taxonomy":"product_brand","embeddable":true,"href":"https:\/\/babylove.se\/no\/wp-json\/wp\/v2\/product_brand?post=46668"},{"taxonomy":"product_cat","embeddable":true,"href":"https:\/\/babylove.se\/no\/wp-json\/wp\/v2\/product_cat?post=46668"},{"taxonomy":"product_tag","embeddable":true,"href":"https:\/\/babylove.se\/no\/wp-json\/wp\/v2\/product_tag?post=46668"}],"curies":[{"name":"wp","href":"https:\/\/api.w.org\/{rel}","templated":true}]}}