{"id":46843,"date":"2025-07-19T10:31:02","date_gmt":"2025-07-19T09:31:02","guid":{"rendered":"https:\/\/babylove.se\/produkt\/trapall-rosa\/"},"modified":"2026-04-08T12:59:04","modified_gmt":"2026-04-08T11:59:04","slug":"trapall-rosa","status":"publish","type":"product","link":"https:\/\/babylove.se\/no\/produkt\/trapall-rosa\/","title":{"rendered":"Trepall rosa"},"content":{"rendered":"<p>En fin og smart trekrakk for barnet som er meget behagelig \u00e5 sitte p\u00e5. Ditt barn vil garantert f\u00e5 mange gode stunder p\u00e5 denne stolen, hvor det kan sitte og pusle eller male s\u00e5 snart de \u00f8nsker det. Du monterer enkelt stolen for h\u00e5nd hjemme og vi vet at du vil finne en god plass for stolen p\u00e5 barnerommet, den smelter inn i de fleste milj\u00f8er.&nbsp;<\/p>\n<p>Krakken passer ogs\u00e5 perfekt som et sengebord hvor man stiller for eksempel en nattlampe.&nbsp;<\/p>\n<p><strong>M\u00e5l<\/strong>: 24 x 24 cm&nbsp;<\/p>\n<p><strong>Material<\/strong>: Tre<\/p>\n<table style=\"margin-left: calc(100%); width: 0%;\">\n<tbody>\n<tr>\n<th scope=\"row\" style=\"width: 33.3219%;\"><\/th>\n<td data-th=\"F\u00e4rg\" style=\"width: 33.3448%;\"><\/td>\n<\/tr>\n<tr>\n<th scope=\"row\" style=\"width: 33.3219%;\"><\/th>\n<td data-th=\"M\u00e5tt\" style=\"width: 33.3448%;\"><\/td>\n<\/tr>\n<\/tbody>\n<\/table>\n","protected":false},"excerpt":{"rendered":"<p>En fin og smart trekrakk for barnet som er meget behagelig \u00e5 sitte p\u00e5. Ditt barn vil garantert f\u00e5 mange gode stunder p\u00e5 denne stolen, hvor det kan sitte og pusle eller male s\u00e5 snart de \u00f8nsker det. Du monterer enkelt stolen for h\u00e5nd hjemme og vi vet at du vil finne en god plass [&hellip;]<\/p>\n","protected":false},"featured_media":46845,"comment_status":"closed","ping_status":"open","template":"","meta":{"_acf_changed":false},"product_brand":[972],"product_cat":[973,80],"product_tag":[],"class_list":{"0":"post-46843","1":"product","2":"type-product","3":"status-publish","4":"has-post-thumbnail","6":"product_brand-atmosphera","7":"product_cat-atmosphera","8":"product_cat-stoler","10":"first","11":"outofstock","12":"taxable","13":"shipping-taxable","14":"purchasable","15":"product-type-simple"},"acf":[],"yoast_head":"<!-- This site is optimized with the Yoast SEO Premium plugin v25.8 (Yoast SEO v27.2) - https:\/\/yoast.com\/product\/yoast-seo-premium-wordpress\/ -->\n<title>Trepall rosa - Babylove Norska<\/title>\n<meta name=\"robots\" content=\"noindex, follow, max-snippet:-1, max-image-preview:large, max-video-preview:-1\" \/>\n<meta property=\"og:locale\" content=\"nb_NO\" \/>\n<meta property=\"og:type\" content=\"article\" \/>\n<meta property=\"og:title\" content=\"Trepall rosa\" \/>\n<meta property=\"og:description\" content=\"En fin og smart trekrakk for barnet som er meget behagelig \u00e5 sitte p\u00e5. Ditt barn vil garantert f\u00e5 mange gode stunder p\u00e5 denne stolen, hvor det kan sitte og pusle eller male s\u00e5 snart de \u00f8nsker det. Du monterer enkelt stolen for h\u00e5nd hjemme og vi vet at du vil finne en god plass [&hellip;]\" \/>\n<meta property=\"og:url\" content=\"https:\/\/babylove.se\/no\/produkt\/trapall-rosa\/\" \/>\n<meta property=\"og:site_name\" content=\"Babylove Norska\" \/>\n<meta property=\"article:modified_time\" content=\"2026-04-08T11:59:04+00:00\" \/>\n<meta property=\"og:image\" content=\"https:\/\/babylove.se\/no\/wp-content\/uploads\/sites\/3\/2025\/07\/634fab6d8fa71.jpeg\" \/>\n\t<meta property=\"og:image:width\" content=\"1200\" \/>\n\t<meta property=\"og:image:height\" content=\"1200\" \/>\n\t<meta property=\"og:image:type\" content=\"image\/jpeg\" \/>\n<meta name=\"twitter:card\" content=\"summary_large_image\" \/>\n<meta name=\"twitter:label1\" content=\"Price\" \/>\n\t<meta name=\"twitter:data1\" content=\"199,00&nbsp;&#107;&#114;\" \/>\n\t<meta name=\"twitter:label2\" content=\"Availability\" \/>\n\t<meta name=\"twitter:data2\" content=\"Out of stock\" \/>\n<script type=\"application\/ld+json\" class=\"yoast-schema-graph\">{\"@context\":\"https:\/\/schema.org\",\"@graph\":[{\"@type\":\"WebPage\",\"@id\":\"https:\/\/babylove.se\/no\/produkt\/trapall-rosa\/\",\"url\":\"https:\/\/babylove.se\/no\/produkt\/trapall-rosa\/\",\"name\":\"Trepall rosa - Babylove Norska\",\"isPartOf\":{\"@id\":\"https:\/\/babylove.se\/no\/#website\"},\"primaryImageOfPage\":{\"@id\":\"https:\/\/babylove.se\/no\/produkt\/trapall-rosa\/#primaryimage\"},\"image\":{\"@id\":\"https:\/\/babylove.se\/no\/produkt\/trapall-rosa\/#primaryimage\"},\"thumbnailUrl\":\"https:\/\/babylove.se\/no\/wp-content\/uploads\/sites\/3\/2025\/07\/634fab6d8fa71.jpeg\",\"datePublished\":\"2025-07-19T09:31:02+00:00\",\"dateModified\":\"2026-04-08T11:59:04+00:00\",\"breadcrumb\":{\"@id\":\"https:\/\/babylove.se\/no\/produkt\/trapall-rosa\/#breadcrumb\"},\"inLanguage\":\"nb-NO\",\"potentialAction\":[{\"@type\":\"ReadAction\",\"target\":[\"https:\/\/babylove.se\/no\/produkt\/trapall-rosa\/\"]}]},{\"@type\":\"ImageObject\",\"inLanguage\":\"nb-NO\",\"@id\":\"https:\/\/babylove.se\/no\/produkt\/trapall-rosa\/#primaryimage\",\"url\":\"https:\/\/babylove.se\/no\/wp-content\/uploads\/sites\/3\/2025\/07\/634fab6d8fa71.jpeg\",\"contentUrl\":\"https:\/\/babylove.se\/no\/wp-content\/uploads\/sites\/3\/2025\/07\/634fab6d8fa71.jpeg\",\"width\":1200,\"height\":1200},{\"@type\":\"BreadcrumbList\",\"@id\":\"https:\/\/babylove.se\/no\/produkt\/trapall-rosa\/#breadcrumb\",\"itemListElement\":[{\"@type\":\"ListItem\",\"position\":1,\"name\":\"Hem\",\"item\":\"https:\/\/babylove.se\/no\/\"},{\"@type\":\"ListItem\",\"position\":2,\"name\":\"Butik\",\"item\":\"https:\/\/babylove.se\/no\/butik\/\"},{\"@type\":\"ListItem\",\"position\":3,\"name\":\"Trepall rosa\"}]},{\"@type\":\"WebSite\",\"@id\":\"https:\/\/babylove.se\/no\/#website\",\"url\":\"https:\/\/babylove.se\/no\/\",\"name\":\"Babylove Norska\",\"description\":\"\",\"potentialAction\":[{\"@type\":\"SearchAction\",\"target\":{\"@type\":\"EntryPoint\",\"urlTemplate\":\"https:\/\/babylove.se\/no\/?s={search_term_string}\"},\"query-input\":{\"@type\":\"PropertyValueSpecification\",\"valueRequired\":true,\"valueName\":\"search_term_string\"}}],\"inLanguage\":\"nb-NO\"}]}<\/script>\n<meta property=\"product:brand\" content=\"Atmosphera\" \/>\n<meta property=\"product:price:amount\" content=\"199.00\" \/>\n<meta property=\"product:price:currency\" content=\"SEK\" \/>\n<meta property=\"og:availability\" content=\"out of stock\" \/>\n<meta property=\"product:availability\" content=\"out of stock\" \/>\n<meta property=\"product:retailer_item_id\" content=\"127143A\" \/>\n<meta property=\"product:condition\" content=\"new\" \/>\n<!-- \/ Yoast SEO Premium plugin. -->","yoast_head_json":{"title":"Trepall rosa - Babylove Norska","robots":{"index":"noindex","follow":"follow","max-snippet":"max-snippet:-1","max-image-preview":"max-image-preview:large","max-video-preview":"max-video-preview:-1"},"og_locale":"nb_NO","og_type":"article","og_title":"Trepall rosa","og_description":"En fin og smart trekrakk for barnet som er meget behagelig \u00e5 sitte p\u00e5. Ditt barn vil garantert f\u00e5 mange gode stunder p\u00e5 denne stolen, hvor det kan sitte og pusle eller male s\u00e5 snart de \u00f8nsker det. Du monterer enkelt stolen for h\u00e5nd hjemme og vi vet at du vil finne en god plass [&hellip;]","og_url":"https:\/\/babylove.se\/no\/produkt\/trapall-rosa\/","og_site_name":"Babylove Norska","article_modified_time":"2026-04-08T11:59:04+00:00","og_image":[{"width":1200,"height":1200,"url":"https:\/\/babylove.se\/no\/wp-content\/uploads\/sites\/3\/2025\/07\/634fab6d8fa71.jpeg","type":"image\/jpeg"}],"twitter_card":"summary_large_image","twitter_misc":{"Price":"199,00&nbsp;&#107;&#114;","Availability":"Out of stock"},"schema":{"@context":"https:\/\/schema.org","@graph":[{"@type":"WebPage","@id":"https:\/\/babylove.se\/no\/produkt\/trapall-rosa\/","url":"https:\/\/babylove.se\/no\/produkt\/trapall-rosa\/","name":"Trepall rosa - Babylove Norska","isPartOf":{"@id":"https:\/\/babylove.se\/no\/#website"},"primaryImageOfPage":{"@id":"https:\/\/babylove.se\/no\/produkt\/trapall-rosa\/#primaryimage"},"image":{"@id":"https:\/\/babylove.se\/no\/produkt\/trapall-rosa\/#primaryimage"},"thumbnailUrl":"https:\/\/babylove.se\/no\/wp-content\/uploads\/sites\/3\/2025\/07\/634fab6d8fa71.jpeg","datePublished":"2025-07-19T09:31:02+00:00","dateModified":"2026-04-08T11:59:04+00:00","breadcrumb":{"@id":"https:\/\/babylove.se\/no\/produkt\/trapall-rosa\/#breadcrumb"},"inLanguage":"nb-NO","potentialAction":[{"@type":"ReadAction","target":["https:\/\/babylove.se\/no\/produkt\/trapall-rosa\/"]}]},{"@type":"ImageObject","inLanguage":"nb-NO","@id":"https:\/\/babylove.se\/no\/produkt\/trapall-rosa\/#primaryimage","url":"https:\/\/babylove.se\/no\/wp-content\/uploads\/sites\/3\/2025\/07\/634fab6d8fa71.jpeg","contentUrl":"https:\/\/babylove.se\/no\/wp-content\/uploads\/sites\/3\/2025\/07\/634fab6d8fa71.jpeg","width":1200,"height":1200},{"@type":"BreadcrumbList","@id":"https:\/\/babylove.se\/no\/produkt\/trapall-rosa\/#breadcrumb","itemListElement":[{"@type":"ListItem","position":1,"name":"Hem","item":"https:\/\/babylove.se\/no\/"},{"@type":"ListItem","position":2,"name":"Butik","item":"https:\/\/babylove.se\/no\/butik\/"},{"@type":"ListItem","position":3,"name":"Trepall rosa"}]},{"@type":"WebSite","@id":"https:\/\/babylove.se\/no\/#website","url":"https:\/\/babylove.se\/no\/","name":"Babylove Norska","description":"","potentialAction":[{"@type":"SearchAction","target":{"@type":"EntryPoint","urlTemplate":"https:\/\/babylove.se\/no\/?s={search_term_string}"},"query-input":{"@type":"PropertyValueSpecification","valueRequired":true,"valueName":"search_term_string"}}],"inLanguage":"nb-NO"}]},"product_brand":"Atmosphera","product_price_amount":"199.00","product_price_currency":"SEK","og_availability":"out of stock","product_availability":"out of stock","product_retailer_item_id":"127143A","product_condition":"new"},"_links":{"self":[{"href":"https:\/\/babylove.se\/no\/wp-json\/wp\/v2\/product\/46843","targetHints":{"allow":["GET"]}}],"collection":[{"href":"https:\/\/babylove.se\/no\/wp-json\/wp\/v2\/product"}],"about":[{"href":"https:\/\/babylove.se\/no\/wp-json\/wp\/v2\/types\/product"}],"replies":[{"embeddable":true,"href":"https:\/\/babylove.se\/no\/wp-json\/wp\/v2\/comments?post=46843"}],"wp:featuredmedia":[{"embeddable":true,"href":"https:\/\/babylove.se\/no\/wp-json\/wp\/v2\/media\/46845"}],"wp:attachment":[{"href":"https:\/\/babylove.se\/no\/wp-json\/wp\/v2\/media?parent=46843"}],"wp:term":[{"taxonomy":"product_brand","embeddable":true,"href":"https:\/\/babylove.se\/no\/wp-json\/wp\/v2\/product_brand?post=46843"},{"taxonomy":"product_cat","embeddable":true,"href":"https:\/\/babylove.se\/no\/wp-json\/wp\/v2\/product_cat?post=46843"},{"taxonomy":"product_tag","embeddable":true,"href":"https:\/\/babylove.se\/no\/wp-json\/wp\/v2\/product_tag?post=46843"}],"curies":[{"name":"wp","href":"https:\/\/api.w.org\/{rel}","templated":true}]}}