{"id":46852,"date":"2025-07-19T10:31:12","date_gmt":"2025-07-19T09:31:12","guid":{"rendered":"https:\/\/babylove.se\/produkt\/flatad-forvaringskorg-med-handtag-3-pack-vit\/"},"modified":"2026-04-08T12:59:10","modified_gmt":"2026-04-08T11:59:10","slug":"flatet-oppbevaringskurv-med-handtak-3-pack-hvit","status":"publish","type":"product","link":"https:\/\/babylove.se\/no\/produkt\/flatet-oppbevaringskurv-med-handtak-3-pack-hvit\/","title":{"rendered":"Flettet oppbevaringskurv med h\u00e5ndtak 3-pakk, hvit"},"content":{"rendered":"<p>S\u00f8te og praktiske flettede oppbevaringskurver som kommer til \u00e5 hjelpe deg med \u00e5 holde orden samtidig som du skaper en vakker barneroms-innredning. Perfekte til \u00e5 oppbevare barnets sm\u00e5ting, som penner eller samlebilder.&nbsp;<\/p>\n<p>Kommer i et fint sett med tre kurver. Du flytter enkelt rundt p\u00e5 dem ved hjelp av to praktiske h\u00e5ndtak.&nbsp;<\/p>\n<p><strong>M\u00e5l<\/strong>:&nbsp;<\/p>\n<ul>\n<li>Liten &#8211; Diameter: 19,5 cm H\u00f8yde: 13 cm.&nbsp;<\/li>\n<li>Mellom &#8211; Diameter: 22 cm H\u00f8yde: 16,5 cm.&nbsp;<\/li>\n<li>Stor &#8211; Diameter: 24 cm H\u00f8yde: 21 cm.&nbsp;<\/li>\n<\/ul>\n","protected":false},"excerpt":{"rendered":"<p>S\u00f8te og praktiske flettede oppbevaringskurver som kommer til \u00e5 hjelpe deg med \u00e5 holde orden samtidig som du skaper en vakker barneroms-innredning. Perfekte til \u00e5 oppbevare barnets sm\u00e5ting, som penner eller samlebilder.&nbsp; Kommer i et fint sett med tre kurver. Du flytter enkelt rundt p\u00e5 dem ved hjelp av to praktiske h\u00e5ndtak.&nbsp; M\u00e5l:&nbsp; Liten &#8211; [&hellip;]<\/p>\n","protected":false},"featured_media":46854,"comment_status":"closed","ping_status":"open","template":"","meta":{"_acf_changed":false},"product_brand":[972],"product_cat":[973,43],"product_tag":[],"class_list":{"0":"post-46852","1":"product","2":"type-product","3":"status-publish","4":"has-post-thumbnail","6":"product_brand-atmosphera","7":"product_cat-atmosphera","8":"product_cat-oppbevaringskurver","10":"first","11":"instock","12":"taxable","13":"shipping-taxable","14":"purchasable","15":"product-type-simple"},"acf":[],"yoast_head":"<!-- This site is optimized with the Yoast SEO Premium plugin v25.8 (Yoast SEO v27.2) - https:\/\/yoast.com\/product\/yoast-seo-premium-wordpress\/ -->\n<title>Flettet oppbevaringskurv med h\u00e5ndtak 3-pakk, hvit - Babylove Norska<\/title>\n<meta name=\"description\" content=\"Vackra f\u00f6rvaringskorgar kommer hj\u00e4lpa dig att h\u00e5lla ordning samtidigt som du skapar en vacker barnrumsinredning.\" \/>\n<meta name=\"robots\" content=\"noindex, follow, max-snippet:-1, max-image-preview:large, max-video-preview:-1\" \/>\n<meta property=\"og:locale\" content=\"nb_NO\" \/>\n<meta property=\"og:type\" content=\"article\" \/>\n<meta property=\"og:title\" content=\"Flettet oppbevaringskurv med h\u00e5ndtak 3-pakk, hvit\" \/>\n<meta property=\"og:description\" content=\"Vackra f\u00f6rvaringskorgar kommer hj\u00e4lpa dig att h\u00e5lla ordning samtidigt som du skapar en vacker barnrumsinredning.\" \/>\n<meta property=\"og:url\" content=\"https:\/\/babylove.se\/no\/produkt\/flatet-oppbevaringskurv-med-handtak-3-pack-hvit\/\" \/>\n<meta property=\"og:site_name\" content=\"Babylove Norska\" \/>\n<meta property=\"article:modified_time\" content=\"2026-04-08T11:59:10+00:00\" \/>\n<meta property=\"og:image\" content=\"https:\/\/babylove.se\/no\/wp-content\/uploads\/sites\/3\/2025\/07\/634faee1ab19f.jpeg\" \/>\n\t<meta property=\"og:image:width\" content=\"864\" \/>\n\t<meta property=\"og:image:height\" content=\"864\" \/>\n\t<meta property=\"og:image:type\" content=\"image\/jpeg\" \/>\n<meta name=\"twitter:card\" content=\"summary_large_image\" \/>\n<meta name=\"twitter:label1\" content=\"Price\" \/>\n\t<meta name=\"twitter:data1\" content=\"349,00&nbsp;&#107;&#114;\" \/>\n\t<meta name=\"twitter:label2\" content=\"Availability\" \/>\n\t<meta name=\"twitter:data2\" content=\"In stock\" \/>\n<script type=\"application\/ld+json\" class=\"yoast-schema-graph\">{\"@context\":\"https:\/\/schema.org\",\"@graph\":[{\"@type\":\"WebPage\",\"@id\":\"https:\/\/babylove.se\/no\/produkt\/flatet-oppbevaringskurv-med-handtak-3-pack-hvit\/\",\"url\":\"https:\/\/babylove.se\/no\/produkt\/flatet-oppbevaringskurv-med-handtak-3-pack-hvit\/\",\"name\":\"Flettet oppbevaringskurv med h\u00e5ndtak 3-pakk, hvit - Babylove Norska\",\"isPartOf\":{\"@id\":\"https:\/\/babylove.se\/no\/#website\"},\"primaryImageOfPage\":{\"@id\":\"https:\/\/babylove.se\/no\/produkt\/flatet-oppbevaringskurv-med-handtak-3-pack-hvit\/#primaryimage\"},\"image\":{\"@id\":\"https:\/\/babylove.se\/no\/produkt\/flatet-oppbevaringskurv-med-handtak-3-pack-hvit\/#primaryimage\"},\"thumbnailUrl\":\"https:\/\/babylove.se\/no\/wp-content\/uploads\/sites\/3\/2025\/07\/634faee1ab19f.jpeg\",\"datePublished\":\"2025-07-19T09:31:12+00:00\",\"dateModified\":\"2026-04-08T11:59:10+00:00\",\"description\":\"Vackra f\u00f6rvaringskorgar kommer hj\u00e4lpa dig att h\u00e5lla ordning samtidigt som du skapar en vacker barnrumsinredning.\",\"breadcrumb\":{\"@id\":\"https:\/\/babylove.se\/no\/produkt\/flatet-oppbevaringskurv-med-handtak-3-pack-hvit\/#breadcrumb\"},\"inLanguage\":\"nb-NO\",\"potentialAction\":[{\"@type\":\"ReadAction\",\"target\":[\"https:\/\/babylove.se\/no\/produkt\/flatet-oppbevaringskurv-med-handtak-3-pack-hvit\/\"]}]},{\"@type\":\"ImageObject\",\"inLanguage\":\"nb-NO\",\"@id\":\"https:\/\/babylove.se\/no\/produkt\/flatet-oppbevaringskurv-med-handtak-3-pack-hvit\/#primaryimage\",\"url\":\"https:\/\/babylove.se\/no\/wp-content\/uploads\/sites\/3\/2025\/07\/634faee1ab19f.jpeg\",\"contentUrl\":\"https:\/\/babylove.se\/no\/wp-content\/uploads\/sites\/3\/2025\/07\/634faee1ab19f.jpeg\",\"width\":864,\"height\":864},{\"@type\":\"BreadcrumbList\",\"@id\":\"https:\/\/babylove.se\/no\/produkt\/flatet-oppbevaringskurv-med-handtak-3-pack-hvit\/#breadcrumb\",\"itemListElement\":[{\"@type\":\"ListItem\",\"position\":1,\"name\":\"Hem\",\"item\":\"https:\/\/babylove.se\/no\/\"},{\"@type\":\"ListItem\",\"position\":2,\"name\":\"Butik\",\"item\":\"https:\/\/babylove.se\/no\/butik\/\"},{\"@type\":\"ListItem\",\"position\":3,\"name\":\"Flettet oppbevaringskurv med h\u00e5ndtak 3-pakk, hvit\"}]},{\"@type\":\"WebSite\",\"@id\":\"https:\/\/babylove.se\/no\/#website\",\"url\":\"https:\/\/babylove.se\/no\/\",\"name\":\"Babylove Norska\",\"description\":\"\",\"potentialAction\":[{\"@type\":\"SearchAction\",\"target\":{\"@type\":\"EntryPoint\",\"urlTemplate\":\"https:\/\/babylove.se\/no\/?s={search_term_string}\"},\"query-input\":{\"@type\":\"PropertyValueSpecification\",\"valueRequired\":true,\"valueName\":\"search_term_string\"}}],\"inLanguage\":\"nb-NO\"}]}<\/script>\n<meta property=\"product:brand\" content=\"Atmosphera\" \/>\n<meta property=\"product:price:amount\" content=\"349.00\" \/>\n<meta property=\"product:price:currency\" content=\"SEK\" \/>\n<meta property=\"og:availability\" content=\"instock\" \/>\n<meta property=\"product:availability\" content=\"instock\" \/>\n<meta property=\"product:retailer_item_id\" content=\"127259\" \/>\n<meta property=\"product:condition\" content=\"new\" \/>\n<!-- \/ Yoast SEO Premium plugin. -->","yoast_head_json":{"title":"Flettet oppbevaringskurv med h\u00e5ndtak 3-pakk, hvit - Babylove Norska","description":"Vackra f\u00f6rvaringskorgar kommer hj\u00e4lpa dig att h\u00e5lla ordning samtidigt som du skapar en vacker barnrumsinredning.","robots":{"index":"noindex","follow":"follow","max-snippet":"max-snippet:-1","max-image-preview":"max-image-preview:large","max-video-preview":"max-video-preview:-1"},"og_locale":"nb_NO","og_type":"article","og_title":"Flettet oppbevaringskurv med h\u00e5ndtak 3-pakk, hvit","og_description":"Vackra f\u00f6rvaringskorgar kommer hj\u00e4lpa dig att h\u00e5lla ordning samtidigt som du skapar en vacker barnrumsinredning.","og_url":"https:\/\/babylove.se\/no\/produkt\/flatet-oppbevaringskurv-med-handtak-3-pack-hvit\/","og_site_name":"Babylove Norska","article_modified_time":"2026-04-08T11:59:10+00:00","og_image":[{"width":864,"height":864,"url":"https:\/\/babylove.se\/no\/wp-content\/uploads\/sites\/3\/2025\/07\/634faee1ab19f.jpeg","type":"image\/jpeg"}],"twitter_card":"summary_large_image","twitter_misc":{"Price":"349,00&nbsp;&#107;&#114;","Availability":"In stock"},"schema":{"@context":"https:\/\/schema.org","@graph":[{"@type":"WebPage","@id":"https:\/\/babylove.se\/no\/produkt\/flatet-oppbevaringskurv-med-handtak-3-pack-hvit\/","url":"https:\/\/babylove.se\/no\/produkt\/flatet-oppbevaringskurv-med-handtak-3-pack-hvit\/","name":"Flettet oppbevaringskurv med h\u00e5ndtak 3-pakk, hvit - Babylove Norska","isPartOf":{"@id":"https:\/\/babylove.se\/no\/#website"},"primaryImageOfPage":{"@id":"https:\/\/babylove.se\/no\/produkt\/flatet-oppbevaringskurv-med-handtak-3-pack-hvit\/#primaryimage"},"image":{"@id":"https:\/\/babylove.se\/no\/produkt\/flatet-oppbevaringskurv-med-handtak-3-pack-hvit\/#primaryimage"},"thumbnailUrl":"https:\/\/babylove.se\/no\/wp-content\/uploads\/sites\/3\/2025\/07\/634faee1ab19f.jpeg","datePublished":"2025-07-19T09:31:12+00:00","dateModified":"2026-04-08T11:59:10+00:00","description":"Vackra f\u00f6rvaringskorgar kommer hj\u00e4lpa dig att h\u00e5lla ordning samtidigt som du skapar en vacker barnrumsinredning.","breadcrumb":{"@id":"https:\/\/babylove.se\/no\/produkt\/flatet-oppbevaringskurv-med-handtak-3-pack-hvit\/#breadcrumb"},"inLanguage":"nb-NO","potentialAction":[{"@type":"ReadAction","target":["https:\/\/babylove.se\/no\/produkt\/flatet-oppbevaringskurv-med-handtak-3-pack-hvit\/"]}]},{"@type":"ImageObject","inLanguage":"nb-NO","@id":"https:\/\/babylove.se\/no\/produkt\/flatet-oppbevaringskurv-med-handtak-3-pack-hvit\/#primaryimage","url":"https:\/\/babylove.se\/no\/wp-content\/uploads\/sites\/3\/2025\/07\/634faee1ab19f.jpeg","contentUrl":"https:\/\/babylove.se\/no\/wp-content\/uploads\/sites\/3\/2025\/07\/634faee1ab19f.jpeg","width":864,"height":864},{"@type":"BreadcrumbList","@id":"https:\/\/babylove.se\/no\/produkt\/flatet-oppbevaringskurv-med-handtak-3-pack-hvit\/#breadcrumb","itemListElement":[{"@type":"ListItem","position":1,"name":"Hem","item":"https:\/\/babylove.se\/no\/"},{"@type":"ListItem","position":2,"name":"Butik","item":"https:\/\/babylove.se\/no\/butik\/"},{"@type":"ListItem","position":3,"name":"Flettet oppbevaringskurv med h\u00e5ndtak 3-pakk, hvit"}]},{"@type":"WebSite","@id":"https:\/\/babylove.se\/no\/#website","url":"https:\/\/babylove.se\/no\/","name":"Babylove Norska","description":"","potentialAction":[{"@type":"SearchAction","target":{"@type":"EntryPoint","urlTemplate":"https:\/\/babylove.se\/no\/?s={search_term_string}"},"query-input":{"@type":"PropertyValueSpecification","valueRequired":true,"valueName":"search_term_string"}}],"inLanguage":"nb-NO"}]},"product_brand":"Atmosphera","product_price_amount":"349.00","product_price_currency":"SEK","og_availability":"instock","product_availability":"instock","product_retailer_item_id":"127259","product_condition":"new"},"_links":{"self":[{"href":"https:\/\/babylove.se\/no\/wp-json\/wp\/v2\/product\/46852","targetHints":{"allow":["GET"]}}],"collection":[{"href":"https:\/\/babylove.se\/no\/wp-json\/wp\/v2\/product"}],"about":[{"href":"https:\/\/babylove.se\/no\/wp-json\/wp\/v2\/types\/product"}],"replies":[{"embeddable":true,"href":"https:\/\/babylove.se\/no\/wp-json\/wp\/v2\/comments?post=46852"}],"wp:featuredmedia":[{"embeddable":true,"href":"https:\/\/babylove.se\/no\/wp-json\/wp\/v2\/media\/46854"}],"wp:attachment":[{"href":"https:\/\/babylove.se\/no\/wp-json\/wp\/v2\/media?parent=46852"}],"wp:term":[{"taxonomy":"product_brand","embeddable":true,"href":"https:\/\/babylove.se\/no\/wp-json\/wp\/v2\/product_brand?post=46852"},{"taxonomy":"product_cat","embeddable":true,"href":"https:\/\/babylove.se\/no\/wp-json\/wp\/v2\/product_cat?post=46852"},{"taxonomy":"product_tag","embeddable":true,"href":"https:\/\/babylove.se\/no\/wp-json\/wp\/v2\/product_tag?post=46852"}],"curies":[{"name":"wp","href":"https:\/\/api.w.org\/{rel}","templated":true}]}}