{"id":46878,"date":"2025-07-19T10:31:25","date_gmt":"2025-07-19T09:31:25","guid":{"rendered":"https:\/\/babylove.se\/produkt\/blagra-kudde-stjarna\/"},"modified":"2026-04-08T12:59:27","modified_gmt":"2026-04-08T11:59:27","slug":"bla-gra-pute-stjerne","status":"publish","type":"product","link":"https:\/\/babylove.se\/no\/produkt\/bla-gra-pute-stjerne\/","title":{"rendered":"Bl\u00e5gr\u00e5 pute, stjerne"},"content":{"rendered":"<p>En vidunderlig vakker og fin pute i form av en urtullete stjerne.&nbsp;<\/p>\n<p>En fantastisk skapelse laget av en n\u00f8ye utvalgt og sv\u00e6rt myk bomull. Den vakre utf\u00f8relsen er \u00e9n ting, men de vidunderlige materialvalgene gj\u00f8r den ogs\u00e5 til en klemfavoritt hos barna. Hvis du bare skal kj\u00f8pe ett innredningsprodukt til barnerommet, er dette det du skal kj\u00f8pe!&nbsp;<\/p>\n<p><strong>M\u00e5l<\/strong>: 40 x 40 cm&nbsp;<\/p>\n<p><strong>Materiale<\/strong>: Bomull og polyester.<\/p>\n","protected":false},"excerpt":{"rendered":"<p>En vidunderlig vakker og fin pute i form av en urtullete stjerne.&nbsp; En fantastisk skapelse laget av en n\u00f8ye utvalgt og sv\u00e6rt myk bomull. Den vakre utf\u00f8relsen er \u00e9n ting, men de vidunderlige materialvalgene gj\u00f8r den ogs\u00e5 til en klemfavoritt hos barna. Hvis du bare skal kj\u00f8pe ett innredningsprodukt til barnerommet, er dette det du [&hellip;]<\/p>\n","protected":false},"featured_media":46880,"comment_status":"closed","ping_status":"open","template":"","meta":{"_acf_changed":false},"product_brand":[972],"product_cat":[973,105,40],"product_tag":[],"class_list":{"0":"post-46878","1":"product","2":"type-product","3":"status-publish","4":"has-post-thumbnail","6":"product_brand-atmosphera","7":"product_cat-atmosphera","8":"product_cat-puter","9":"product_cat-soverom-barn","11":"first","12":"outofstock","13":"taxable","14":"shipping-taxable","15":"purchasable","16":"product-type-simple"},"acf":[],"yoast_head":"<!-- This site is optimized with the Yoast SEO Premium plugin v25.8 (Yoast SEO v27.2) - https:\/\/yoast.com\/product\/yoast-seo-premium-wordpress\/ -->\n<title>Bl\u00e5gr\u00e5 pute, stjerne - Babylove Norska<\/title>\n<meta name=\"robots\" content=\"noindex, follow, max-snippet:-1, max-image-preview:large, max-video-preview:-1\" \/>\n<meta property=\"og:locale\" content=\"nb_NO\" \/>\n<meta property=\"og:type\" content=\"article\" \/>\n<meta property=\"og:title\" content=\"Bl\u00e5gr\u00e5 pute, stjerne\" \/>\n<meta property=\"og:description\" content=\"En vidunderlig vakker og fin pute i form av en urtullete stjerne.&nbsp; En fantastisk skapelse laget av en n\u00f8ye utvalgt og sv\u00e6rt myk bomull. Den vakre utf\u00f8relsen er \u00e9n ting, men de vidunderlige materialvalgene gj\u00f8r den ogs\u00e5 til en klemfavoritt hos barna. Hvis du bare skal kj\u00f8pe ett innredningsprodukt til barnerommet, er dette det du [&hellip;]\" \/>\n<meta property=\"og:url\" content=\"https:\/\/babylove.se\/no\/produkt\/bla-gra-pute-stjerne\/\" \/>\n<meta property=\"og:site_name\" content=\"Babylove Norska\" \/>\n<meta property=\"article:modified_time\" content=\"2026-04-08T11:59:27+00:00\" \/>\n<meta property=\"og:image\" content=\"https:\/\/babylove.se\/no\/wp-content\/uploads\/sites\/3\/2025\/07\/634fbd1b8e395.jpeg\" \/>\n\t<meta property=\"og:image:width\" content=\"600\" \/>\n\t<meta property=\"og:image:height\" content=\"600\" \/>\n\t<meta property=\"og:image:type\" content=\"image\/jpeg\" \/>\n<meta name=\"twitter:card\" content=\"summary_large_image\" \/>\n<meta name=\"twitter:label1\" content=\"Price\" \/>\n\t<meta name=\"twitter:data1\" content=\"199,00&nbsp;&#107;&#114;\" \/>\n\t<meta name=\"twitter:label2\" content=\"Availability\" \/>\n\t<meta name=\"twitter:data2\" content=\"Out of stock\" \/>\n<script type=\"application\/ld+json\" class=\"yoast-schema-graph\">{\"@context\":\"https:\/\/schema.org\",\"@graph\":[{\"@type\":\"WebPage\",\"@id\":\"https:\/\/babylove.se\/no\/produkt\/bla-gra-pute-stjerne\/\",\"url\":\"https:\/\/babylove.se\/no\/produkt\/bla-gra-pute-stjerne\/\",\"name\":\"Bl\u00e5gr\u00e5 pute, stjerne - Babylove Norska\",\"isPartOf\":{\"@id\":\"https:\/\/babylove.se\/no\/#website\"},\"primaryImageOfPage\":{\"@id\":\"https:\/\/babylove.se\/no\/produkt\/bla-gra-pute-stjerne\/#primaryimage\"},\"image\":{\"@id\":\"https:\/\/babylove.se\/no\/produkt\/bla-gra-pute-stjerne\/#primaryimage\"},\"thumbnailUrl\":\"https:\/\/babylove.se\/no\/wp-content\/uploads\/sites\/3\/2025\/07\/634fbd1b8e395.jpeg\",\"datePublished\":\"2025-07-19T09:31:25+00:00\",\"dateModified\":\"2026-04-08T11:59:27+00:00\",\"breadcrumb\":{\"@id\":\"https:\/\/babylove.se\/no\/produkt\/bla-gra-pute-stjerne\/#breadcrumb\"},\"inLanguage\":\"nb-NO\",\"potentialAction\":[{\"@type\":\"ReadAction\",\"target\":[\"https:\/\/babylove.se\/no\/produkt\/bla-gra-pute-stjerne\/\"]}]},{\"@type\":\"ImageObject\",\"inLanguage\":\"nb-NO\",\"@id\":\"https:\/\/babylove.se\/no\/produkt\/bla-gra-pute-stjerne\/#primaryimage\",\"url\":\"https:\/\/babylove.se\/no\/wp-content\/uploads\/sites\/3\/2025\/07\/634fbd1b8e395.jpeg\",\"contentUrl\":\"https:\/\/babylove.se\/no\/wp-content\/uploads\/sites\/3\/2025\/07\/634fbd1b8e395.jpeg\",\"width\":600,\"height\":600},{\"@type\":\"BreadcrumbList\",\"@id\":\"https:\/\/babylove.se\/no\/produkt\/bla-gra-pute-stjerne\/#breadcrumb\",\"itemListElement\":[{\"@type\":\"ListItem\",\"position\":1,\"name\":\"Hem\",\"item\":\"https:\/\/babylove.se\/no\/\"},{\"@type\":\"ListItem\",\"position\":2,\"name\":\"Butik\",\"item\":\"https:\/\/babylove.se\/no\/butik\/\"},{\"@type\":\"ListItem\",\"position\":3,\"name\":\"Bl\u00e5gr\u00e5 pute, stjerne\"}]},{\"@type\":\"WebSite\",\"@id\":\"https:\/\/babylove.se\/no\/#website\",\"url\":\"https:\/\/babylove.se\/no\/\",\"name\":\"Babylove Norska\",\"description\":\"\",\"potentialAction\":[{\"@type\":\"SearchAction\",\"target\":{\"@type\":\"EntryPoint\",\"urlTemplate\":\"https:\/\/babylove.se\/no\/?s={search_term_string}\"},\"query-input\":{\"@type\":\"PropertyValueSpecification\",\"valueRequired\":true,\"valueName\":\"search_term_string\"}}],\"inLanguage\":\"nb-NO\"}]}<\/script>\n<meta property=\"product:brand\" content=\"Atmosphera\" \/>\n<meta property=\"product:price:amount\" content=\"199.00\" \/>\n<meta property=\"product:price:currency\" content=\"SEK\" \/>\n<meta property=\"og:availability\" content=\"out of stock\" \/>\n<meta property=\"product:availability\" content=\"out of stock\" \/>\n<meta property=\"product:retailer_item_id\" content=\"174199B\" \/>\n<meta property=\"product:condition\" content=\"new\" \/>\n<!-- \/ Yoast SEO Premium plugin. -->","yoast_head_json":{"title":"Bl\u00e5gr\u00e5 pute, stjerne - Babylove Norska","robots":{"index":"noindex","follow":"follow","max-snippet":"max-snippet:-1","max-image-preview":"max-image-preview:large","max-video-preview":"max-video-preview:-1"},"og_locale":"nb_NO","og_type":"article","og_title":"Bl\u00e5gr\u00e5 pute, stjerne","og_description":"En vidunderlig vakker og fin pute i form av en urtullete stjerne.&nbsp; En fantastisk skapelse laget av en n\u00f8ye utvalgt og sv\u00e6rt myk bomull. Den vakre utf\u00f8relsen er \u00e9n ting, men de vidunderlige materialvalgene gj\u00f8r den ogs\u00e5 til en klemfavoritt hos barna. Hvis du bare skal kj\u00f8pe ett innredningsprodukt til barnerommet, er dette det du [&hellip;]","og_url":"https:\/\/babylove.se\/no\/produkt\/bla-gra-pute-stjerne\/","og_site_name":"Babylove Norska","article_modified_time":"2026-04-08T11:59:27+00:00","og_image":[{"width":600,"height":600,"url":"https:\/\/babylove.se\/no\/wp-content\/uploads\/sites\/3\/2025\/07\/634fbd1b8e395.jpeg","type":"image\/jpeg"}],"twitter_card":"summary_large_image","twitter_misc":{"Price":"199,00&nbsp;&#107;&#114;","Availability":"Out of stock"},"schema":{"@context":"https:\/\/schema.org","@graph":[{"@type":"WebPage","@id":"https:\/\/babylove.se\/no\/produkt\/bla-gra-pute-stjerne\/","url":"https:\/\/babylove.se\/no\/produkt\/bla-gra-pute-stjerne\/","name":"Bl\u00e5gr\u00e5 pute, stjerne - Babylove Norska","isPartOf":{"@id":"https:\/\/babylove.se\/no\/#website"},"primaryImageOfPage":{"@id":"https:\/\/babylove.se\/no\/produkt\/bla-gra-pute-stjerne\/#primaryimage"},"image":{"@id":"https:\/\/babylove.se\/no\/produkt\/bla-gra-pute-stjerne\/#primaryimage"},"thumbnailUrl":"https:\/\/babylove.se\/no\/wp-content\/uploads\/sites\/3\/2025\/07\/634fbd1b8e395.jpeg","datePublished":"2025-07-19T09:31:25+00:00","dateModified":"2026-04-08T11:59:27+00:00","breadcrumb":{"@id":"https:\/\/babylove.se\/no\/produkt\/bla-gra-pute-stjerne\/#breadcrumb"},"inLanguage":"nb-NO","potentialAction":[{"@type":"ReadAction","target":["https:\/\/babylove.se\/no\/produkt\/bla-gra-pute-stjerne\/"]}]},{"@type":"ImageObject","inLanguage":"nb-NO","@id":"https:\/\/babylove.se\/no\/produkt\/bla-gra-pute-stjerne\/#primaryimage","url":"https:\/\/babylove.se\/no\/wp-content\/uploads\/sites\/3\/2025\/07\/634fbd1b8e395.jpeg","contentUrl":"https:\/\/babylove.se\/no\/wp-content\/uploads\/sites\/3\/2025\/07\/634fbd1b8e395.jpeg","width":600,"height":600},{"@type":"BreadcrumbList","@id":"https:\/\/babylove.se\/no\/produkt\/bla-gra-pute-stjerne\/#breadcrumb","itemListElement":[{"@type":"ListItem","position":1,"name":"Hem","item":"https:\/\/babylove.se\/no\/"},{"@type":"ListItem","position":2,"name":"Butik","item":"https:\/\/babylove.se\/no\/butik\/"},{"@type":"ListItem","position":3,"name":"Bl\u00e5gr\u00e5 pute, stjerne"}]},{"@type":"WebSite","@id":"https:\/\/babylove.se\/no\/#website","url":"https:\/\/babylove.se\/no\/","name":"Babylove Norska","description":"","potentialAction":[{"@type":"SearchAction","target":{"@type":"EntryPoint","urlTemplate":"https:\/\/babylove.se\/no\/?s={search_term_string}"},"query-input":{"@type":"PropertyValueSpecification","valueRequired":true,"valueName":"search_term_string"}}],"inLanguage":"nb-NO"}]},"product_brand":"Atmosphera","product_price_amount":"199.00","product_price_currency":"SEK","og_availability":"out of stock","product_availability":"out of stock","product_retailer_item_id":"174199B","product_condition":"new"},"_links":{"self":[{"href":"https:\/\/babylove.se\/no\/wp-json\/wp\/v2\/product\/46878","targetHints":{"allow":["GET"]}}],"collection":[{"href":"https:\/\/babylove.se\/no\/wp-json\/wp\/v2\/product"}],"about":[{"href":"https:\/\/babylove.se\/no\/wp-json\/wp\/v2\/types\/product"}],"replies":[{"embeddable":true,"href":"https:\/\/babylove.se\/no\/wp-json\/wp\/v2\/comments?post=46878"}],"wp:featuredmedia":[{"embeddable":true,"href":"https:\/\/babylove.se\/no\/wp-json\/wp\/v2\/media\/46880"}],"wp:attachment":[{"href":"https:\/\/babylove.se\/no\/wp-json\/wp\/v2\/media?parent=46878"}],"wp:term":[{"taxonomy":"product_brand","embeddable":true,"href":"https:\/\/babylove.se\/no\/wp-json\/wp\/v2\/product_brand?post=46878"},{"taxonomy":"product_cat","embeddable":true,"href":"https:\/\/babylove.se\/no\/wp-json\/wp\/v2\/product_cat?post=46878"},{"taxonomy":"product_tag","embeddable":true,"href":"https:\/\/babylove.se\/no\/wp-json\/wp\/v2\/product_tag?post=46878"}],"curies":[{"name":"wp","href":"https:\/\/api.w.org\/{rel}","templated":true}]}}