{"id":4693,"date":"2025-07-18T20:24:34","date_gmt":"2025-07-18T19:24:34","guid":{"rendered":"https:\/\/babylove.se\/produkt\/little-bunny-kaninspegel-till-barnrummet\/"},"modified":"2026-04-08T08:10:22","modified_gmt":"2026-04-08T07:10:22","slug":"lille-kanin-kaninspeil-til-barnerommet","status":"publish","type":"product","link":"https:\/\/babylove.se\/no\/produkt\/lille-kanin-kaninspeil-til-barnerommet\/","title":{"rendered":"Little Bunny, kaninspeil til barnerommet"},"content":{"rendered":"<p><strong>Little Bunny, kaninspeil til barnerommet<\/strong><\/p>\n<p>Et vakkert speil i form av en kanin laget av akryl, innfelt i en treplate for holdbarhet. Speil, speil p\u00e5 veggen der&#8230;. En vakker dekorasjon i barnerommet.&nbsp;<\/p>\n<p>Disse speilene er laget av akryl, og er derfor b\u00e5de lette og bruddsikre, og passer derfor perfekt p\u00e5 et barnerom.<\/p>\n<p>Enkelt \u00e5 henge opp p\u00e5 veggen.<\/p>\n<p><strong>M\u00e5l<\/strong>: H\u00f8yde 38 cm og bredde 24 cm.<\/p>\n<p><strong>Materiale<\/strong>: Akryl<\/p>\n<p>Produsert i EU.<\/p>\n<p><\/p>\n","protected":false},"excerpt":{"rendered":"<p>Little Bunny, kaninspeil til barnerommet Et vakkert speil i form av en kanin laget av akryl, innfelt i en treplate for holdbarhet. Speil, speil p\u00e5 veggen der&#8230;. En vakker dekorasjon i barnerommet.&nbsp; Disse speilene er laget av akryl, og er derfor b\u00e5de lette og bruddsikre, og passer derfor perfekt p\u00e5 et barnerom. Enkelt \u00e5 henge [&hellip;]<\/p>\n","protected":false},"featured_media":4695,"comment_status":"closed","ping_status":"open","template":"","meta":{"_acf_changed":false},"product_brand":[261],"product_cat":[102,70,26,25],"product_tag":[1689],"class_list":{"0":"post-4693","1":"product","2":"type-product","3":"status-publish","4":"has-post-thumbnail","6":"product_brand-ohh-mami","7":"product_cat-barnspeil","8":"product_cat-gaver","9":"product_cat-kjop-produkter-som-ikke-bare-er-for-gutter","10":"product_cat-ikke-bare-jenter","11":"product_tag-bestillingsvaror","13":"first","14":"instock","15":"taxable","16":"shipping-taxable","17":"purchasable","18":"product-type-simple"},"acf":[],"yoast_head":"<!-- This site is optimized with the Yoast SEO Premium plugin v25.8 (Yoast SEO v27.2) - https:\/\/yoast.com\/product\/yoast-seo-premium-wordpress\/ -->\n<title>Little Bunny, kaninspeil til barnerommet - Babylove Norska<\/title>\n<meta name=\"description\" content=\"En vacker spegel i form av en kanin gjord av akryl, inf\u00e4llt i en tr\u00e4skiva f\u00f6r t\u00e5lbarhet. Enkel att h\u00e4nga upp p\u00e5 v\u00e4ggen - skickas inom 24 timmar !\" \/>\n<meta name=\"robots\" content=\"noindex, follow, max-snippet:-1, max-image-preview:large, max-video-preview:-1\" \/>\n<meta property=\"og:locale\" content=\"nb_NO\" \/>\n<meta property=\"og:type\" content=\"article\" \/>\n<meta property=\"og:title\" content=\"Little Bunny, kaninspeil til barnerommet\" \/>\n<meta property=\"og:description\" content=\"En vacker spegel i form av en kanin gjord av akryl, inf\u00e4llt i en tr\u00e4skiva f\u00f6r t\u00e5lbarhet. Enkel att h\u00e4nga upp p\u00e5 v\u00e4ggen - skickas inom 24 timmar !\" \/>\n<meta property=\"og:url\" content=\"https:\/\/babylove.se\/no\/produkt\/lille-kanin-kaninspeil-til-barnerommet\/\" \/>\n<meta property=\"og:site_name\" content=\"Babylove Norska\" \/>\n<meta property=\"article:modified_time\" content=\"2026-04-08T07:10:22+00:00\" \/>\n<meta property=\"og:image\" content=\"https:\/\/babylove.se\/no\/wp-content\/uploads\/sites\/3\/2025\/07\/59d5f0895441b.jpeg\" \/>\n\t<meta property=\"og:image:width\" content=\"750\" \/>\n\t<meta property=\"og:image:height\" content=\"750\" \/>\n\t<meta property=\"og:image:type\" content=\"image\/jpeg\" \/>\n<meta name=\"twitter:card\" content=\"summary_large_image\" \/>\n<meta name=\"twitter:label1\" content=\"Price\" \/>\n\t<meta name=\"twitter:data1\" content=\"599,00&nbsp;&#107;&#114;\" \/>\n\t<meta name=\"twitter:label2\" content=\"Availability\" \/>\n\t<meta name=\"twitter:data2\" content=\"In stock\" \/>\n<script type=\"application\/ld+json\" class=\"yoast-schema-graph\">{\"@context\":\"https:\/\/schema.org\",\"@graph\":[{\"@type\":\"WebPage\",\"@id\":\"https:\/\/babylove.se\/no\/produkt\/lille-kanin-kaninspeil-til-barnerommet\/\",\"url\":\"https:\/\/babylove.se\/no\/produkt\/lille-kanin-kaninspeil-til-barnerommet\/\",\"name\":\"Little Bunny, kaninspeil til barnerommet - Babylove Norska\",\"isPartOf\":{\"@id\":\"https:\/\/babylove.se\/no\/#website\"},\"primaryImageOfPage\":{\"@id\":\"https:\/\/babylove.se\/no\/produkt\/lille-kanin-kaninspeil-til-barnerommet\/#primaryimage\"},\"image\":{\"@id\":\"https:\/\/babylove.se\/no\/produkt\/lille-kanin-kaninspeil-til-barnerommet\/#primaryimage\"},\"thumbnailUrl\":\"https:\/\/babylove.se\/no\/wp-content\/uploads\/sites\/3\/2025\/07\/59d5f0895441b.jpeg\",\"datePublished\":\"2025-07-18T19:24:34+00:00\",\"dateModified\":\"2026-04-08T07:10:22+00:00\",\"description\":\"En vacker spegel i form av en kanin gjord av akryl, inf\u00e4llt i en tr\u00e4skiva f\u00f6r t\u00e5lbarhet. Enkel att h\u00e4nga upp p\u00e5 v\u00e4ggen - skickas inom 24 timmar !\",\"breadcrumb\":{\"@id\":\"https:\/\/babylove.se\/no\/produkt\/lille-kanin-kaninspeil-til-barnerommet\/#breadcrumb\"},\"inLanguage\":\"nb-NO\",\"potentialAction\":[{\"@type\":\"ReadAction\",\"target\":[\"https:\/\/babylove.se\/no\/produkt\/lille-kanin-kaninspeil-til-barnerommet\/\"]}]},{\"@type\":\"ImageObject\",\"inLanguage\":\"nb-NO\",\"@id\":\"https:\/\/babylove.se\/no\/produkt\/lille-kanin-kaninspeil-til-barnerommet\/#primaryimage\",\"url\":\"https:\/\/babylove.se\/no\/wp-content\/uploads\/sites\/3\/2025\/07\/59d5f0895441b.jpeg\",\"contentUrl\":\"https:\/\/babylove.se\/no\/wp-content\/uploads\/sites\/3\/2025\/07\/59d5f0895441b.jpeg\",\"width\":750,\"height\":750},{\"@type\":\"BreadcrumbList\",\"@id\":\"https:\/\/babylove.se\/no\/produkt\/lille-kanin-kaninspeil-til-barnerommet\/#breadcrumb\",\"itemListElement\":[{\"@type\":\"ListItem\",\"position\":1,\"name\":\"Hem\",\"item\":\"https:\/\/babylove.se\/no\/\"},{\"@type\":\"ListItem\",\"position\":2,\"name\":\"Butik\",\"item\":\"https:\/\/babylove.se\/no\/butik\/\"},{\"@type\":\"ListItem\",\"position\":3,\"name\":\"Little Bunny, kaninspeil til barnerommet\"}]},{\"@type\":\"WebSite\",\"@id\":\"https:\/\/babylove.se\/no\/#website\",\"url\":\"https:\/\/babylove.se\/no\/\",\"name\":\"Babylove Norska\",\"description\":\"\",\"potentialAction\":[{\"@type\":\"SearchAction\",\"target\":{\"@type\":\"EntryPoint\",\"urlTemplate\":\"https:\/\/babylove.se\/no\/?s={search_term_string}\"},\"query-input\":{\"@type\":\"PropertyValueSpecification\",\"valueRequired\":true,\"valueName\":\"search_term_string\"}}],\"inLanguage\":\"nb-NO\"}]}<\/script>\n<meta property=\"product:brand\" content=\"Ohh Mami\" \/>\n<meta property=\"product:price:amount\" content=\"599.00\" \/>\n<meta property=\"product:price:currency\" content=\"SEK\" \/>\n<meta property=\"og:availability\" content=\"instock\" \/>\n<meta property=\"product:availability\" content=\"instock\" \/>\n<meta property=\"product:retailer_item_id\" content=\"1458\" \/>\n<meta property=\"product:condition\" content=\"new\" \/>\n<!-- \/ Yoast SEO Premium plugin. -->","yoast_head_json":{"title":"Little Bunny, kaninspeil til barnerommet - Babylove Norska","description":"En vacker spegel i form av en kanin gjord av akryl, inf\u00e4llt i en tr\u00e4skiva f\u00f6r t\u00e5lbarhet. Enkel att h\u00e4nga upp p\u00e5 v\u00e4ggen - skickas inom 24 timmar !","robots":{"index":"noindex","follow":"follow","max-snippet":"max-snippet:-1","max-image-preview":"max-image-preview:large","max-video-preview":"max-video-preview:-1"},"og_locale":"nb_NO","og_type":"article","og_title":"Little Bunny, kaninspeil til barnerommet","og_description":"En vacker spegel i form av en kanin gjord av akryl, inf\u00e4llt i en tr\u00e4skiva f\u00f6r t\u00e5lbarhet. Enkel att h\u00e4nga upp p\u00e5 v\u00e4ggen - skickas inom 24 timmar !","og_url":"https:\/\/babylove.se\/no\/produkt\/lille-kanin-kaninspeil-til-barnerommet\/","og_site_name":"Babylove Norska","article_modified_time":"2026-04-08T07:10:22+00:00","og_image":[{"width":750,"height":750,"url":"https:\/\/babylove.se\/no\/wp-content\/uploads\/sites\/3\/2025\/07\/59d5f0895441b.jpeg","type":"image\/jpeg"}],"twitter_card":"summary_large_image","twitter_misc":{"Price":"599,00&nbsp;&#107;&#114;","Availability":"In stock"},"schema":{"@context":"https:\/\/schema.org","@graph":[{"@type":"WebPage","@id":"https:\/\/babylove.se\/no\/produkt\/lille-kanin-kaninspeil-til-barnerommet\/","url":"https:\/\/babylove.se\/no\/produkt\/lille-kanin-kaninspeil-til-barnerommet\/","name":"Little Bunny, kaninspeil til barnerommet - Babylove Norska","isPartOf":{"@id":"https:\/\/babylove.se\/no\/#website"},"primaryImageOfPage":{"@id":"https:\/\/babylove.se\/no\/produkt\/lille-kanin-kaninspeil-til-barnerommet\/#primaryimage"},"image":{"@id":"https:\/\/babylove.se\/no\/produkt\/lille-kanin-kaninspeil-til-barnerommet\/#primaryimage"},"thumbnailUrl":"https:\/\/babylove.se\/no\/wp-content\/uploads\/sites\/3\/2025\/07\/59d5f0895441b.jpeg","datePublished":"2025-07-18T19:24:34+00:00","dateModified":"2026-04-08T07:10:22+00:00","description":"En vacker spegel i form av en kanin gjord av akryl, inf\u00e4llt i en tr\u00e4skiva f\u00f6r t\u00e5lbarhet. Enkel att h\u00e4nga upp p\u00e5 v\u00e4ggen - skickas inom 24 timmar !","breadcrumb":{"@id":"https:\/\/babylove.se\/no\/produkt\/lille-kanin-kaninspeil-til-barnerommet\/#breadcrumb"},"inLanguage":"nb-NO","potentialAction":[{"@type":"ReadAction","target":["https:\/\/babylove.se\/no\/produkt\/lille-kanin-kaninspeil-til-barnerommet\/"]}]},{"@type":"ImageObject","inLanguage":"nb-NO","@id":"https:\/\/babylove.se\/no\/produkt\/lille-kanin-kaninspeil-til-barnerommet\/#primaryimage","url":"https:\/\/babylove.se\/no\/wp-content\/uploads\/sites\/3\/2025\/07\/59d5f0895441b.jpeg","contentUrl":"https:\/\/babylove.se\/no\/wp-content\/uploads\/sites\/3\/2025\/07\/59d5f0895441b.jpeg","width":750,"height":750},{"@type":"BreadcrumbList","@id":"https:\/\/babylove.se\/no\/produkt\/lille-kanin-kaninspeil-til-barnerommet\/#breadcrumb","itemListElement":[{"@type":"ListItem","position":1,"name":"Hem","item":"https:\/\/babylove.se\/no\/"},{"@type":"ListItem","position":2,"name":"Butik","item":"https:\/\/babylove.se\/no\/butik\/"},{"@type":"ListItem","position":3,"name":"Little Bunny, kaninspeil til barnerommet"}]},{"@type":"WebSite","@id":"https:\/\/babylove.se\/no\/#website","url":"https:\/\/babylove.se\/no\/","name":"Babylove Norska","description":"","potentialAction":[{"@type":"SearchAction","target":{"@type":"EntryPoint","urlTemplate":"https:\/\/babylove.se\/no\/?s={search_term_string}"},"query-input":{"@type":"PropertyValueSpecification","valueRequired":true,"valueName":"search_term_string"}}],"inLanguage":"nb-NO"}]},"product_brand":"Ohh Mami","product_price_amount":"599.00","product_price_currency":"SEK","og_availability":"instock","product_availability":"instock","product_retailer_item_id":"1458","product_condition":"new"},"_links":{"self":[{"href":"https:\/\/babylove.se\/no\/wp-json\/wp\/v2\/product\/4693","targetHints":{"allow":["GET"]}}],"collection":[{"href":"https:\/\/babylove.se\/no\/wp-json\/wp\/v2\/product"}],"about":[{"href":"https:\/\/babylove.se\/no\/wp-json\/wp\/v2\/types\/product"}],"replies":[{"embeddable":true,"href":"https:\/\/babylove.se\/no\/wp-json\/wp\/v2\/comments?post=4693"}],"wp:featuredmedia":[{"embeddable":true,"href":"https:\/\/babylove.se\/no\/wp-json\/wp\/v2\/media\/4695"}],"wp:attachment":[{"href":"https:\/\/babylove.se\/no\/wp-json\/wp\/v2\/media?parent=4693"}],"wp:term":[{"taxonomy":"product_brand","embeddable":true,"href":"https:\/\/babylove.se\/no\/wp-json\/wp\/v2\/product_brand?post=4693"},{"taxonomy":"product_cat","embeddable":true,"href":"https:\/\/babylove.se\/no\/wp-json\/wp\/v2\/product_cat?post=4693"},{"taxonomy":"product_tag","embeddable":true,"href":"https:\/\/babylove.se\/no\/wp-json\/wp\/v2\/product_tag?post=4693"}],"curies":[{"name":"wp","href":"https:\/\/api.w.org\/{rel}","templated":true}]}}