{"id":47076,"date":"2025-07-19T10:33:51","date_gmt":"2025-07-19T09:33:51","guid":{"rendered":"https:\/\/babylove.se\/produkt\/rektangulart-gravit-bollhav-80x80x30-cm-valfri-bollfarg\/"},"modified":"2026-05-11T13:05:25","modified_gmt":"2026-05-11T12:05:25","slug":"rektangulaert-gravd-ballhav-80x80x30-cm-valgfri-ballfarge","status":"publish","type":"product","link":"https:\/\/babylove.se\/no\/produkt\/rektangulaert-gravd-ballhav-80x80x30-cm-valgfri-ballfarge\/","title":{"rendered":"Rektangul\u00e6rt gr\u00e5\/hvit ballbasseng 80x80x30 cm (valgfri ballsfarge)"},"content":{"rendered":"<p>Giftfritt og CE-merket ballbad! <\/p>\n<p>Dette litt st\u00f8rre ballbadet i firkantet modell, tillater flere barn \u00e5 leke samtidig, perfekt for s\u00f8sken!<br \/>\nBallbadet holder h\u00f8y kvalitet og har et unikt konsept hvor du som kunde kan velge hvilke farger du vil ha p\u00e5 ballene. <\/p>\n<p>Men best av alt &#8211; <em>ballbadet er h\u00e5ndlaget med st\u00f8rste omsorg av et lite familiebedrift i Europa!<br \/>\n<\/em> <\/p>\n<p><strong>M\u00e5l<\/strong>: <\/p>\n<ul>\n<li>Bredde: 80&#215;80 cm.<\/li>\n<li>H\u00f8yde: 30 cm.<\/li>\n<li>Balldiameter: 7 cm.<\/li>\n<\/ul>\n<p><strong>Baller<\/strong>: <\/p>\n<ul>\n<li>Antall baller: velg mellom 200 eller 300 baller.<\/li>\n<li>Farger p\u00e5 ballene: velg mellom hvit, svart, perlehvit, gul, gull, gr\u00f8nn, bl\u00e5, babybl\u00e5, r\u00f8d, oransje, rosa, babyrosa, gr\u00e5, s\u00f8lv, turkis og transparent.<\/li>\n<li>Det g\u00e5r \u00e5 velge <em>maks 6<\/em> forskjellige farger.<\/li>\n<li>Fabrikken lager en blanding med omtrent like deler av alle valgte farger.<\/li>\n<\/ul>\n<p><strong>Info: <\/strong> <\/p>\n<ul>\n<li>Overtrekk av \u00f8kologisk l\u00e6r med borrel\u00e5s. T\u00f8rkes av med fuktig klut.<\/li>\n<li>Kan brukes utend\u00f8rs n\u00e5r det er t\u00f8rt.<\/li>\n<li>Alle elementer i v\u00e5re ballbad er selvsagt CE-merket og er laget av giftfrie materialer.<\/li>\n<li>Ballbadet finnes ogs\u00e5 i hvit, rosa, beige og bl\u00e5 farge.<\/li>\n<\/ul>\n<p><strong>Returrett gjelder ikke p\u00e5 ballbad med egen blanding av baller.<\/strong><\/p>\n","protected":false},"excerpt":{"rendered":"<p>Giftfritt og CE-merket ballbad! Dette litt st\u00f8rre ballbadet i firkantet modell, tillater flere barn \u00e5 leke samtidig, perfekt for s\u00f8sken! Ballbadet holder h\u00f8y kvalitet og har et unikt konsept hvor du som kunde kan velge hvilke farger du vil ha p\u00e5 ballene. Men best av alt &#8211; ballbadet er h\u00e5ndlaget med st\u00f8rste omsorg av et [&hellip;]<\/p>\n","protected":false},"featured_media":47078,"comment_status":"closed","ping_status":"closed","template":"","meta":{"_acf_changed":false},"product_brand":[375],"product_cat":[667,68,376],"product_tag":[1689],"class_list":{"0":"post-47076","1":"product","2":"type-product","3":"status-publish","4":"has-post-thumbnail","6":"product_brand-pqp-ttm","7":"product_cat-ballhav","8":"product_cat-leker","9":"product_cat-pp","10":"product_tag-bestillingsvaror","11":"pa_bollar-200-st-bollar","12":"pa_bollar-300-st-bollar","14":"first","15":"instock","16":"taxable","17":"shipping-taxable","18":"purchasable","19":"product-type-variable"},"acf":[],"yoast_head":"<!-- This site is optimized with the Yoast SEO Premium plugin v25.8 (Yoast SEO v27.2) - https:\/\/yoast.com\/product\/yoast-seo-premium-wordpress\/ -->\n<title>Rektangul\u00e6rt gr\u00e5\/hvit ballbasseng 80x80x30 cm (valgfri ballsfarge) - Babylove Norska<\/title>\n<meta name=\"robots\" content=\"noindex, follow, max-snippet:-1, max-image-preview:large, max-video-preview:-1\" \/>\n<meta property=\"og:locale\" content=\"nb_NO\" \/>\n<meta property=\"og:type\" content=\"article\" \/>\n<meta property=\"og:title\" content=\"Rektangul\u00e6rt gr\u00e5\/hvit ballbasseng 80x80x30 cm (valgfri ballsfarge)\" \/>\n<meta property=\"og:description\" content=\"Giftfritt og CE-merket ballbad! Dette litt st\u00f8rre ballbadet i firkantet modell, tillater flere barn \u00e5 leke samtidig, perfekt for s\u00f8sken! Ballbadet holder h\u00f8y kvalitet og har et unikt konsept hvor du som kunde kan velge hvilke farger du vil ha p\u00e5 ballene. Men best av alt &#8211; ballbadet er h\u00e5ndlaget med st\u00f8rste omsorg av et [&hellip;]\" \/>\n<meta property=\"og:url\" content=\"https:\/\/babylove.se\/no\/produkt\/rektangulaert-gravd-ballhav-80x80x30-cm-valgfri-ballfarge\/\" \/>\n<meta property=\"og:site_name\" content=\"Babylove Norska\" \/>\n<meta property=\"article:modified_time\" content=\"2026-05-11T12:05:25+00:00\" \/>\n<meta property=\"og:image\" content=\"https:\/\/babylove.se\/no\/wp-content\/uploads\/sites\/3\/2025\/07\/635660dcf2c2f.jpeg\" \/>\n\t<meta property=\"og:image:width\" content=\"800\" \/>\n\t<meta property=\"og:image:height\" content=\"800\" \/>\n\t<meta property=\"og:image:type\" content=\"image\/jpeg\" \/>\n<meta name=\"twitter:card\" content=\"summary_large_image\" \/>\n<meta name=\"twitter:label1\" content=\"Availability\" \/>\n\t<meta name=\"twitter:data1\" content=\"In stock\" \/>\n<script type=\"application\/ld+json\" class=\"yoast-schema-graph\">{\"@context\":\"https:\/\/schema.org\",\"@graph\":[{\"@type\":\"WebPage\",\"@id\":\"https:\/\/babylove.se\/no\/produkt\/rektangulaert-gravd-ballhav-80x80x30-cm-valgfri-ballfarge\/\",\"url\":\"https:\/\/babylove.se\/no\/produkt\/rektangulaert-gravd-ballhav-80x80x30-cm-valgfri-ballfarge\/\",\"name\":\"Rektangul\u00e6rt gr\u00e5\/hvit ballbasseng 80x80x30 cm (valgfri ballsfarge) - Babylove Norska\",\"isPartOf\":{\"@id\":\"https:\/\/babylove.se\/no\/#website\"},\"primaryImageOfPage\":{\"@id\":\"https:\/\/babylove.se\/no\/produkt\/rektangulaert-gravd-ballhav-80x80x30-cm-valgfri-ballfarge\/#primaryimage\"},\"image\":{\"@id\":\"https:\/\/babylove.se\/no\/produkt\/rektangulaert-gravd-ballhav-80x80x30-cm-valgfri-ballfarge\/#primaryimage\"},\"thumbnailUrl\":\"https:\/\/babylove.se\/no\/wp-content\/uploads\/sites\/3\/2025\/07\/635660dcf2c2f.jpeg\",\"datePublished\":\"2025-07-19T09:33:51+00:00\",\"dateModified\":\"2026-05-11T12:05:25+00:00\",\"breadcrumb\":{\"@id\":\"https:\/\/babylove.se\/no\/produkt\/rektangulaert-gravd-ballhav-80x80x30-cm-valgfri-ballfarge\/#breadcrumb\"},\"inLanguage\":\"nb-NO\",\"potentialAction\":[{\"@type\":\"ReadAction\",\"target\":[\"https:\/\/babylove.se\/no\/produkt\/rektangulaert-gravd-ballhav-80x80x30-cm-valgfri-ballfarge\/\"]}]},{\"@type\":\"ImageObject\",\"inLanguage\":\"nb-NO\",\"@id\":\"https:\/\/babylove.se\/no\/produkt\/rektangulaert-gravd-ballhav-80x80x30-cm-valgfri-ballfarge\/#primaryimage\",\"url\":\"https:\/\/babylove.se\/no\/wp-content\/uploads\/sites\/3\/2025\/07\/635660dcf2c2f.jpeg\",\"contentUrl\":\"https:\/\/babylove.se\/no\/wp-content\/uploads\/sites\/3\/2025\/07\/635660dcf2c2f.jpeg\",\"width\":800,\"height\":800},{\"@type\":\"BreadcrumbList\",\"@id\":\"https:\/\/babylove.se\/no\/produkt\/rektangulaert-gravd-ballhav-80x80x30-cm-valgfri-ballfarge\/#breadcrumb\",\"itemListElement\":[{\"@type\":\"ListItem\",\"position\":1,\"name\":\"Hem\",\"item\":\"https:\/\/babylove.se\/no\/\"},{\"@type\":\"ListItem\",\"position\":2,\"name\":\"Butik\",\"item\":\"https:\/\/babylove.se\/no\/butik\/\"},{\"@type\":\"ListItem\",\"position\":3,\"name\":\"Rektangul\u00e6rt gr\u00e5\/hvit ballbasseng 80x80x30 cm (valgfri ballsfarge)\"}]},{\"@type\":\"WebSite\",\"@id\":\"https:\/\/babylove.se\/no\/#website\",\"url\":\"https:\/\/babylove.se\/no\/\",\"name\":\"Babylove Norska\",\"description\":\"\",\"potentialAction\":[{\"@type\":\"SearchAction\",\"target\":{\"@type\":\"EntryPoint\",\"urlTemplate\":\"https:\/\/babylove.se\/no\/?s={search_term_string}\"},\"query-input\":{\"@type\":\"PropertyValueSpecification\",\"valueRequired\":true,\"valueName\":\"search_term_string\"}}],\"inLanguage\":\"nb-NO\"}]}<\/script>\n<meta property=\"product:brand\" content=\"PQP\/TTM\" \/>\n<meta property=\"og:availability\" content=\"instock\" \/>\n<meta property=\"product:availability\" content=\"instock\" \/>\n<meta property=\"product:retailer_item_id\" content=\"24174.1.9\" \/>\n<meta property=\"product:condition\" content=\"new\" \/>\n<!-- \/ Yoast SEO Premium plugin. -->","yoast_head_json":{"title":"Rektangul\u00e6rt gr\u00e5\/hvit ballbasseng 80x80x30 cm (valgfri ballsfarge) - Babylove Norska","robots":{"index":"noindex","follow":"follow","max-snippet":"max-snippet:-1","max-image-preview":"max-image-preview:large","max-video-preview":"max-video-preview:-1"},"og_locale":"nb_NO","og_type":"article","og_title":"Rektangul\u00e6rt gr\u00e5\/hvit ballbasseng 80x80x30 cm (valgfri ballsfarge)","og_description":"Giftfritt og CE-merket ballbad! Dette litt st\u00f8rre ballbadet i firkantet modell, tillater flere barn \u00e5 leke samtidig, perfekt for s\u00f8sken! Ballbadet holder h\u00f8y kvalitet og har et unikt konsept hvor du som kunde kan velge hvilke farger du vil ha p\u00e5 ballene. Men best av alt &#8211; ballbadet er h\u00e5ndlaget med st\u00f8rste omsorg av et [&hellip;]","og_url":"https:\/\/babylove.se\/no\/produkt\/rektangulaert-gravd-ballhav-80x80x30-cm-valgfri-ballfarge\/","og_site_name":"Babylove Norska","article_modified_time":"2026-05-11T12:05:25+00:00","og_image":[{"width":800,"height":800,"url":"https:\/\/babylove.se\/no\/wp-content\/uploads\/sites\/3\/2025\/07\/635660dcf2c2f.jpeg","type":"image\/jpeg"}],"twitter_card":"summary_large_image","twitter_misc":{"Availability":"In stock"},"schema":{"@context":"https:\/\/schema.org","@graph":[{"@type":"WebPage","@id":"https:\/\/babylove.se\/no\/produkt\/rektangulaert-gravd-ballhav-80x80x30-cm-valgfri-ballfarge\/","url":"https:\/\/babylove.se\/no\/produkt\/rektangulaert-gravd-ballhav-80x80x30-cm-valgfri-ballfarge\/","name":"Rektangul\u00e6rt gr\u00e5\/hvit ballbasseng 80x80x30 cm (valgfri ballsfarge) - Babylove Norska","isPartOf":{"@id":"https:\/\/babylove.se\/no\/#website"},"primaryImageOfPage":{"@id":"https:\/\/babylove.se\/no\/produkt\/rektangulaert-gravd-ballhav-80x80x30-cm-valgfri-ballfarge\/#primaryimage"},"image":{"@id":"https:\/\/babylove.se\/no\/produkt\/rektangulaert-gravd-ballhav-80x80x30-cm-valgfri-ballfarge\/#primaryimage"},"thumbnailUrl":"https:\/\/babylove.se\/no\/wp-content\/uploads\/sites\/3\/2025\/07\/635660dcf2c2f.jpeg","datePublished":"2025-07-19T09:33:51+00:00","dateModified":"2026-05-11T12:05:25+00:00","breadcrumb":{"@id":"https:\/\/babylove.se\/no\/produkt\/rektangulaert-gravd-ballhav-80x80x30-cm-valgfri-ballfarge\/#breadcrumb"},"inLanguage":"nb-NO","potentialAction":[{"@type":"ReadAction","target":["https:\/\/babylove.se\/no\/produkt\/rektangulaert-gravd-ballhav-80x80x30-cm-valgfri-ballfarge\/"]}]},{"@type":"ImageObject","inLanguage":"nb-NO","@id":"https:\/\/babylove.se\/no\/produkt\/rektangulaert-gravd-ballhav-80x80x30-cm-valgfri-ballfarge\/#primaryimage","url":"https:\/\/babylove.se\/no\/wp-content\/uploads\/sites\/3\/2025\/07\/635660dcf2c2f.jpeg","contentUrl":"https:\/\/babylove.se\/no\/wp-content\/uploads\/sites\/3\/2025\/07\/635660dcf2c2f.jpeg","width":800,"height":800},{"@type":"BreadcrumbList","@id":"https:\/\/babylove.se\/no\/produkt\/rektangulaert-gravd-ballhav-80x80x30-cm-valgfri-ballfarge\/#breadcrumb","itemListElement":[{"@type":"ListItem","position":1,"name":"Hem","item":"https:\/\/babylove.se\/no\/"},{"@type":"ListItem","position":2,"name":"Butik","item":"https:\/\/babylove.se\/no\/butik\/"},{"@type":"ListItem","position":3,"name":"Rektangul\u00e6rt gr\u00e5\/hvit ballbasseng 80x80x30 cm (valgfri ballsfarge)"}]},{"@type":"WebSite","@id":"https:\/\/babylove.se\/no\/#website","url":"https:\/\/babylove.se\/no\/","name":"Babylove Norska","description":"","potentialAction":[{"@type":"SearchAction","target":{"@type":"EntryPoint","urlTemplate":"https:\/\/babylove.se\/no\/?s={search_term_string}"},"query-input":{"@type":"PropertyValueSpecification","valueRequired":true,"valueName":"search_term_string"}}],"inLanguage":"nb-NO"}]},"product_brand":"PQP\/TTM","og_availability":"instock","product_availability":"instock","product_retailer_item_id":"24174.1.9","product_condition":"new"},"_links":{"self":[{"href":"https:\/\/babylove.se\/no\/wp-json\/wp\/v2\/product\/47076","targetHints":{"allow":["GET"]}}],"collection":[{"href":"https:\/\/babylove.se\/no\/wp-json\/wp\/v2\/product"}],"about":[{"href":"https:\/\/babylove.se\/no\/wp-json\/wp\/v2\/types\/product"}],"replies":[{"embeddable":true,"href":"https:\/\/babylove.se\/no\/wp-json\/wp\/v2\/comments?post=47076"}],"wp:featuredmedia":[{"embeddable":true,"href":"https:\/\/babylove.se\/no\/wp-json\/wp\/v2\/media\/47078"}],"wp:attachment":[{"href":"https:\/\/babylove.se\/no\/wp-json\/wp\/v2\/media?parent=47076"}],"wp:term":[{"taxonomy":"product_brand","embeddable":true,"href":"https:\/\/babylove.se\/no\/wp-json\/wp\/v2\/product_brand?post=47076"},{"taxonomy":"product_cat","embeddable":true,"href":"https:\/\/babylove.se\/no\/wp-json\/wp\/v2\/product_cat?post=47076"},{"taxonomy":"product_tag","embeddable":true,"href":"https:\/\/babylove.se\/no\/wp-json\/wp\/v2\/product_tag?post=47076"}],"curies":[{"name":"wp","href":"https:\/\/api.w.org\/{rel}","templated":true}]}}