{"id":47152,"date":"2025-07-19T10:34:34","date_gmt":"2025-07-19T09:34:34","guid":{"rendered":"https:\/\/babylove.se\/produkt\/meow-klattertriangel-tipitalt-hus-grabla\/"},"modified":"2026-04-08T13:01:36","modified_gmt":"2026-04-08T12:01:36","slug":"mjau-klatretriangel-tipitelt-hus-grave","status":"publish","type":"product","link":"https:\/\/babylove.se\/no\/produkt\/mjau-klatretriangel-tipitelt-hus-grave\/","title":{"rendered":"Mjau, klatredreieck tipitelt hus, gr\u00e5bl\u00e5"},"content":{"rendered":"<p>En fantastisk multifunksjonell pikler trekant med mange bruksomr\u00e5der. Dette tipiteltet med vindu vil bli en vakker detalj til barnerommets innredning og passer like godt som kosekrok som til inspirerende leker.<\/p>\n<p><span style=\"background-color: initial; text-align: initial;\">Hvis du bare tenker \u00e5 kj\u00f8pe en aktivitetsleke er det denne du skal kj\u00f8pe! Klatretrekanten fremmer utvikling av motorikk, koordinasjon, balanse og styrke gjennom aktiv lek.&nbsp;<\/span>Det optimale lekekroken som dessuten vil passe perfekt i din \u00f8vrige barnerominnredning.<\/p>\n<p>Bare fantasien som setter stopp for hvordan du kan bruke denne klatretrekanten.&nbsp;For \u00e5 forvandle den til et lekeslott eller en koie legg litt koselige puter og pledd.<span>&nbsp;<\/span>Legg den p\u00e5 siden mot en vegg og du f\u00e5r en lekeoppbevaring!<\/p>\n<p>Materialene som brukes er selvf\u00f8lgelig barnevennlige og holdbare. Skal kun brukes innend\u00f8rs.&nbsp;<\/p>\n<p>Laget etter Montessoripedagogikk som motiverer barnet til p\u00e5 egen h\u00e5nd \u00e5 utforske og l\u00e6re seg nye ting.&nbsp;<\/p>\n<p><strong>Info<\/strong>:<\/p>\n<ul>\n<li>Farge p\u00e5 stoffet: gr\u00e5bl\u00e5<\/li>\n<li>Farge p\u00e5 klatretrekanten: velg mellom natur, hvit, gr\u00e5 og svart<\/li>\n<li>Maks vektbelastning: 40 kg<\/li>\n<li>Alder: 3 \u00e5r og oppover<\/li>\n<li>Ulike h\u00f8ydeinnstillinger<\/li>\n<li>CE-sertifisert<\/li>\n<\/ul>\n<p><strong>M\u00e5l<\/strong>:&nbsp;<\/p>\n<ul>\n<li>Bredde: 59,5-61 cm<\/li>\n<li>Lengde: 68-125,5 cm<\/li>\n<li>H\u00f8yde: 10-60 cm<\/li>\n<\/ul>\n<p>Designer: <a href=\"https:\/\/babylove.se\/varumarken\/meow\">Meow<\/a><\/p>\n","protected":false},"excerpt":{"rendered":"<p>En fantastisk multifunksjonell pikler trekant med mange bruksomr\u00e5der. Dette tipiteltet med vindu vil bli en vakker detalj til barnerommets innredning og passer like godt som kosekrok som til inspirerende leker. Hvis du bare tenker \u00e5 kj\u00f8pe en aktivitetsleke er det denne du skal kj\u00f8pe! Klatretrekanten fremmer utvikling av motorikk, koordinasjon, balanse og styrke gjennom aktiv [&hellip;]<\/p>\n","protected":false},"featured_media":47154,"comment_status":"closed","ping_status":"open","template":"","meta":{"_acf_changed":false},"product_brand":[774],"product_cat":[775,204,276,112],"product_tag":[1689],"class_list":{"0":"post-47152","1":"product","2":"type-product","3":"status-publish","4":"has-post-thumbnail","6":"product_brand-meow","7":"product_cat-meow","8":"product_cat-motoriske-barnmobler","9":"product_cat-tipi-telt-barnerom","10":"product_cat-treleker","11":"product_tag-bestillingsvaror","12":"pa_farg-klattertriangel-gra","13":"pa_farg-klattertriangel-vit","14":"pa_farg-klattertriangel-natur","15":"pa_farg-klattertriangel-svart","17":"first","18":"outofstock","19":"taxable","20":"shipping-taxable","21":"purchasable","22":"product-type-variable"},"acf":[],"yoast_head":"<!-- This site is optimized with the Yoast SEO Premium plugin v25.8 (Yoast SEO v27.2) - https:\/\/yoast.com\/product\/yoast-seo-premium-wordpress\/ -->\n<title>Mjau, klatredreieck tipitelt hus, gr\u00e5bl\u00e5 - Babylove Norska<\/title>\n<meta name=\"robots\" content=\"noindex, follow, max-snippet:-1, max-image-preview:large, max-video-preview:-1\" \/>\n<meta property=\"og:locale\" content=\"nb_NO\" \/>\n<meta property=\"og:type\" content=\"article\" \/>\n<meta property=\"og:title\" content=\"Mjau, klatredreieck tipitelt hus, gr\u00e5bl\u00e5\" \/>\n<meta property=\"og:description\" content=\"En fantastisk multifunksjonell pikler trekant med mange bruksomr\u00e5der. Dette tipiteltet med vindu vil bli en vakker detalj til barnerommets innredning og passer like godt som kosekrok som til inspirerende leker. Hvis du bare tenker \u00e5 kj\u00f8pe en aktivitetsleke er det denne du skal kj\u00f8pe! Klatretrekanten fremmer utvikling av motorikk, koordinasjon, balanse og styrke gjennom aktiv [&hellip;]\" \/>\n<meta property=\"og:url\" content=\"https:\/\/babylove.se\/no\/produkt\/mjau-klatretriangel-tipitelt-hus-grave\/\" \/>\n<meta property=\"og:site_name\" content=\"Babylove Norska\" \/>\n<meta property=\"article:modified_time\" content=\"2026-04-08T12:01:36+00:00\" \/>\n<meta property=\"og:image\" content=\"https:\/\/babylove.se\/no\/wp-content\/uploads\/sites\/3\/2025\/07\/6357925fdd241.jpeg\" \/>\n\t<meta property=\"og:image:width\" content=\"768\" \/>\n\t<meta property=\"og:image:height\" content=\"768\" \/>\n\t<meta property=\"og:image:type\" content=\"image\/jpeg\" \/>\n<meta name=\"twitter:card\" content=\"summary_large_image\" \/>\n<meta name=\"twitter:label1\" content=\"Availability\" \/>\n\t<meta name=\"twitter:data1\" content=\"Out of stock\" \/>\n<script type=\"application\/ld+json\" class=\"yoast-schema-graph\">{\"@context\":\"https:\/\/schema.org\",\"@graph\":[{\"@type\":\"WebPage\",\"@id\":\"https:\/\/babylove.se\/no\/produkt\/mjau-klatretriangel-tipitelt-hus-grave\/\",\"url\":\"https:\/\/babylove.se\/no\/produkt\/mjau-klatretriangel-tipitelt-hus-grave\/\",\"name\":\"Mjau, klatredreieck tipitelt hus, gr\u00e5bl\u00e5 - Babylove Norska\",\"isPartOf\":{\"@id\":\"https:\/\/babylove.se\/no\/#website\"},\"primaryImageOfPage\":{\"@id\":\"https:\/\/babylove.se\/no\/produkt\/mjau-klatretriangel-tipitelt-hus-grave\/#primaryimage\"},\"image\":{\"@id\":\"https:\/\/babylove.se\/no\/produkt\/mjau-klatretriangel-tipitelt-hus-grave\/#primaryimage\"},\"thumbnailUrl\":\"https:\/\/babylove.se\/no\/wp-content\/uploads\/sites\/3\/2025\/07\/6357925fdd241.jpeg\",\"datePublished\":\"2025-07-19T09:34:34+00:00\",\"dateModified\":\"2026-04-08T12:01:36+00:00\",\"breadcrumb\":{\"@id\":\"https:\/\/babylove.se\/no\/produkt\/mjau-klatretriangel-tipitelt-hus-grave\/#breadcrumb\"},\"inLanguage\":\"nb-NO\",\"potentialAction\":[{\"@type\":\"ReadAction\",\"target\":[\"https:\/\/babylove.se\/no\/produkt\/mjau-klatretriangel-tipitelt-hus-grave\/\"]}]},{\"@type\":\"ImageObject\",\"inLanguage\":\"nb-NO\",\"@id\":\"https:\/\/babylove.se\/no\/produkt\/mjau-klatretriangel-tipitelt-hus-grave\/#primaryimage\",\"url\":\"https:\/\/babylove.se\/no\/wp-content\/uploads\/sites\/3\/2025\/07\/6357925fdd241.jpeg\",\"contentUrl\":\"https:\/\/babylove.se\/no\/wp-content\/uploads\/sites\/3\/2025\/07\/6357925fdd241.jpeg\",\"width\":768,\"height\":768},{\"@type\":\"BreadcrumbList\",\"@id\":\"https:\/\/babylove.se\/no\/produkt\/mjau-klatretriangel-tipitelt-hus-grave\/#breadcrumb\",\"itemListElement\":[{\"@type\":\"ListItem\",\"position\":1,\"name\":\"Hem\",\"item\":\"https:\/\/babylove.se\/no\/\"},{\"@type\":\"ListItem\",\"position\":2,\"name\":\"Butik\",\"item\":\"https:\/\/babylove.se\/no\/butik\/\"},{\"@type\":\"ListItem\",\"position\":3,\"name\":\"Mjau, klatredreieck tipitelt hus, gr\u00e5bl\u00e5\"}]},{\"@type\":\"WebSite\",\"@id\":\"https:\/\/babylove.se\/no\/#website\",\"url\":\"https:\/\/babylove.se\/no\/\",\"name\":\"Babylove Norska\",\"description\":\"\",\"potentialAction\":[{\"@type\":\"SearchAction\",\"target\":{\"@type\":\"EntryPoint\",\"urlTemplate\":\"https:\/\/babylove.se\/no\/?s={search_term_string}\"},\"query-input\":{\"@type\":\"PropertyValueSpecification\",\"valueRequired\":true,\"valueName\":\"search_term_string\"}}],\"inLanguage\":\"nb-NO\"}]}<\/script>\n<meta property=\"product:brand\" content=\"Meow\" \/>\n<meta property=\"og:availability\" content=\"out of stock\" \/>\n<meta property=\"product:availability\" content=\"out of stock\" \/>\n<meta property=\"product:retailer_item_id\" content=\"DDWT003SNIE\" \/>\n<meta property=\"product:condition\" content=\"new\" \/>\n<!-- \/ Yoast SEO Premium plugin. -->","yoast_head_json":{"title":"Mjau, klatredreieck tipitelt hus, gr\u00e5bl\u00e5 - Babylove Norska","robots":{"index":"noindex","follow":"follow","max-snippet":"max-snippet:-1","max-image-preview":"max-image-preview:large","max-video-preview":"max-video-preview:-1"},"og_locale":"nb_NO","og_type":"article","og_title":"Mjau, klatredreieck tipitelt hus, gr\u00e5bl\u00e5","og_description":"En fantastisk multifunksjonell pikler trekant med mange bruksomr\u00e5der. Dette tipiteltet med vindu vil bli en vakker detalj til barnerommets innredning og passer like godt som kosekrok som til inspirerende leker. Hvis du bare tenker \u00e5 kj\u00f8pe en aktivitetsleke er det denne du skal kj\u00f8pe! Klatretrekanten fremmer utvikling av motorikk, koordinasjon, balanse og styrke gjennom aktiv [&hellip;]","og_url":"https:\/\/babylove.se\/no\/produkt\/mjau-klatretriangel-tipitelt-hus-grave\/","og_site_name":"Babylove Norska","article_modified_time":"2026-04-08T12:01:36+00:00","og_image":[{"width":768,"height":768,"url":"https:\/\/babylove.se\/no\/wp-content\/uploads\/sites\/3\/2025\/07\/6357925fdd241.jpeg","type":"image\/jpeg"}],"twitter_card":"summary_large_image","twitter_misc":{"Availability":"Out of stock"},"schema":{"@context":"https:\/\/schema.org","@graph":[{"@type":"WebPage","@id":"https:\/\/babylove.se\/no\/produkt\/mjau-klatretriangel-tipitelt-hus-grave\/","url":"https:\/\/babylove.se\/no\/produkt\/mjau-klatretriangel-tipitelt-hus-grave\/","name":"Mjau, klatredreieck tipitelt hus, gr\u00e5bl\u00e5 - Babylove Norska","isPartOf":{"@id":"https:\/\/babylove.se\/no\/#website"},"primaryImageOfPage":{"@id":"https:\/\/babylove.se\/no\/produkt\/mjau-klatretriangel-tipitelt-hus-grave\/#primaryimage"},"image":{"@id":"https:\/\/babylove.se\/no\/produkt\/mjau-klatretriangel-tipitelt-hus-grave\/#primaryimage"},"thumbnailUrl":"https:\/\/babylove.se\/no\/wp-content\/uploads\/sites\/3\/2025\/07\/6357925fdd241.jpeg","datePublished":"2025-07-19T09:34:34+00:00","dateModified":"2026-04-08T12:01:36+00:00","breadcrumb":{"@id":"https:\/\/babylove.se\/no\/produkt\/mjau-klatretriangel-tipitelt-hus-grave\/#breadcrumb"},"inLanguage":"nb-NO","potentialAction":[{"@type":"ReadAction","target":["https:\/\/babylove.se\/no\/produkt\/mjau-klatretriangel-tipitelt-hus-grave\/"]}]},{"@type":"ImageObject","inLanguage":"nb-NO","@id":"https:\/\/babylove.se\/no\/produkt\/mjau-klatretriangel-tipitelt-hus-grave\/#primaryimage","url":"https:\/\/babylove.se\/no\/wp-content\/uploads\/sites\/3\/2025\/07\/6357925fdd241.jpeg","contentUrl":"https:\/\/babylove.se\/no\/wp-content\/uploads\/sites\/3\/2025\/07\/6357925fdd241.jpeg","width":768,"height":768},{"@type":"BreadcrumbList","@id":"https:\/\/babylove.se\/no\/produkt\/mjau-klatretriangel-tipitelt-hus-grave\/#breadcrumb","itemListElement":[{"@type":"ListItem","position":1,"name":"Hem","item":"https:\/\/babylove.se\/no\/"},{"@type":"ListItem","position":2,"name":"Butik","item":"https:\/\/babylove.se\/no\/butik\/"},{"@type":"ListItem","position":3,"name":"Mjau, klatredreieck tipitelt hus, gr\u00e5bl\u00e5"}]},{"@type":"WebSite","@id":"https:\/\/babylove.se\/no\/#website","url":"https:\/\/babylove.se\/no\/","name":"Babylove Norska","description":"","potentialAction":[{"@type":"SearchAction","target":{"@type":"EntryPoint","urlTemplate":"https:\/\/babylove.se\/no\/?s={search_term_string}"},"query-input":{"@type":"PropertyValueSpecification","valueRequired":true,"valueName":"search_term_string"}}],"inLanguage":"nb-NO"}]},"product_brand":"Meow","og_availability":"out of stock","product_availability":"out of stock","product_retailer_item_id":"DDWT003SNIE","product_condition":"new"},"_links":{"self":[{"href":"https:\/\/babylove.se\/no\/wp-json\/wp\/v2\/product\/47152","targetHints":{"allow":["GET"]}}],"collection":[{"href":"https:\/\/babylove.se\/no\/wp-json\/wp\/v2\/product"}],"about":[{"href":"https:\/\/babylove.se\/no\/wp-json\/wp\/v2\/types\/product"}],"replies":[{"embeddable":true,"href":"https:\/\/babylove.se\/no\/wp-json\/wp\/v2\/comments?post=47152"}],"wp:featuredmedia":[{"embeddable":true,"href":"https:\/\/babylove.se\/no\/wp-json\/wp\/v2\/media\/47154"}],"wp:attachment":[{"href":"https:\/\/babylove.se\/no\/wp-json\/wp\/v2\/media?parent=47152"}],"wp:term":[{"taxonomy":"product_brand","embeddable":true,"href":"https:\/\/babylove.se\/no\/wp-json\/wp\/v2\/product_brand?post=47152"},{"taxonomy":"product_cat","embeddable":true,"href":"https:\/\/babylove.se\/no\/wp-json\/wp\/v2\/product_cat?post=47152"},{"taxonomy":"product_tag","embeddable":true,"href":"https:\/\/babylove.se\/no\/wp-json\/wp\/v2\/product_tag?post=47152"}],"curies":[{"name":"wp","href":"https:\/\/api.w.org\/{rel}","templated":true}]}}