{"id":47196,"date":"2025-07-19T10:35:25","date_gmt":"2025-07-19T09:35:25","guid":{"rendered":"https:\/\/babylove.se\/produkt\/babylove-beige-nature-babynest\/"},"modified":"2026-04-08T13:01:49","modified_gmt":"2026-04-08T12:01:49","slug":"babylove-beige-nature-babynest","status":"publish","type":"product","link":"https:\/\/babylove.se\/no\/produkt\/babylove-beige-nature-babynest\/","title":{"rendered":"Babylove, beige nature, babynest"},"content":{"rendered":"<p>N\u00e5 kan vi stolt presentere v\u00e5rt nye fine Babylove Babynest!<\/p>\n<p>Dette underbart fine babynestet vil ikke bare v\u00e6re et trygt og koselig sted for ditt lille barn, men ogs\u00e5 forskj\u00f8nne rommet ditt med noe virkelig vakkert. Et babynest er kanskje det mest praktiske barnetilbeh\u00f8ret som gj\u00f8r at barnet ditt kan sove trygt, hvor det enn befinner seg. Du kan enkelt flytte det rundt mellom forskjellige rom, eller ta det med n\u00e5r dere skal bort eller ut og reise.&nbsp;<\/p>\n<p>Barnet sover ogs\u00e5 tryggere hvis de ligger i foreldrenes seng, eller i sin egen sprinkelseng\/vogge. Matches selvf\u00f8lgelig med andre av v\u00e5re produkter som g\u00e5r i samme stil (et stelleunderlag, vimpel, senget\u00f8y og ogs\u00e5 sengehimmel)<\/p>\n<p><strong>Indre m\u00e5l<\/strong>: 70 cm x 30 cm (+\/-)<\/p>\n<p><strong>Materiale<\/strong>: Overtrekk i bomull OEKO-tex sertifisert og fylling av polyester.&nbsp;<\/p>\n<p>Vaskes i h\u00f8yst 30 grader men kan ikke t\u00f8rketromles.<\/p>\n<p>Designer: <a href=\"https:\/\/babylove.se\/varumarken\/cottonsweets\"><\/a><br \/>\n<a href=\"https:\/\/babylove.se\/varumarken\/babylove\">Babylove<\/a><\/p>\n","protected":false},"excerpt":{"rendered":"<p>N\u00e5 kan vi stolt presentere v\u00e5rt nye fine Babylove Babynest! Dette underbart fine babynestet vil ikke bare v\u00e6re et trygt og koselig sted for ditt lille barn, men ogs\u00e5 forskj\u00f8nne rommet ditt med noe virkelig vakkert. Et babynest er kanskje det mest praktiske barnetilbeh\u00f8ret som gj\u00f8r at barnet ditt kan sove trygt, hvor det enn [&hellip;]<\/p>\n","protected":false},"featured_media":47198,"comment_status":"closed","ping_status":"open","template":"","meta":{"_acf_changed":false},"product_brand":[22],"product_cat":[84,627,56,110],"product_tag":[],"class_list":{"0":"post-47196","1":"product","2":"type-product","3":"status-publish","4":"has-post-thumbnail","6":"product_brand-babylove","7":"product_cat-babylove","8":"product_cat-babylove-tekstiler","9":"product_cat-babynest","10":"product_cat-cyber-monday","12":"first","13":"outofstock","14":"taxable","15":"shipping-taxable","16":"purchasable","17":"product-type-simple"},"acf":[],"yoast_head":"<!-- This site is optimized with the Yoast SEO Premium plugin v25.8 (Yoast SEO v27.2) - https:\/\/yoast.com\/product\/yoast-seo-premium-wordpress\/ -->\n<title>Babylove, beige nature, babynest - Babylove Norska<\/title>\n<meta name=\"robots\" content=\"noindex, follow, max-snippet:-1, max-image-preview:large, max-video-preview:-1\" \/>\n<meta property=\"og:locale\" content=\"nb_NO\" \/>\n<meta property=\"og:type\" content=\"article\" \/>\n<meta property=\"og:title\" content=\"Babylove, beige nature, babynest\" \/>\n<meta property=\"og:description\" content=\"N\u00e5 kan vi stolt presentere v\u00e5rt nye fine Babylove Babynest! Dette underbart fine babynestet vil ikke bare v\u00e6re et trygt og koselig sted for ditt lille barn, men ogs\u00e5 forskj\u00f8nne rommet ditt med noe virkelig vakkert. Et babynest er kanskje det mest praktiske barnetilbeh\u00f8ret som gj\u00f8r at barnet ditt kan sove trygt, hvor det enn [&hellip;]\" \/>\n<meta property=\"og:url\" content=\"https:\/\/babylove.se\/no\/produkt\/babylove-beige-nature-babynest\/\" \/>\n<meta property=\"og:site_name\" content=\"Babylove Norska\" \/>\n<meta property=\"article:modified_time\" content=\"2026-04-08T12:01:49+00:00\" \/>\n<meta property=\"og:image\" content=\"https:\/\/babylove.se\/no\/wp-content\/uploads\/sites\/3\/2025\/07\/63651d36457a1.jpeg\" \/>\n\t<meta property=\"og:image:width\" content=\"800\" \/>\n\t<meta property=\"og:image:height\" content=\"800\" \/>\n\t<meta property=\"og:image:type\" content=\"image\/jpeg\" \/>\n<meta name=\"twitter:card\" content=\"summary_large_image\" \/>\n<meta name=\"twitter:label1\" content=\"Price\" \/>\n\t<meta name=\"twitter:data1\" content=\"419,40&nbsp;&#107;&#114;\" \/>\n\t<meta name=\"twitter:label2\" content=\"Availability\" \/>\n\t<meta name=\"twitter:data2\" content=\"Out of stock\" \/>\n<script type=\"application\/ld+json\" class=\"yoast-schema-graph\">{\"@context\":\"https:\/\/schema.org\",\"@graph\":[{\"@type\":\"WebPage\",\"@id\":\"https:\/\/babylove.se\/no\/produkt\/babylove-beige-nature-babynest\/\",\"url\":\"https:\/\/babylove.se\/no\/produkt\/babylove-beige-nature-babynest\/\",\"name\":\"Babylove, beige nature, babynest - Babylove Norska\",\"isPartOf\":{\"@id\":\"https:\/\/babylove.se\/no\/#website\"},\"primaryImageOfPage\":{\"@id\":\"https:\/\/babylove.se\/no\/produkt\/babylove-beige-nature-babynest\/#primaryimage\"},\"image\":{\"@id\":\"https:\/\/babylove.se\/no\/produkt\/babylove-beige-nature-babynest\/#primaryimage\"},\"thumbnailUrl\":\"https:\/\/babylove.se\/no\/wp-content\/uploads\/sites\/3\/2025\/07\/63651d36457a1.jpeg\",\"datePublished\":\"2025-07-19T09:35:25+00:00\",\"dateModified\":\"2026-04-08T12:01:49+00:00\",\"breadcrumb\":{\"@id\":\"https:\/\/babylove.se\/no\/produkt\/babylove-beige-nature-babynest\/#breadcrumb\"},\"inLanguage\":\"nb-NO\",\"potentialAction\":[{\"@type\":\"ReadAction\",\"target\":[\"https:\/\/babylove.se\/no\/produkt\/babylove-beige-nature-babynest\/\"]}]},{\"@type\":\"ImageObject\",\"inLanguage\":\"nb-NO\",\"@id\":\"https:\/\/babylove.se\/no\/produkt\/babylove-beige-nature-babynest\/#primaryimage\",\"url\":\"https:\/\/babylove.se\/no\/wp-content\/uploads\/sites\/3\/2025\/07\/63651d36457a1.jpeg\",\"contentUrl\":\"https:\/\/babylove.se\/no\/wp-content\/uploads\/sites\/3\/2025\/07\/63651d36457a1.jpeg\",\"width\":800,\"height\":800},{\"@type\":\"BreadcrumbList\",\"@id\":\"https:\/\/babylove.se\/no\/produkt\/babylove-beige-nature-babynest\/#breadcrumb\",\"itemListElement\":[{\"@type\":\"ListItem\",\"position\":1,\"name\":\"Hem\",\"item\":\"https:\/\/babylove.se\/no\/\"},{\"@type\":\"ListItem\",\"position\":2,\"name\":\"Butik\",\"item\":\"https:\/\/babylove.se\/no\/butik\/\"},{\"@type\":\"ListItem\",\"position\":3,\"name\":\"Babylove, beige nature, babynest\"}]},{\"@type\":\"WebSite\",\"@id\":\"https:\/\/babylove.se\/no\/#website\",\"url\":\"https:\/\/babylove.se\/no\/\",\"name\":\"Babylove Norska\",\"description\":\"\",\"potentialAction\":[{\"@type\":\"SearchAction\",\"target\":{\"@type\":\"EntryPoint\",\"urlTemplate\":\"https:\/\/babylove.se\/no\/?s={search_term_string}\"},\"query-input\":{\"@type\":\"PropertyValueSpecification\",\"valueRequired\":true,\"valueName\":\"search_term_string\"}}],\"inLanguage\":\"nb-NO\"}]}<\/script>\n<meta property=\"product:brand\" content=\"Babylove\" \/>\n<meta property=\"product:price:amount\" content=\"419.40\" \/>\n<meta property=\"product:price:currency\" content=\"SEK\" \/>\n<meta property=\"og:availability\" content=\"out of stock\" \/>\n<meta property=\"product:availability\" content=\"out of stock\" \/>\n<meta property=\"product:retailer_item_id\" content=\"BB00003964\" \/>\n<meta property=\"product:condition\" content=\"new\" \/>\n<!-- \/ Yoast SEO Premium plugin. -->","yoast_head_json":{"title":"Babylove, beige nature, babynest - Babylove Norska","robots":{"index":"noindex","follow":"follow","max-snippet":"max-snippet:-1","max-image-preview":"max-image-preview:large","max-video-preview":"max-video-preview:-1"},"og_locale":"nb_NO","og_type":"article","og_title":"Babylove, beige nature, babynest","og_description":"N\u00e5 kan vi stolt presentere v\u00e5rt nye fine Babylove Babynest! Dette underbart fine babynestet vil ikke bare v\u00e6re et trygt og koselig sted for ditt lille barn, men ogs\u00e5 forskj\u00f8nne rommet ditt med noe virkelig vakkert. Et babynest er kanskje det mest praktiske barnetilbeh\u00f8ret som gj\u00f8r at barnet ditt kan sove trygt, hvor det enn [&hellip;]","og_url":"https:\/\/babylove.se\/no\/produkt\/babylove-beige-nature-babynest\/","og_site_name":"Babylove Norska","article_modified_time":"2026-04-08T12:01:49+00:00","og_image":[{"width":800,"height":800,"url":"https:\/\/babylove.se\/no\/wp-content\/uploads\/sites\/3\/2025\/07\/63651d36457a1.jpeg","type":"image\/jpeg"}],"twitter_card":"summary_large_image","twitter_misc":{"Price":"419,40&nbsp;&#107;&#114;","Availability":"Out of stock"},"schema":{"@context":"https:\/\/schema.org","@graph":[{"@type":"WebPage","@id":"https:\/\/babylove.se\/no\/produkt\/babylove-beige-nature-babynest\/","url":"https:\/\/babylove.se\/no\/produkt\/babylove-beige-nature-babynest\/","name":"Babylove, beige nature, babynest - Babylove Norska","isPartOf":{"@id":"https:\/\/babylove.se\/no\/#website"},"primaryImageOfPage":{"@id":"https:\/\/babylove.se\/no\/produkt\/babylove-beige-nature-babynest\/#primaryimage"},"image":{"@id":"https:\/\/babylove.se\/no\/produkt\/babylove-beige-nature-babynest\/#primaryimage"},"thumbnailUrl":"https:\/\/babylove.se\/no\/wp-content\/uploads\/sites\/3\/2025\/07\/63651d36457a1.jpeg","datePublished":"2025-07-19T09:35:25+00:00","dateModified":"2026-04-08T12:01:49+00:00","breadcrumb":{"@id":"https:\/\/babylove.se\/no\/produkt\/babylove-beige-nature-babynest\/#breadcrumb"},"inLanguage":"nb-NO","potentialAction":[{"@type":"ReadAction","target":["https:\/\/babylove.se\/no\/produkt\/babylove-beige-nature-babynest\/"]}]},{"@type":"ImageObject","inLanguage":"nb-NO","@id":"https:\/\/babylove.se\/no\/produkt\/babylove-beige-nature-babynest\/#primaryimage","url":"https:\/\/babylove.se\/no\/wp-content\/uploads\/sites\/3\/2025\/07\/63651d36457a1.jpeg","contentUrl":"https:\/\/babylove.se\/no\/wp-content\/uploads\/sites\/3\/2025\/07\/63651d36457a1.jpeg","width":800,"height":800},{"@type":"BreadcrumbList","@id":"https:\/\/babylove.se\/no\/produkt\/babylove-beige-nature-babynest\/#breadcrumb","itemListElement":[{"@type":"ListItem","position":1,"name":"Hem","item":"https:\/\/babylove.se\/no\/"},{"@type":"ListItem","position":2,"name":"Butik","item":"https:\/\/babylove.se\/no\/butik\/"},{"@type":"ListItem","position":3,"name":"Babylove, beige nature, babynest"}]},{"@type":"WebSite","@id":"https:\/\/babylove.se\/no\/#website","url":"https:\/\/babylove.se\/no\/","name":"Babylove Norska","description":"","potentialAction":[{"@type":"SearchAction","target":{"@type":"EntryPoint","urlTemplate":"https:\/\/babylove.se\/no\/?s={search_term_string}"},"query-input":{"@type":"PropertyValueSpecification","valueRequired":true,"valueName":"search_term_string"}}],"inLanguage":"nb-NO"}]},"product_brand":"Babylove","product_price_amount":"419.40","product_price_currency":"SEK","og_availability":"out of stock","product_availability":"out of stock","product_retailer_item_id":"BB00003964","product_condition":"new"},"_links":{"self":[{"href":"https:\/\/babylove.se\/no\/wp-json\/wp\/v2\/product\/47196","targetHints":{"allow":["GET"]}}],"collection":[{"href":"https:\/\/babylove.se\/no\/wp-json\/wp\/v2\/product"}],"about":[{"href":"https:\/\/babylove.se\/no\/wp-json\/wp\/v2\/types\/product"}],"replies":[{"embeddable":true,"href":"https:\/\/babylove.se\/no\/wp-json\/wp\/v2\/comments?post=47196"}],"wp:featuredmedia":[{"embeddable":true,"href":"https:\/\/babylove.se\/no\/wp-json\/wp\/v2\/media\/47198"}],"wp:attachment":[{"href":"https:\/\/babylove.se\/no\/wp-json\/wp\/v2\/media?parent=47196"}],"wp:term":[{"taxonomy":"product_brand","embeddable":true,"href":"https:\/\/babylove.se\/no\/wp-json\/wp\/v2\/product_brand?post=47196"},{"taxonomy":"product_cat","embeddable":true,"href":"https:\/\/babylove.se\/no\/wp-json\/wp\/v2\/product_cat?post=47196"},{"taxonomy":"product_tag","embeddable":true,"href":"https:\/\/babylove.se\/no\/wp-json\/wp\/v2\/product_tag?post=47196"}],"curies":[{"name":"wp","href":"https:\/\/api.w.org\/{rel}","templated":true}]}}