{"id":47200,"date":"2025-07-19T10:35:25","date_gmt":"2025-07-19T09:35:25","guid":{"rendered":"https:\/\/babylove.se\/produkt\/telkiddo-poster-panda-a3\/"},"modified":"2026-04-08T13:01:52","modified_gmt":"2026-04-08T12:01:52","slug":"telkiddo-plakat-panda-a3","status":"publish","type":"product","link":"https:\/\/babylove.se\/no\/produkt\/telkiddo-plakat-panda-a3\/","title":{"rendered":"Telkiddo plakat panda, A3"},"content":{"rendered":"<p>En fantastisk vakker plakat for barnerommet med en s\u00f8t panda. Med disse plakatene kan du enkelt skape en unik f\u00f8lelse i barnerommets innredning og barnet ditt kommer til \u00e5 elske de eventyrlige motivene.<\/p>\n<p>Trykket er laget p\u00e5 et meget h\u00f8ykvalitets papir<\/p>\n<p><strong>M\u00e5l<\/strong>: A3 format (30 x 42 cm )&nbsp;<\/p>\n<p>Designer: <a href=\"https:\/\/babylove.se\/varumarken\/tellkiddo\">Tellkiddo<\/a><\/p>\n","protected":false},"excerpt":{"rendered":"<p>En fantastisk vakker plakat for barnerommet med en s\u00f8t panda. Med disse plakatene kan du enkelt skape en unik f\u00f8lelse i barnerommets innredning og barnet ditt kommer til \u00e5 elske de eventyrlige motivene. Trykket er laget p\u00e5 et meget h\u00f8ykvalitets papir M\u00e5l: A3 format (30 x 42 cm )&nbsp; Designer: Tellkiddo<\/p>\n","protected":false},"featured_media":47202,"comment_status":"closed","ping_status":"open","template":"","meta":{"_acf_changed":false},"product_brand":[],"product_cat":[150,255,127],"product_tag":[],"class_list":{"0":"post-47200","1":"product","2":"type-product","3":"status-publish","4":"has-post-thumbnail","6":"product_cat-mellomjulsalg","7":"product_cat-plakater","8":"product_cat-tellkiddo","10":"first","11":"instock","12":"taxable","13":"shipping-taxable","14":"purchasable","15":"product-type-simple"},"acf":[],"yoast_head":"<!-- This site is optimized with the Yoast SEO Premium plugin v25.8 (Yoast SEO v27.2) - https:\/\/yoast.com\/product\/yoast-seo-premium-wordpress\/ -->\n<title>Telkiddo plakat panda, A3 - Babylove Norska<\/title>\n<meta name=\"robots\" content=\"noindex, follow, max-snippet:-1, max-image-preview:large, max-video-preview:-1\" \/>\n<meta property=\"og:locale\" content=\"nb_NO\" \/>\n<meta property=\"og:type\" content=\"article\" \/>\n<meta property=\"og:title\" content=\"Telkiddo plakat panda, A3\" \/>\n<meta property=\"og:description\" content=\"En fantastisk vakker plakat for barnerommet med en s\u00f8t panda. Med disse plakatene kan du enkelt skape en unik f\u00f8lelse i barnerommets innredning og barnet ditt kommer til \u00e5 elske de eventyrlige motivene. Trykket er laget p\u00e5 et meget h\u00f8ykvalitets papir M\u00e5l: A3 format (30 x 42 cm )&nbsp; Designer: Tellkiddo\" \/>\n<meta property=\"og:url\" content=\"https:\/\/babylove.se\/no\/produkt\/telkiddo-plakat-panda-a3\/\" \/>\n<meta property=\"og:site_name\" content=\"Babylove Norska\" \/>\n<meta property=\"article:modified_time\" content=\"2026-04-08T12:01:52+00:00\" \/>\n<meta property=\"og:image\" content=\"https:\/\/babylove.se\/no\/wp-content\/uploads\/sites\/3\/2025\/07\/635b7d2fbf1c2.jpeg\" \/>\n\t<meta property=\"og:image:width\" content=\"570\" \/>\n\t<meta property=\"og:image:height\" content=\"570\" \/>\n\t<meta property=\"og:image:type\" content=\"image\/jpeg\" \/>\n<meta name=\"twitter:card\" content=\"summary_large_image\" \/>\n<meta name=\"twitter:label1\" content=\"Price\" \/>\n\t<meta name=\"twitter:data1\" content=\"159,00&nbsp;&#107;&#114;\" \/>\n\t<meta name=\"twitter:label2\" content=\"Availability\" \/>\n\t<meta name=\"twitter:data2\" content=\"In stock\" \/>\n<script type=\"application\/ld+json\" class=\"yoast-schema-graph\">{\"@context\":\"https:\/\/schema.org\",\"@graph\":[{\"@type\":\"WebPage\",\"@id\":\"https:\/\/babylove.se\/no\/produkt\/telkiddo-plakat-panda-a3\/\",\"url\":\"https:\/\/babylove.se\/no\/produkt\/telkiddo-plakat-panda-a3\/\",\"name\":\"Telkiddo plakat panda, A3 - Babylove Norska\",\"isPartOf\":{\"@id\":\"https:\/\/babylove.se\/no\/#website\"},\"primaryImageOfPage\":{\"@id\":\"https:\/\/babylove.se\/no\/produkt\/telkiddo-plakat-panda-a3\/#primaryimage\"},\"image\":{\"@id\":\"https:\/\/babylove.se\/no\/produkt\/telkiddo-plakat-panda-a3\/#primaryimage\"},\"thumbnailUrl\":\"https:\/\/babylove.se\/no\/wp-content\/uploads\/sites\/3\/2025\/07\/635b7d2fbf1c2.jpeg\",\"datePublished\":\"2025-07-19T09:35:25+00:00\",\"dateModified\":\"2026-04-08T12:01:52+00:00\",\"breadcrumb\":{\"@id\":\"https:\/\/babylove.se\/no\/produkt\/telkiddo-plakat-panda-a3\/#breadcrumb\"},\"inLanguage\":\"nb-NO\",\"potentialAction\":[{\"@type\":\"ReadAction\",\"target\":[\"https:\/\/babylove.se\/no\/produkt\/telkiddo-plakat-panda-a3\/\"]}]},{\"@type\":\"ImageObject\",\"inLanguage\":\"nb-NO\",\"@id\":\"https:\/\/babylove.se\/no\/produkt\/telkiddo-plakat-panda-a3\/#primaryimage\",\"url\":\"https:\/\/babylove.se\/no\/wp-content\/uploads\/sites\/3\/2025\/07\/635b7d2fbf1c2.jpeg\",\"contentUrl\":\"https:\/\/babylove.se\/no\/wp-content\/uploads\/sites\/3\/2025\/07\/635b7d2fbf1c2.jpeg\",\"width\":570,\"height\":570},{\"@type\":\"BreadcrumbList\",\"@id\":\"https:\/\/babylove.se\/no\/produkt\/telkiddo-plakat-panda-a3\/#breadcrumb\",\"itemListElement\":[{\"@type\":\"ListItem\",\"position\":1,\"name\":\"Hem\",\"item\":\"https:\/\/babylove.se\/no\/\"},{\"@type\":\"ListItem\",\"position\":2,\"name\":\"Butik\",\"item\":\"https:\/\/babylove.se\/no\/butik\/\"},{\"@type\":\"ListItem\",\"position\":3,\"name\":\"Telkiddo plakat panda, A3\"}]},{\"@type\":\"WebSite\",\"@id\":\"https:\/\/babylove.se\/no\/#website\",\"url\":\"https:\/\/babylove.se\/no\/\",\"name\":\"Babylove Norska\",\"description\":\"\",\"potentialAction\":[{\"@type\":\"SearchAction\",\"target\":{\"@type\":\"EntryPoint\",\"urlTemplate\":\"https:\/\/babylove.se\/no\/?s={search_term_string}\"},\"query-input\":{\"@type\":\"PropertyValueSpecification\",\"valueRequired\":true,\"valueName\":\"search_term_string\"}}],\"inLanguage\":\"nb-NO\"}]}<\/script>\n<meta property=\"product:price:amount\" content=\"159.00\" \/>\n<meta property=\"product:price:currency\" content=\"SEK\" \/>\n<meta property=\"og:availability\" content=\"instock\" \/>\n<meta property=\"product:availability\" content=\"instock\" \/>\n<meta property=\"product:retailer_item_id\" content=\"A3 Panda\" \/>\n<meta property=\"product:condition\" content=\"new\" \/>\n<!-- \/ Yoast SEO Premium plugin. -->","yoast_head_json":{"title":"Telkiddo plakat panda, A3 - Babylove Norska","robots":{"index":"noindex","follow":"follow","max-snippet":"max-snippet:-1","max-image-preview":"max-image-preview:large","max-video-preview":"max-video-preview:-1"},"og_locale":"nb_NO","og_type":"article","og_title":"Telkiddo plakat panda, A3","og_description":"En fantastisk vakker plakat for barnerommet med en s\u00f8t panda. Med disse plakatene kan du enkelt skape en unik f\u00f8lelse i barnerommets innredning og barnet ditt kommer til \u00e5 elske de eventyrlige motivene. Trykket er laget p\u00e5 et meget h\u00f8ykvalitets papir M\u00e5l: A3 format (30 x 42 cm )&nbsp; Designer: Tellkiddo","og_url":"https:\/\/babylove.se\/no\/produkt\/telkiddo-plakat-panda-a3\/","og_site_name":"Babylove Norska","article_modified_time":"2026-04-08T12:01:52+00:00","og_image":[{"width":570,"height":570,"url":"https:\/\/babylove.se\/no\/wp-content\/uploads\/sites\/3\/2025\/07\/635b7d2fbf1c2.jpeg","type":"image\/jpeg"}],"twitter_card":"summary_large_image","twitter_misc":{"Price":"159,00&nbsp;&#107;&#114;","Availability":"In stock"},"schema":{"@context":"https:\/\/schema.org","@graph":[{"@type":"WebPage","@id":"https:\/\/babylove.se\/no\/produkt\/telkiddo-plakat-panda-a3\/","url":"https:\/\/babylove.se\/no\/produkt\/telkiddo-plakat-panda-a3\/","name":"Telkiddo plakat panda, A3 - Babylove Norska","isPartOf":{"@id":"https:\/\/babylove.se\/no\/#website"},"primaryImageOfPage":{"@id":"https:\/\/babylove.se\/no\/produkt\/telkiddo-plakat-panda-a3\/#primaryimage"},"image":{"@id":"https:\/\/babylove.se\/no\/produkt\/telkiddo-plakat-panda-a3\/#primaryimage"},"thumbnailUrl":"https:\/\/babylove.se\/no\/wp-content\/uploads\/sites\/3\/2025\/07\/635b7d2fbf1c2.jpeg","datePublished":"2025-07-19T09:35:25+00:00","dateModified":"2026-04-08T12:01:52+00:00","breadcrumb":{"@id":"https:\/\/babylove.se\/no\/produkt\/telkiddo-plakat-panda-a3\/#breadcrumb"},"inLanguage":"nb-NO","potentialAction":[{"@type":"ReadAction","target":["https:\/\/babylove.se\/no\/produkt\/telkiddo-plakat-panda-a3\/"]}]},{"@type":"ImageObject","inLanguage":"nb-NO","@id":"https:\/\/babylove.se\/no\/produkt\/telkiddo-plakat-panda-a3\/#primaryimage","url":"https:\/\/babylove.se\/no\/wp-content\/uploads\/sites\/3\/2025\/07\/635b7d2fbf1c2.jpeg","contentUrl":"https:\/\/babylove.se\/no\/wp-content\/uploads\/sites\/3\/2025\/07\/635b7d2fbf1c2.jpeg","width":570,"height":570},{"@type":"BreadcrumbList","@id":"https:\/\/babylove.se\/no\/produkt\/telkiddo-plakat-panda-a3\/#breadcrumb","itemListElement":[{"@type":"ListItem","position":1,"name":"Hem","item":"https:\/\/babylove.se\/no\/"},{"@type":"ListItem","position":2,"name":"Butik","item":"https:\/\/babylove.se\/no\/butik\/"},{"@type":"ListItem","position":3,"name":"Telkiddo plakat panda, A3"}]},{"@type":"WebSite","@id":"https:\/\/babylove.se\/no\/#website","url":"https:\/\/babylove.se\/no\/","name":"Babylove Norska","description":"","potentialAction":[{"@type":"SearchAction","target":{"@type":"EntryPoint","urlTemplate":"https:\/\/babylove.se\/no\/?s={search_term_string}"},"query-input":{"@type":"PropertyValueSpecification","valueRequired":true,"valueName":"search_term_string"}}],"inLanguage":"nb-NO"}]},"product_price_amount":"159.00","product_price_currency":"SEK","og_availability":"instock","product_availability":"instock","product_retailer_item_id":"A3 Panda","product_condition":"new"},"_links":{"self":[{"href":"https:\/\/babylove.se\/no\/wp-json\/wp\/v2\/product\/47200","targetHints":{"allow":["GET"]}}],"collection":[{"href":"https:\/\/babylove.se\/no\/wp-json\/wp\/v2\/product"}],"about":[{"href":"https:\/\/babylove.se\/no\/wp-json\/wp\/v2\/types\/product"}],"replies":[{"embeddable":true,"href":"https:\/\/babylove.se\/no\/wp-json\/wp\/v2\/comments?post=47200"}],"wp:featuredmedia":[{"embeddable":true,"href":"https:\/\/babylove.se\/no\/wp-json\/wp\/v2\/media\/47202"}],"wp:attachment":[{"href":"https:\/\/babylove.se\/no\/wp-json\/wp\/v2\/media?parent=47200"}],"wp:term":[{"taxonomy":"product_brand","embeddable":true,"href":"https:\/\/babylove.se\/no\/wp-json\/wp\/v2\/product_brand?post=47200"},{"taxonomy":"product_cat","embeddable":true,"href":"https:\/\/babylove.se\/no\/wp-json\/wp\/v2\/product_cat?post=47200"},{"taxonomy":"product_tag","embeddable":true,"href":"https:\/\/babylove.se\/no\/wp-json\/wp\/v2\/product_tag?post=47200"}],"curies":[{"name":"wp","href":"https:\/\/api.w.org\/{rel}","templated":true}]}}