{"id":4727,"date":"2025-07-18T20:24:49","date_gmt":"2025-07-18T19:24:49","guid":{"rendered":"https:\/\/babylove.se\/produkt\/djurhuvud-vit-elefant-vaggdekoration-till-barnrummet\/"},"modified":"2026-05-11T12:58:24","modified_gmt":"2026-05-11T11:58:24","slug":"dyrehode-hvit-elefant-veggdekorasjon-til-barnerommet","status":"publish","type":"product","link":"https:\/\/babylove.se\/no\/produkt\/dyrehode-hvit-elefant-veggdekorasjon-til-barnerommet\/","title":{"rendered":"Dyrehode hvit elefant, Veggdekorasjon til barnerommet"},"content":{"rendered":"<p>Dyrehodet er laget av mykt og deilig bomullsfl\u00f8yel som gj\u00f8r at denne elefanten er veldig myk og koselig \u00e5 f\u00f8le p\u00e5. Samtidig som det er en fantastisk vakker veggdekorasjon til barnrommet deres. <\/p>\n<p><strong>M\u00e5l<\/strong>: Bredde 50 cm (inkludert \u00f8rene) og h\u00f8yde 38 cm <\/p>\n<p>Produktet er forberedt for \u00e5 henge opp p\u00e5 veggen med p\u00e5sydde hengere. Bare fest en limt krok p\u00e5 veggen og s\u00e5 setter du den dit, veldig enkelt, <\/p>\n<p>Designer: <a href=\"https:\/\/babylove.se\/varumarken\/love-me-decoration\"><u>Love me decoration<\/u><\/a><\/p>\n","protected":false},"excerpt":{"rendered":"<p>Dyrehodet er laget av mykt og deilig bomullsfl\u00f8yel som gj\u00f8r at denne elefanten er veldig myk og koselig \u00e5 f\u00f8le p\u00e5. Samtidig som det er en fantastisk vakker veggdekorasjon til barnrommet deres. M\u00e5l: Bredde 50 cm (inkludert \u00f8rene) og h\u00f8yde 38 cm Produktet er forberedt for \u00e5 henge opp p\u00e5 veggen med p\u00e5sydde hengere. Bare [&hellip;]<\/p>\n","protected":false},"featured_media":4729,"comment_status":"closed","ping_status":"closed","template":"","meta":{"_acf_changed":false},"product_brand":[197],"product_cat":[90,26,25,198,200],"product_tag":[],"class_list":{"0":"post-4727","1":"product","2":"type-product","3":"status-publish","4":"has-post-thumbnail","6":"product_brand-love-my-decoration","7":"product_cat-dyr","8":"product_cat-kjop-produkter-som-ikke-bare-er-for-gutter","9":"product_cat-ikke-bare-jenter","10":"product_cat-love-me-decoration","11":"product_cat-floyel","13":"first","14":"outofstock","15":"taxable","16":"shipping-taxable","17":"purchasable","18":"product-type-simple"},"acf":[],"yoast_head":"<!-- This site is optimized with the Yoast SEO Premium plugin v25.8 (Yoast SEO v27.2) - https:\/\/yoast.com\/product\/yoast-seo-premium-wordpress\/ -->\n<title>Djurhuvud Barnrum, V\u00e4ggdekoration: Vit Elefant<\/title>\n<meta name=\"description\" content=\"Fantastiskt vackert djurhuvud som v\u00e4ggdekoration till ert barnrum. Gjord av mjuk och h\u00e4rlig bomullssammet. 14 dagars \u00f6ppet k\u00f6p - Frakt inom 24 timmar!\" \/>\n<meta name=\"robots\" content=\"noindex, follow, max-snippet:-1, max-image-preview:large, max-video-preview:-1\" \/>\n<meta property=\"og:locale\" content=\"nb_NO\" \/>\n<meta property=\"og:type\" content=\"article\" \/>\n<meta property=\"og:title\" content=\"Dyrehode hvit elefant, Veggdekorasjon til barnerommet\" \/>\n<meta property=\"og:description\" content=\"Fantastiskt vackert djurhuvud som v\u00e4ggdekoration till ert barnrum. Gjord av mjuk och h\u00e4rlig bomullssammet. 14 dagars \u00f6ppet k\u00f6p - Frakt inom 24 timmar!\" \/>\n<meta property=\"og:url\" content=\"https:\/\/babylove.se\/no\/produkt\/dyrehode-hvit-elefant-veggdekorasjon-til-barnerommet\/\" \/>\n<meta property=\"og:site_name\" content=\"Babylove Norska\" \/>\n<meta property=\"article:modified_time\" content=\"2026-05-11T11:58:24+00:00\" \/>\n<meta property=\"og:image\" content=\"https:\/\/babylove.se\/no\/wp-content\/uploads\/sites\/3\/2025\/07\/59dfb49456331.jpeg\" \/>\n\t<meta property=\"og:image:width\" content=\"750\" \/>\n\t<meta property=\"og:image:height\" content=\"563\" \/>\n\t<meta property=\"og:image:type\" content=\"image\/jpeg\" \/>\n<meta name=\"twitter:card\" content=\"summary_large_image\" \/>\n<meta name=\"twitter:label1\" content=\"Price\" \/>\n\t<meta name=\"twitter:data1\" content=\"839,00&nbsp;&#107;&#114;\" \/>\n\t<meta name=\"twitter:label2\" content=\"Availability\" \/>\n\t<meta name=\"twitter:data2\" content=\"Out of stock\" \/>\n<script type=\"application\/ld+json\" class=\"yoast-schema-graph\">{\"@context\":\"https:\/\/schema.org\",\"@graph\":[{\"@type\":\"WebPage\",\"@id\":\"https:\/\/babylove.se\/no\/produkt\/dyrehode-hvit-elefant-veggdekorasjon-til-barnerommet\/\",\"url\":\"https:\/\/babylove.se\/no\/produkt\/dyrehode-hvit-elefant-veggdekorasjon-til-barnerommet\/\",\"name\":\"Djurhuvud Barnrum, V\u00e4ggdekoration: Vit Elefant\",\"isPartOf\":{\"@id\":\"https:\/\/babylove.se\/no\/#website\"},\"primaryImageOfPage\":{\"@id\":\"https:\/\/babylove.se\/no\/produkt\/dyrehode-hvit-elefant-veggdekorasjon-til-barnerommet\/#primaryimage\"},\"image\":{\"@id\":\"https:\/\/babylove.se\/no\/produkt\/dyrehode-hvit-elefant-veggdekorasjon-til-barnerommet\/#primaryimage\"},\"thumbnailUrl\":\"https:\/\/babylove.se\/no\/wp-content\/uploads\/sites\/3\/2025\/07\/59dfb49456331.jpeg\",\"datePublished\":\"2025-07-18T19:24:49+00:00\",\"dateModified\":\"2026-05-11T11:58:24+00:00\",\"description\":\"Fantastiskt vackert djurhuvud som v\u00e4ggdekoration till ert barnrum. Gjord av mjuk och h\u00e4rlig bomullssammet. 14 dagars \u00f6ppet k\u00f6p - Frakt inom 24 timmar!\",\"breadcrumb\":{\"@id\":\"https:\/\/babylove.se\/no\/produkt\/dyrehode-hvit-elefant-veggdekorasjon-til-barnerommet\/#breadcrumb\"},\"inLanguage\":\"nb-NO\",\"potentialAction\":[{\"@type\":\"ReadAction\",\"target\":[\"https:\/\/babylove.se\/no\/produkt\/dyrehode-hvit-elefant-veggdekorasjon-til-barnerommet\/\"]}]},{\"@type\":\"ImageObject\",\"inLanguage\":\"nb-NO\",\"@id\":\"https:\/\/babylove.se\/no\/produkt\/dyrehode-hvit-elefant-veggdekorasjon-til-barnerommet\/#primaryimage\",\"url\":\"https:\/\/babylove.se\/no\/wp-content\/uploads\/sites\/3\/2025\/07\/59dfb49456331.jpeg\",\"contentUrl\":\"https:\/\/babylove.se\/no\/wp-content\/uploads\/sites\/3\/2025\/07\/59dfb49456331.jpeg\",\"width\":750,\"height\":563},{\"@type\":\"BreadcrumbList\",\"@id\":\"https:\/\/babylove.se\/no\/produkt\/dyrehode-hvit-elefant-veggdekorasjon-til-barnerommet\/#breadcrumb\",\"itemListElement\":[{\"@type\":\"ListItem\",\"position\":1,\"name\":\"Hem\",\"item\":\"https:\/\/babylove.se\/no\/\"},{\"@type\":\"ListItem\",\"position\":2,\"name\":\"Butik\",\"item\":\"https:\/\/babylove.se\/no\/butik\/\"},{\"@type\":\"ListItem\",\"position\":3,\"name\":\"Dyrehode hvit elefant, Veggdekorasjon til barnerommet\"}]},{\"@type\":\"WebSite\",\"@id\":\"https:\/\/babylove.se\/no\/#website\",\"url\":\"https:\/\/babylove.se\/no\/\",\"name\":\"Babylove Norska\",\"description\":\"\",\"potentialAction\":[{\"@type\":\"SearchAction\",\"target\":{\"@type\":\"EntryPoint\",\"urlTemplate\":\"https:\/\/babylove.se\/no\/?s={search_term_string}\"},\"query-input\":{\"@type\":\"PropertyValueSpecification\",\"valueRequired\":true,\"valueName\":\"search_term_string\"}}],\"inLanguage\":\"nb-NO\"}]}<\/script>\n<meta property=\"product:brand\" content=\"Love my decoration\" \/>\n<meta property=\"product:price:amount\" content=\"839.00\" \/>\n<meta property=\"product:price:currency\" content=\"NOK\" \/>\n<meta property=\"og:availability\" content=\"out of stock\" \/>\n<meta property=\"product:availability\" content=\"out of stock\" \/>\n<meta property=\"product:retailer_item_id\" content=\"000075\" \/>\n<meta property=\"product:condition\" content=\"new\" \/>\n<!-- \/ Yoast SEO Premium plugin. -->","yoast_head_json":{"title":"Djurhuvud Barnrum, V\u00e4ggdekoration: Vit Elefant","description":"Fantastiskt vackert djurhuvud som v\u00e4ggdekoration till ert barnrum. Gjord av mjuk och h\u00e4rlig bomullssammet. 14 dagars \u00f6ppet k\u00f6p - Frakt inom 24 timmar!","robots":{"index":"noindex","follow":"follow","max-snippet":"max-snippet:-1","max-image-preview":"max-image-preview:large","max-video-preview":"max-video-preview:-1"},"og_locale":"nb_NO","og_type":"article","og_title":"Dyrehode hvit elefant, Veggdekorasjon til barnerommet","og_description":"Fantastiskt vackert djurhuvud som v\u00e4ggdekoration till ert barnrum. Gjord av mjuk och h\u00e4rlig bomullssammet. 14 dagars \u00f6ppet k\u00f6p - Frakt inom 24 timmar!","og_url":"https:\/\/babylove.se\/no\/produkt\/dyrehode-hvit-elefant-veggdekorasjon-til-barnerommet\/","og_site_name":"Babylove Norska","article_modified_time":"2026-05-11T11:58:24+00:00","og_image":[{"width":750,"height":563,"url":"https:\/\/babylove.se\/no\/wp-content\/uploads\/sites\/3\/2025\/07\/59dfb49456331.jpeg","type":"image\/jpeg"}],"twitter_card":"summary_large_image","twitter_misc":{"Price":"839,00&nbsp;&#107;&#114;","Availability":"Out of stock"},"schema":{"@context":"https:\/\/schema.org","@graph":[{"@type":"WebPage","@id":"https:\/\/babylove.se\/no\/produkt\/dyrehode-hvit-elefant-veggdekorasjon-til-barnerommet\/","url":"https:\/\/babylove.se\/no\/produkt\/dyrehode-hvit-elefant-veggdekorasjon-til-barnerommet\/","name":"Djurhuvud Barnrum, V\u00e4ggdekoration: Vit Elefant","isPartOf":{"@id":"https:\/\/babylove.se\/no\/#website"},"primaryImageOfPage":{"@id":"https:\/\/babylove.se\/no\/produkt\/dyrehode-hvit-elefant-veggdekorasjon-til-barnerommet\/#primaryimage"},"image":{"@id":"https:\/\/babylove.se\/no\/produkt\/dyrehode-hvit-elefant-veggdekorasjon-til-barnerommet\/#primaryimage"},"thumbnailUrl":"https:\/\/babylove.se\/no\/wp-content\/uploads\/sites\/3\/2025\/07\/59dfb49456331.jpeg","datePublished":"2025-07-18T19:24:49+00:00","dateModified":"2026-05-11T11:58:24+00:00","description":"Fantastiskt vackert djurhuvud som v\u00e4ggdekoration till ert barnrum. Gjord av mjuk och h\u00e4rlig bomullssammet. 14 dagars \u00f6ppet k\u00f6p - Frakt inom 24 timmar!","breadcrumb":{"@id":"https:\/\/babylove.se\/no\/produkt\/dyrehode-hvit-elefant-veggdekorasjon-til-barnerommet\/#breadcrumb"},"inLanguage":"nb-NO","potentialAction":[{"@type":"ReadAction","target":["https:\/\/babylove.se\/no\/produkt\/dyrehode-hvit-elefant-veggdekorasjon-til-barnerommet\/"]}]},{"@type":"ImageObject","inLanguage":"nb-NO","@id":"https:\/\/babylove.se\/no\/produkt\/dyrehode-hvit-elefant-veggdekorasjon-til-barnerommet\/#primaryimage","url":"https:\/\/babylove.se\/no\/wp-content\/uploads\/sites\/3\/2025\/07\/59dfb49456331.jpeg","contentUrl":"https:\/\/babylove.se\/no\/wp-content\/uploads\/sites\/3\/2025\/07\/59dfb49456331.jpeg","width":750,"height":563},{"@type":"BreadcrumbList","@id":"https:\/\/babylove.se\/no\/produkt\/dyrehode-hvit-elefant-veggdekorasjon-til-barnerommet\/#breadcrumb","itemListElement":[{"@type":"ListItem","position":1,"name":"Hem","item":"https:\/\/babylove.se\/no\/"},{"@type":"ListItem","position":2,"name":"Butik","item":"https:\/\/babylove.se\/no\/butik\/"},{"@type":"ListItem","position":3,"name":"Dyrehode hvit elefant, Veggdekorasjon til barnerommet"}]},{"@type":"WebSite","@id":"https:\/\/babylove.se\/no\/#website","url":"https:\/\/babylove.se\/no\/","name":"Babylove Norska","description":"","potentialAction":[{"@type":"SearchAction","target":{"@type":"EntryPoint","urlTemplate":"https:\/\/babylove.se\/no\/?s={search_term_string}"},"query-input":{"@type":"PropertyValueSpecification","valueRequired":true,"valueName":"search_term_string"}}],"inLanguage":"nb-NO"}]},"product_brand":"Love my decoration","product_price_amount":"839.00","product_price_currency":"NOK","og_availability":"out of stock","product_availability":"out of stock","product_retailer_item_id":"000075","product_condition":"new"},"_links":{"self":[{"href":"https:\/\/babylove.se\/no\/wp-json\/wp\/v2\/product\/4727","targetHints":{"allow":["GET"]}}],"collection":[{"href":"https:\/\/babylove.se\/no\/wp-json\/wp\/v2\/product"}],"about":[{"href":"https:\/\/babylove.se\/no\/wp-json\/wp\/v2\/types\/product"}],"replies":[{"embeddable":true,"href":"https:\/\/babylove.se\/no\/wp-json\/wp\/v2\/comments?post=4727"}],"wp:featuredmedia":[{"embeddable":true,"href":"https:\/\/babylove.se\/no\/wp-json\/wp\/v2\/media\/4729"}],"wp:attachment":[{"href":"https:\/\/babylove.se\/no\/wp-json\/wp\/v2\/media?parent=4727"}],"wp:term":[{"taxonomy":"product_brand","embeddable":true,"href":"https:\/\/babylove.se\/no\/wp-json\/wp\/v2\/product_brand?post=4727"},{"taxonomy":"product_cat","embeddable":true,"href":"https:\/\/babylove.se\/no\/wp-json\/wp\/v2\/product_cat?post=4727"},{"taxonomy":"product_tag","embeddable":true,"href":"https:\/\/babylove.se\/no\/wp-json\/wp\/v2\/product_tag?post=4727"}],"curies":[{"name":"wp","href":"https:\/\/api.w.org\/{rel}","templated":true}]}}