{"id":47350,"date":"2025-07-19T10:36:56","date_gmt":"2025-07-19T09:36:56","guid":{"rendered":"https:\/\/babylove.se\/produkt\/duck-woodworks-justerbar-hjalpa-till-pall-vitnatur\/"},"modified":"2026-04-08T13:02:51","modified_gmt":"2026-04-08T12:02:51","slug":"duck-woodworks-justerbar-hjelpe-til-krakk-hvitbeiset","status":"publish","type":"product","link":"https:\/\/babylove.se\/no\/produkt\/duck-woodworks-justerbar-hjelpe-til-krakk-hvitbeiset\/","title":{"rendered":"Duck Woodworks, Justerbar hjelpekrakk, hvit\/natur"},"content":{"rendered":"<p>Aldri f\u00f8r har det v\u00e6rt enklere \u00e5 p\u00e5 en trygg (og stilsikker) m\u00e5te la stjernekokkene ta plass p\u00e5 kj\u00f8kkenet!<\/p>\n<p>Hjelper til n\u00e5r barnet skal pusse tenner, vaske hender, assistere foreldrene ved matlaging eller annen aktivitet der lilleputt ikke helt n\u00e5r opp.<\/p>\n<p>B\u00e5de trinnet og plattformen kan justeres i h\u00f8yde for p\u00e5 en smidig m\u00e5te \u00e5 f\u00f8lge med n\u00e5r barnet vokser.<\/p>\n<p>Krakken er enkel \u00e5 montere.&nbsp;<\/p>\n<p><strong>M\u00e5l<\/strong>:&nbsp;<\/p>\n<ul>\n<li>90 cm x 40 cm x 42 cm&nbsp;<\/li>\n<li>Plattformens h\u00f8ydeniv\u00e5er: 34\/38\/42 cm<\/li>\n<li>Trinnets h\u00f8ydeniv\u00e5er:18,5\/22,5\/26,5 cm<\/li>\n<\/ul>\n<p><strong>Materiale<\/strong>: Kryssfiner og MDF<\/p>\n<p>Designer: <a href=\"https:\/\/babylove.se\/varumarken\/duck-woodworks\">Duck Woodworks<\/a><\/p>\n","protected":false},"excerpt":{"rendered":"<p>Aldri f\u00f8r har det v\u00e6rt enklere \u00e5 p\u00e5 en trygg (og stilsikker) m\u00e5te la stjernekokkene ta plass p\u00e5 kj\u00f8kkenet! Hjelper til n\u00e5r barnet skal pusse tenner, vaske hender, assistere foreldrene ved matlaging eller annen aktivitet der lilleputt ikke helt n\u00e5r opp. B\u00e5de trinnet og plattformen kan justeres i h\u00f8yde for p\u00e5 en smidig m\u00e5te \u00e5 [&hellip;]<\/p>\n","protected":false},"featured_media":47352,"comment_status":"closed","ping_status":"open","template":"","meta":{"_acf_changed":false},"product_brand":[998],"product_cat":[999,911],"product_tag":[1689],"class_list":{"0":"post-47350","1":"product","2":"type-product","3":"status-publish","4":"has-post-thumbnail","6":"product_brand-duck-woodworks","7":"product_cat-duck-woodworks","8":"product_cat-hjelpe-til-pall","9":"product_tag-bestillingsvaror","11":"first","12":"instock","13":"taxable","14":"shipping-taxable","15":"purchasable","16":"product-type-simple"},"acf":[],"yoast_head":"<!-- This site is optimized with the Yoast SEO Premium plugin v25.8 (Yoast SEO v27.2) - https:\/\/yoast.com\/product\/yoast-seo-premium-wordpress\/ -->\n<title>Duck Woodworks, Justerbar hjelpekrakk, hvit\/natur - Babylove Norska<\/title>\n<meta name=\"robots\" content=\"noindex, follow, max-snippet:-1, max-image-preview:large, max-video-preview:-1\" \/>\n<meta property=\"og:locale\" content=\"nb_NO\" \/>\n<meta property=\"og:type\" content=\"article\" \/>\n<meta property=\"og:title\" content=\"Duck Woodworks, Justerbar hjelpekrakk, hvit\/natur\" \/>\n<meta property=\"og:description\" content=\"Aldri f\u00f8r har det v\u00e6rt enklere \u00e5 p\u00e5 en trygg (og stilsikker) m\u00e5te la stjernekokkene ta plass p\u00e5 kj\u00f8kkenet! Hjelper til n\u00e5r barnet skal pusse tenner, vaske hender, assistere foreldrene ved matlaging eller annen aktivitet der lilleputt ikke helt n\u00e5r opp. B\u00e5de trinnet og plattformen kan justeres i h\u00f8yde for p\u00e5 en smidig m\u00e5te \u00e5 [&hellip;]\" \/>\n<meta property=\"og:url\" content=\"https:\/\/babylove.se\/no\/produkt\/duck-woodworks-justerbar-hjelpe-til-krakk-hvitbeiset\/\" \/>\n<meta property=\"og:site_name\" content=\"Babylove Norska\" \/>\n<meta property=\"article:modified_time\" content=\"2026-04-08T12:02:51+00:00\" \/>\n<meta property=\"og:image\" content=\"https:\/\/babylove.se\/no\/wp-content\/uploads\/sites\/3\/2025\/07\/63639ee85faeb.webp\" \/>\n\t<meta property=\"og:image:width\" content=\"827\" \/>\n\t<meta property=\"og:image:height\" content=\"551\" \/>\n\t<meta property=\"og:image:type\" content=\"image\/webp\" \/>\n<meta name=\"twitter:card\" content=\"summary_large_image\" \/>\n<meta name=\"twitter:label1\" content=\"Price\" \/>\n\t<meta name=\"twitter:data1\" content=\"2 199,00&nbsp;&#107;&#114;\" \/>\n\t<meta name=\"twitter:label2\" content=\"Availability\" \/>\n\t<meta name=\"twitter:data2\" content=\"In stock\" \/>\n<script type=\"application\/ld+json\" class=\"yoast-schema-graph\">{\"@context\":\"https:\/\/schema.org\",\"@graph\":[{\"@type\":\"WebPage\",\"@id\":\"https:\/\/babylove.se\/no\/produkt\/duck-woodworks-justerbar-hjelpe-til-krakk-hvitbeiset\/\",\"url\":\"https:\/\/babylove.se\/no\/produkt\/duck-woodworks-justerbar-hjelpe-til-krakk-hvitbeiset\/\",\"name\":\"Duck Woodworks, Justerbar hjelpekrakk, hvit\/natur - Babylove Norska\",\"isPartOf\":{\"@id\":\"https:\/\/babylove.se\/no\/#website\"},\"primaryImageOfPage\":{\"@id\":\"https:\/\/babylove.se\/no\/produkt\/duck-woodworks-justerbar-hjelpe-til-krakk-hvitbeiset\/#primaryimage\"},\"image\":{\"@id\":\"https:\/\/babylove.se\/no\/produkt\/duck-woodworks-justerbar-hjelpe-til-krakk-hvitbeiset\/#primaryimage\"},\"thumbnailUrl\":\"https:\/\/babylove.se\/no\/wp-content\/uploads\/sites\/3\/2025\/07\/63639ee85faeb.webp\",\"datePublished\":\"2025-07-19T09:36:56+00:00\",\"dateModified\":\"2026-04-08T12:02:51+00:00\",\"breadcrumb\":{\"@id\":\"https:\/\/babylove.se\/no\/produkt\/duck-woodworks-justerbar-hjelpe-til-krakk-hvitbeiset\/#breadcrumb\"},\"inLanguage\":\"nb-NO\",\"potentialAction\":[{\"@type\":\"ReadAction\",\"target\":[\"https:\/\/babylove.se\/no\/produkt\/duck-woodworks-justerbar-hjelpe-til-krakk-hvitbeiset\/\"]}]},{\"@type\":\"ImageObject\",\"inLanguage\":\"nb-NO\",\"@id\":\"https:\/\/babylove.se\/no\/produkt\/duck-woodworks-justerbar-hjelpe-til-krakk-hvitbeiset\/#primaryimage\",\"url\":\"https:\/\/babylove.se\/no\/wp-content\/uploads\/sites\/3\/2025\/07\/63639ee85faeb.webp\",\"contentUrl\":\"https:\/\/babylove.se\/no\/wp-content\/uploads\/sites\/3\/2025\/07\/63639ee85faeb.webp\",\"width\":827,\"height\":551},{\"@type\":\"BreadcrumbList\",\"@id\":\"https:\/\/babylove.se\/no\/produkt\/duck-woodworks-justerbar-hjelpe-til-krakk-hvitbeiset\/#breadcrumb\",\"itemListElement\":[{\"@type\":\"ListItem\",\"position\":1,\"name\":\"Hem\",\"item\":\"https:\/\/babylove.se\/no\/\"},{\"@type\":\"ListItem\",\"position\":2,\"name\":\"Butik\",\"item\":\"https:\/\/babylove.se\/no\/butik\/\"},{\"@type\":\"ListItem\",\"position\":3,\"name\":\"Duck Woodworks, Justerbar hjelpekrakk, hvit\/natur\"}]},{\"@type\":\"WebSite\",\"@id\":\"https:\/\/babylove.se\/no\/#website\",\"url\":\"https:\/\/babylove.se\/no\/\",\"name\":\"Babylove Norska\",\"description\":\"\",\"potentialAction\":[{\"@type\":\"SearchAction\",\"target\":{\"@type\":\"EntryPoint\",\"urlTemplate\":\"https:\/\/babylove.se\/no\/?s={search_term_string}\"},\"query-input\":{\"@type\":\"PropertyValueSpecification\",\"valueRequired\":true,\"valueName\":\"search_term_string\"}}],\"inLanguage\":\"nb-NO\"}]}<\/script>\n<meta property=\"product:brand\" content=\"Duck Woodworks\" \/>\n<meta property=\"product:price:amount\" content=\"2199.00\" \/>\n<meta property=\"product:price:currency\" content=\"SEK\" \/>\n<meta property=\"og:availability\" content=\"instock\" \/>\n<meta property=\"product:availability\" content=\"instock\" \/>\n<meta property=\"product:retailer_item_id\" content=\"RKMD01B\" \/>\n<meta property=\"product:condition\" content=\"new\" \/>\n<!-- \/ Yoast SEO Premium plugin. -->","yoast_head_json":{"title":"Duck Woodworks, Justerbar hjelpekrakk, hvit\/natur - Babylove Norska","robots":{"index":"noindex","follow":"follow","max-snippet":"max-snippet:-1","max-image-preview":"max-image-preview:large","max-video-preview":"max-video-preview:-1"},"og_locale":"nb_NO","og_type":"article","og_title":"Duck Woodworks, Justerbar hjelpekrakk, hvit\/natur","og_description":"Aldri f\u00f8r har det v\u00e6rt enklere \u00e5 p\u00e5 en trygg (og stilsikker) m\u00e5te la stjernekokkene ta plass p\u00e5 kj\u00f8kkenet! Hjelper til n\u00e5r barnet skal pusse tenner, vaske hender, assistere foreldrene ved matlaging eller annen aktivitet der lilleputt ikke helt n\u00e5r opp. B\u00e5de trinnet og plattformen kan justeres i h\u00f8yde for p\u00e5 en smidig m\u00e5te \u00e5 [&hellip;]","og_url":"https:\/\/babylove.se\/no\/produkt\/duck-woodworks-justerbar-hjelpe-til-krakk-hvitbeiset\/","og_site_name":"Babylove Norska","article_modified_time":"2026-04-08T12:02:51+00:00","og_image":[{"width":827,"height":551,"url":"https:\/\/babylove.se\/no\/wp-content\/uploads\/sites\/3\/2025\/07\/63639ee85faeb.webp","type":"image\/webp"}],"twitter_card":"summary_large_image","twitter_misc":{"Price":"2 199,00&nbsp;&#107;&#114;","Availability":"In stock"},"schema":{"@context":"https:\/\/schema.org","@graph":[{"@type":"WebPage","@id":"https:\/\/babylove.se\/no\/produkt\/duck-woodworks-justerbar-hjelpe-til-krakk-hvitbeiset\/","url":"https:\/\/babylove.se\/no\/produkt\/duck-woodworks-justerbar-hjelpe-til-krakk-hvitbeiset\/","name":"Duck Woodworks, Justerbar hjelpekrakk, hvit\/natur - Babylove Norska","isPartOf":{"@id":"https:\/\/babylove.se\/no\/#website"},"primaryImageOfPage":{"@id":"https:\/\/babylove.se\/no\/produkt\/duck-woodworks-justerbar-hjelpe-til-krakk-hvitbeiset\/#primaryimage"},"image":{"@id":"https:\/\/babylove.se\/no\/produkt\/duck-woodworks-justerbar-hjelpe-til-krakk-hvitbeiset\/#primaryimage"},"thumbnailUrl":"https:\/\/babylove.se\/no\/wp-content\/uploads\/sites\/3\/2025\/07\/63639ee85faeb.webp","datePublished":"2025-07-19T09:36:56+00:00","dateModified":"2026-04-08T12:02:51+00:00","breadcrumb":{"@id":"https:\/\/babylove.se\/no\/produkt\/duck-woodworks-justerbar-hjelpe-til-krakk-hvitbeiset\/#breadcrumb"},"inLanguage":"nb-NO","potentialAction":[{"@type":"ReadAction","target":["https:\/\/babylove.se\/no\/produkt\/duck-woodworks-justerbar-hjelpe-til-krakk-hvitbeiset\/"]}]},{"@type":"ImageObject","inLanguage":"nb-NO","@id":"https:\/\/babylove.se\/no\/produkt\/duck-woodworks-justerbar-hjelpe-til-krakk-hvitbeiset\/#primaryimage","url":"https:\/\/babylove.se\/no\/wp-content\/uploads\/sites\/3\/2025\/07\/63639ee85faeb.webp","contentUrl":"https:\/\/babylove.se\/no\/wp-content\/uploads\/sites\/3\/2025\/07\/63639ee85faeb.webp","width":827,"height":551},{"@type":"BreadcrumbList","@id":"https:\/\/babylove.se\/no\/produkt\/duck-woodworks-justerbar-hjelpe-til-krakk-hvitbeiset\/#breadcrumb","itemListElement":[{"@type":"ListItem","position":1,"name":"Hem","item":"https:\/\/babylove.se\/no\/"},{"@type":"ListItem","position":2,"name":"Butik","item":"https:\/\/babylove.se\/no\/butik\/"},{"@type":"ListItem","position":3,"name":"Duck Woodworks, Justerbar hjelpekrakk, hvit\/natur"}]},{"@type":"WebSite","@id":"https:\/\/babylove.se\/no\/#website","url":"https:\/\/babylove.se\/no\/","name":"Babylove Norska","description":"","potentialAction":[{"@type":"SearchAction","target":{"@type":"EntryPoint","urlTemplate":"https:\/\/babylove.se\/no\/?s={search_term_string}"},"query-input":{"@type":"PropertyValueSpecification","valueRequired":true,"valueName":"search_term_string"}}],"inLanguage":"nb-NO"}]},"product_brand":"Duck Woodworks","product_price_amount":"2199.00","product_price_currency":"SEK","og_availability":"instock","product_availability":"instock","product_retailer_item_id":"RKMD01B","product_condition":"new"},"_links":{"self":[{"href":"https:\/\/babylove.se\/no\/wp-json\/wp\/v2\/product\/47350","targetHints":{"allow":["GET"]}}],"collection":[{"href":"https:\/\/babylove.se\/no\/wp-json\/wp\/v2\/product"}],"about":[{"href":"https:\/\/babylove.se\/no\/wp-json\/wp\/v2\/types\/product"}],"replies":[{"embeddable":true,"href":"https:\/\/babylove.se\/no\/wp-json\/wp\/v2\/comments?post=47350"}],"wp:featuredmedia":[{"embeddable":true,"href":"https:\/\/babylove.se\/no\/wp-json\/wp\/v2\/media\/47352"}],"wp:attachment":[{"href":"https:\/\/babylove.se\/no\/wp-json\/wp\/v2\/media?parent=47350"}],"wp:term":[{"taxonomy":"product_brand","embeddable":true,"href":"https:\/\/babylove.se\/no\/wp-json\/wp\/v2\/product_brand?post=47350"},{"taxonomy":"product_cat","embeddable":true,"href":"https:\/\/babylove.se\/no\/wp-json\/wp\/v2\/product_cat?post=47350"},{"taxonomy":"product_tag","embeddable":true,"href":"https:\/\/babylove.se\/no\/wp-json\/wp\/v2\/product_tag?post=47350"}],"curies":[{"name":"wp","href":"https:\/\/api.w.org\/{rel}","templated":true}]}}