{"id":47439,"date":"2025-07-19T10:38:09","date_gmt":"2025-07-19T09:38:09","guid":{"rendered":"https:\/\/babylove.se\/produkt\/liewood-babylift-babynest-classic-dot-creme-de-la-creme\/"},"modified":"2026-04-08T13:03:33","modified_gmt":"2026-04-08T12:03:33","slug":"liewood-babylift-babynest-classic-dot-creme-de-la-creme","status":"publish","type":"product","link":"https:\/\/babylove.se\/no\/produkt\/liewood-babylift-babynest-classic-dot-creme-de-la-creme\/","title":{"rendered":"Liewood, babylift babynest Classic dot creme de la creme"},"content":{"rendered":"<p>En fin kombo av babylift og babynest kombinerer det beste fra to verdener. Med to ordentlige h\u00e5ndtak s\u00e5 kan du enkelt flytte barnet ditt p\u00e5 en god m\u00e5te, og babynestet er som kjent deilig trygt for barn \u00e5 sove i. Dette babynestet er litt mer solid enn vanlige babynest, p\u00e5 grunn av kombinasjonen at man kan bruke den som en babylift. Designen er fin for \u00e5 passe godt inn i din \u00f8vrige barneroms-innredning. \\n \\nEn utrolig smart og nyttig produkt, som dere kommer til \u00e5 ha mye glede av. \\n \\n<strong>M\u00e5l<\/strong>: Innerm\u00e5l 63&#215;26 cm. Ytterm\u00e5l 84&#215;45 cm. \\n \\n<strong>Materiale<\/strong>: Overtrekk i organisk bomull og fyll av polyester. \\n \\nVaskes i h\u00f8yst 30 grader men kan ikke t\u00f8rketromles. \\n \\nDesigner: <a href=\"https:\/\/babylove.se\/varumarken\/liewood\">Liewood<\/a><\/p>\n","protected":false},"excerpt":{"rendered":"<p>En fin kombo av babylift og babynest kombinerer det beste fra to verdener. Med to ordentlige h\u00e5ndtak s\u00e5 kan du enkelt flytte barnet ditt p\u00e5 en god m\u00e5te, og babynestet er som kjent deilig trygt for barn \u00e5 sove i. Dette babynestet er litt mer solid enn vanlige babynest, p\u00e5 grunn av kombinasjonen at man [&hellip;]<\/p>\n","protected":false},"featured_media":47441,"comment_status":"closed","ping_status":"closed","template":"","meta":{"_acf_changed":false},"product_brand":[282],"product_cat":[28,56,283],"product_tag":[],"class_list":{"0":"post-47439","1":"product","2":"type-product","3":"status-publish","4":"has-post-thumbnail","6":"product_brand-liewood","7":"product_cat-sorthvit","8":"product_cat-babynest","9":"product_cat-liewood","11":"first","12":"outofstock","13":"taxable","14":"shipping-taxable","15":"purchasable","16":"product-type-simple"},"acf":[],"yoast_head":"<!-- This site is optimized with the Yoast SEO Premium plugin v25.8 (Yoast SEO v27.2) - https:\/\/yoast.com\/product\/yoast-seo-premium-wordpress\/ -->\n<title>Liewood, Vit babylift - Babylove.se - FRI FRAKT<\/title>\n<meta name=\"description\" content=\"Fin babylift fr\u00e5n danska Liewood - fungerar utm\u00e4rkt som babynest eller som en extra s\u00e4ng n\u00e4r man reser. K\u00f6p den h\u00e4r - Betala med Klarna faktura !\" \/>\n<meta name=\"robots\" content=\"noindex, follow, max-snippet:-1, max-image-preview:large, max-video-preview:-1\" \/>\n<meta property=\"og:locale\" content=\"nb_NO\" \/>\n<meta property=\"og:type\" content=\"article\" \/>\n<meta property=\"og:title\" content=\"Liewood, babylift babynest Classic dot creme de la creme\" \/>\n<meta property=\"og:description\" content=\"Fin babylift fr\u00e5n danska Liewood - fungerar utm\u00e4rkt som babynest eller som en extra s\u00e4ng n\u00e4r man reser. K\u00f6p den h\u00e4r - Betala med Klarna faktura !\" \/>\n<meta property=\"og:url\" content=\"https:\/\/babylove.se\/no\/produkt\/liewood-babylift-babynest-classic-dot-creme-de-la-creme\/\" \/>\n<meta property=\"og:site_name\" content=\"Babylove Norska\" \/>\n<meta property=\"article:modified_time\" content=\"2026-04-08T12:03:33+00:00\" \/>\n<meta property=\"og:image\" content=\"https:\/\/babylove.se\/no\/wp-content\/uploads\/sites\/3\/2025\/07\/1667895720619cf3bc40ce0.jpeg\" \/>\n\t<meta property=\"og:image:width\" content=\"800\" \/>\n\t<meta property=\"og:image:height\" content=\"800\" \/>\n\t<meta property=\"og:image:type\" content=\"image\/jpeg\" \/>\n<meta name=\"twitter:card\" content=\"summary_large_image\" \/>\n<meta name=\"twitter:label1\" content=\"Price\" \/>\n\t<meta name=\"twitter:data1\" content=\"1 199,00&nbsp;&#107;&#114;\" \/>\n\t<meta name=\"twitter:label2\" content=\"Availability\" \/>\n\t<meta name=\"twitter:data2\" content=\"Out of stock\" \/>\n<script type=\"application\/ld+json\" class=\"yoast-schema-graph\">{\"@context\":\"https:\/\/schema.org\",\"@graph\":[{\"@type\":\"WebPage\",\"@id\":\"https:\/\/babylove.se\/no\/produkt\/liewood-babylift-babynest-classic-dot-creme-de-la-creme\/\",\"url\":\"https:\/\/babylove.se\/no\/produkt\/liewood-babylift-babynest-classic-dot-creme-de-la-creme\/\",\"name\":\"Liewood, Vit babylift - Babylove.se - FRI FRAKT\",\"isPartOf\":{\"@id\":\"https:\/\/babylove.se\/no\/#website\"},\"primaryImageOfPage\":{\"@id\":\"https:\/\/babylove.se\/no\/produkt\/liewood-babylift-babynest-classic-dot-creme-de-la-creme\/#primaryimage\"},\"image\":{\"@id\":\"https:\/\/babylove.se\/no\/produkt\/liewood-babylift-babynest-classic-dot-creme-de-la-creme\/#primaryimage\"},\"thumbnailUrl\":\"https:\/\/babylove.se\/no\/wp-content\/uploads\/sites\/3\/2025\/07\/1667895720619cf3bc40ce0.jpeg\",\"datePublished\":\"2025-07-19T09:38:09+00:00\",\"dateModified\":\"2026-04-08T12:03:33+00:00\",\"description\":\"Fin babylift fr\u00e5n danska Liewood - fungerar utm\u00e4rkt som babynest eller som en extra s\u00e4ng n\u00e4r man reser. K\u00f6p den h\u00e4r - Betala med Klarna faktura !\",\"breadcrumb\":{\"@id\":\"https:\/\/babylove.se\/no\/produkt\/liewood-babylift-babynest-classic-dot-creme-de-la-creme\/#breadcrumb\"},\"inLanguage\":\"nb-NO\",\"potentialAction\":[{\"@type\":\"ReadAction\",\"target\":[\"https:\/\/babylove.se\/no\/produkt\/liewood-babylift-babynest-classic-dot-creme-de-la-creme\/\"]}]},{\"@type\":\"ImageObject\",\"inLanguage\":\"nb-NO\",\"@id\":\"https:\/\/babylove.se\/no\/produkt\/liewood-babylift-babynest-classic-dot-creme-de-la-creme\/#primaryimage\",\"url\":\"https:\/\/babylove.se\/no\/wp-content\/uploads\/sites\/3\/2025\/07\/1667895720619cf3bc40ce0.jpeg\",\"contentUrl\":\"https:\/\/babylove.se\/no\/wp-content\/uploads\/sites\/3\/2025\/07\/1667895720619cf3bc40ce0.jpeg\",\"width\":800,\"height\":800},{\"@type\":\"BreadcrumbList\",\"@id\":\"https:\/\/babylove.se\/no\/produkt\/liewood-babylift-babynest-classic-dot-creme-de-la-creme\/#breadcrumb\",\"itemListElement\":[{\"@type\":\"ListItem\",\"position\":1,\"name\":\"Hem\",\"item\":\"https:\/\/babylove.se\/no\/\"},{\"@type\":\"ListItem\",\"position\":2,\"name\":\"Butik\",\"item\":\"https:\/\/babylove.se\/no\/butik\/\"},{\"@type\":\"ListItem\",\"position\":3,\"name\":\"Liewood, babylift babynest Classic dot creme de la creme\"}]},{\"@type\":\"WebSite\",\"@id\":\"https:\/\/babylove.se\/no\/#website\",\"url\":\"https:\/\/babylove.se\/no\/\",\"name\":\"Babylove Norska\",\"description\":\"\",\"potentialAction\":[{\"@type\":\"SearchAction\",\"target\":{\"@type\":\"EntryPoint\",\"urlTemplate\":\"https:\/\/babylove.se\/no\/?s={search_term_string}\"},\"query-input\":{\"@type\":\"PropertyValueSpecification\",\"valueRequired\":true,\"valueName\":\"search_term_string\"}}],\"inLanguage\":\"nb-NO\"}]}<\/script>\n<meta property=\"product:brand\" content=\"Liewood\" \/>\n<meta property=\"product:price:amount\" content=\"1199.00\" \/>\n<meta property=\"product:price:currency\" content=\"SEK\" \/>\n<meta property=\"og:availability\" content=\"out of stock\" \/>\n<meta property=\"product:availability\" content=\"out of stock\" \/>\n<meta property=\"product:retailer_item_id\" content=\"LW123780044\" \/>\n<meta property=\"product:condition\" content=\"new\" \/>\n<!-- \/ Yoast SEO Premium plugin. -->","yoast_head_json":{"title":"Liewood, Vit babylift - Babylove.se - FRI FRAKT","description":"Fin babylift fr\u00e5n danska Liewood - fungerar utm\u00e4rkt som babynest eller som en extra s\u00e4ng n\u00e4r man reser. K\u00f6p den h\u00e4r - Betala med Klarna faktura !","robots":{"index":"noindex","follow":"follow","max-snippet":"max-snippet:-1","max-image-preview":"max-image-preview:large","max-video-preview":"max-video-preview:-1"},"og_locale":"nb_NO","og_type":"article","og_title":"Liewood, babylift babynest Classic dot creme de la creme","og_description":"Fin babylift fr\u00e5n danska Liewood - fungerar utm\u00e4rkt som babynest eller som en extra s\u00e4ng n\u00e4r man reser. K\u00f6p den h\u00e4r - Betala med Klarna faktura !","og_url":"https:\/\/babylove.se\/no\/produkt\/liewood-babylift-babynest-classic-dot-creme-de-la-creme\/","og_site_name":"Babylove Norska","article_modified_time":"2026-04-08T12:03:33+00:00","og_image":[{"width":800,"height":800,"url":"https:\/\/babylove.se\/no\/wp-content\/uploads\/sites\/3\/2025\/07\/1667895720619cf3bc40ce0.jpeg","type":"image\/jpeg"}],"twitter_card":"summary_large_image","twitter_misc":{"Price":"1 199,00&nbsp;&#107;&#114;","Availability":"Out of stock"},"schema":{"@context":"https:\/\/schema.org","@graph":[{"@type":"WebPage","@id":"https:\/\/babylove.se\/no\/produkt\/liewood-babylift-babynest-classic-dot-creme-de-la-creme\/","url":"https:\/\/babylove.se\/no\/produkt\/liewood-babylift-babynest-classic-dot-creme-de-la-creme\/","name":"Liewood, Vit babylift - Babylove.se - FRI FRAKT","isPartOf":{"@id":"https:\/\/babylove.se\/no\/#website"},"primaryImageOfPage":{"@id":"https:\/\/babylove.se\/no\/produkt\/liewood-babylift-babynest-classic-dot-creme-de-la-creme\/#primaryimage"},"image":{"@id":"https:\/\/babylove.se\/no\/produkt\/liewood-babylift-babynest-classic-dot-creme-de-la-creme\/#primaryimage"},"thumbnailUrl":"https:\/\/babylove.se\/no\/wp-content\/uploads\/sites\/3\/2025\/07\/1667895720619cf3bc40ce0.jpeg","datePublished":"2025-07-19T09:38:09+00:00","dateModified":"2026-04-08T12:03:33+00:00","description":"Fin babylift fr\u00e5n danska Liewood - fungerar utm\u00e4rkt som babynest eller som en extra s\u00e4ng n\u00e4r man reser. K\u00f6p den h\u00e4r - Betala med Klarna faktura !","breadcrumb":{"@id":"https:\/\/babylove.se\/no\/produkt\/liewood-babylift-babynest-classic-dot-creme-de-la-creme\/#breadcrumb"},"inLanguage":"nb-NO","potentialAction":[{"@type":"ReadAction","target":["https:\/\/babylove.se\/no\/produkt\/liewood-babylift-babynest-classic-dot-creme-de-la-creme\/"]}]},{"@type":"ImageObject","inLanguage":"nb-NO","@id":"https:\/\/babylove.se\/no\/produkt\/liewood-babylift-babynest-classic-dot-creme-de-la-creme\/#primaryimage","url":"https:\/\/babylove.se\/no\/wp-content\/uploads\/sites\/3\/2025\/07\/1667895720619cf3bc40ce0.jpeg","contentUrl":"https:\/\/babylove.se\/no\/wp-content\/uploads\/sites\/3\/2025\/07\/1667895720619cf3bc40ce0.jpeg","width":800,"height":800},{"@type":"BreadcrumbList","@id":"https:\/\/babylove.se\/no\/produkt\/liewood-babylift-babynest-classic-dot-creme-de-la-creme\/#breadcrumb","itemListElement":[{"@type":"ListItem","position":1,"name":"Hem","item":"https:\/\/babylove.se\/no\/"},{"@type":"ListItem","position":2,"name":"Butik","item":"https:\/\/babylove.se\/no\/butik\/"},{"@type":"ListItem","position":3,"name":"Liewood, babylift babynest Classic dot creme de la creme"}]},{"@type":"WebSite","@id":"https:\/\/babylove.se\/no\/#website","url":"https:\/\/babylove.se\/no\/","name":"Babylove Norska","description":"","potentialAction":[{"@type":"SearchAction","target":{"@type":"EntryPoint","urlTemplate":"https:\/\/babylove.se\/no\/?s={search_term_string}"},"query-input":{"@type":"PropertyValueSpecification","valueRequired":true,"valueName":"search_term_string"}}],"inLanguage":"nb-NO"}]},"product_brand":"Liewood","product_price_amount":"1199.00","product_price_currency":"SEK","og_availability":"out of stock","product_availability":"out of stock","product_retailer_item_id":"LW123780044","product_condition":"new"},"_links":{"self":[{"href":"https:\/\/babylove.se\/no\/wp-json\/wp\/v2\/product\/47439","targetHints":{"allow":["GET"]}}],"collection":[{"href":"https:\/\/babylove.se\/no\/wp-json\/wp\/v2\/product"}],"about":[{"href":"https:\/\/babylove.se\/no\/wp-json\/wp\/v2\/types\/product"}],"replies":[{"embeddable":true,"href":"https:\/\/babylove.se\/no\/wp-json\/wp\/v2\/comments?post=47439"}],"wp:featuredmedia":[{"embeddable":true,"href":"https:\/\/babylove.se\/no\/wp-json\/wp\/v2\/media\/47441"}],"wp:attachment":[{"href":"https:\/\/babylove.se\/no\/wp-json\/wp\/v2\/media?parent=47439"}],"wp:term":[{"taxonomy":"product_brand","embeddable":true,"href":"https:\/\/babylove.se\/no\/wp-json\/wp\/v2\/product_brand?post=47439"},{"taxonomy":"product_cat","embeddable":true,"href":"https:\/\/babylove.se\/no\/wp-json\/wp\/v2\/product_cat?post=47439"},{"taxonomy":"product_tag","embeddable":true,"href":"https:\/\/babylove.se\/no\/wp-json\/wp\/v2\/product_tag?post=47439"}],"curies":[{"name":"wp","href":"https:\/\/api.w.org\/{rel}","templated":true}]}}