{"id":4747,"date":"2025-07-18T20:24:49","date_gmt":"2025-07-18T19:24:49","guid":{"rendered":"https:\/\/babylove.se\/produkt\/barnspegel-bil\/"},"modified":"2026-04-08T08:11:07","modified_gmt":"2026-04-08T07:11:07","slug":"barnspeil-bil","status":"publish","type":"product","link":"https:\/\/babylove.se\/no\/produkt\/barnspeil-bil\/","title":{"rendered":"Barnspeil Bil"},"content":{"rendered":"<p>Et vakkert og unikt akrylspeil i form av en bil med myke former. Speilet er meget lettvektig og kan enkelt henges opp p\u00e5 veggen ved hjelp av en metallkrok.<\/p>\n<p>Dette barnespeilet er trygt og dessuten en vakker barnerominredning.<\/p>\n<p><strong>M\u00e5l<\/strong>: Bredde 40 cm og H\u00f8yde 24 cm<\/p>\n<p><strong>Materiale<\/strong>: 100 % Akryl<\/p>\n<p>Husk at speilet ikke er et leket\u00f8y<\/p>\n<p>Produsert i EU.&nbsp;<\/p>\n","protected":false},"excerpt":{"rendered":"<p>Et vakkert og unikt akrylspeil i form av en bil med myke former. Speilet er meget lettvektig og kan enkelt henges opp p\u00e5 veggen ved hjelp av en metallkrok. Dette barnespeilet er trygt og dessuten en vakker barnerominredning. M\u00e5l: Bredde 40 cm og H\u00f8yde 24 cm Materiale: 100 % Akryl Husk at speilet ikke er [&hellip;]<\/p>\n","protected":false},"featured_media":4749,"comment_status":"closed","ping_status":"open","template":"","meta":{"_acf_changed":false},"product_brand":[22],"product_cat":[84,102,26],"product_tag":[],"class_list":{"0":"post-4747","1":"product","2":"type-product","3":"status-publish","4":"has-post-thumbnail","6":"product_brand-babylove","7":"product_cat-babylove","8":"product_cat-barnspeil","9":"product_cat-kjop-produkter-som-ikke-bare-er-for-gutter","11":"first","12":"outofstock","13":"taxable","14":"shipping-taxable","15":"purchasable","16":"product-type-simple"},"acf":[],"yoast_head":"<!-- This site is optimized with the Yoast SEO Premium plugin v25.8 (Yoast SEO v27.2) - https:\/\/yoast.com\/product\/yoast-seo-premium-wordpress\/ -->\n<title>Barnspeil Bil - Babylove Norska<\/title>\n<meta name=\"description\" content=\"En vacker och unik akrylspegel i formen av en bil &gt; Perfekt g\u00e5va &gt; K\u00f6p den h\u00e4r &gt; Klarna faktura &gt; V\u00e4lkommen till Babylove\" \/>\n<meta name=\"robots\" content=\"noindex, follow, max-snippet:-1, max-image-preview:large, max-video-preview:-1\" \/>\n<meta property=\"og:locale\" content=\"nb_NO\" \/>\n<meta property=\"og:type\" content=\"article\" \/>\n<meta property=\"og:title\" content=\"Barnspeil Bil\" \/>\n<meta property=\"og:description\" content=\"En vacker och unik akrylspegel i formen av en bil &gt; Perfekt g\u00e5va &gt; K\u00f6p den h\u00e4r &gt; Klarna faktura &gt; V\u00e4lkommen till Babylove\" \/>\n<meta property=\"og:url\" content=\"https:\/\/babylove.se\/no\/produkt\/barnspeil-bil\/\" \/>\n<meta property=\"og:site_name\" content=\"Babylove Norska\" \/>\n<meta property=\"article:modified_time\" content=\"2026-04-08T07:11:07+00:00\" \/>\n<meta property=\"og:image\" content=\"https:\/\/babylove.se\/no\/wp-content\/uploads\/sites\/3\/2025\/07\/5d6433d4921f8.jpeg\" \/>\n\t<meta property=\"og:image:width\" content=\"750\" \/>\n\t<meta property=\"og:image:height\" content=\"750\" \/>\n\t<meta property=\"og:image:type\" content=\"image\/jpeg\" \/>\n<meta name=\"twitter:card\" content=\"summary_large_image\" \/>\n<meta name=\"twitter:label1\" content=\"Price\" \/>\n\t<meta name=\"twitter:data1\" content=\"299,00&nbsp;&#107;&#114;\" \/>\n\t<meta name=\"twitter:label2\" content=\"Availability\" \/>\n\t<meta name=\"twitter:data2\" content=\"Out of stock\" \/>\n<script type=\"application\/ld+json\" class=\"yoast-schema-graph\">{\"@context\":\"https:\/\/schema.org\",\"@graph\":[{\"@type\":\"WebPage\",\"@id\":\"https:\/\/babylove.se\/no\/produkt\/barnspeil-bil\/\",\"url\":\"https:\/\/babylove.se\/no\/produkt\/barnspeil-bil\/\",\"name\":\"Barnspeil Bil - Babylove Norska\",\"isPartOf\":{\"@id\":\"https:\/\/babylove.se\/no\/#website\"},\"primaryImageOfPage\":{\"@id\":\"https:\/\/babylove.se\/no\/produkt\/barnspeil-bil\/#primaryimage\"},\"image\":{\"@id\":\"https:\/\/babylove.se\/no\/produkt\/barnspeil-bil\/#primaryimage\"},\"thumbnailUrl\":\"https:\/\/babylove.se\/no\/wp-content\/uploads\/sites\/3\/2025\/07\/5d6433d4921f8.jpeg\",\"datePublished\":\"2025-07-18T19:24:49+00:00\",\"dateModified\":\"2026-04-08T07:11:07+00:00\",\"description\":\"En vacker och unik akrylspegel i formen av en bil > Perfekt g\u00e5va > K\u00f6p den h\u00e4r > Klarna faktura > V\u00e4lkommen till Babylove\",\"breadcrumb\":{\"@id\":\"https:\/\/babylove.se\/no\/produkt\/barnspeil-bil\/#breadcrumb\"},\"inLanguage\":\"nb-NO\",\"potentialAction\":[{\"@type\":\"ReadAction\",\"target\":[\"https:\/\/babylove.se\/no\/produkt\/barnspeil-bil\/\"]}]},{\"@type\":\"ImageObject\",\"inLanguage\":\"nb-NO\",\"@id\":\"https:\/\/babylove.se\/no\/produkt\/barnspeil-bil\/#primaryimage\",\"url\":\"https:\/\/babylove.se\/no\/wp-content\/uploads\/sites\/3\/2025\/07\/5d6433d4921f8.jpeg\",\"contentUrl\":\"https:\/\/babylove.se\/no\/wp-content\/uploads\/sites\/3\/2025\/07\/5d6433d4921f8.jpeg\",\"width\":750,\"height\":750},{\"@type\":\"BreadcrumbList\",\"@id\":\"https:\/\/babylove.se\/no\/produkt\/barnspeil-bil\/#breadcrumb\",\"itemListElement\":[{\"@type\":\"ListItem\",\"position\":1,\"name\":\"Hem\",\"item\":\"https:\/\/babylove.se\/no\/\"},{\"@type\":\"ListItem\",\"position\":2,\"name\":\"Butik\",\"item\":\"https:\/\/babylove.se\/no\/butik\/\"},{\"@type\":\"ListItem\",\"position\":3,\"name\":\"Barnspeil Bil\"}]},{\"@type\":\"WebSite\",\"@id\":\"https:\/\/babylove.se\/no\/#website\",\"url\":\"https:\/\/babylove.se\/no\/\",\"name\":\"Babylove Norska\",\"description\":\"\",\"potentialAction\":[{\"@type\":\"SearchAction\",\"target\":{\"@type\":\"EntryPoint\",\"urlTemplate\":\"https:\/\/babylove.se\/no\/?s={search_term_string}\"},\"query-input\":{\"@type\":\"PropertyValueSpecification\",\"valueRequired\":true,\"valueName\":\"search_term_string\"}}],\"inLanguage\":\"nb-NO\"}]}<\/script>\n<meta property=\"product:brand\" content=\"Babylove\" \/>\n<meta property=\"product:price:amount\" content=\"299.00\" \/>\n<meta property=\"product:price:currency\" content=\"SEK\" \/>\n<meta property=\"og:availability\" content=\"out of stock\" \/>\n<meta property=\"product:availability\" content=\"out of stock\" \/>\n<meta property=\"product:retailer_item_id\" content=\"SimpleCar\" \/>\n<meta property=\"product:condition\" content=\"new\" \/>\n<!-- \/ Yoast SEO Premium plugin. -->","yoast_head_json":{"title":"Barnspeil Bil - Babylove Norska","description":"En vacker och unik akrylspegel i formen av en bil > Perfekt g\u00e5va > K\u00f6p den h\u00e4r > Klarna faktura > V\u00e4lkommen till Babylove","robots":{"index":"noindex","follow":"follow","max-snippet":"max-snippet:-1","max-image-preview":"max-image-preview:large","max-video-preview":"max-video-preview:-1"},"og_locale":"nb_NO","og_type":"article","og_title":"Barnspeil Bil","og_description":"En vacker och unik akrylspegel i formen av en bil > Perfekt g\u00e5va > K\u00f6p den h\u00e4r > Klarna faktura > V\u00e4lkommen till Babylove","og_url":"https:\/\/babylove.se\/no\/produkt\/barnspeil-bil\/","og_site_name":"Babylove Norska","article_modified_time":"2026-04-08T07:11:07+00:00","og_image":[{"width":750,"height":750,"url":"https:\/\/babylove.se\/no\/wp-content\/uploads\/sites\/3\/2025\/07\/5d6433d4921f8.jpeg","type":"image\/jpeg"}],"twitter_card":"summary_large_image","twitter_misc":{"Price":"299,00&nbsp;&#107;&#114;","Availability":"Out of stock"},"schema":{"@context":"https:\/\/schema.org","@graph":[{"@type":"WebPage","@id":"https:\/\/babylove.se\/no\/produkt\/barnspeil-bil\/","url":"https:\/\/babylove.se\/no\/produkt\/barnspeil-bil\/","name":"Barnspeil Bil - Babylove Norska","isPartOf":{"@id":"https:\/\/babylove.se\/no\/#website"},"primaryImageOfPage":{"@id":"https:\/\/babylove.se\/no\/produkt\/barnspeil-bil\/#primaryimage"},"image":{"@id":"https:\/\/babylove.se\/no\/produkt\/barnspeil-bil\/#primaryimage"},"thumbnailUrl":"https:\/\/babylove.se\/no\/wp-content\/uploads\/sites\/3\/2025\/07\/5d6433d4921f8.jpeg","datePublished":"2025-07-18T19:24:49+00:00","dateModified":"2026-04-08T07:11:07+00:00","description":"En vacker och unik akrylspegel i formen av en bil > Perfekt g\u00e5va > K\u00f6p den h\u00e4r > Klarna faktura > V\u00e4lkommen till Babylove","breadcrumb":{"@id":"https:\/\/babylove.se\/no\/produkt\/barnspeil-bil\/#breadcrumb"},"inLanguage":"nb-NO","potentialAction":[{"@type":"ReadAction","target":["https:\/\/babylove.se\/no\/produkt\/barnspeil-bil\/"]}]},{"@type":"ImageObject","inLanguage":"nb-NO","@id":"https:\/\/babylove.se\/no\/produkt\/barnspeil-bil\/#primaryimage","url":"https:\/\/babylove.se\/no\/wp-content\/uploads\/sites\/3\/2025\/07\/5d6433d4921f8.jpeg","contentUrl":"https:\/\/babylove.se\/no\/wp-content\/uploads\/sites\/3\/2025\/07\/5d6433d4921f8.jpeg","width":750,"height":750},{"@type":"BreadcrumbList","@id":"https:\/\/babylove.se\/no\/produkt\/barnspeil-bil\/#breadcrumb","itemListElement":[{"@type":"ListItem","position":1,"name":"Hem","item":"https:\/\/babylove.se\/no\/"},{"@type":"ListItem","position":2,"name":"Butik","item":"https:\/\/babylove.se\/no\/butik\/"},{"@type":"ListItem","position":3,"name":"Barnspeil Bil"}]},{"@type":"WebSite","@id":"https:\/\/babylove.se\/no\/#website","url":"https:\/\/babylove.se\/no\/","name":"Babylove Norska","description":"","potentialAction":[{"@type":"SearchAction","target":{"@type":"EntryPoint","urlTemplate":"https:\/\/babylove.se\/no\/?s={search_term_string}"},"query-input":{"@type":"PropertyValueSpecification","valueRequired":true,"valueName":"search_term_string"}}],"inLanguage":"nb-NO"}]},"product_brand":"Babylove","product_price_amount":"299.00","product_price_currency":"SEK","og_availability":"out of stock","product_availability":"out of stock","product_retailer_item_id":"SimpleCar","product_condition":"new"},"_links":{"self":[{"href":"https:\/\/babylove.se\/no\/wp-json\/wp\/v2\/product\/4747","targetHints":{"allow":["GET"]}}],"collection":[{"href":"https:\/\/babylove.se\/no\/wp-json\/wp\/v2\/product"}],"about":[{"href":"https:\/\/babylove.se\/no\/wp-json\/wp\/v2\/types\/product"}],"replies":[{"embeddable":true,"href":"https:\/\/babylove.se\/no\/wp-json\/wp\/v2\/comments?post=4747"}],"wp:featuredmedia":[{"embeddable":true,"href":"https:\/\/babylove.se\/no\/wp-json\/wp\/v2\/media\/4749"}],"wp:attachment":[{"href":"https:\/\/babylove.se\/no\/wp-json\/wp\/v2\/media?parent=4747"}],"wp:term":[{"taxonomy":"product_brand","embeddable":true,"href":"https:\/\/babylove.se\/no\/wp-json\/wp\/v2\/product_brand?post=4747"},{"taxonomy":"product_cat","embeddable":true,"href":"https:\/\/babylove.se\/no\/wp-json\/wp\/v2\/product_cat?post=4747"},{"taxonomy":"product_tag","embeddable":true,"href":"https:\/\/babylove.se\/no\/wp-json\/wp\/v2\/product_tag?post=4747"}],"curies":[{"name":"wp","href":"https:\/\/api.w.org\/{rel}","templated":true}]}}