{"id":4766,"date":"2025-07-18T20:25:03","date_gmt":"2025-07-18T19:25:03","guid":{"rendered":"https:\/\/babylove.se\/produkt\/jabadabado-sanghimmel-rosa\/"},"modified":"2026-04-08T08:11:19","modified_gmt":"2026-04-08T07:11:19","slug":"jabadabado-sanghimmel-rosa","status":"publish","type":"product","link":"https:\/\/babylove.se\/no\/produkt\/jabadabado-sanghimmel-rosa\/","title":{"rendered":"JaBaDaBaDo rosa sengehimmel med lysslynge"},"content":{"rendered":"<p><strong>Sengehimmel JaBaDaBaDo rosa&nbsp;<\/strong><\/p>\n<p>La barnet ditt nyte en deilig natts s\u00f8vn under denne fantastisk vakre sengehimmelen fra svenske JaBaDaBaDo. Sengehimmelen er laget av et solid stoff som gir b\u00e5de en fyldig og gjennomsiktig f\u00f8lelse p\u00e5 samme tid. Fantastisk vakkert for barnerommets innredning.<\/p>\n<p>Du kan enkelt forvandle sengen til en deilig soveplass eller et hyggelig kosekrok. I tillegg kan du selvf\u00f8lgelig flytte rundt p\u00e5 sengehimmelen og henge den midt i rommet eller i et hj\u00f8rne, for \u00e5 skape koselige og lekne plasser i barnerommet. Uansett hvordan du bruker den vil den gi barnerommet en deilig innramming og utgj\u00f8re en fin innredningsdetalj. Kombiner gjerne med matchende vimpler, puter eller fine oppbevaringskurver for beste resultat.<\/p>\n<p>Sengehimmelen passer like godt til sprinkelsenger som til andre barnesenger, eller som sagt helt fritt i rommet. Du henger enkelt opp den med en krok som du fester i taket.<\/p>\n<p>Till alle v\u00e5re sengehimler sender vi med en fin lysslynge inkludert i prisen. Dette for at du skal kunne gj\u00f8re barnehj\u00f8rnet ditt enda mer koselig og sjarmerende. Lysslyngen drives av to A batterier.<\/p>\n<p><strong>Materiale<\/strong>: 80 % polyester og 20 % bomull.<\/p>\n<p>Vaskbar i opptil 30 grader<\/p>\n<p><strong>H\u00f8yde&nbsp;<\/strong>230 cm. diameter 55 cm<\/p>\n<p>Designer: <a href=\"https:\/\/babylove.se\/varumarken\/jabadabado\"><u>JaBaDaBaDo&nbsp;<\/u><\/a><\/p>\n","protected":false},"excerpt":{"rendered":"<p>Sengehimmel JaBaDaBaDo rosa&nbsp; La barnet ditt nyte en deilig natts s\u00f8vn under denne fantastisk vakre sengehimmelen fra svenske JaBaDaBaDo. Sengehimmelen er laget av et solid stoff som gir b\u00e5de en fyldig og gjennomsiktig f\u00f8lelse p\u00e5 samme tid. Fantastisk vakkert for barnerommets innredning. Du kan enkelt forvandle sengen til en deilig soveplass eller et hyggelig kosekrok. [&hellip;]<\/p>\n","protected":false},"featured_media":4768,"comment_status":"closed","ping_status":"open","template":"","meta":{"_acf_changed":false},"product_brand":[273],"product_cat":[274,120],"product_tag":[],"class_list":{"0":"post-4766","1":"product","2":"type-product","3":"status-publish","4":"has-post-thumbnail","6":"product_brand-jabadabado","7":"product_cat-jabadabado","8":"product_cat-sanghimmel","10":"first","11":"outofstock","12":"taxable","13":"shipping-taxable","14":"purchasable","15":"product-type-simple"},"acf":[],"yoast_head":"<!-- This site is optimized with the Yoast SEO Premium plugin v25.8 (Yoast SEO v27.2) - https:\/\/yoast.com\/product\/yoast-seo-premium-wordpress\/ -->\n<title>JaBaDaBaDo rosa sengehimmel med lysslynge - Babylove Norska<\/title>\n<meta name=\"description\" content=\"L\u00e5t ditt barn njuta av en h\u00e4rlig natts\u00f6mn under denna fantastisk vackra s\u00e4nghimmel fr\u00e5n svenska JaBaDaBaDo - Skickas inom 24 timmar ! K\u00f6p den h\u00e4r !\" \/>\n<meta name=\"robots\" content=\"noindex, follow, max-snippet:-1, max-image-preview:large, max-video-preview:-1\" \/>\n<meta property=\"og:locale\" content=\"nb_NO\" \/>\n<meta property=\"og:type\" content=\"article\" \/>\n<meta property=\"og:title\" content=\"JaBaDaBaDo rosa sengehimmel med lysslynge\" \/>\n<meta property=\"og:description\" content=\"L\u00e5t ditt barn njuta av en h\u00e4rlig natts\u00f6mn under denna fantastisk vackra s\u00e4nghimmel fr\u00e5n svenska JaBaDaBaDo - Skickas inom 24 timmar ! K\u00f6p den h\u00e4r !\" \/>\n<meta property=\"og:url\" content=\"https:\/\/babylove.se\/no\/produkt\/jabadabado-sanghimmel-rosa\/\" \/>\n<meta property=\"og:site_name\" content=\"Babylove Norska\" \/>\n<meta property=\"article:modified_time\" content=\"2026-04-08T07:11:19+00:00\" \/>\n<meta property=\"og:image\" content=\"https:\/\/babylove.se\/no\/wp-content\/uploads\/sites\/3\/2025\/07\/59f07c295205f.jpeg\" \/>\n\t<meta property=\"og:image:width\" content=\"441\" \/>\n\t<meta property=\"og:image:height\" content=\"441\" \/>\n\t<meta property=\"og:image:type\" content=\"image\/jpeg\" \/>\n<meta name=\"twitter:card\" content=\"summary_large_image\" \/>\n<meta name=\"twitter:label1\" content=\"Price\" \/>\n\t<meta name=\"twitter:data1\" content=\"575,00&nbsp;&#107;&#114;\" \/>\n\t<meta name=\"twitter:label2\" content=\"Availability\" \/>\n\t<meta name=\"twitter:data2\" content=\"Out of stock\" \/>\n<script type=\"application\/ld+json\" class=\"yoast-schema-graph\">{\"@context\":\"https:\/\/schema.org\",\"@graph\":[{\"@type\":\"WebPage\",\"@id\":\"https:\/\/babylove.se\/no\/produkt\/jabadabado-sanghimmel-rosa\/\",\"url\":\"https:\/\/babylove.se\/no\/produkt\/jabadabado-sanghimmel-rosa\/\",\"name\":\"JaBaDaBaDo rosa sengehimmel med lysslynge - Babylove Norska\",\"isPartOf\":{\"@id\":\"https:\/\/babylove.se\/no\/#website\"},\"primaryImageOfPage\":{\"@id\":\"https:\/\/babylove.se\/no\/produkt\/jabadabado-sanghimmel-rosa\/#primaryimage\"},\"image\":{\"@id\":\"https:\/\/babylove.se\/no\/produkt\/jabadabado-sanghimmel-rosa\/#primaryimage\"},\"thumbnailUrl\":\"https:\/\/babylove.se\/no\/wp-content\/uploads\/sites\/3\/2025\/07\/59f07c295205f.jpeg\",\"datePublished\":\"2025-07-18T19:25:03+00:00\",\"dateModified\":\"2026-04-08T07:11:19+00:00\",\"description\":\"L\u00e5t ditt barn njuta av en h\u00e4rlig natts\u00f6mn under denna fantastisk vackra s\u00e4nghimmel fr\u00e5n svenska JaBaDaBaDo - Skickas inom 24 timmar ! K\u00f6p den h\u00e4r !\",\"breadcrumb\":{\"@id\":\"https:\/\/babylove.se\/no\/produkt\/jabadabado-sanghimmel-rosa\/#breadcrumb\"},\"inLanguage\":\"nb-NO\",\"potentialAction\":[{\"@type\":\"ReadAction\",\"target\":[\"https:\/\/babylove.se\/no\/produkt\/jabadabado-sanghimmel-rosa\/\"]}]},{\"@type\":\"ImageObject\",\"inLanguage\":\"nb-NO\",\"@id\":\"https:\/\/babylove.se\/no\/produkt\/jabadabado-sanghimmel-rosa\/#primaryimage\",\"url\":\"https:\/\/babylove.se\/no\/wp-content\/uploads\/sites\/3\/2025\/07\/59f07c295205f.jpeg\",\"contentUrl\":\"https:\/\/babylove.se\/no\/wp-content\/uploads\/sites\/3\/2025\/07\/59f07c295205f.jpeg\",\"width\":441,\"height\":441},{\"@type\":\"BreadcrumbList\",\"@id\":\"https:\/\/babylove.se\/no\/produkt\/jabadabado-sanghimmel-rosa\/#breadcrumb\",\"itemListElement\":[{\"@type\":\"ListItem\",\"position\":1,\"name\":\"Hem\",\"item\":\"https:\/\/babylove.se\/no\/\"},{\"@type\":\"ListItem\",\"position\":2,\"name\":\"Butik\",\"item\":\"https:\/\/babylove.se\/no\/butik\/\"},{\"@type\":\"ListItem\",\"position\":3,\"name\":\"JaBaDaBaDo rosa sengehimmel med lysslynge\"}]},{\"@type\":\"WebSite\",\"@id\":\"https:\/\/babylove.se\/no\/#website\",\"url\":\"https:\/\/babylove.se\/no\/\",\"name\":\"Babylove Norska\",\"description\":\"\",\"potentialAction\":[{\"@type\":\"SearchAction\",\"target\":{\"@type\":\"EntryPoint\",\"urlTemplate\":\"https:\/\/babylove.se\/no\/?s={search_term_string}\"},\"query-input\":{\"@type\":\"PropertyValueSpecification\",\"valueRequired\":true,\"valueName\":\"search_term_string\"}}],\"inLanguage\":\"nb-NO\"}]}<\/script>\n<meta property=\"product:brand\" content=\"JaBaDaBaDo\" \/>\n<meta property=\"product:price:amount\" content=\"575.00\" \/>\n<meta property=\"product:price:currency\" content=\"SEK\" \/>\n<meta property=\"og:availability\" content=\"out of stock\" \/>\n<meta property=\"product:availability\" content=\"out of stock\" \/>\n<meta property=\"product:retailer_item_id\" content=\"1482\" \/>\n<meta property=\"product:condition\" content=\"new\" \/>\n<!-- \/ Yoast SEO Premium plugin. -->","yoast_head_json":{"title":"JaBaDaBaDo rosa sengehimmel med lysslynge - Babylove Norska","description":"L\u00e5t ditt barn njuta av en h\u00e4rlig natts\u00f6mn under denna fantastisk vackra s\u00e4nghimmel fr\u00e5n svenska JaBaDaBaDo - Skickas inom 24 timmar ! K\u00f6p den h\u00e4r !","robots":{"index":"noindex","follow":"follow","max-snippet":"max-snippet:-1","max-image-preview":"max-image-preview:large","max-video-preview":"max-video-preview:-1"},"og_locale":"nb_NO","og_type":"article","og_title":"JaBaDaBaDo rosa sengehimmel med lysslynge","og_description":"L\u00e5t ditt barn njuta av en h\u00e4rlig natts\u00f6mn under denna fantastisk vackra s\u00e4nghimmel fr\u00e5n svenska JaBaDaBaDo - Skickas inom 24 timmar ! K\u00f6p den h\u00e4r !","og_url":"https:\/\/babylove.se\/no\/produkt\/jabadabado-sanghimmel-rosa\/","og_site_name":"Babylove Norska","article_modified_time":"2026-04-08T07:11:19+00:00","og_image":[{"width":441,"height":441,"url":"https:\/\/babylove.se\/no\/wp-content\/uploads\/sites\/3\/2025\/07\/59f07c295205f.jpeg","type":"image\/jpeg"}],"twitter_card":"summary_large_image","twitter_misc":{"Price":"575,00&nbsp;&#107;&#114;","Availability":"Out of stock"},"schema":{"@context":"https:\/\/schema.org","@graph":[{"@type":"WebPage","@id":"https:\/\/babylove.se\/no\/produkt\/jabadabado-sanghimmel-rosa\/","url":"https:\/\/babylove.se\/no\/produkt\/jabadabado-sanghimmel-rosa\/","name":"JaBaDaBaDo rosa sengehimmel med lysslynge - Babylove Norska","isPartOf":{"@id":"https:\/\/babylove.se\/no\/#website"},"primaryImageOfPage":{"@id":"https:\/\/babylove.se\/no\/produkt\/jabadabado-sanghimmel-rosa\/#primaryimage"},"image":{"@id":"https:\/\/babylove.se\/no\/produkt\/jabadabado-sanghimmel-rosa\/#primaryimage"},"thumbnailUrl":"https:\/\/babylove.se\/no\/wp-content\/uploads\/sites\/3\/2025\/07\/59f07c295205f.jpeg","datePublished":"2025-07-18T19:25:03+00:00","dateModified":"2026-04-08T07:11:19+00:00","description":"L\u00e5t ditt barn njuta av en h\u00e4rlig natts\u00f6mn under denna fantastisk vackra s\u00e4nghimmel fr\u00e5n svenska JaBaDaBaDo - Skickas inom 24 timmar ! K\u00f6p den h\u00e4r !","breadcrumb":{"@id":"https:\/\/babylove.se\/no\/produkt\/jabadabado-sanghimmel-rosa\/#breadcrumb"},"inLanguage":"nb-NO","potentialAction":[{"@type":"ReadAction","target":["https:\/\/babylove.se\/no\/produkt\/jabadabado-sanghimmel-rosa\/"]}]},{"@type":"ImageObject","inLanguage":"nb-NO","@id":"https:\/\/babylove.se\/no\/produkt\/jabadabado-sanghimmel-rosa\/#primaryimage","url":"https:\/\/babylove.se\/no\/wp-content\/uploads\/sites\/3\/2025\/07\/59f07c295205f.jpeg","contentUrl":"https:\/\/babylove.se\/no\/wp-content\/uploads\/sites\/3\/2025\/07\/59f07c295205f.jpeg","width":441,"height":441},{"@type":"BreadcrumbList","@id":"https:\/\/babylove.se\/no\/produkt\/jabadabado-sanghimmel-rosa\/#breadcrumb","itemListElement":[{"@type":"ListItem","position":1,"name":"Hem","item":"https:\/\/babylove.se\/no\/"},{"@type":"ListItem","position":2,"name":"Butik","item":"https:\/\/babylove.se\/no\/butik\/"},{"@type":"ListItem","position":3,"name":"JaBaDaBaDo rosa sengehimmel med lysslynge"}]},{"@type":"WebSite","@id":"https:\/\/babylove.se\/no\/#website","url":"https:\/\/babylove.se\/no\/","name":"Babylove Norska","description":"","potentialAction":[{"@type":"SearchAction","target":{"@type":"EntryPoint","urlTemplate":"https:\/\/babylove.se\/no\/?s={search_term_string}"},"query-input":{"@type":"PropertyValueSpecification","valueRequired":true,"valueName":"search_term_string"}}],"inLanguage":"nb-NO"}]},"product_brand":"JaBaDaBaDo","product_price_amount":"575.00","product_price_currency":"SEK","og_availability":"out of stock","product_availability":"out of stock","product_retailer_item_id":"1482","product_condition":"new"},"_links":{"self":[{"href":"https:\/\/babylove.se\/no\/wp-json\/wp\/v2\/product\/4766","targetHints":{"allow":["GET"]}}],"collection":[{"href":"https:\/\/babylove.se\/no\/wp-json\/wp\/v2\/product"}],"about":[{"href":"https:\/\/babylove.se\/no\/wp-json\/wp\/v2\/types\/product"}],"replies":[{"embeddable":true,"href":"https:\/\/babylove.se\/no\/wp-json\/wp\/v2\/comments?post=4766"}],"wp:featuredmedia":[{"embeddable":true,"href":"https:\/\/babylove.se\/no\/wp-json\/wp\/v2\/media\/4768"}],"wp:attachment":[{"href":"https:\/\/babylove.se\/no\/wp-json\/wp\/v2\/media?parent=4766"}],"wp:term":[{"taxonomy":"product_brand","embeddable":true,"href":"https:\/\/babylove.se\/no\/wp-json\/wp\/v2\/product_brand?post=4766"},{"taxonomy":"product_cat","embeddable":true,"href":"https:\/\/babylove.se\/no\/wp-json\/wp\/v2\/product_cat?post=4766"},{"taxonomy":"product_tag","embeddable":true,"href":"https:\/\/babylove.se\/no\/wp-json\/wp\/v2\/product_tag?post=4766"}],"curies":[{"name":"wp","href":"https:\/\/api.w.org\/{rel}","templated":true}]}}