{"id":4778,"date":"2025-07-18T20:25:03","date_gmt":"2025-07-18T19:25:03","guid":{"rendered":"https:\/\/babylove.se\/produkt\/jabadabado-tygvimpel-rosa\/"},"modified":"2026-04-08T08:11:24","modified_gmt":"2026-04-08T07:11:24","slug":"jabadabado-tekstilvimpel-rosa","status":"publish","type":"product","link":"https:\/\/babylove.se\/no\/produkt\/jabadabado-tekstilvimpel-rosa\/","title":{"rendered":"JaBaDaBaDo stoffvimpel, rosa"},"content":{"rendered":"<p><strong>JaBaDaBaDo stoffvimpel, rosa &nbsp;<\/strong><\/p>\n<p>En fin stoffvimpel med flere forskjellige m\u00f8nstre blir en vakker detalj til barnerommets innredning. Du fester den enkelt p\u00e5 veggen, eller p\u00e5 tvers over sengen. Hvorfor ikke kombinere med et fint lektelt eller en vakker sengehimmel i samme design. Med denne lange vimpelen (total rekkevidde fem meter) vil du raskt og enkelt forandre barnerommet til et mer levende og vakkert sted.&nbsp;<\/p>\n<p>Dette til en relativt lav kostnad.<\/p>\n<p><strong>Materiale<\/strong>: Polyester, bomull, viskose&nbsp;<\/p>\n<p><strong>M\u00e5l<\/strong>: Lengde 5 m, 12 flagg 13 cm x 15 cm&nbsp;<\/p>\n<p><strong>Designer<\/strong>: &nbsp;<a href=\"https:\/\/babylove.se\/varumarken\/jabadabado\"><u>JaBaDaBaDo<\/u><\/a><\/p>\n","protected":false},"excerpt":{"rendered":"<p>JaBaDaBaDo stoffvimpel, rosa &nbsp; En fin stoffvimpel med flere forskjellige m\u00f8nstre blir en vakker detalj til barnerommets innredning. Du fester den enkelt p\u00e5 veggen, eller p\u00e5 tvers over sengen. Hvorfor ikke kombinere med et fint lektelt eller en vakker sengehimmel i samme design. Med denne lange vimpelen (total rekkevidde fem meter) vil du raskt og [&hellip;]<\/p>\n","protected":false},"featured_media":4780,"comment_status":"closed","ping_status":"open","template":"","meta":{"_acf_changed":false},"product_brand":[273],"product_cat":[274,58],"product_tag":[],"class_list":{"0":"post-4778","1":"product","2":"type-product","3":"status-publish","4":"has-post-thumbnail","6":"product_brand-jabadabado","7":"product_cat-jabadabado","8":"product_cat-vimpler","10":"first","11":"outofstock","12":"taxable","13":"shipping-taxable","14":"purchasable","15":"product-type-simple"},"acf":[],"yoast_head":"<!-- This site is optimized with the Yoast SEO Premium plugin v25.8 (Yoast SEO v27.2) - https:\/\/yoast.com\/product\/yoast-seo-premium-wordpress\/ -->\n<title>JaBaDaBaDo stoffvimpel, rosa - Babylove Norska<\/title>\n<meta name=\"description\" content=\"En fin tygvimpel med flera olika m\u00f6nster blir en vacker detalj till din barnrumsinredning V\u00e4lkommen till Babylove.se - K\u00f6p den h\u00e4r - Frakt inom 24 timmar !\" \/>\n<meta name=\"robots\" content=\"noindex, follow, max-snippet:-1, max-image-preview:large, max-video-preview:-1\" \/>\n<meta property=\"og:locale\" content=\"nb_NO\" \/>\n<meta property=\"og:type\" content=\"article\" \/>\n<meta property=\"og:title\" content=\"JaBaDaBaDo stoffvimpel, rosa\" \/>\n<meta property=\"og:description\" content=\"En fin tygvimpel med flera olika m\u00f6nster blir en vacker detalj till din barnrumsinredning V\u00e4lkommen till Babylove.se - K\u00f6p den h\u00e4r - Frakt inom 24 timmar !\" \/>\n<meta property=\"og:url\" content=\"https:\/\/babylove.se\/no\/produkt\/jabadabado-tekstilvimpel-rosa\/\" \/>\n<meta property=\"og:site_name\" content=\"Babylove Norska\" \/>\n<meta property=\"article:modified_time\" content=\"2026-04-08T07:11:24+00:00\" \/>\n<meta property=\"og:image\" content=\"https:\/\/babylove.se\/no\/wp-content\/uploads\/sites\/3\/2025\/07\/59f07f207078a.jpeg\" \/>\n\t<meta property=\"og:image:width\" content=\"377\" \/>\n\t<meta property=\"og:image:height\" content=\"472\" \/>\n\t<meta property=\"og:image:type\" content=\"image\/jpeg\" \/>\n<meta name=\"twitter:card\" content=\"summary_large_image\" \/>\n<meta name=\"twitter:label1\" content=\"Price\" \/>\n\t<meta name=\"twitter:data1\" content=\"199,00&nbsp;&#107;&#114;\" \/>\n\t<meta name=\"twitter:label2\" content=\"Availability\" \/>\n\t<meta name=\"twitter:data2\" content=\"Out of stock\" \/>\n<script type=\"application\/ld+json\" class=\"yoast-schema-graph\">{\"@context\":\"https:\/\/schema.org\",\"@graph\":[{\"@type\":\"WebPage\",\"@id\":\"https:\/\/babylove.se\/no\/produkt\/jabadabado-tekstilvimpel-rosa\/\",\"url\":\"https:\/\/babylove.se\/no\/produkt\/jabadabado-tekstilvimpel-rosa\/\",\"name\":\"JaBaDaBaDo stoffvimpel, rosa - Babylove Norska\",\"isPartOf\":{\"@id\":\"https:\/\/babylove.se\/no\/#website\"},\"primaryImageOfPage\":{\"@id\":\"https:\/\/babylove.se\/no\/produkt\/jabadabado-tekstilvimpel-rosa\/#primaryimage\"},\"image\":{\"@id\":\"https:\/\/babylove.se\/no\/produkt\/jabadabado-tekstilvimpel-rosa\/#primaryimage\"},\"thumbnailUrl\":\"https:\/\/babylove.se\/no\/wp-content\/uploads\/sites\/3\/2025\/07\/59f07f207078a.jpeg\",\"datePublished\":\"2025-07-18T19:25:03+00:00\",\"dateModified\":\"2026-04-08T07:11:24+00:00\",\"description\":\"En fin tygvimpel med flera olika m\u00f6nster blir en vacker detalj till din barnrumsinredning V\u00e4lkommen till Babylove.se - K\u00f6p den h\u00e4r - Frakt inom 24 timmar !\",\"breadcrumb\":{\"@id\":\"https:\/\/babylove.se\/no\/produkt\/jabadabado-tekstilvimpel-rosa\/#breadcrumb\"},\"inLanguage\":\"nb-NO\",\"potentialAction\":[{\"@type\":\"ReadAction\",\"target\":[\"https:\/\/babylove.se\/no\/produkt\/jabadabado-tekstilvimpel-rosa\/\"]}]},{\"@type\":\"ImageObject\",\"inLanguage\":\"nb-NO\",\"@id\":\"https:\/\/babylove.se\/no\/produkt\/jabadabado-tekstilvimpel-rosa\/#primaryimage\",\"url\":\"https:\/\/babylove.se\/no\/wp-content\/uploads\/sites\/3\/2025\/07\/59f07f207078a.jpeg\",\"contentUrl\":\"https:\/\/babylove.se\/no\/wp-content\/uploads\/sites\/3\/2025\/07\/59f07f207078a.jpeg\",\"width\":377,\"height\":472},{\"@type\":\"BreadcrumbList\",\"@id\":\"https:\/\/babylove.se\/no\/produkt\/jabadabado-tekstilvimpel-rosa\/#breadcrumb\",\"itemListElement\":[{\"@type\":\"ListItem\",\"position\":1,\"name\":\"Hem\",\"item\":\"https:\/\/babylove.se\/no\/\"},{\"@type\":\"ListItem\",\"position\":2,\"name\":\"Butik\",\"item\":\"https:\/\/babylove.se\/no\/butik\/\"},{\"@type\":\"ListItem\",\"position\":3,\"name\":\"JaBaDaBaDo stoffvimpel, rosa\"}]},{\"@type\":\"WebSite\",\"@id\":\"https:\/\/babylove.se\/no\/#website\",\"url\":\"https:\/\/babylove.se\/no\/\",\"name\":\"Babylove Norska\",\"description\":\"\",\"potentialAction\":[{\"@type\":\"SearchAction\",\"target\":{\"@type\":\"EntryPoint\",\"urlTemplate\":\"https:\/\/babylove.se\/no\/?s={search_term_string}\"},\"query-input\":{\"@type\":\"PropertyValueSpecification\",\"valueRequired\":true,\"valueName\":\"search_term_string\"}}],\"inLanguage\":\"nb-NO\"}]}<\/script>\n<meta property=\"product:brand\" content=\"JaBaDaBaDo\" \/>\n<meta property=\"product:price:amount\" content=\"199.00\" \/>\n<meta property=\"product:price:currency\" content=\"SEK\" \/>\n<meta property=\"og:availability\" content=\"out of stock\" \/>\n<meta property=\"product:availability\" content=\"out of stock\" \/>\n<meta property=\"product:retailer_item_id\" content=\"1484\" \/>\n<meta property=\"product:condition\" content=\"new\" \/>\n<!-- \/ Yoast SEO Premium plugin. -->","yoast_head_json":{"title":"JaBaDaBaDo stoffvimpel, rosa - Babylove Norska","description":"En fin tygvimpel med flera olika m\u00f6nster blir en vacker detalj till din barnrumsinredning V\u00e4lkommen till Babylove.se - K\u00f6p den h\u00e4r - Frakt inom 24 timmar !","robots":{"index":"noindex","follow":"follow","max-snippet":"max-snippet:-1","max-image-preview":"max-image-preview:large","max-video-preview":"max-video-preview:-1"},"og_locale":"nb_NO","og_type":"article","og_title":"JaBaDaBaDo stoffvimpel, rosa","og_description":"En fin tygvimpel med flera olika m\u00f6nster blir en vacker detalj till din barnrumsinredning V\u00e4lkommen till Babylove.se - K\u00f6p den h\u00e4r - Frakt inom 24 timmar !","og_url":"https:\/\/babylove.se\/no\/produkt\/jabadabado-tekstilvimpel-rosa\/","og_site_name":"Babylove Norska","article_modified_time":"2026-04-08T07:11:24+00:00","og_image":[{"width":377,"height":472,"url":"https:\/\/babylove.se\/no\/wp-content\/uploads\/sites\/3\/2025\/07\/59f07f207078a.jpeg","type":"image\/jpeg"}],"twitter_card":"summary_large_image","twitter_misc":{"Price":"199,00&nbsp;&#107;&#114;","Availability":"Out of stock"},"schema":{"@context":"https:\/\/schema.org","@graph":[{"@type":"WebPage","@id":"https:\/\/babylove.se\/no\/produkt\/jabadabado-tekstilvimpel-rosa\/","url":"https:\/\/babylove.se\/no\/produkt\/jabadabado-tekstilvimpel-rosa\/","name":"JaBaDaBaDo stoffvimpel, rosa - Babylove Norska","isPartOf":{"@id":"https:\/\/babylove.se\/no\/#website"},"primaryImageOfPage":{"@id":"https:\/\/babylove.se\/no\/produkt\/jabadabado-tekstilvimpel-rosa\/#primaryimage"},"image":{"@id":"https:\/\/babylove.se\/no\/produkt\/jabadabado-tekstilvimpel-rosa\/#primaryimage"},"thumbnailUrl":"https:\/\/babylove.se\/no\/wp-content\/uploads\/sites\/3\/2025\/07\/59f07f207078a.jpeg","datePublished":"2025-07-18T19:25:03+00:00","dateModified":"2026-04-08T07:11:24+00:00","description":"En fin tygvimpel med flera olika m\u00f6nster blir en vacker detalj till din barnrumsinredning V\u00e4lkommen till Babylove.se - K\u00f6p den h\u00e4r - Frakt inom 24 timmar !","breadcrumb":{"@id":"https:\/\/babylove.se\/no\/produkt\/jabadabado-tekstilvimpel-rosa\/#breadcrumb"},"inLanguage":"nb-NO","potentialAction":[{"@type":"ReadAction","target":["https:\/\/babylove.se\/no\/produkt\/jabadabado-tekstilvimpel-rosa\/"]}]},{"@type":"ImageObject","inLanguage":"nb-NO","@id":"https:\/\/babylove.se\/no\/produkt\/jabadabado-tekstilvimpel-rosa\/#primaryimage","url":"https:\/\/babylove.se\/no\/wp-content\/uploads\/sites\/3\/2025\/07\/59f07f207078a.jpeg","contentUrl":"https:\/\/babylove.se\/no\/wp-content\/uploads\/sites\/3\/2025\/07\/59f07f207078a.jpeg","width":377,"height":472},{"@type":"BreadcrumbList","@id":"https:\/\/babylove.se\/no\/produkt\/jabadabado-tekstilvimpel-rosa\/#breadcrumb","itemListElement":[{"@type":"ListItem","position":1,"name":"Hem","item":"https:\/\/babylove.se\/no\/"},{"@type":"ListItem","position":2,"name":"Butik","item":"https:\/\/babylove.se\/no\/butik\/"},{"@type":"ListItem","position":3,"name":"JaBaDaBaDo stoffvimpel, rosa"}]},{"@type":"WebSite","@id":"https:\/\/babylove.se\/no\/#website","url":"https:\/\/babylove.se\/no\/","name":"Babylove Norska","description":"","potentialAction":[{"@type":"SearchAction","target":{"@type":"EntryPoint","urlTemplate":"https:\/\/babylove.se\/no\/?s={search_term_string}"},"query-input":{"@type":"PropertyValueSpecification","valueRequired":true,"valueName":"search_term_string"}}],"inLanguage":"nb-NO"}]},"product_brand":"JaBaDaBaDo","product_price_amount":"199.00","product_price_currency":"SEK","og_availability":"out of stock","product_availability":"out of stock","product_retailer_item_id":"1484","product_condition":"new"},"_links":{"self":[{"href":"https:\/\/babylove.se\/no\/wp-json\/wp\/v2\/product\/4778","targetHints":{"allow":["GET"]}}],"collection":[{"href":"https:\/\/babylove.se\/no\/wp-json\/wp\/v2\/product"}],"about":[{"href":"https:\/\/babylove.se\/no\/wp-json\/wp\/v2\/types\/product"}],"replies":[{"embeddable":true,"href":"https:\/\/babylove.se\/no\/wp-json\/wp\/v2\/comments?post=4778"}],"wp:featuredmedia":[{"embeddable":true,"href":"https:\/\/babylove.se\/no\/wp-json\/wp\/v2\/media\/4780"}],"wp:attachment":[{"href":"https:\/\/babylove.se\/no\/wp-json\/wp\/v2\/media?parent=4778"}],"wp:term":[{"taxonomy":"product_brand","embeddable":true,"href":"https:\/\/babylove.se\/no\/wp-json\/wp\/v2\/product_brand?post=4778"},{"taxonomy":"product_cat","embeddable":true,"href":"https:\/\/babylove.se\/no\/wp-json\/wp\/v2\/product_cat?post=4778"},{"taxonomy":"product_tag","embeddable":true,"href":"https:\/\/babylove.se\/no\/wp-json\/wp\/v2\/product_tag?post=4778"}],"curies":[{"name":"wp","href":"https:\/\/api.w.org\/{rel}","templated":true}]}}