{"id":47838,"date":"2025-07-19T10:47:58","date_gmt":"2025-07-19T09:47:58","guid":{"rendered":"https:\/\/babylove.se\/produkt\/jupiduu-jumpspot-trampolin-bla\/"},"modified":"2026-04-08T13:04:10","modified_gmt":"2026-04-08T12:04:10","slug":"jupiduu-jumpspot-trampoline-bla","status":"publish","type":"product","link":"https:\/\/babylove.se\/no\/produkt\/jupiduu-jumpspot-trampoline-bla\/","title":{"rendered":"Jupiduu Jumpspot trampoline bl\u00e5"},"content":{"rendered":"<p>Den optimale trampolinen for innend\u00f8rsbruk, fra det popul\u00e6re tyske selskapet Jupiduu.&nbsp;<\/p>\n<p>Alle barn vil elske denne trampolinen som b\u00e5de er morsom \u00e5 sprette p\u00e5 og vakker \u00e5 se p\u00e5. La barnet ditt trene opp motorikken sin, samtidig som det har det g\u00f8y. Kan brukes av voksne da maksvekten er 100 kg.&nbsp;<\/p>\n<p>Trampolinens design er utformet for \u00e5 passe b\u00e5de i barnerommet og i stua, den er stilren og passer inn nesten overalt.&nbsp;<\/p>\n<p>Anbefales fra 1,5 \u00e5r og oppover.&nbsp;<\/p>\n<p>Trampolinen bl\u00e5ses opp med en h\u00e5ndkompressor eller sykkelpumpe ved hjelp av den medf\u00f8lgende adapteren. Det anbefalte lufttrykket er 0,25 bar.<\/p>\n<p><strong>M\u00e5l<\/strong>: Diameter 100 cm. H\u00f8yde 20 cm.&nbsp;<\/p>\n<p><strong>Materiale<\/strong>: 100% OEKO-TEX jerseybomull. Trekket er avtakbart, som gj\u00f8r at du kan vaske det og holde trampolinen ren og frisk.<\/p>\n<p><!--[if !supportLineBreakNewLine]-->Designer: <a href=\"https:\/\/babylove.se\/varumarken\/jupiduu\">Jupiduu<\/a><\/p>\n<p><span class=\"fr-video fr-fvc fr-dvb fr-draggable fr-fvl\" contenteditable=\"false\" draggable=\"true\"><iframe src=\"\/\/player.vimeo.com\/video\/736895916\" frameborder=\"0\" allowfullscreen=\"\" style=\"width: 368px; height: 306px;\"><\/iframe><\/span><\/p>\n","protected":false},"excerpt":{"rendered":"<p>Den optimale trampolinen for innend\u00f8rsbruk, fra det popul\u00e6re tyske selskapet Jupiduu.&nbsp; Alle barn vil elske denne trampolinen som b\u00e5de er morsom \u00e5 sprette p\u00e5 og vakker \u00e5 se p\u00e5. La barnet ditt trene opp motorikken sin, samtidig som det har det g\u00f8y. Kan brukes av voksne da maksvekten er 100 kg.&nbsp; Trampolinens design er utformet [&hellip;]<\/p>\n","protected":false},"featured_media":47840,"comment_status":"closed","ping_status":"open","template":"","meta":{"_acf_changed":false},"product_brand":[201],"product_cat":[202,204],"product_tag":[1689],"class_list":{"0":"post-47838","1":"product","2":"type-product","3":"status-publish","4":"has-post-thumbnail","6":"product_brand-jupiduu","7":"product_cat-jupiduu","8":"product_cat-motoriske-barnmobler","9":"product_tag-bestillingsvaror","11":"first","12":"instock","13":"taxable","14":"shipping-taxable","15":"purchasable","16":"product-type-simple"},"acf":[],"yoast_head":"<!-- This site is optimized with the Yoast SEO Premium plugin v25.8 (Yoast SEO v27.2) - https:\/\/yoast.com\/product\/yoast-seo-premium-wordpress\/ -->\n<title>Jupiduu Jumpspot trampoline bl\u00e5 - Babylove Norska<\/title>\n<meta name=\"robots\" content=\"noindex, follow, max-snippet:-1, max-image-preview:large, max-video-preview:-1\" \/>\n<meta property=\"og:locale\" content=\"nb_NO\" \/>\n<meta property=\"og:type\" content=\"article\" \/>\n<meta property=\"og:title\" content=\"Jupiduu Jumpspot trampoline bl\u00e5\" \/>\n<meta property=\"og:description\" content=\"Den optimale trampolinen for innend\u00f8rsbruk, fra det popul\u00e6re tyske selskapet Jupiduu.&nbsp; Alle barn vil elske denne trampolinen som b\u00e5de er morsom \u00e5 sprette p\u00e5 og vakker \u00e5 se p\u00e5. La barnet ditt trene opp motorikken sin, samtidig som det har det g\u00f8y. Kan brukes av voksne da maksvekten er 100 kg.&nbsp; Trampolinens design er utformet [&hellip;]\" \/>\n<meta property=\"og:url\" content=\"https:\/\/babylove.se\/no\/produkt\/jupiduu-jumpspot-trampoline-bla\/\" \/>\n<meta property=\"og:site_name\" content=\"Babylove Norska\" \/>\n<meta property=\"article:modified_time\" content=\"2026-04-08T12:04:10+00:00\" \/>\n<meta property=\"og:image\" content=\"https:\/\/babylove.se\/no\/wp-content\/uploads\/sites\/3\/2025\/07\/636cb0efe5a2a.jpeg\" \/>\n\t<meta property=\"og:image:width\" content=\"1152\" \/>\n\t<meta property=\"og:image:height\" content=\"1152\" \/>\n\t<meta property=\"og:image:type\" content=\"image\/jpeg\" \/>\n<meta name=\"twitter:card\" content=\"summary_large_image\" \/>\n<meta name=\"twitter:label1\" content=\"Price\" \/>\n\t<meta name=\"twitter:data1\" content=\"2 999,00&nbsp;&#107;&#114;\" \/>\n\t<meta name=\"twitter:label2\" content=\"Availability\" \/>\n\t<meta name=\"twitter:data2\" content=\"In stock\" \/>\n<script type=\"application\/ld+json\" class=\"yoast-schema-graph\">{\"@context\":\"https:\/\/schema.org\",\"@graph\":[{\"@type\":\"WebPage\",\"@id\":\"https:\/\/babylove.se\/no\/produkt\/jupiduu-jumpspot-trampoline-bla\/\",\"url\":\"https:\/\/babylove.se\/no\/produkt\/jupiduu-jumpspot-trampoline-bla\/\",\"name\":\"Jupiduu Jumpspot trampoline bl\u00e5 - Babylove Norska\",\"isPartOf\":{\"@id\":\"https:\/\/babylove.se\/no\/#website\"},\"primaryImageOfPage\":{\"@id\":\"https:\/\/babylove.se\/no\/produkt\/jupiduu-jumpspot-trampoline-bla\/#primaryimage\"},\"image\":{\"@id\":\"https:\/\/babylove.se\/no\/produkt\/jupiduu-jumpspot-trampoline-bla\/#primaryimage\"},\"thumbnailUrl\":\"https:\/\/babylove.se\/no\/wp-content\/uploads\/sites\/3\/2025\/07\/636cb0efe5a2a.jpeg\",\"datePublished\":\"2025-07-19T09:47:58+00:00\",\"dateModified\":\"2026-04-08T12:04:10+00:00\",\"breadcrumb\":{\"@id\":\"https:\/\/babylove.se\/no\/produkt\/jupiduu-jumpspot-trampoline-bla\/#breadcrumb\"},\"inLanguage\":\"nb-NO\",\"potentialAction\":[{\"@type\":\"ReadAction\",\"target\":[\"https:\/\/babylove.se\/no\/produkt\/jupiduu-jumpspot-trampoline-bla\/\"]}]},{\"@type\":\"ImageObject\",\"inLanguage\":\"nb-NO\",\"@id\":\"https:\/\/babylove.se\/no\/produkt\/jupiduu-jumpspot-trampoline-bla\/#primaryimage\",\"url\":\"https:\/\/babylove.se\/no\/wp-content\/uploads\/sites\/3\/2025\/07\/636cb0efe5a2a.jpeg\",\"contentUrl\":\"https:\/\/babylove.se\/no\/wp-content\/uploads\/sites\/3\/2025\/07\/636cb0efe5a2a.jpeg\",\"width\":1152,\"height\":1152},{\"@type\":\"BreadcrumbList\",\"@id\":\"https:\/\/babylove.se\/no\/produkt\/jupiduu-jumpspot-trampoline-bla\/#breadcrumb\",\"itemListElement\":[{\"@type\":\"ListItem\",\"position\":1,\"name\":\"Hem\",\"item\":\"https:\/\/babylove.se\/no\/\"},{\"@type\":\"ListItem\",\"position\":2,\"name\":\"Butik\",\"item\":\"https:\/\/babylove.se\/no\/butik\/\"},{\"@type\":\"ListItem\",\"position\":3,\"name\":\"Jupiduu Jumpspot trampoline bl\u00e5\"}]},{\"@type\":\"WebSite\",\"@id\":\"https:\/\/babylove.se\/no\/#website\",\"url\":\"https:\/\/babylove.se\/no\/\",\"name\":\"Babylove Norska\",\"description\":\"\",\"potentialAction\":[{\"@type\":\"SearchAction\",\"target\":{\"@type\":\"EntryPoint\",\"urlTemplate\":\"https:\/\/babylove.se\/no\/?s={search_term_string}\"},\"query-input\":{\"@type\":\"PropertyValueSpecification\",\"valueRequired\":true,\"valueName\":\"search_term_string\"}}],\"inLanguage\":\"nb-NO\"}]}<\/script>\n<meta property=\"product:brand\" content=\"Jupiduu\" \/>\n<meta property=\"product:price:amount\" content=\"2999.00\" \/>\n<meta property=\"product:price:currency\" content=\"SEK\" \/>\n<meta property=\"og:availability\" content=\"instock\" \/>\n<meta property=\"product:availability\" content=\"instock\" \/>\n<meta property=\"product:retailer_item_id\" content=\"0653415181934\" \/>\n<meta property=\"product:condition\" content=\"new\" \/>\n<!-- \/ Yoast SEO Premium plugin. -->","yoast_head_json":{"title":"Jupiduu Jumpspot trampoline bl\u00e5 - Babylove Norska","robots":{"index":"noindex","follow":"follow","max-snippet":"max-snippet:-1","max-image-preview":"max-image-preview:large","max-video-preview":"max-video-preview:-1"},"og_locale":"nb_NO","og_type":"article","og_title":"Jupiduu Jumpspot trampoline bl\u00e5","og_description":"Den optimale trampolinen for innend\u00f8rsbruk, fra det popul\u00e6re tyske selskapet Jupiduu.&nbsp; Alle barn vil elske denne trampolinen som b\u00e5de er morsom \u00e5 sprette p\u00e5 og vakker \u00e5 se p\u00e5. La barnet ditt trene opp motorikken sin, samtidig som det har det g\u00f8y. Kan brukes av voksne da maksvekten er 100 kg.&nbsp; Trampolinens design er utformet [&hellip;]","og_url":"https:\/\/babylove.se\/no\/produkt\/jupiduu-jumpspot-trampoline-bla\/","og_site_name":"Babylove Norska","article_modified_time":"2026-04-08T12:04:10+00:00","og_image":[{"width":1152,"height":1152,"url":"https:\/\/babylove.se\/no\/wp-content\/uploads\/sites\/3\/2025\/07\/636cb0efe5a2a.jpeg","type":"image\/jpeg"}],"twitter_card":"summary_large_image","twitter_misc":{"Price":"2 999,00&nbsp;&#107;&#114;","Availability":"In stock"},"schema":{"@context":"https:\/\/schema.org","@graph":[{"@type":"WebPage","@id":"https:\/\/babylove.se\/no\/produkt\/jupiduu-jumpspot-trampoline-bla\/","url":"https:\/\/babylove.se\/no\/produkt\/jupiduu-jumpspot-trampoline-bla\/","name":"Jupiduu Jumpspot trampoline bl\u00e5 - Babylove Norska","isPartOf":{"@id":"https:\/\/babylove.se\/no\/#website"},"primaryImageOfPage":{"@id":"https:\/\/babylove.se\/no\/produkt\/jupiduu-jumpspot-trampoline-bla\/#primaryimage"},"image":{"@id":"https:\/\/babylove.se\/no\/produkt\/jupiduu-jumpspot-trampoline-bla\/#primaryimage"},"thumbnailUrl":"https:\/\/babylove.se\/no\/wp-content\/uploads\/sites\/3\/2025\/07\/636cb0efe5a2a.jpeg","datePublished":"2025-07-19T09:47:58+00:00","dateModified":"2026-04-08T12:04:10+00:00","breadcrumb":{"@id":"https:\/\/babylove.se\/no\/produkt\/jupiduu-jumpspot-trampoline-bla\/#breadcrumb"},"inLanguage":"nb-NO","potentialAction":[{"@type":"ReadAction","target":["https:\/\/babylove.se\/no\/produkt\/jupiduu-jumpspot-trampoline-bla\/"]}]},{"@type":"ImageObject","inLanguage":"nb-NO","@id":"https:\/\/babylove.se\/no\/produkt\/jupiduu-jumpspot-trampoline-bla\/#primaryimage","url":"https:\/\/babylove.se\/no\/wp-content\/uploads\/sites\/3\/2025\/07\/636cb0efe5a2a.jpeg","contentUrl":"https:\/\/babylove.se\/no\/wp-content\/uploads\/sites\/3\/2025\/07\/636cb0efe5a2a.jpeg","width":1152,"height":1152},{"@type":"BreadcrumbList","@id":"https:\/\/babylove.se\/no\/produkt\/jupiduu-jumpspot-trampoline-bla\/#breadcrumb","itemListElement":[{"@type":"ListItem","position":1,"name":"Hem","item":"https:\/\/babylove.se\/no\/"},{"@type":"ListItem","position":2,"name":"Butik","item":"https:\/\/babylove.se\/no\/butik\/"},{"@type":"ListItem","position":3,"name":"Jupiduu Jumpspot trampoline bl\u00e5"}]},{"@type":"WebSite","@id":"https:\/\/babylove.se\/no\/#website","url":"https:\/\/babylove.se\/no\/","name":"Babylove Norska","description":"","potentialAction":[{"@type":"SearchAction","target":{"@type":"EntryPoint","urlTemplate":"https:\/\/babylove.se\/no\/?s={search_term_string}"},"query-input":{"@type":"PropertyValueSpecification","valueRequired":true,"valueName":"search_term_string"}}],"inLanguage":"nb-NO"}]},"product_brand":"Jupiduu","product_price_amount":"2999.00","product_price_currency":"SEK","og_availability":"instock","product_availability":"instock","product_retailer_item_id":"0653415181934","product_condition":"new"},"_links":{"self":[{"href":"https:\/\/babylove.se\/no\/wp-json\/wp\/v2\/product\/47838","targetHints":{"allow":["GET"]}}],"collection":[{"href":"https:\/\/babylove.se\/no\/wp-json\/wp\/v2\/product"}],"about":[{"href":"https:\/\/babylove.se\/no\/wp-json\/wp\/v2\/types\/product"}],"replies":[{"embeddable":true,"href":"https:\/\/babylove.se\/no\/wp-json\/wp\/v2\/comments?post=47838"}],"wp:featuredmedia":[{"embeddable":true,"href":"https:\/\/babylove.se\/no\/wp-json\/wp\/v2\/media\/47840"}],"wp:attachment":[{"href":"https:\/\/babylove.se\/no\/wp-json\/wp\/v2\/media?parent=47838"}],"wp:term":[{"taxonomy":"product_brand","embeddable":true,"href":"https:\/\/babylove.se\/no\/wp-json\/wp\/v2\/product_brand?post=47838"},{"taxonomy":"product_cat","embeddable":true,"href":"https:\/\/babylove.se\/no\/wp-json\/wp\/v2\/product_cat?post=47838"},{"taxonomy":"product_tag","embeddable":true,"href":"https:\/\/babylove.se\/no\/wp-json\/wp\/v2\/product_tag?post=47838"}],"curies":[{"name":"wp","href":"https:\/\/api.w.org\/{rel}","templated":true}]}}