{"id":4798,"date":"2025-07-18T20:25:03","date_gmt":"2025-07-18T19:25:03","guid":{"rendered":"https:\/\/babylove.se\/produkt\/jabadabado-forvaringskorg-svart\/"},"modified":"2026-04-08T08:11:38","modified_gmt":"2026-04-08T07:11:38","slug":"jabadabado-oppbevaringskurv-svart","status":"publish","type":"product","link":"https:\/\/babylove.se\/no\/produkt\/jabadabado-oppbevaringskurv-svart\/","title":{"rendered":"JaBaDaBaDo oppbevaringskurv svart"},"content":{"rendered":"<p><strong>JaBaDaBaDo oppbevaringskurv svart &#8211; sendes innen 24 timer !&nbsp;<\/strong><\/p>\n<p>Vakre og praktiske oppbevaringskurver fra svenske JaBaDaBaDo vil hjelpe deg \u00e5 holde orden samtidig som du skaper en vakker barneroms-innredning. Med den smarte, voksede innsiden p\u00e5 oppbevaringskurven vil den ikke miste formen selv om den er tom. Med en smart oppbevaringskurv gj\u00f8r du det lettere for barnet \u00e5 enkelt ta frem (og rydde unna) sine forskjellige ting. De to h\u00e5ndtakene p\u00e5 sidene gj\u00f8r den enkel \u00e5 flytte n\u00e5r du vil. Disse oppbevaringskurvene er ogs\u00e5 et morsomt innslag i en hall, hvor du kan oppbevare barnenes votter og luer p\u00e5 en praktisk m\u00e5te. Gjerne match kurvene med andre produkter i samme serie, som puter eller vimpler.<\/p>\n<p>Denne oppbevaringskurven er laget nesten utelukkende av resirkulert materiale, noe som gj\u00f8r at fargen p\u00e5 tekstilene kan avvike noe fra bildene.<\/p>\n<p><strong>M\u00e5l<\/strong>: 40 cm \u00f8 40 cm&nbsp;<\/p>\n<p>Designer: <a href=\"https:\/\/babylove.se\/varumarken\/jabadabado\"><u>JaBaDaBaDo<\/u><\/a><\/p>\n","protected":false},"excerpt":{"rendered":"<p>JaBaDaBaDo oppbevaringskurv svart &#8211; sendes innen 24 timer !&nbsp; Vakre og praktiske oppbevaringskurver fra svenske JaBaDaBaDo vil hjelpe deg \u00e5 holde orden samtidig som du skaper en vakker barneroms-innredning. Med den smarte, voksede innsiden p\u00e5 oppbevaringskurven vil den ikke miste formen selv om den er tom. Med en smart oppbevaringskurv gj\u00f8r du det lettere for [&hellip;]<\/p>\n","protected":false},"featured_media":4800,"comment_status":"closed","ping_status":"open","template":"","meta":{"_acf_changed":false},"product_brand":[273],"product_cat":[28,23,274,43],"product_tag":[],"class_list":{"0":"post-4798","1":"product","2":"type-product","3":"status-publish","4":"has-post-thumbnail","6":"product_brand-jabadabado","7":"product_cat-sorthvit","8":"product_cat-barnerom","9":"product_cat-jabadabado","10":"product_cat-oppbevaringskurver","12":"first","13":"outofstock","14":"taxable","15":"shipping-taxable","16":"purchasable","17":"product-type-simple"},"acf":[],"yoast_head":"<!-- This site is optimized with the Yoast SEO Premium plugin v25.8 (Yoast SEO v27.2) - https:\/\/yoast.com\/product\/yoast-seo-premium-wordpress\/ -->\n<title>JaBaDaBaDo oppbevaringskurv svart - Babylove Norska<\/title>\n<meta name=\"description\" content=\"Vackra f\u00f6rvaringskorgar fr\u00e5n svenska JaBaDaBaDo kommer hj\u00e4lpa dig att h\u00e5lla ordning samtidigt som du skapar en vacker barnrumsinredning.\" \/>\n<meta name=\"robots\" content=\"noindex, follow, max-snippet:-1, max-image-preview:large, max-video-preview:-1\" \/>\n<meta property=\"og:locale\" content=\"nb_NO\" \/>\n<meta property=\"og:type\" content=\"article\" \/>\n<meta property=\"og:title\" content=\"JaBaDaBaDo oppbevaringskurv svart\" \/>\n<meta property=\"og:description\" content=\"Vackra f\u00f6rvaringskorgar fr\u00e5n svenska JaBaDaBaDo kommer hj\u00e4lpa dig att h\u00e5lla ordning samtidigt som du skapar en vacker barnrumsinredning.\" \/>\n<meta property=\"og:url\" content=\"https:\/\/babylove.se\/no\/produkt\/jabadabado-oppbevaringskurv-svart\/\" \/>\n<meta property=\"og:site_name\" content=\"Babylove Norska\" \/>\n<meta property=\"article:modified_time\" content=\"2026-04-08T07:11:38+00:00\" \/>\n<meta property=\"og:image\" content=\"https:\/\/babylove.se\/no\/wp-content\/uploads\/sites\/3\/2025\/07\/59f0839339933.jpeg\" \/>\n\t<meta property=\"og:image:width\" content=\"700\" \/>\n\t<meta property=\"og:image:height\" content=\"700\" \/>\n\t<meta property=\"og:image:type\" content=\"image\/jpeg\" \/>\n<meta name=\"twitter:card\" content=\"summary_large_image\" \/>\n<meta name=\"twitter:label1\" content=\"Price\" \/>\n\t<meta name=\"twitter:data1\" content=\"169,00&nbsp;&#107;&#114;\" \/>\n\t<meta name=\"twitter:label2\" content=\"Availability\" \/>\n\t<meta name=\"twitter:data2\" content=\"Out of stock\" \/>\n<script type=\"application\/ld+json\" class=\"yoast-schema-graph\">{\"@context\":\"https:\/\/schema.org\",\"@graph\":[{\"@type\":\"WebPage\",\"@id\":\"https:\/\/babylove.se\/no\/produkt\/jabadabado-oppbevaringskurv-svart\/\",\"url\":\"https:\/\/babylove.se\/no\/produkt\/jabadabado-oppbevaringskurv-svart\/\",\"name\":\"JaBaDaBaDo oppbevaringskurv svart - Babylove Norska\",\"isPartOf\":{\"@id\":\"https:\/\/babylove.se\/no\/#website\"},\"primaryImageOfPage\":{\"@id\":\"https:\/\/babylove.se\/no\/produkt\/jabadabado-oppbevaringskurv-svart\/#primaryimage\"},\"image\":{\"@id\":\"https:\/\/babylove.se\/no\/produkt\/jabadabado-oppbevaringskurv-svart\/#primaryimage\"},\"thumbnailUrl\":\"https:\/\/babylove.se\/no\/wp-content\/uploads\/sites\/3\/2025\/07\/59f0839339933.jpeg\",\"datePublished\":\"2025-07-18T19:25:03+00:00\",\"dateModified\":\"2026-04-08T07:11:38+00:00\",\"description\":\"Vackra f\u00f6rvaringskorgar fr\u00e5n svenska JaBaDaBaDo kommer hj\u00e4lpa dig att h\u00e5lla ordning samtidigt som du skapar en vacker barnrumsinredning.\",\"breadcrumb\":{\"@id\":\"https:\/\/babylove.se\/no\/produkt\/jabadabado-oppbevaringskurv-svart\/#breadcrumb\"},\"inLanguage\":\"nb-NO\",\"potentialAction\":[{\"@type\":\"ReadAction\",\"target\":[\"https:\/\/babylove.se\/no\/produkt\/jabadabado-oppbevaringskurv-svart\/\"]}]},{\"@type\":\"ImageObject\",\"inLanguage\":\"nb-NO\",\"@id\":\"https:\/\/babylove.se\/no\/produkt\/jabadabado-oppbevaringskurv-svart\/#primaryimage\",\"url\":\"https:\/\/babylove.se\/no\/wp-content\/uploads\/sites\/3\/2025\/07\/59f0839339933.jpeg\",\"contentUrl\":\"https:\/\/babylove.se\/no\/wp-content\/uploads\/sites\/3\/2025\/07\/59f0839339933.jpeg\",\"width\":700,\"height\":700},{\"@type\":\"BreadcrumbList\",\"@id\":\"https:\/\/babylove.se\/no\/produkt\/jabadabado-oppbevaringskurv-svart\/#breadcrumb\",\"itemListElement\":[{\"@type\":\"ListItem\",\"position\":1,\"name\":\"Hem\",\"item\":\"https:\/\/babylove.se\/no\/\"},{\"@type\":\"ListItem\",\"position\":2,\"name\":\"Butik\",\"item\":\"https:\/\/babylove.se\/no\/butik\/\"},{\"@type\":\"ListItem\",\"position\":3,\"name\":\"JaBaDaBaDo oppbevaringskurv svart\"}]},{\"@type\":\"WebSite\",\"@id\":\"https:\/\/babylove.se\/no\/#website\",\"url\":\"https:\/\/babylove.se\/no\/\",\"name\":\"Babylove Norska\",\"description\":\"\",\"potentialAction\":[{\"@type\":\"SearchAction\",\"target\":{\"@type\":\"EntryPoint\",\"urlTemplate\":\"https:\/\/babylove.se\/no\/?s={search_term_string}\"},\"query-input\":{\"@type\":\"PropertyValueSpecification\",\"valueRequired\":true,\"valueName\":\"search_term_string\"}}],\"inLanguage\":\"nb-NO\"}]}<\/script>\n<meta property=\"product:brand\" content=\"JaBaDaBaDo\" \/>\n<meta property=\"product:price:amount\" content=\"169.00\" \/>\n<meta property=\"product:price:currency\" content=\"SEK\" \/>\n<meta property=\"og:availability\" content=\"out of stock\" \/>\n<meta property=\"product:availability\" content=\"out of stock\" \/>\n<meta property=\"product:retailer_item_id\" content=\"1489\" \/>\n<meta property=\"product:condition\" content=\"new\" \/>\n<!-- \/ Yoast SEO Premium plugin. -->","yoast_head_json":{"title":"JaBaDaBaDo oppbevaringskurv svart - Babylove Norska","description":"Vackra f\u00f6rvaringskorgar fr\u00e5n svenska JaBaDaBaDo kommer hj\u00e4lpa dig att h\u00e5lla ordning samtidigt som du skapar en vacker barnrumsinredning.","robots":{"index":"noindex","follow":"follow","max-snippet":"max-snippet:-1","max-image-preview":"max-image-preview:large","max-video-preview":"max-video-preview:-1"},"og_locale":"nb_NO","og_type":"article","og_title":"JaBaDaBaDo oppbevaringskurv svart","og_description":"Vackra f\u00f6rvaringskorgar fr\u00e5n svenska JaBaDaBaDo kommer hj\u00e4lpa dig att h\u00e5lla ordning samtidigt som du skapar en vacker barnrumsinredning.","og_url":"https:\/\/babylove.se\/no\/produkt\/jabadabado-oppbevaringskurv-svart\/","og_site_name":"Babylove Norska","article_modified_time":"2026-04-08T07:11:38+00:00","og_image":[{"width":700,"height":700,"url":"https:\/\/babylove.se\/no\/wp-content\/uploads\/sites\/3\/2025\/07\/59f0839339933.jpeg","type":"image\/jpeg"}],"twitter_card":"summary_large_image","twitter_misc":{"Price":"169,00&nbsp;&#107;&#114;","Availability":"Out of stock"},"schema":{"@context":"https:\/\/schema.org","@graph":[{"@type":"WebPage","@id":"https:\/\/babylove.se\/no\/produkt\/jabadabado-oppbevaringskurv-svart\/","url":"https:\/\/babylove.se\/no\/produkt\/jabadabado-oppbevaringskurv-svart\/","name":"JaBaDaBaDo oppbevaringskurv svart - Babylove Norska","isPartOf":{"@id":"https:\/\/babylove.se\/no\/#website"},"primaryImageOfPage":{"@id":"https:\/\/babylove.se\/no\/produkt\/jabadabado-oppbevaringskurv-svart\/#primaryimage"},"image":{"@id":"https:\/\/babylove.se\/no\/produkt\/jabadabado-oppbevaringskurv-svart\/#primaryimage"},"thumbnailUrl":"https:\/\/babylove.se\/no\/wp-content\/uploads\/sites\/3\/2025\/07\/59f0839339933.jpeg","datePublished":"2025-07-18T19:25:03+00:00","dateModified":"2026-04-08T07:11:38+00:00","description":"Vackra f\u00f6rvaringskorgar fr\u00e5n svenska JaBaDaBaDo kommer hj\u00e4lpa dig att h\u00e5lla ordning samtidigt som du skapar en vacker barnrumsinredning.","breadcrumb":{"@id":"https:\/\/babylove.se\/no\/produkt\/jabadabado-oppbevaringskurv-svart\/#breadcrumb"},"inLanguage":"nb-NO","potentialAction":[{"@type":"ReadAction","target":["https:\/\/babylove.se\/no\/produkt\/jabadabado-oppbevaringskurv-svart\/"]}]},{"@type":"ImageObject","inLanguage":"nb-NO","@id":"https:\/\/babylove.se\/no\/produkt\/jabadabado-oppbevaringskurv-svart\/#primaryimage","url":"https:\/\/babylove.se\/no\/wp-content\/uploads\/sites\/3\/2025\/07\/59f0839339933.jpeg","contentUrl":"https:\/\/babylove.se\/no\/wp-content\/uploads\/sites\/3\/2025\/07\/59f0839339933.jpeg","width":700,"height":700},{"@type":"BreadcrumbList","@id":"https:\/\/babylove.se\/no\/produkt\/jabadabado-oppbevaringskurv-svart\/#breadcrumb","itemListElement":[{"@type":"ListItem","position":1,"name":"Hem","item":"https:\/\/babylove.se\/no\/"},{"@type":"ListItem","position":2,"name":"Butik","item":"https:\/\/babylove.se\/no\/butik\/"},{"@type":"ListItem","position":3,"name":"JaBaDaBaDo oppbevaringskurv svart"}]},{"@type":"WebSite","@id":"https:\/\/babylove.se\/no\/#website","url":"https:\/\/babylove.se\/no\/","name":"Babylove Norska","description":"","potentialAction":[{"@type":"SearchAction","target":{"@type":"EntryPoint","urlTemplate":"https:\/\/babylove.se\/no\/?s={search_term_string}"},"query-input":{"@type":"PropertyValueSpecification","valueRequired":true,"valueName":"search_term_string"}}],"inLanguage":"nb-NO"}]},"product_brand":"JaBaDaBaDo","product_price_amount":"169.00","product_price_currency":"SEK","og_availability":"out of stock","product_availability":"out of stock","product_retailer_item_id":"1489","product_condition":"new"},"_links":{"self":[{"href":"https:\/\/babylove.se\/no\/wp-json\/wp\/v2\/product\/4798","targetHints":{"allow":["GET"]}}],"collection":[{"href":"https:\/\/babylove.se\/no\/wp-json\/wp\/v2\/product"}],"about":[{"href":"https:\/\/babylove.se\/no\/wp-json\/wp\/v2\/types\/product"}],"replies":[{"embeddable":true,"href":"https:\/\/babylove.se\/no\/wp-json\/wp\/v2\/comments?post=4798"}],"wp:featuredmedia":[{"embeddable":true,"href":"https:\/\/babylove.se\/no\/wp-json\/wp\/v2\/media\/4800"}],"wp:attachment":[{"href":"https:\/\/babylove.se\/no\/wp-json\/wp\/v2\/media?parent=4798"}],"wp:term":[{"taxonomy":"product_brand","embeddable":true,"href":"https:\/\/babylove.se\/no\/wp-json\/wp\/v2\/product_brand?post=4798"},{"taxonomy":"product_cat","embeddable":true,"href":"https:\/\/babylove.se\/no\/wp-json\/wp\/v2\/product_cat?post=4798"},{"taxonomy":"product_tag","embeddable":true,"href":"https:\/\/babylove.se\/no\/wp-json\/wp\/v2\/product_tag?post=4798"}],"curies":[{"name":"wp","href":"https:\/\/api.w.org\/{rel}","templated":true}]}}