{"id":48006,"date":"2025-07-19T10:49:49","date_gmt":"2025-07-19T09:49:49","guid":{"rendered":"https:\/\/babylove.se\/produkt\/jabadabado-sorteringslada-bunny\/"},"modified":"2026-04-08T13:05:12","modified_gmt":"2026-04-08T12:05:12","slug":"jabadabado-sorteringsboks-bunny","status":"publish","type":"product","link":"https:\/\/babylove.se\/no\/produkt\/jabadabado-sorteringsboks-bunny\/","title":{"rendered":"JaBaDaBaDo Sorteringsboks Bunny"},"content":{"rendered":"<p>En riktig klassiker, verdsatt av generasjoner og kommer garantert til \u00e5 skape mange \u00f8yeblikk av glede for ditt barn. Denne sorteringsboksen fra svenske JaBaDaBaDo er, foruten vakker \u00e5 se p\u00e5, b\u00e5de underholdende og leken. Designen gj\u00f8r at den garantert passer med din \u00f8vrige barneroms-innredning. Ditt barn kommer til \u00e5 utvikle sin kreativitet og sin f\u00f8lelse for former og farger n\u00e5r de leker med denne plukkboksen. 4 klosser \u00e5 legge i f\u00f8lger med og plukkboksen anbefales for barn som er ca 18 m\u00e5neder og oppover.<\/p>\n<p><strong>M\u00e5l<\/strong>: 14 x 13 x 12 cm<\/p>\n<p>Designer: <a href=\"https:\/\/babylove.se\/varumarken\/jabadabado\"><u>JaBaDaBaDo<\/u><\/a><\/p>\n","protected":false},"excerpt":{"rendered":"<p>En riktig klassiker, verdsatt av generasjoner og kommer garantert til \u00e5 skape mange \u00f8yeblikk av glede for ditt barn. Denne sorteringsboksen fra svenske JaBaDaBaDo er, foruten vakker \u00e5 se p\u00e5, b\u00e5de underholdende og leken. Designen gj\u00f8r at den garantert passer med din \u00f8vrige barneroms-innredning. Ditt barn kommer til \u00e5 utvikle sin kreativitet og sin f\u00f8lelse [&hellip;]<\/p>\n","protected":false},"featured_media":48008,"comment_status":"closed","ping_status":"open","template":"","meta":{"_acf_changed":false},"product_brand":[273],"product_cat":[274,68,247,112],"product_tag":[],"class_list":{"0":"post-48006","1":"product","2":"type-product","3":"status-publish","4":"has-post-thumbnail","6":"product_brand-jabadabado","7":"product_cat-jabadabado","8":"product_cat-leker","9":"product_cat-traklossar-barn","10":"product_cat-treleker","12":"first","13":"outofstock","14":"taxable","15":"shipping-taxable","16":"purchasable","17":"product-type-simple"},"acf":[],"yoast_head":"<!-- This site is optimized with the Yoast SEO Premium plugin v25.8 (Yoast SEO v27.2) - https:\/\/yoast.com\/product\/yoast-seo-premium-wordpress\/ -->\n<title>JaBaDaBaDo Sorteringsboks Bunny - Babylove Norska<\/title>\n<meta name=\"robots\" content=\"noindex, follow, max-snippet:-1, max-image-preview:large, max-video-preview:-1\" \/>\n<meta property=\"og:locale\" content=\"nb_NO\" \/>\n<meta property=\"og:type\" content=\"article\" \/>\n<meta property=\"og:title\" content=\"JaBaDaBaDo Sorteringsboks Bunny\" \/>\n<meta property=\"og:description\" content=\"En riktig klassiker, verdsatt av generasjoner og kommer garantert til \u00e5 skape mange \u00f8yeblikk av glede for ditt barn. Denne sorteringsboksen fra svenske JaBaDaBaDo er, foruten vakker \u00e5 se p\u00e5, b\u00e5de underholdende og leken. Designen gj\u00f8r at den garantert passer med din \u00f8vrige barneroms-innredning. Ditt barn kommer til \u00e5 utvikle sin kreativitet og sin f\u00f8lelse [&hellip;]\" \/>\n<meta property=\"og:url\" content=\"https:\/\/babylove.se\/no\/produkt\/jabadabado-sorteringsboks-bunny\/\" \/>\n<meta property=\"og:site_name\" content=\"Babylove Norska\" \/>\n<meta property=\"article:modified_time\" content=\"2026-04-08T12:05:12+00:00\" \/>\n<meta property=\"og:image\" content=\"https:\/\/babylove.se\/no\/wp-content\/uploads\/sites\/3\/2025\/07\/63753397c5295.jpeg\" \/>\n\t<meta property=\"og:image:width\" content=\"1200\" \/>\n\t<meta property=\"og:image:height\" content=\"1200\" \/>\n\t<meta property=\"og:image:type\" content=\"image\/jpeg\" \/>\n<meta name=\"twitter:card\" content=\"summary_large_image\" \/>\n<meta name=\"twitter:label1\" content=\"Price\" \/>\n\t<meta name=\"twitter:data1\" content=\"199,00&nbsp;&#107;&#114;\" \/>\n\t<meta name=\"twitter:label2\" content=\"Availability\" \/>\n\t<meta name=\"twitter:data2\" content=\"Out of stock\" \/>\n<script type=\"application\/ld+json\" class=\"yoast-schema-graph\">{\"@context\":\"https:\/\/schema.org\",\"@graph\":[{\"@type\":\"WebPage\",\"@id\":\"https:\/\/babylove.se\/no\/produkt\/jabadabado-sorteringsboks-bunny\/\",\"url\":\"https:\/\/babylove.se\/no\/produkt\/jabadabado-sorteringsboks-bunny\/\",\"name\":\"JaBaDaBaDo Sorteringsboks Bunny - Babylove Norska\",\"isPartOf\":{\"@id\":\"https:\/\/babylove.se\/no\/#website\"},\"primaryImageOfPage\":{\"@id\":\"https:\/\/babylove.se\/no\/produkt\/jabadabado-sorteringsboks-bunny\/#primaryimage\"},\"image\":{\"@id\":\"https:\/\/babylove.se\/no\/produkt\/jabadabado-sorteringsboks-bunny\/#primaryimage\"},\"thumbnailUrl\":\"https:\/\/babylove.se\/no\/wp-content\/uploads\/sites\/3\/2025\/07\/63753397c5295.jpeg\",\"datePublished\":\"2025-07-19T09:49:49+00:00\",\"dateModified\":\"2026-04-08T12:05:12+00:00\",\"breadcrumb\":{\"@id\":\"https:\/\/babylove.se\/no\/produkt\/jabadabado-sorteringsboks-bunny\/#breadcrumb\"},\"inLanguage\":\"nb-NO\",\"potentialAction\":[{\"@type\":\"ReadAction\",\"target\":[\"https:\/\/babylove.se\/no\/produkt\/jabadabado-sorteringsboks-bunny\/\"]}]},{\"@type\":\"ImageObject\",\"inLanguage\":\"nb-NO\",\"@id\":\"https:\/\/babylove.se\/no\/produkt\/jabadabado-sorteringsboks-bunny\/#primaryimage\",\"url\":\"https:\/\/babylove.se\/no\/wp-content\/uploads\/sites\/3\/2025\/07\/63753397c5295.jpeg\",\"contentUrl\":\"https:\/\/babylove.se\/no\/wp-content\/uploads\/sites\/3\/2025\/07\/63753397c5295.jpeg\",\"width\":1200,\"height\":1200},{\"@type\":\"BreadcrumbList\",\"@id\":\"https:\/\/babylove.se\/no\/produkt\/jabadabado-sorteringsboks-bunny\/#breadcrumb\",\"itemListElement\":[{\"@type\":\"ListItem\",\"position\":1,\"name\":\"Hem\",\"item\":\"https:\/\/babylove.se\/no\/\"},{\"@type\":\"ListItem\",\"position\":2,\"name\":\"Butik\",\"item\":\"https:\/\/babylove.se\/no\/butik\/\"},{\"@type\":\"ListItem\",\"position\":3,\"name\":\"JaBaDaBaDo Sorteringsboks Bunny\"}]},{\"@type\":\"WebSite\",\"@id\":\"https:\/\/babylove.se\/no\/#website\",\"url\":\"https:\/\/babylove.se\/no\/\",\"name\":\"Babylove Norska\",\"description\":\"\",\"potentialAction\":[{\"@type\":\"SearchAction\",\"target\":{\"@type\":\"EntryPoint\",\"urlTemplate\":\"https:\/\/babylove.se\/no\/?s={search_term_string}\"},\"query-input\":{\"@type\":\"PropertyValueSpecification\",\"valueRequired\":true,\"valueName\":\"search_term_string\"}}],\"inLanguage\":\"nb-NO\"}]}<\/script>\n<meta property=\"product:brand\" content=\"JaBaDaBaDo\" \/>\n<meta property=\"product:price:amount\" content=\"199.00\" \/>\n<meta property=\"product:price:currency\" content=\"SEK\" \/>\n<meta property=\"og:availability\" content=\"out of stock\" \/>\n<meta property=\"product:availability\" content=\"out of stock\" \/>\n<meta property=\"product:retailer_item_id\" content=\"C2534\" \/>\n<meta property=\"product:condition\" content=\"new\" \/>\n<!-- \/ Yoast SEO Premium plugin. -->","yoast_head_json":{"title":"JaBaDaBaDo Sorteringsboks Bunny - Babylove Norska","robots":{"index":"noindex","follow":"follow","max-snippet":"max-snippet:-1","max-image-preview":"max-image-preview:large","max-video-preview":"max-video-preview:-1"},"og_locale":"nb_NO","og_type":"article","og_title":"JaBaDaBaDo Sorteringsboks Bunny","og_description":"En riktig klassiker, verdsatt av generasjoner og kommer garantert til \u00e5 skape mange \u00f8yeblikk av glede for ditt barn. Denne sorteringsboksen fra svenske JaBaDaBaDo er, foruten vakker \u00e5 se p\u00e5, b\u00e5de underholdende og leken. Designen gj\u00f8r at den garantert passer med din \u00f8vrige barneroms-innredning. Ditt barn kommer til \u00e5 utvikle sin kreativitet og sin f\u00f8lelse [&hellip;]","og_url":"https:\/\/babylove.se\/no\/produkt\/jabadabado-sorteringsboks-bunny\/","og_site_name":"Babylove Norska","article_modified_time":"2026-04-08T12:05:12+00:00","og_image":[{"width":1200,"height":1200,"url":"https:\/\/babylove.se\/no\/wp-content\/uploads\/sites\/3\/2025\/07\/63753397c5295.jpeg","type":"image\/jpeg"}],"twitter_card":"summary_large_image","twitter_misc":{"Price":"199,00&nbsp;&#107;&#114;","Availability":"Out of stock"},"schema":{"@context":"https:\/\/schema.org","@graph":[{"@type":"WebPage","@id":"https:\/\/babylove.se\/no\/produkt\/jabadabado-sorteringsboks-bunny\/","url":"https:\/\/babylove.se\/no\/produkt\/jabadabado-sorteringsboks-bunny\/","name":"JaBaDaBaDo Sorteringsboks Bunny - Babylove Norska","isPartOf":{"@id":"https:\/\/babylove.se\/no\/#website"},"primaryImageOfPage":{"@id":"https:\/\/babylove.se\/no\/produkt\/jabadabado-sorteringsboks-bunny\/#primaryimage"},"image":{"@id":"https:\/\/babylove.se\/no\/produkt\/jabadabado-sorteringsboks-bunny\/#primaryimage"},"thumbnailUrl":"https:\/\/babylove.se\/no\/wp-content\/uploads\/sites\/3\/2025\/07\/63753397c5295.jpeg","datePublished":"2025-07-19T09:49:49+00:00","dateModified":"2026-04-08T12:05:12+00:00","breadcrumb":{"@id":"https:\/\/babylove.se\/no\/produkt\/jabadabado-sorteringsboks-bunny\/#breadcrumb"},"inLanguage":"nb-NO","potentialAction":[{"@type":"ReadAction","target":["https:\/\/babylove.se\/no\/produkt\/jabadabado-sorteringsboks-bunny\/"]}]},{"@type":"ImageObject","inLanguage":"nb-NO","@id":"https:\/\/babylove.se\/no\/produkt\/jabadabado-sorteringsboks-bunny\/#primaryimage","url":"https:\/\/babylove.se\/no\/wp-content\/uploads\/sites\/3\/2025\/07\/63753397c5295.jpeg","contentUrl":"https:\/\/babylove.se\/no\/wp-content\/uploads\/sites\/3\/2025\/07\/63753397c5295.jpeg","width":1200,"height":1200},{"@type":"BreadcrumbList","@id":"https:\/\/babylove.se\/no\/produkt\/jabadabado-sorteringsboks-bunny\/#breadcrumb","itemListElement":[{"@type":"ListItem","position":1,"name":"Hem","item":"https:\/\/babylove.se\/no\/"},{"@type":"ListItem","position":2,"name":"Butik","item":"https:\/\/babylove.se\/no\/butik\/"},{"@type":"ListItem","position":3,"name":"JaBaDaBaDo Sorteringsboks Bunny"}]},{"@type":"WebSite","@id":"https:\/\/babylove.se\/no\/#website","url":"https:\/\/babylove.se\/no\/","name":"Babylove Norska","description":"","potentialAction":[{"@type":"SearchAction","target":{"@type":"EntryPoint","urlTemplate":"https:\/\/babylove.se\/no\/?s={search_term_string}"},"query-input":{"@type":"PropertyValueSpecification","valueRequired":true,"valueName":"search_term_string"}}],"inLanguage":"nb-NO"}]},"product_brand":"JaBaDaBaDo","product_price_amount":"199.00","product_price_currency":"SEK","og_availability":"out of stock","product_availability":"out of stock","product_retailer_item_id":"C2534","product_condition":"new"},"_links":{"self":[{"href":"https:\/\/babylove.se\/no\/wp-json\/wp\/v2\/product\/48006","targetHints":{"allow":["GET"]}}],"collection":[{"href":"https:\/\/babylove.se\/no\/wp-json\/wp\/v2\/product"}],"about":[{"href":"https:\/\/babylove.se\/no\/wp-json\/wp\/v2\/types\/product"}],"replies":[{"embeddable":true,"href":"https:\/\/babylove.se\/no\/wp-json\/wp\/v2\/comments?post=48006"}],"wp:featuredmedia":[{"embeddable":true,"href":"https:\/\/babylove.se\/no\/wp-json\/wp\/v2\/media\/48008"}],"wp:attachment":[{"href":"https:\/\/babylove.se\/no\/wp-json\/wp\/v2\/media?parent=48006"}],"wp:term":[{"taxonomy":"product_brand","embeddable":true,"href":"https:\/\/babylove.se\/no\/wp-json\/wp\/v2\/product_brand?post=48006"},{"taxonomy":"product_cat","embeddable":true,"href":"https:\/\/babylove.se\/no\/wp-json\/wp\/v2\/product_cat?post=48006"},{"taxonomy":"product_tag","embeddable":true,"href":"https:\/\/babylove.se\/no\/wp-json\/wp\/v2\/product_tag?post=48006"}],"curies":[{"name":"wp","href":"https:\/\/api.w.org\/{rel}","templated":true}]}}