{"id":4810,"date":"2025-07-18T20:25:19","date_gmt":"2025-07-18T19:25:19","guid":{"rendered":"https:\/\/babylove.se\/produkt\/jabadabado-tipitalt-natur\/"},"modified":"2026-04-08T08:11:49","modified_gmt":"2026-04-08T07:11:49","slug":"jabadabado-tipitalt-natur","status":"publish","type":"product","link":"https:\/\/babylove.se\/no\/produkt\/jabadabado-tipitalt-natur\/","title":{"rendered":"JaBaDaBaDo Tipitelt natur"},"content":{"rendered":"<p>Et vakkert og stilrent lektelt fra svenske Jabadabado i fin naturhvit tekstil. Dette tipitelt vil bli en vakker detalj til barnerominnredningen din og passer like godt som kosekrok som til inspirerende lek. La barnet ditt skape sin egen magiske verden med dette tipitelt. Dette lektelt er praktisk da det er meget enkelt b\u00e5de \u00e5 sl\u00e5 opp og sammen. Monteringen er enkel med teltstenger som raskt skrus sammen og sammenbrettet tar det minimalt med plass. Derfor trenger du ikke \u00e5 sette begrensninger for hvor du vil stille det. Barnerommet og stuen fungerer like godt. Smart og fint p\u00e5 samme tid er det lille vinduet p\u00e5 siden av tipiteltet.<\/p>\n<p>Dette lektelt har blitt produsert nesten utelukkende av resirkulert materiale, noe som gj\u00f8r at fargen p\u00e5 tekstilene kan avvike noe fra bildene.<\/p>\n<p>Vask: Maskin opp til 40 grader, ikke t\u00f8rketromle<\/p>\n<p><strong>Materiale<\/strong>: Polyester, bomull, viskose<\/p>\n<p><strong>M\u00e5l<\/strong>: H\u00f8yde 155 cm&nbsp;<\/p>\n<p>Obs! Kun for innend\u00f8rs bruk.<\/p>\n<p>Designer: <a href=\"https:\/\/babylove.se\/varumarken\/jabadabado\"><u>JaBaDaBaDo<\/u><\/a><\/p>\n","protected":false},"excerpt":{"rendered":"<p>Et vakkert og stilrent lektelt fra svenske Jabadabado i fin naturhvit tekstil. Dette tipitelt vil bli en vakker detalj til barnerominnredningen din og passer like godt som kosekrok som til inspirerende lek. La barnet ditt skape sin egen magiske verden med dette tipitelt. Dette lektelt er praktisk da det er meget enkelt b\u00e5de \u00e5 sl\u00e5 [&hellip;]<\/p>\n","protected":false},"featured_media":4812,"comment_status":"closed","ping_status":"open","template":"","meta":{"_acf_changed":false},"product_brand":[273],"product_cat":[274,275,276],"product_tag":[],"class_list":{"0":"post-4810","1":"product","2":"type-product","3":"status-publish","4":"has-post-thumbnail","6":"product_brand-jabadabado","7":"product_cat-jabadabado","8":"product_cat-tipitalt-lektalt","9":"product_cat-tipi-telt-barnerom","11":"first","12":"outofstock","13":"taxable","14":"shipping-taxable","15":"purchasable","16":"product-type-simple"},"acf":[],"yoast_head":"<!-- This site is optimized with the Yoast SEO Premium plugin v25.8 (Yoast SEO v27.2) - https:\/\/yoast.com\/product\/yoast-seo-premium-wordpress\/ -->\n<title>JaBaDaBaDo Tipitelt natur - Babylove Norska<\/title>\n<meta name=\"description\" content=\"Ett vackert och stilrent lekt\u00e4lt fr\u00e5n svenska Jabadabado i fin naturvit textil. Skickas inom 24 timmar ! K\u00f6p den h\u00e4r !\" \/>\n<meta name=\"robots\" content=\"noindex, follow, max-snippet:-1, max-image-preview:large, max-video-preview:-1\" \/>\n<meta property=\"og:locale\" content=\"nb_NO\" \/>\n<meta property=\"og:type\" content=\"article\" \/>\n<meta property=\"og:title\" content=\"JaBaDaBaDo Tipitelt natur\" \/>\n<meta property=\"og:description\" content=\"Ett vackert och stilrent lekt\u00e4lt fr\u00e5n svenska Jabadabado i fin naturvit textil. Skickas inom 24 timmar ! K\u00f6p den h\u00e4r !\" \/>\n<meta property=\"og:url\" content=\"https:\/\/babylove.se\/no\/produkt\/jabadabado-tipitalt-natur\/\" \/>\n<meta property=\"og:site_name\" content=\"Babylove Norska\" \/>\n<meta property=\"article:modified_time\" content=\"2026-04-08T07:11:49+00:00\" \/>\n<meta property=\"og:image\" content=\"https:\/\/babylove.se\/no\/wp-content\/uploads\/sites\/3\/2025\/07\/59f085e3aa61b.jpeg\" \/>\n\t<meta property=\"og:image:width\" content=\"499\" \/>\n\t<meta property=\"og:image:height\" content=\"750\" \/>\n\t<meta property=\"og:image:type\" content=\"image\/jpeg\" \/>\n<meta name=\"twitter:card\" content=\"summary_large_image\" \/>\n<meta name=\"twitter:label1\" content=\"Price\" \/>\n\t<meta name=\"twitter:data1\" content=\"799,00&nbsp;&#107;&#114;\" \/>\n\t<meta name=\"twitter:label2\" content=\"Availability\" \/>\n\t<meta name=\"twitter:data2\" content=\"Out of stock\" \/>\n<script type=\"application\/ld+json\" class=\"yoast-schema-graph\">{\"@context\":\"https:\/\/schema.org\",\"@graph\":[{\"@type\":\"WebPage\",\"@id\":\"https:\/\/babylove.se\/no\/produkt\/jabadabado-tipitalt-natur\/\",\"url\":\"https:\/\/babylove.se\/no\/produkt\/jabadabado-tipitalt-natur\/\",\"name\":\"JaBaDaBaDo Tipitelt natur - Babylove Norska\",\"isPartOf\":{\"@id\":\"https:\/\/babylove.se\/no\/#website\"},\"primaryImageOfPage\":{\"@id\":\"https:\/\/babylove.se\/no\/produkt\/jabadabado-tipitalt-natur\/#primaryimage\"},\"image\":{\"@id\":\"https:\/\/babylove.se\/no\/produkt\/jabadabado-tipitalt-natur\/#primaryimage\"},\"thumbnailUrl\":\"https:\/\/babylove.se\/no\/wp-content\/uploads\/sites\/3\/2025\/07\/59f085e3aa61b.jpeg\",\"datePublished\":\"2025-07-18T19:25:19+00:00\",\"dateModified\":\"2026-04-08T07:11:49+00:00\",\"description\":\"Ett vackert och stilrent lekt\u00e4lt fr\u00e5n svenska Jabadabado i fin naturvit textil. Skickas inom 24 timmar ! K\u00f6p den h\u00e4r !\",\"breadcrumb\":{\"@id\":\"https:\/\/babylove.se\/no\/produkt\/jabadabado-tipitalt-natur\/#breadcrumb\"},\"inLanguage\":\"nb-NO\",\"potentialAction\":[{\"@type\":\"ReadAction\",\"target\":[\"https:\/\/babylove.se\/no\/produkt\/jabadabado-tipitalt-natur\/\"]}]},{\"@type\":\"ImageObject\",\"inLanguage\":\"nb-NO\",\"@id\":\"https:\/\/babylove.se\/no\/produkt\/jabadabado-tipitalt-natur\/#primaryimage\",\"url\":\"https:\/\/babylove.se\/no\/wp-content\/uploads\/sites\/3\/2025\/07\/59f085e3aa61b.jpeg\",\"contentUrl\":\"https:\/\/babylove.se\/no\/wp-content\/uploads\/sites\/3\/2025\/07\/59f085e3aa61b.jpeg\",\"width\":499,\"height\":750},{\"@type\":\"BreadcrumbList\",\"@id\":\"https:\/\/babylove.se\/no\/produkt\/jabadabado-tipitalt-natur\/#breadcrumb\",\"itemListElement\":[{\"@type\":\"ListItem\",\"position\":1,\"name\":\"Hem\",\"item\":\"https:\/\/babylove.se\/no\/\"},{\"@type\":\"ListItem\",\"position\":2,\"name\":\"Butik\",\"item\":\"https:\/\/babylove.se\/no\/butik\/\"},{\"@type\":\"ListItem\",\"position\":3,\"name\":\"JaBaDaBaDo Tipitelt natur\"}]},{\"@type\":\"WebSite\",\"@id\":\"https:\/\/babylove.se\/no\/#website\",\"url\":\"https:\/\/babylove.se\/no\/\",\"name\":\"Babylove Norska\",\"description\":\"\",\"potentialAction\":[{\"@type\":\"SearchAction\",\"target\":{\"@type\":\"EntryPoint\",\"urlTemplate\":\"https:\/\/babylove.se\/no\/?s={search_term_string}\"},\"query-input\":{\"@type\":\"PropertyValueSpecification\",\"valueRequired\":true,\"valueName\":\"search_term_string\"}}],\"inLanguage\":\"nb-NO\"}]}<\/script>\n<meta property=\"product:brand\" content=\"JaBaDaBaDo\" \/>\n<meta property=\"product:price:amount\" content=\"799.00\" \/>\n<meta property=\"product:price:currency\" content=\"SEK\" \/>\n<meta property=\"og:availability\" content=\"out of stock\" \/>\n<meta property=\"product:availability\" content=\"out of stock\" \/>\n<meta property=\"product:retailer_item_id\" content=\"1493\" \/>\n<meta property=\"product:condition\" content=\"new\" \/>\n<!-- \/ Yoast SEO Premium plugin. -->","yoast_head_json":{"title":"JaBaDaBaDo Tipitelt natur - Babylove Norska","description":"Ett vackert och stilrent lekt\u00e4lt fr\u00e5n svenska Jabadabado i fin naturvit textil. Skickas inom 24 timmar ! K\u00f6p den h\u00e4r !","robots":{"index":"noindex","follow":"follow","max-snippet":"max-snippet:-1","max-image-preview":"max-image-preview:large","max-video-preview":"max-video-preview:-1"},"og_locale":"nb_NO","og_type":"article","og_title":"JaBaDaBaDo Tipitelt natur","og_description":"Ett vackert och stilrent lekt\u00e4lt fr\u00e5n svenska Jabadabado i fin naturvit textil. Skickas inom 24 timmar ! K\u00f6p den h\u00e4r !","og_url":"https:\/\/babylove.se\/no\/produkt\/jabadabado-tipitalt-natur\/","og_site_name":"Babylove Norska","article_modified_time":"2026-04-08T07:11:49+00:00","og_image":[{"width":499,"height":750,"url":"https:\/\/babylove.se\/no\/wp-content\/uploads\/sites\/3\/2025\/07\/59f085e3aa61b.jpeg","type":"image\/jpeg"}],"twitter_card":"summary_large_image","twitter_misc":{"Price":"799,00&nbsp;&#107;&#114;","Availability":"Out of stock"},"schema":{"@context":"https:\/\/schema.org","@graph":[{"@type":"WebPage","@id":"https:\/\/babylove.se\/no\/produkt\/jabadabado-tipitalt-natur\/","url":"https:\/\/babylove.se\/no\/produkt\/jabadabado-tipitalt-natur\/","name":"JaBaDaBaDo Tipitelt natur - Babylove Norska","isPartOf":{"@id":"https:\/\/babylove.se\/no\/#website"},"primaryImageOfPage":{"@id":"https:\/\/babylove.se\/no\/produkt\/jabadabado-tipitalt-natur\/#primaryimage"},"image":{"@id":"https:\/\/babylove.se\/no\/produkt\/jabadabado-tipitalt-natur\/#primaryimage"},"thumbnailUrl":"https:\/\/babylove.se\/no\/wp-content\/uploads\/sites\/3\/2025\/07\/59f085e3aa61b.jpeg","datePublished":"2025-07-18T19:25:19+00:00","dateModified":"2026-04-08T07:11:49+00:00","description":"Ett vackert och stilrent lekt\u00e4lt fr\u00e5n svenska Jabadabado i fin naturvit textil. Skickas inom 24 timmar ! K\u00f6p den h\u00e4r !","breadcrumb":{"@id":"https:\/\/babylove.se\/no\/produkt\/jabadabado-tipitalt-natur\/#breadcrumb"},"inLanguage":"nb-NO","potentialAction":[{"@type":"ReadAction","target":["https:\/\/babylove.se\/no\/produkt\/jabadabado-tipitalt-natur\/"]}]},{"@type":"ImageObject","inLanguage":"nb-NO","@id":"https:\/\/babylove.se\/no\/produkt\/jabadabado-tipitalt-natur\/#primaryimage","url":"https:\/\/babylove.se\/no\/wp-content\/uploads\/sites\/3\/2025\/07\/59f085e3aa61b.jpeg","contentUrl":"https:\/\/babylove.se\/no\/wp-content\/uploads\/sites\/3\/2025\/07\/59f085e3aa61b.jpeg","width":499,"height":750},{"@type":"BreadcrumbList","@id":"https:\/\/babylove.se\/no\/produkt\/jabadabado-tipitalt-natur\/#breadcrumb","itemListElement":[{"@type":"ListItem","position":1,"name":"Hem","item":"https:\/\/babylove.se\/no\/"},{"@type":"ListItem","position":2,"name":"Butik","item":"https:\/\/babylove.se\/no\/butik\/"},{"@type":"ListItem","position":3,"name":"JaBaDaBaDo Tipitelt natur"}]},{"@type":"WebSite","@id":"https:\/\/babylove.se\/no\/#website","url":"https:\/\/babylove.se\/no\/","name":"Babylove Norska","description":"","potentialAction":[{"@type":"SearchAction","target":{"@type":"EntryPoint","urlTemplate":"https:\/\/babylove.se\/no\/?s={search_term_string}"},"query-input":{"@type":"PropertyValueSpecification","valueRequired":true,"valueName":"search_term_string"}}],"inLanguage":"nb-NO"}]},"product_brand":"JaBaDaBaDo","product_price_amount":"799.00","product_price_currency":"SEK","og_availability":"out of stock","product_availability":"out of stock","product_retailer_item_id":"1493","product_condition":"new"},"_links":{"self":[{"href":"https:\/\/babylove.se\/no\/wp-json\/wp\/v2\/product\/4810","targetHints":{"allow":["GET"]}}],"collection":[{"href":"https:\/\/babylove.se\/no\/wp-json\/wp\/v2\/product"}],"about":[{"href":"https:\/\/babylove.se\/no\/wp-json\/wp\/v2\/types\/product"}],"replies":[{"embeddable":true,"href":"https:\/\/babylove.se\/no\/wp-json\/wp\/v2\/comments?post=4810"}],"wp:featuredmedia":[{"embeddable":true,"href":"https:\/\/babylove.se\/no\/wp-json\/wp\/v2\/media\/4812"}],"wp:attachment":[{"href":"https:\/\/babylove.se\/no\/wp-json\/wp\/v2\/media?parent=4810"}],"wp:term":[{"taxonomy":"product_brand","embeddable":true,"href":"https:\/\/babylove.se\/no\/wp-json\/wp\/v2\/product_brand?post=4810"},{"taxonomy":"product_cat","embeddable":true,"href":"https:\/\/babylove.se\/no\/wp-json\/wp\/v2\/product_cat?post=4810"},{"taxonomy":"product_tag","embeddable":true,"href":"https:\/\/babylove.se\/no\/wp-json\/wp\/v2\/product_tag?post=4810"}],"curies":[{"name":"wp","href":"https:\/\/api.w.org\/{rel}","templated":true}]}}