{"id":48134,"date":"2025-07-19T10:51:28","date_gmt":"2025-07-19T09:51:28","guid":{"rendered":"https:\/\/babylove.se\/produkt\/lodie-details-tygservetter-2-pack-tender-blue\/"},"modified":"2026-04-08T13:06:15","modified_gmt":"2026-04-08T12:06:15","slug":"lodie-detaljer-stoffservietter-2-pakk-tender-blue","status":"publish","type":"product","link":"https:\/\/babylove.se\/no\/produkt\/lodie-detaljer-stoffservietter-2-pakk-tender-blue\/","title":{"rendered":"Elodie Details, stoffservietter 2-pakk, Tender Blue"},"content":{"rendered":"<p>Superfine stoffservietter laget av 100% bomull som du kan vaske og bruke lenge. Servettene har s\u00f8te kaninh\u00f8rer som barnet ditt vil ha mye glede av, og likes\u00e5 du. Servettene har en deilig linlook. Dette er et perfekt og b\u00e6rekraftig alternativ til papirservietter. Match med fine Elodie Details bestikk.&nbsp;<\/p>\n<p>M\u00e5l: 45&#215;45 cm<\/p>\n<p>Materiale: 100 % bomull<\/p>\n<p>Designer: <a href=\"https:\/\/babylove.se\/varumarken\/elodie-details\">Elodie Details<\/a><\/p>\n","protected":false},"excerpt":{"rendered":"<p>Superfine stoffservietter laget av 100% bomull som du kan vaske og bruke lenge. Servettene har s\u00f8te kaninh\u00f8rer som barnet ditt vil ha mye glede av, og likes\u00e5 du. Servettene har en deilig linlook. Dette er et perfekt og b\u00e6rekraftig alternativ til papirservietter. Match med fine Elodie Details bestikk.&nbsp; M\u00e5l: 45&#215;45 cm Materiale: 100 % bomull [&hellip;]<\/p>\n","protected":false},"featured_media":48136,"comment_status":"closed","ping_status":"open","template":"","meta":{"_acf_changed":false},"product_brand":[174],"product_cat":[92,42,654,110,175,150,1778,49],"product_tag":[1709],"class_list":{"0":"post-48134","1":"product","2":"type-product","3":"status-publish","4":"has-post-thumbnail","6":"product_brand-elodie-details","7":"product_cat-barnbestikk-matsett","8":"product_cat-babyteppe","9":"product_cat-black-week","10":"product_cat-cyber-monday","11":"product_cat-elodie-details","12":"product_cat-mellomjulsalg","13":"product_cat-ovrig-innredning","14":"product_cat-snutetepper","15":"product_tag-utforsalg","17":"first","18":"instock","19":"taxable","20":"shipping-taxable","21":"purchasable","22":"product-type-simple"},"acf":[],"yoast_head":"<!-- This site is optimized with the Yoast SEO Premium plugin v25.8 (Yoast SEO v27.2) - https:\/\/yoast.com\/product\/yoast-seo-premium-wordpress\/ -->\n<title>Elodie Details, stoffservietter 2-pakk, Tender Blue - Babylove Norska<\/title>\n<meta name=\"robots\" content=\"noindex, follow, max-snippet:-1, max-image-preview:large, max-video-preview:-1\" \/>\n<meta property=\"og:locale\" content=\"nb_NO\" \/>\n<meta property=\"og:type\" content=\"article\" \/>\n<meta property=\"og:title\" content=\"Elodie Details, stoffservietter 2-pakk, Tender Blue\" \/>\n<meta property=\"og:description\" content=\"Superfine stoffservietter laget av 100% bomull som du kan vaske og bruke lenge. Servettene har s\u00f8te kaninh\u00f8rer som barnet ditt vil ha mye glede av, og likes\u00e5 du. Servettene har en deilig linlook. Dette er et perfekt og b\u00e6rekraftig alternativ til papirservietter. Match med fine Elodie Details bestikk.&nbsp; M\u00e5l: 45&#215;45 cm Materiale: 100 % bomull [&hellip;]\" \/>\n<meta property=\"og:url\" content=\"https:\/\/babylove.se\/no\/produkt\/lodie-detaljer-stoffservietter-2-pakk-tender-blue\/\" \/>\n<meta property=\"og:site_name\" content=\"Babylove Norska\" \/>\n<meta property=\"article:modified_time\" content=\"2026-04-08T12:06:15+00:00\" \/>\n<meta property=\"og:image\" content=\"https:\/\/babylove.se\/no\/wp-content\/uploads\/sites\/3\/2025\/07\/637f7658bf394.jpeg\" \/>\n\t<meta property=\"og:image:width\" content=\"1362\" \/>\n\t<meta property=\"og:image:height\" content=\"1362\" \/>\n\t<meta property=\"og:image:type\" content=\"image\/jpeg\" \/>\n<meta name=\"twitter:card\" content=\"summary_large_image\" \/>\n<meta name=\"twitter:label1\" content=\"Price\" \/>\n\t<meta name=\"twitter:data1\" content=\"199,00&nbsp;&#107;&#114;\" \/>\n\t<meta name=\"twitter:label2\" content=\"Availability\" \/>\n\t<meta name=\"twitter:data2\" content=\"In stock\" \/>\n<script type=\"application\/ld+json\" class=\"yoast-schema-graph\">{\"@context\":\"https:\/\/schema.org\",\"@graph\":[{\"@type\":\"WebPage\",\"@id\":\"https:\/\/babylove.se\/no\/produkt\/lodie-detaljer-stoffservietter-2-pakk-tender-blue\/\",\"url\":\"https:\/\/babylove.se\/no\/produkt\/lodie-detaljer-stoffservietter-2-pakk-tender-blue\/\",\"name\":\"Elodie Details, stoffservietter 2-pakk, Tender Blue - Babylove Norska\",\"isPartOf\":{\"@id\":\"https:\/\/babylove.se\/no\/#website\"},\"primaryImageOfPage\":{\"@id\":\"https:\/\/babylove.se\/no\/produkt\/lodie-detaljer-stoffservietter-2-pakk-tender-blue\/#primaryimage\"},\"image\":{\"@id\":\"https:\/\/babylove.se\/no\/produkt\/lodie-detaljer-stoffservietter-2-pakk-tender-blue\/#primaryimage\"},\"thumbnailUrl\":\"https:\/\/babylove.se\/no\/wp-content\/uploads\/sites\/3\/2025\/07\/637f7658bf394.jpeg\",\"datePublished\":\"2025-07-19T09:51:28+00:00\",\"dateModified\":\"2026-04-08T12:06:15+00:00\",\"breadcrumb\":{\"@id\":\"https:\/\/babylove.se\/no\/produkt\/lodie-detaljer-stoffservietter-2-pakk-tender-blue\/#breadcrumb\"},\"inLanguage\":\"nb-NO\",\"potentialAction\":[{\"@type\":\"ReadAction\",\"target\":[\"https:\/\/babylove.se\/no\/produkt\/lodie-detaljer-stoffservietter-2-pakk-tender-blue\/\"]}]},{\"@type\":\"ImageObject\",\"inLanguage\":\"nb-NO\",\"@id\":\"https:\/\/babylove.se\/no\/produkt\/lodie-detaljer-stoffservietter-2-pakk-tender-blue\/#primaryimage\",\"url\":\"https:\/\/babylove.se\/no\/wp-content\/uploads\/sites\/3\/2025\/07\/637f7658bf394.jpeg\",\"contentUrl\":\"https:\/\/babylove.se\/no\/wp-content\/uploads\/sites\/3\/2025\/07\/637f7658bf394.jpeg\",\"width\":1362,\"height\":1362},{\"@type\":\"BreadcrumbList\",\"@id\":\"https:\/\/babylove.se\/no\/produkt\/lodie-detaljer-stoffservietter-2-pakk-tender-blue\/#breadcrumb\",\"itemListElement\":[{\"@type\":\"ListItem\",\"position\":1,\"name\":\"Hem\",\"item\":\"https:\/\/babylove.se\/no\/\"},{\"@type\":\"ListItem\",\"position\":2,\"name\":\"Butik\",\"item\":\"https:\/\/babylove.se\/no\/butik\/\"},{\"@type\":\"ListItem\",\"position\":3,\"name\":\"Elodie Details, stoffservietter 2-pakk, Tender Blue\"}]},{\"@type\":\"WebSite\",\"@id\":\"https:\/\/babylove.se\/no\/#website\",\"url\":\"https:\/\/babylove.se\/no\/\",\"name\":\"Babylove Norska\",\"description\":\"\",\"potentialAction\":[{\"@type\":\"SearchAction\",\"target\":{\"@type\":\"EntryPoint\",\"urlTemplate\":\"https:\/\/babylove.se\/no\/?s={search_term_string}\"},\"query-input\":{\"@type\":\"PropertyValueSpecification\",\"valueRequired\":true,\"valueName\":\"search_term_string\"}}],\"inLanguage\":\"nb-NO\"}]}<\/script>\n<meta property=\"product:brand\" content=\"Elodie Details\" \/>\n<meta property=\"product:price:amount\" content=\"199.00\" \/>\n<meta property=\"product:price:currency\" content=\"SEK\" \/>\n<meta property=\"og:availability\" content=\"instock\" \/>\n<meta property=\"product:availability\" content=\"instock\" \/>\n<meta property=\"product:retailer_item_id\" content=\"60285102190NA\" \/>\n<meta property=\"product:condition\" content=\"new\" \/>\n<!-- \/ Yoast SEO Premium plugin. -->","yoast_head_json":{"title":"Elodie Details, stoffservietter 2-pakk, Tender Blue - Babylove Norska","robots":{"index":"noindex","follow":"follow","max-snippet":"max-snippet:-1","max-image-preview":"max-image-preview:large","max-video-preview":"max-video-preview:-1"},"og_locale":"nb_NO","og_type":"article","og_title":"Elodie Details, stoffservietter 2-pakk, Tender Blue","og_description":"Superfine stoffservietter laget av 100% bomull som du kan vaske og bruke lenge. Servettene har s\u00f8te kaninh\u00f8rer som barnet ditt vil ha mye glede av, og likes\u00e5 du. Servettene har en deilig linlook. Dette er et perfekt og b\u00e6rekraftig alternativ til papirservietter. Match med fine Elodie Details bestikk.&nbsp; M\u00e5l: 45&#215;45 cm Materiale: 100 % bomull [&hellip;]","og_url":"https:\/\/babylove.se\/no\/produkt\/lodie-detaljer-stoffservietter-2-pakk-tender-blue\/","og_site_name":"Babylove Norska","article_modified_time":"2026-04-08T12:06:15+00:00","og_image":[{"width":1362,"height":1362,"url":"https:\/\/babylove.se\/no\/wp-content\/uploads\/sites\/3\/2025\/07\/637f7658bf394.jpeg","type":"image\/jpeg"}],"twitter_card":"summary_large_image","twitter_misc":{"Price":"199,00&nbsp;&#107;&#114;","Availability":"In stock"},"schema":{"@context":"https:\/\/schema.org","@graph":[{"@type":"WebPage","@id":"https:\/\/babylove.se\/no\/produkt\/lodie-detaljer-stoffservietter-2-pakk-tender-blue\/","url":"https:\/\/babylove.se\/no\/produkt\/lodie-detaljer-stoffservietter-2-pakk-tender-blue\/","name":"Elodie Details, stoffservietter 2-pakk, Tender Blue - Babylove Norska","isPartOf":{"@id":"https:\/\/babylove.se\/no\/#website"},"primaryImageOfPage":{"@id":"https:\/\/babylove.se\/no\/produkt\/lodie-detaljer-stoffservietter-2-pakk-tender-blue\/#primaryimage"},"image":{"@id":"https:\/\/babylove.se\/no\/produkt\/lodie-detaljer-stoffservietter-2-pakk-tender-blue\/#primaryimage"},"thumbnailUrl":"https:\/\/babylove.se\/no\/wp-content\/uploads\/sites\/3\/2025\/07\/637f7658bf394.jpeg","datePublished":"2025-07-19T09:51:28+00:00","dateModified":"2026-04-08T12:06:15+00:00","breadcrumb":{"@id":"https:\/\/babylove.se\/no\/produkt\/lodie-detaljer-stoffservietter-2-pakk-tender-blue\/#breadcrumb"},"inLanguage":"nb-NO","potentialAction":[{"@type":"ReadAction","target":["https:\/\/babylove.se\/no\/produkt\/lodie-detaljer-stoffservietter-2-pakk-tender-blue\/"]}]},{"@type":"ImageObject","inLanguage":"nb-NO","@id":"https:\/\/babylove.se\/no\/produkt\/lodie-detaljer-stoffservietter-2-pakk-tender-blue\/#primaryimage","url":"https:\/\/babylove.se\/no\/wp-content\/uploads\/sites\/3\/2025\/07\/637f7658bf394.jpeg","contentUrl":"https:\/\/babylove.se\/no\/wp-content\/uploads\/sites\/3\/2025\/07\/637f7658bf394.jpeg","width":1362,"height":1362},{"@type":"BreadcrumbList","@id":"https:\/\/babylove.se\/no\/produkt\/lodie-detaljer-stoffservietter-2-pakk-tender-blue\/#breadcrumb","itemListElement":[{"@type":"ListItem","position":1,"name":"Hem","item":"https:\/\/babylove.se\/no\/"},{"@type":"ListItem","position":2,"name":"Butik","item":"https:\/\/babylove.se\/no\/butik\/"},{"@type":"ListItem","position":3,"name":"Elodie Details, stoffservietter 2-pakk, Tender Blue"}]},{"@type":"WebSite","@id":"https:\/\/babylove.se\/no\/#website","url":"https:\/\/babylove.se\/no\/","name":"Babylove Norska","description":"","potentialAction":[{"@type":"SearchAction","target":{"@type":"EntryPoint","urlTemplate":"https:\/\/babylove.se\/no\/?s={search_term_string}"},"query-input":{"@type":"PropertyValueSpecification","valueRequired":true,"valueName":"search_term_string"}}],"inLanguage":"nb-NO"}]},"product_brand":"Elodie Details","product_price_amount":"199.00","product_price_currency":"SEK","og_availability":"instock","product_availability":"instock","product_retailer_item_id":"60285102190NA","product_condition":"new"},"_links":{"self":[{"href":"https:\/\/babylove.se\/no\/wp-json\/wp\/v2\/product\/48134","targetHints":{"allow":["GET"]}}],"collection":[{"href":"https:\/\/babylove.se\/no\/wp-json\/wp\/v2\/product"}],"about":[{"href":"https:\/\/babylove.se\/no\/wp-json\/wp\/v2\/types\/product"}],"replies":[{"embeddable":true,"href":"https:\/\/babylove.se\/no\/wp-json\/wp\/v2\/comments?post=48134"}],"wp:featuredmedia":[{"embeddable":true,"href":"https:\/\/babylove.se\/no\/wp-json\/wp\/v2\/media\/48136"}],"wp:attachment":[{"href":"https:\/\/babylove.se\/no\/wp-json\/wp\/v2\/media?parent=48134"}],"wp:term":[{"taxonomy":"product_brand","embeddable":true,"href":"https:\/\/babylove.se\/no\/wp-json\/wp\/v2\/product_brand?post=48134"},{"taxonomy":"product_cat","embeddable":true,"href":"https:\/\/babylove.se\/no\/wp-json\/wp\/v2\/product_cat?post=48134"},{"taxonomy":"product_tag","embeddable":true,"href":"https:\/\/babylove.se\/no\/wp-json\/wp\/v2\/product_tag?post=48134"}],"curies":[{"name":"wp","href":"https:\/\/api.w.org\/{rel}","templated":true}]}}