{"id":48241,"date":"2025-07-19T10:52:51","date_gmt":"2025-07-19T09:52:51","guid":{"rendered":"https:\/\/babylove.se\/produkt\/meow-klatterhus-till-barnrummet-gra\/"},"modified":"2026-04-08T13:06:58","modified_gmt":"2026-04-08T12:06:58","slug":"meow-klatrereol-til-barnerommet-gra","status":"publish","type":"product","link":"https:\/\/babylove.se\/no\/produkt\/meow-klatrereol-til-barnerommet-gra\/","title":{"rendered":"Meow, klatrehus til barnerommet, gr\u00e5"},"content":{"rendered":"<p>Et multifunksjonelt klatrehus fra popul\u00e6re Meow!<\/p>\n<p>Denne klatrestativet vil bli en vakker detalj til barneromsinnredningen din og passer like godt som kosekrok som til inspirerende lek.<\/p>\n<p><span style=\"background-color: initial; text-align: initial;\">Hvis du bare tenker \u00e5 kj\u00f8pe \u00e9n aktivitetsleke er det denne du skal kj\u00f8pe! Klatrehuset fremmer utvikling av motorikk, koordinasjon, balanse og styrke gjennom aktiv lek.&nbsp;<\/span>Det optimale lekekroken som dessuten vil passe perfekt i din \u00f8vrige barneromsinnredning.<\/p>\n<p>Bare fantasien som setter stopp for hvordan du kan bruke denne klatrestigen. For \u00e5 forvandle den til et lekeslott eller en koie legg noen koselige puter og tepper.<span>&nbsp;<\/span>Legg den p\u00e5 siden mot en vegg og du f\u00e5r en lekeoppbevaring!<\/p>\n<p>Materialene som brukes er selvf\u00f8lgelig barnevennlige og holdbare. Skal kun brukes innend\u00f8rs.&nbsp;<\/p>\n<p>Laget etter Montessoripedagogikk som motiverer barnet til p\u00e5 egen h\u00e5nd \u00e5 utforske og l\u00e6re seg nye ting.&nbsp;<\/p>\n<p><strong>Info<\/strong>:<\/p>\n<ul>\n<li>Maks vektbelastning: 40 kg<\/li>\n<li>Alder: 3 \u00e5r og oppover<\/li>\n<li>CE-sertifisert<\/li>\n<\/ul>\n<p><strong>M\u00e5l<\/strong>: 112 x 61 x 94 cm<\/p>\n<p>Designer: <a href=\"https:\/\/babylove.se\/varumarken\/meow\">Meow<\/a><\/p>\n","protected":false},"excerpt":{"rendered":"<p>Et multifunksjonelt klatrehus fra popul\u00e6re Meow! Denne klatrestativet vil bli en vakker detalj til barneromsinnredningen din og passer like godt som kosekrok som til inspirerende lek. Hvis du bare tenker \u00e5 kj\u00f8pe \u00e9n aktivitetsleke er det denne du skal kj\u00f8pe! Klatrehuset fremmer utvikling av motorikk, koordinasjon, balanse og styrke gjennom aktiv lek.&nbsp;Det optimale lekekroken som [&hellip;]<\/p>\n","protected":false},"featured_media":48243,"comment_status":"closed","ping_status":"open","template":"","meta":{"_acf_changed":false},"product_brand":[774],"product_cat":[775,204,276,112],"product_tag":[1689],"class_list":{"0":"post-48241","1":"product","2":"type-product","3":"status-publish","4":"has-post-thumbnail","6":"product_brand-meow","7":"product_cat-meow","8":"product_cat-motoriske-barnmobler","9":"product_cat-tipi-telt-barnerom","10":"product_cat-treleker","11":"product_tag-bestillingsvaror","13":"first","14":"outofstock","15":"taxable","16":"shipping-taxable","17":"purchasable","18":"product-type-simple"},"acf":[],"yoast_head":"<!-- This site is optimized with the Yoast SEO Premium plugin v25.8 (Yoast SEO v27.2) - https:\/\/yoast.com\/product\/yoast-seo-premium-wordpress\/ -->\n<title>Meow, klatrehus til barnerommet, gr\u00e5 - Babylove Norska<\/title>\n<meta name=\"robots\" content=\"noindex, follow, max-snippet:-1, max-image-preview:large, max-video-preview:-1\" \/>\n<meta property=\"og:locale\" content=\"nb_NO\" \/>\n<meta property=\"og:type\" content=\"article\" \/>\n<meta property=\"og:title\" content=\"Meow, klatrehus til barnerommet, gr\u00e5\" \/>\n<meta property=\"og:description\" content=\"Et multifunksjonelt klatrehus fra popul\u00e6re Meow! Denne klatrestativet vil bli en vakker detalj til barneromsinnredningen din og passer like godt som kosekrok som til inspirerende lek. Hvis du bare tenker \u00e5 kj\u00f8pe \u00e9n aktivitetsleke er det denne du skal kj\u00f8pe! Klatrehuset fremmer utvikling av motorikk, koordinasjon, balanse og styrke gjennom aktiv lek.&nbsp;Det optimale lekekroken som [&hellip;]\" \/>\n<meta property=\"og:url\" content=\"https:\/\/babylove.se\/no\/produkt\/meow-klatrereol-til-barnerommet-gra\/\" \/>\n<meta property=\"og:site_name\" content=\"Babylove Norska\" \/>\n<meta property=\"article:modified_time\" content=\"2026-04-08T12:06:58+00:00\" \/>\n<meta property=\"og:image\" content=\"https:\/\/babylove.se\/no\/wp-content\/uploads\/sites\/3\/2025\/07\/63871aa146a77.jpeg\" \/>\n\t<meta property=\"og:image:width\" content=\"1600\" \/>\n\t<meta property=\"og:image:height\" content=\"1600\" \/>\n\t<meta property=\"og:image:type\" content=\"image\/jpeg\" \/>\n<meta name=\"twitter:card\" content=\"summary_large_image\" \/>\n<meta name=\"twitter:label1\" content=\"Price\" \/>\n\t<meta name=\"twitter:data1\" content=\"2 999,00&nbsp;&#107;&#114;\" \/>\n\t<meta name=\"twitter:label2\" content=\"Availability\" \/>\n\t<meta name=\"twitter:data2\" content=\"Out of stock\" \/>\n<script type=\"application\/ld+json\" class=\"yoast-schema-graph\">{\"@context\":\"https:\/\/schema.org\",\"@graph\":[{\"@type\":\"WebPage\",\"@id\":\"https:\/\/babylove.se\/no\/produkt\/meow-klatrereol-til-barnerommet-gra\/\",\"url\":\"https:\/\/babylove.se\/no\/produkt\/meow-klatrereol-til-barnerommet-gra\/\",\"name\":\"Meow, klatrehus til barnerommet, gr\u00e5 - Babylove Norska\",\"isPartOf\":{\"@id\":\"https:\/\/babylove.se\/no\/#website\"},\"primaryImageOfPage\":{\"@id\":\"https:\/\/babylove.se\/no\/produkt\/meow-klatrereol-til-barnerommet-gra\/#primaryimage\"},\"image\":{\"@id\":\"https:\/\/babylove.se\/no\/produkt\/meow-klatrereol-til-barnerommet-gra\/#primaryimage\"},\"thumbnailUrl\":\"https:\/\/babylove.se\/no\/wp-content\/uploads\/sites\/3\/2025\/07\/63871aa146a77.jpeg\",\"datePublished\":\"2025-07-19T09:52:51+00:00\",\"dateModified\":\"2026-04-08T12:06:58+00:00\",\"breadcrumb\":{\"@id\":\"https:\/\/babylove.se\/no\/produkt\/meow-klatrereol-til-barnerommet-gra\/#breadcrumb\"},\"inLanguage\":\"nb-NO\",\"potentialAction\":[{\"@type\":\"ReadAction\",\"target\":[\"https:\/\/babylove.se\/no\/produkt\/meow-klatrereol-til-barnerommet-gra\/\"]}]},{\"@type\":\"ImageObject\",\"inLanguage\":\"nb-NO\",\"@id\":\"https:\/\/babylove.se\/no\/produkt\/meow-klatrereol-til-barnerommet-gra\/#primaryimage\",\"url\":\"https:\/\/babylove.se\/no\/wp-content\/uploads\/sites\/3\/2025\/07\/63871aa146a77.jpeg\",\"contentUrl\":\"https:\/\/babylove.se\/no\/wp-content\/uploads\/sites\/3\/2025\/07\/63871aa146a77.jpeg\",\"width\":1600,\"height\":1600},{\"@type\":\"BreadcrumbList\",\"@id\":\"https:\/\/babylove.se\/no\/produkt\/meow-klatrereol-til-barnerommet-gra\/#breadcrumb\",\"itemListElement\":[{\"@type\":\"ListItem\",\"position\":1,\"name\":\"Hem\",\"item\":\"https:\/\/babylove.se\/no\/\"},{\"@type\":\"ListItem\",\"position\":2,\"name\":\"Butik\",\"item\":\"https:\/\/babylove.se\/no\/butik\/\"},{\"@type\":\"ListItem\",\"position\":3,\"name\":\"Meow, klatrehus til barnerommet, gr\u00e5\"}]},{\"@type\":\"WebSite\",\"@id\":\"https:\/\/babylove.se\/no\/#website\",\"url\":\"https:\/\/babylove.se\/no\/\",\"name\":\"Babylove Norska\",\"description\":\"\",\"potentialAction\":[{\"@type\":\"SearchAction\",\"target\":{\"@type\":\"EntryPoint\",\"urlTemplate\":\"https:\/\/babylove.se\/no\/?s={search_term_string}\"},\"query-input\":{\"@type\":\"PropertyValueSpecification\",\"valueRequired\":true,\"valueName\":\"search_term_string\"}}],\"inLanguage\":\"nb-NO\"}]}<\/script>\n<meta property=\"product:brand\" content=\"Meow\" \/>\n<meta property=\"product:price:amount\" content=\"2999.00\" \/>\n<meta property=\"product:price:currency\" content=\"SEK\" \/>\n<meta property=\"og:availability\" content=\"out of stock\" \/>\n<meta property=\"product:availability\" content=\"out of stock\" \/>\n<meta property=\"product:retailer_item_id\" content=\"DD002IE\" \/>\n<meta property=\"product:condition\" content=\"new\" \/>\n<!-- \/ Yoast SEO Premium plugin. -->","yoast_head_json":{"title":"Meow, klatrehus til barnerommet, gr\u00e5 - Babylove Norska","robots":{"index":"noindex","follow":"follow","max-snippet":"max-snippet:-1","max-image-preview":"max-image-preview:large","max-video-preview":"max-video-preview:-1"},"og_locale":"nb_NO","og_type":"article","og_title":"Meow, klatrehus til barnerommet, gr\u00e5","og_description":"Et multifunksjonelt klatrehus fra popul\u00e6re Meow! Denne klatrestativet vil bli en vakker detalj til barneromsinnredningen din og passer like godt som kosekrok som til inspirerende lek. Hvis du bare tenker \u00e5 kj\u00f8pe \u00e9n aktivitetsleke er det denne du skal kj\u00f8pe! Klatrehuset fremmer utvikling av motorikk, koordinasjon, balanse og styrke gjennom aktiv lek.&nbsp;Det optimale lekekroken som [&hellip;]","og_url":"https:\/\/babylove.se\/no\/produkt\/meow-klatrereol-til-barnerommet-gra\/","og_site_name":"Babylove Norska","article_modified_time":"2026-04-08T12:06:58+00:00","og_image":[{"width":1600,"height":1600,"url":"https:\/\/babylove.se\/no\/wp-content\/uploads\/sites\/3\/2025\/07\/63871aa146a77.jpeg","type":"image\/jpeg"}],"twitter_card":"summary_large_image","twitter_misc":{"Price":"2 999,00&nbsp;&#107;&#114;","Availability":"Out of stock"},"schema":{"@context":"https:\/\/schema.org","@graph":[{"@type":"WebPage","@id":"https:\/\/babylove.se\/no\/produkt\/meow-klatrereol-til-barnerommet-gra\/","url":"https:\/\/babylove.se\/no\/produkt\/meow-klatrereol-til-barnerommet-gra\/","name":"Meow, klatrehus til barnerommet, gr\u00e5 - Babylove Norska","isPartOf":{"@id":"https:\/\/babylove.se\/no\/#website"},"primaryImageOfPage":{"@id":"https:\/\/babylove.se\/no\/produkt\/meow-klatrereol-til-barnerommet-gra\/#primaryimage"},"image":{"@id":"https:\/\/babylove.se\/no\/produkt\/meow-klatrereol-til-barnerommet-gra\/#primaryimage"},"thumbnailUrl":"https:\/\/babylove.se\/no\/wp-content\/uploads\/sites\/3\/2025\/07\/63871aa146a77.jpeg","datePublished":"2025-07-19T09:52:51+00:00","dateModified":"2026-04-08T12:06:58+00:00","breadcrumb":{"@id":"https:\/\/babylove.se\/no\/produkt\/meow-klatrereol-til-barnerommet-gra\/#breadcrumb"},"inLanguage":"nb-NO","potentialAction":[{"@type":"ReadAction","target":["https:\/\/babylove.se\/no\/produkt\/meow-klatrereol-til-barnerommet-gra\/"]}]},{"@type":"ImageObject","inLanguage":"nb-NO","@id":"https:\/\/babylove.se\/no\/produkt\/meow-klatrereol-til-barnerommet-gra\/#primaryimage","url":"https:\/\/babylove.se\/no\/wp-content\/uploads\/sites\/3\/2025\/07\/63871aa146a77.jpeg","contentUrl":"https:\/\/babylove.se\/no\/wp-content\/uploads\/sites\/3\/2025\/07\/63871aa146a77.jpeg","width":1600,"height":1600},{"@type":"BreadcrumbList","@id":"https:\/\/babylove.se\/no\/produkt\/meow-klatrereol-til-barnerommet-gra\/#breadcrumb","itemListElement":[{"@type":"ListItem","position":1,"name":"Hem","item":"https:\/\/babylove.se\/no\/"},{"@type":"ListItem","position":2,"name":"Butik","item":"https:\/\/babylove.se\/no\/butik\/"},{"@type":"ListItem","position":3,"name":"Meow, klatrehus til barnerommet, gr\u00e5"}]},{"@type":"WebSite","@id":"https:\/\/babylove.se\/no\/#website","url":"https:\/\/babylove.se\/no\/","name":"Babylove Norska","description":"","potentialAction":[{"@type":"SearchAction","target":{"@type":"EntryPoint","urlTemplate":"https:\/\/babylove.se\/no\/?s={search_term_string}"},"query-input":{"@type":"PropertyValueSpecification","valueRequired":true,"valueName":"search_term_string"}}],"inLanguage":"nb-NO"}]},"product_brand":"Meow","product_price_amount":"2999.00","product_price_currency":"SEK","og_availability":"out of stock","product_availability":"out of stock","product_retailer_item_id":"DD002IE","product_condition":"new"},"_links":{"self":[{"href":"https:\/\/babylove.se\/no\/wp-json\/wp\/v2\/product\/48241","targetHints":{"allow":["GET"]}}],"collection":[{"href":"https:\/\/babylove.se\/no\/wp-json\/wp\/v2\/product"}],"about":[{"href":"https:\/\/babylove.se\/no\/wp-json\/wp\/v2\/types\/product"}],"replies":[{"embeddable":true,"href":"https:\/\/babylove.se\/no\/wp-json\/wp\/v2\/comments?post=48241"}],"wp:featuredmedia":[{"embeddable":true,"href":"https:\/\/babylove.se\/no\/wp-json\/wp\/v2\/media\/48243"}],"wp:attachment":[{"href":"https:\/\/babylove.se\/no\/wp-json\/wp\/v2\/media?parent=48241"}],"wp:term":[{"taxonomy":"product_brand","embeddable":true,"href":"https:\/\/babylove.se\/no\/wp-json\/wp\/v2\/product_brand?post=48241"},{"taxonomy":"product_cat","embeddable":true,"href":"https:\/\/babylove.se\/no\/wp-json\/wp\/v2\/product_cat?post=48241"},{"taxonomy":"product_tag","embeddable":true,"href":"https:\/\/babylove.se\/no\/wp-json\/wp\/v2\/product_tag?post=48241"}],"curies":[{"name":"wp","href":"https:\/\/api.w.org\/{rel}","templated":true}]}}