{"id":48292,"date":"2025-07-19T10:53:31","date_gmt":"2025-07-19T09:53:31","guid":{"rendered":"https:\/\/babylove.se\/produkt\/fayne-boucle-premium-saccosack-pink\/"},"modified":"2026-04-08T13:07:15","modified_gmt":"2026-04-08T12:07:15","slug":"fayne-boucle-premium-saccosack-rosa","status":"publish","type":"product","link":"https:\/\/babylove.se\/no\/produkt\/fayne-boucle-premium-saccosack-rosa\/","title":{"rendered":"Fayne, Boucle premium sittesekk, rosa"},"content":{"rendered":"<p>En premium saccosekk for b\u00e5de barn og voksne. Et vakkert produkt som vil bidra til din barneroms-innredning p\u00e5 beste m\u00e5te. Den passer dessuten like godt i barnets rom som i stua.&nbsp;<\/p>\n<p>Se frem til mange koselige stunder for boklesing sammen med barnet ditt, eller et avslappende \u00f8yeblikk for deg med en kopp te, n\u00e5r barnet ditt har sovnet inn. Sittepuffen er laget av deilig og mykt stoff som gir en herlig f\u00f8lelse n\u00e5r du sitter i den. Fyllingen best\u00e5r av 100 % giftfrie EPS-perler.<\/p>\n<p>Du velger selv din favorittfarge som du synes passer best hjemme hos deg.<\/p>\n<p>Stoffet kan tas av, noe som gj\u00f8r at du kan vaske det opp til 30 grader og holde saccosekken ren og frisk.<\/p>\n<p><strong>M\u00e5l<\/strong>: Finnes i to st\u00f8rrelser<\/p>\n<p>60&#215;120 cm (passer perfekt for barn)<\/p>\n<p>80&#215;140 cm (passer perfekt for voksne)<\/p>\n<p><strong>Materiale<\/strong>: 95% polyester, 5% akryl<\/p>\n<p>Designer: <a href=\"https:\/\/babylove.se\/varumarken\/fayne\"><u>Fayne<\/u><\/a><\/p>\n","protected":false},"excerpt":{"rendered":"<p>En premium saccosekk for b\u00e5de barn og voksne. Et vakkert produkt som vil bidra til din barneroms-innredning p\u00e5 beste m\u00e5te. Den passer dessuten like godt i barnets rom som i stua.&nbsp; Se frem til mange koselige stunder for boklesing sammen med barnet ditt, eller et avslappende \u00f8yeblikk for deg med en kopp te, n\u00e5r barnet [&hellip;]<\/p>\n","protected":false},"featured_media":48294,"comment_status":"closed","ping_status":"open","template":"","meta":{"_acf_changed":false},"product_brand":[295],"product_cat":[296,125,44],"product_tag":[1689],"class_list":{"0":"post-48292","1":"product","2":"type-product","3":"status-publish","4":"has-post-thumbnail","6":"product_brand-fayne","7":"product_cat-fayne","8":"product_cat-boho","9":"product_cat-sitteputfer-saccosekker","10":"product_tag-bestillingsvaror","11":"pa_storlek-60x120-cm-barn","12":"pa_storlek-80x140-cm-vuxen","14":"first","15":"outofstock","16":"taxable","17":"shipping-taxable","18":"purchasable","19":"product-type-variable"},"acf":[],"yoast_head":"<!-- This site is optimized with the Yoast SEO Premium plugin v25.8 (Yoast SEO v27.2) - https:\/\/yoast.com\/product\/yoast-seo-premium-wordpress\/ -->\n<title>Fayne, Boucle premium sittesekk, rosa - Babylove Norska<\/title>\n<meta name=\"robots\" content=\"noindex, follow, max-snippet:-1, max-image-preview:large, max-video-preview:-1\" \/>\n<meta property=\"og:locale\" content=\"nb_NO\" \/>\n<meta property=\"og:type\" content=\"article\" \/>\n<meta property=\"og:title\" content=\"Fayne, Boucle premium sittesekk, rosa\" \/>\n<meta property=\"og:description\" content=\"En premium saccosekk for b\u00e5de barn og voksne. Et vakkert produkt som vil bidra til din barneroms-innredning p\u00e5 beste m\u00e5te. Den passer dessuten like godt i barnets rom som i stua.&nbsp; Se frem til mange koselige stunder for boklesing sammen med barnet ditt, eller et avslappende \u00f8yeblikk for deg med en kopp te, n\u00e5r barnet [&hellip;]\" \/>\n<meta property=\"og:url\" content=\"https:\/\/babylove.se\/no\/produkt\/fayne-boucle-premium-saccosack-rosa\/\" \/>\n<meta property=\"og:site_name\" content=\"Babylove Norska\" \/>\n<meta property=\"article:modified_time\" content=\"2026-04-08T12:07:15+00:00\" \/>\n<meta property=\"og:image\" content=\"https:\/\/babylove.se\/no\/wp-content\/uploads\/sites\/3\/2025\/07\/6388659575e63.jpeg\" \/>\n\t<meta property=\"og:image:width\" content=\"1937\" \/>\n\t<meta property=\"og:image:height\" content=\"1937\" \/>\n\t<meta property=\"og:image:type\" content=\"image\/jpeg\" \/>\n<meta name=\"twitter:card\" content=\"summary_large_image\" \/>\n<meta name=\"twitter:label1\" content=\"Availability\" \/>\n\t<meta name=\"twitter:data1\" content=\"Out of stock\" \/>\n<script type=\"application\/ld+json\" class=\"yoast-schema-graph\">{\"@context\":\"https:\/\/schema.org\",\"@graph\":[{\"@type\":\"WebPage\",\"@id\":\"https:\/\/babylove.se\/no\/produkt\/fayne-boucle-premium-saccosack-rosa\/\",\"url\":\"https:\/\/babylove.se\/no\/produkt\/fayne-boucle-premium-saccosack-rosa\/\",\"name\":\"Fayne, Boucle premium sittesekk, rosa - Babylove Norska\",\"isPartOf\":{\"@id\":\"https:\/\/babylove.se\/no\/#website\"},\"primaryImageOfPage\":{\"@id\":\"https:\/\/babylove.se\/no\/produkt\/fayne-boucle-premium-saccosack-rosa\/#primaryimage\"},\"image\":{\"@id\":\"https:\/\/babylove.se\/no\/produkt\/fayne-boucle-premium-saccosack-rosa\/#primaryimage\"},\"thumbnailUrl\":\"https:\/\/babylove.se\/no\/wp-content\/uploads\/sites\/3\/2025\/07\/6388659575e63.jpeg\",\"datePublished\":\"2025-07-19T09:53:31+00:00\",\"dateModified\":\"2026-04-08T12:07:15+00:00\",\"breadcrumb\":{\"@id\":\"https:\/\/babylove.se\/no\/produkt\/fayne-boucle-premium-saccosack-rosa\/#breadcrumb\"},\"inLanguage\":\"nb-NO\",\"potentialAction\":[{\"@type\":\"ReadAction\",\"target\":[\"https:\/\/babylove.se\/no\/produkt\/fayne-boucle-premium-saccosack-rosa\/\"]}]},{\"@type\":\"ImageObject\",\"inLanguage\":\"nb-NO\",\"@id\":\"https:\/\/babylove.se\/no\/produkt\/fayne-boucle-premium-saccosack-rosa\/#primaryimage\",\"url\":\"https:\/\/babylove.se\/no\/wp-content\/uploads\/sites\/3\/2025\/07\/6388659575e63.jpeg\",\"contentUrl\":\"https:\/\/babylove.se\/no\/wp-content\/uploads\/sites\/3\/2025\/07\/6388659575e63.jpeg\",\"width\":1937,\"height\":1937},{\"@type\":\"BreadcrumbList\",\"@id\":\"https:\/\/babylove.se\/no\/produkt\/fayne-boucle-premium-saccosack-rosa\/#breadcrumb\",\"itemListElement\":[{\"@type\":\"ListItem\",\"position\":1,\"name\":\"Hem\",\"item\":\"https:\/\/babylove.se\/no\/\"},{\"@type\":\"ListItem\",\"position\":2,\"name\":\"Butik\",\"item\":\"https:\/\/babylove.se\/no\/butik\/\"},{\"@type\":\"ListItem\",\"position\":3,\"name\":\"Fayne, Boucle premium sittesekk, rosa\"}]},{\"@type\":\"WebSite\",\"@id\":\"https:\/\/babylove.se\/no\/#website\",\"url\":\"https:\/\/babylove.se\/no\/\",\"name\":\"Babylove Norska\",\"description\":\"\",\"potentialAction\":[{\"@type\":\"SearchAction\",\"target\":{\"@type\":\"EntryPoint\",\"urlTemplate\":\"https:\/\/babylove.se\/no\/?s={search_term_string}\"},\"query-input\":{\"@type\":\"PropertyValueSpecification\",\"valueRequired\":true,\"valueName\":\"search_term_string\"}}],\"inLanguage\":\"nb-NO\"}]}<\/script>\n<meta property=\"product:brand\" content=\"Fayne\" \/>\n<meta property=\"og:availability\" content=\"out of stock\" \/>\n<meta property=\"product:availability\" content=\"out of stock\" \/>\n<meta property=\"product:retailer_item_id\" content=\"60x120-cm-fayne-boucle-pink\" \/>\n<meta property=\"product:condition\" content=\"new\" \/>\n<!-- \/ Yoast SEO Premium plugin. -->","yoast_head_json":{"title":"Fayne, Boucle premium sittesekk, rosa - Babylove Norska","robots":{"index":"noindex","follow":"follow","max-snippet":"max-snippet:-1","max-image-preview":"max-image-preview:large","max-video-preview":"max-video-preview:-1"},"og_locale":"nb_NO","og_type":"article","og_title":"Fayne, Boucle premium sittesekk, rosa","og_description":"En premium saccosekk for b\u00e5de barn og voksne. Et vakkert produkt som vil bidra til din barneroms-innredning p\u00e5 beste m\u00e5te. Den passer dessuten like godt i barnets rom som i stua.&nbsp; Se frem til mange koselige stunder for boklesing sammen med barnet ditt, eller et avslappende \u00f8yeblikk for deg med en kopp te, n\u00e5r barnet [&hellip;]","og_url":"https:\/\/babylove.se\/no\/produkt\/fayne-boucle-premium-saccosack-rosa\/","og_site_name":"Babylove Norska","article_modified_time":"2026-04-08T12:07:15+00:00","og_image":[{"width":1937,"height":1937,"url":"https:\/\/babylove.se\/no\/wp-content\/uploads\/sites\/3\/2025\/07\/6388659575e63.jpeg","type":"image\/jpeg"}],"twitter_card":"summary_large_image","twitter_misc":{"Availability":"Out of stock"},"schema":{"@context":"https:\/\/schema.org","@graph":[{"@type":"WebPage","@id":"https:\/\/babylove.se\/no\/produkt\/fayne-boucle-premium-saccosack-rosa\/","url":"https:\/\/babylove.se\/no\/produkt\/fayne-boucle-premium-saccosack-rosa\/","name":"Fayne, Boucle premium sittesekk, rosa - Babylove Norska","isPartOf":{"@id":"https:\/\/babylove.se\/no\/#website"},"primaryImageOfPage":{"@id":"https:\/\/babylove.se\/no\/produkt\/fayne-boucle-premium-saccosack-rosa\/#primaryimage"},"image":{"@id":"https:\/\/babylove.se\/no\/produkt\/fayne-boucle-premium-saccosack-rosa\/#primaryimage"},"thumbnailUrl":"https:\/\/babylove.se\/no\/wp-content\/uploads\/sites\/3\/2025\/07\/6388659575e63.jpeg","datePublished":"2025-07-19T09:53:31+00:00","dateModified":"2026-04-08T12:07:15+00:00","breadcrumb":{"@id":"https:\/\/babylove.se\/no\/produkt\/fayne-boucle-premium-saccosack-rosa\/#breadcrumb"},"inLanguage":"nb-NO","potentialAction":[{"@type":"ReadAction","target":["https:\/\/babylove.se\/no\/produkt\/fayne-boucle-premium-saccosack-rosa\/"]}]},{"@type":"ImageObject","inLanguage":"nb-NO","@id":"https:\/\/babylove.se\/no\/produkt\/fayne-boucle-premium-saccosack-rosa\/#primaryimage","url":"https:\/\/babylove.se\/no\/wp-content\/uploads\/sites\/3\/2025\/07\/6388659575e63.jpeg","contentUrl":"https:\/\/babylove.se\/no\/wp-content\/uploads\/sites\/3\/2025\/07\/6388659575e63.jpeg","width":1937,"height":1937},{"@type":"BreadcrumbList","@id":"https:\/\/babylove.se\/no\/produkt\/fayne-boucle-premium-saccosack-rosa\/#breadcrumb","itemListElement":[{"@type":"ListItem","position":1,"name":"Hem","item":"https:\/\/babylove.se\/no\/"},{"@type":"ListItem","position":2,"name":"Butik","item":"https:\/\/babylove.se\/no\/butik\/"},{"@type":"ListItem","position":3,"name":"Fayne, Boucle premium sittesekk, rosa"}]},{"@type":"WebSite","@id":"https:\/\/babylove.se\/no\/#website","url":"https:\/\/babylove.se\/no\/","name":"Babylove Norska","description":"","potentialAction":[{"@type":"SearchAction","target":{"@type":"EntryPoint","urlTemplate":"https:\/\/babylove.se\/no\/?s={search_term_string}"},"query-input":{"@type":"PropertyValueSpecification","valueRequired":true,"valueName":"search_term_string"}}],"inLanguage":"nb-NO"}]},"product_brand":"Fayne","og_availability":"out of stock","product_availability":"out of stock","product_retailer_item_id":"60x120-cm-fayne-boucle-pink","product_condition":"new"},"_links":{"self":[{"href":"https:\/\/babylove.se\/no\/wp-json\/wp\/v2\/product\/48292","targetHints":{"allow":["GET"]}}],"collection":[{"href":"https:\/\/babylove.se\/no\/wp-json\/wp\/v2\/product"}],"about":[{"href":"https:\/\/babylove.se\/no\/wp-json\/wp\/v2\/types\/product"}],"replies":[{"embeddable":true,"href":"https:\/\/babylove.se\/no\/wp-json\/wp\/v2\/comments?post=48292"}],"wp:featuredmedia":[{"embeddable":true,"href":"https:\/\/babylove.se\/no\/wp-json\/wp\/v2\/media\/48294"}],"wp:attachment":[{"href":"https:\/\/babylove.se\/no\/wp-json\/wp\/v2\/media?parent=48292"}],"wp:term":[{"taxonomy":"product_brand","embeddable":true,"href":"https:\/\/babylove.se\/no\/wp-json\/wp\/v2\/product_brand?post=48292"},{"taxonomy":"product_cat","embeddable":true,"href":"https:\/\/babylove.se\/no\/wp-json\/wp\/v2\/product_cat?post=48292"},{"taxonomy":"product_tag","embeddable":true,"href":"https:\/\/babylove.se\/no\/wp-json\/wp\/v2\/product_tag?post=48292"}],"curies":[{"name":"wp","href":"https:\/\/api.w.org\/{rel}","templated":true}]}}