{"id":4845,"date":"2025-07-18T20:25:19","date_gmt":"2025-07-18T19:25:19","guid":{"rendered":"https:\/\/babylove.se\/produkt\/done-by-deer-pall-powder-barnstolar\/"},"modified":"2026-04-08T08:12:06","modified_gmt":"2026-04-08T07:12:06","slug":"gjort-av-hjort-pall-pulver-barnestol","status":"publish","type":"product","link":"https:\/\/babylove.se\/no\/produkt\/gjort-av-hjort-pall-pulver-barnestol\/","title":{"rendered":"Done by Deer pall powder barnestol"},"content":{"rendered":"<p><strong>Done by Deer krakk powder barnestol &#8211; sendes innen 24 timer !&nbsp;<\/strong><\/p>\n<p>Gj\u00f8r barnerommet ditt enda finere med denne gr\u00e5 krakken fra danske Done by Deer. Uansett om du velger \u00e5 matche krakken med et bord i samme serie s\u00e5 vil du ha mye glede av denne. Barn liker \u00e5 sitte h\u00f8yt n\u00e5r de gj\u00f8r ting, og p\u00e5 denne krakken stilt ved et bord vil barnet tilbringe mye tid. Krakken er laget av E1 gradert europeisk MDF som inneb\u00e6rer at den er meget holdbar. Du rengj\u00f8r den enkelt med en fuktig klut.<\/p>\n<p><strong>M\u00e5l<\/strong>: Diam: 30 x 31 cm (h\u00f8y)<\/p>\n<p>Designer: <a href=\"https:\/\/babylove.se\/varumarken\/done-by-deer\"><u>Done by Deer<\/u><\/a><\/p>\n","protected":false},"excerpt":{"rendered":"<p>Done by Deer krakk powder barnestol &#8211; sendes innen 24 timer !&nbsp; Gj\u00f8r barnerommet ditt enda finere med denne gr\u00e5 krakken fra danske Done by Deer. Uansett om du velger \u00e5 matche krakken med et bord i samme serie s\u00e5 vil du ha mye glede av denne. Barn liker \u00e5 sitte h\u00f8yt n\u00e5r de gj\u00f8r [&hellip;]<\/p>\n","protected":false},"featured_media":4847,"comment_status":"closed","ping_status":"open","template":"","meta":{"_acf_changed":false},"product_brand":[54],"product_cat":[55,80],"product_tag":[1689],"class_list":{"0":"post-4845","1":"product","2":"type-product","3":"status-publish","4":"has-post-thumbnail","6":"product_brand-done-by-deer","7":"product_cat-done-by-deer","8":"product_cat-stoler","9":"product_tag-bestillingsvaror","11":"first","12":"outofstock","13":"taxable","14":"shipping-taxable","15":"purchasable","16":"product-type-simple"},"acf":[],"yoast_head":"<!-- This site is optimized with the Yoast SEO Premium plugin v25.8 (Yoast SEO v27.2) - https:\/\/yoast.com\/product\/yoast-seo-premium-wordpress\/ -->\n<title>Done by Deer pall powder barnestol - Babylove Norska<\/title>\n<meta name=\"robots\" content=\"noindex, follow, max-snippet:-1, max-image-preview:large, max-video-preview:-1\" \/>\n<meta property=\"og:locale\" content=\"nb_NO\" \/>\n<meta property=\"og:type\" content=\"article\" \/>\n<meta property=\"og:title\" content=\"Done by Deer pall powder barnestol\" \/>\n<meta property=\"og:description\" content=\"Done by Deer krakk powder barnestol &#8211; sendes innen 24 timer !&nbsp; Gj\u00f8r barnerommet ditt enda finere med denne gr\u00e5 krakken fra danske Done by Deer. Uansett om du velger \u00e5 matche krakken med et bord i samme serie s\u00e5 vil du ha mye glede av denne. Barn liker \u00e5 sitte h\u00f8yt n\u00e5r de gj\u00f8r [&hellip;]\" \/>\n<meta property=\"og:url\" content=\"https:\/\/babylove.se\/no\/produkt\/gjort-av-hjort-pall-pulver-barnestol\/\" \/>\n<meta property=\"og:site_name\" content=\"Babylove Norska\" \/>\n<meta property=\"article:modified_time\" content=\"2026-04-08T07:12:06+00:00\" \/>\n<meta property=\"og:image\" content=\"https:\/\/babylove.se\/no\/wp-content\/uploads\/sites\/3\/2025\/07\/59f0e0b647a49.jpeg\" \/>\n\t<meta property=\"og:image:width\" content=\"750\" \/>\n\t<meta property=\"og:image:height\" content=\"750\" \/>\n\t<meta property=\"og:image:type\" content=\"image\/jpeg\" \/>\n<meta name=\"twitter:card\" content=\"summary_large_image\" \/>\n<meta name=\"twitter:label1\" content=\"Price\" \/>\n\t<meta name=\"twitter:data1\" content=\"379,00&nbsp;&#107;&#114;\" \/>\n\t<meta name=\"twitter:label2\" content=\"Availability\" \/>\n\t<meta name=\"twitter:data2\" content=\"Out of stock\" \/>\n<script type=\"application\/ld+json\" class=\"yoast-schema-graph\">{\"@context\":\"https:\/\/schema.org\",\"@graph\":[{\"@type\":\"WebPage\",\"@id\":\"https:\/\/babylove.se\/no\/produkt\/gjort-av-hjort-pall-pulver-barnestol\/\",\"url\":\"https:\/\/babylove.se\/no\/produkt\/gjort-av-hjort-pall-pulver-barnestol\/\",\"name\":\"Done by Deer pall powder barnestol - Babylove Norska\",\"isPartOf\":{\"@id\":\"https:\/\/babylove.se\/no\/#website\"},\"primaryImageOfPage\":{\"@id\":\"https:\/\/babylove.se\/no\/produkt\/gjort-av-hjort-pall-pulver-barnestol\/#primaryimage\"},\"image\":{\"@id\":\"https:\/\/babylove.se\/no\/produkt\/gjort-av-hjort-pall-pulver-barnestol\/#primaryimage\"},\"thumbnailUrl\":\"https:\/\/babylove.se\/no\/wp-content\/uploads\/sites\/3\/2025\/07\/59f0e0b647a49.jpeg\",\"datePublished\":\"2025-07-18T19:25:19+00:00\",\"dateModified\":\"2026-04-08T07:12:06+00:00\",\"breadcrumb\":{\"@id\":\"https:\/\/babylove.se\/no\/produkt\/gjort-av-hjort-pall-pulver-barnestol\/#breadcrumb\"},\"inLanguage\":\"nb-NO\",\"potentialAction\":[{\"@type\":\"ReadAction\",\"target\":[\"https:\/\/babylove.se\/no\/produkt\/gjort-av-hjort-pall-pulver-barnestol\/\"]}]},{\"@type\":\"ImageObject\",\"inLanguage\":\"nb-NO\",\"@id\":\"https:\/\/babylove.se\/no\/produkt\/gjort-av-hjort-pall-pulver-barnestol\/#primaryimage\",\"url\":\"https:\/\/babylove.se\/no\/wp-content\/uploads\/sites\/3\/2025\/07\/59f0e0b647a49.jpeg\",\"contentUrl\":\"https:\/\/babylove.se\/no\/wp-content\/uploads\/sites\/3\/2025\/07\/59f0e0b647a49.jpeg\",\"width\":750,\"height\":750},{\"@type\":\"BreadcrumbList\",\"@id\":\"https:\/\/babylove.se\/no\/produkt\/gjort-av-hjort-pall-pulver-barnestol\/#breadcrumb\",\"itemListElement\":[{\"@type\":\"ListItem\",\"position\":1,\"name\":\"Hem\",\"item\":\"https:\/\/babylove.se\/no\/\"},{\"@type\":\"ListItem\",\"position\":2,\"name\":\"Butik\",\"item\":\"https:\/\/babylove.se\/no\/butik\/\"},{\"@type\":\"ListItem\",\"position\":3,\"name\":\"Done by Deer pall powder barnestol\"}]},{\"@type\":\"WebSite\",\"@id\":\"https:\/\/babylove.se\/no\/#website\",\"url\":\"https:\/\/babylove.se\/no\/\",\"name\":\"Babylove Norska\",\"description\":\"\",\"potentialAction\":[{\"@type\":\"SearchAction\",\"target\":{\"@type\":\"EntryPoint\",\"urlTemplate\":\"https:\/\/babylove.se\/no\/?s={search_term_string}\"},\"query-input\":{\"@type\":\"PropertyValueSpecification\",\"valueRequired\":true,\"valueName\":\"search_term_string\"}}],\"inLanguage\":\"nb-NO\"}]}<\/script>\n<meta property=\"product:brand\" content=\"Done by Deer\" \/>\n<meta property=\"product:price:amount\" content=\"379.00\" \/>\n<meta property=\"product:price:currency\" content=\"SEK\" \/>\n<meta property=\"og:availability\" content=\"out of stock\" \/>\n<meta property=\"product:availability\" content=\"out of stock\" \/>\n<meta property=\"product:retailer_item_id\" content=\"1500\" \/>\n<meta property=\"product:condition\" content=\"new\" \/>\n<!-- \/ Yoast SEO Premium plugin. -->","yoast_head_json":{"title":"Done by Deer pall powder barnestol - Babylove Norska","robots":{"index":"noindex","follow":"follow","max-snippet":"max-snippet:-1","max-image-preview":"max-image-preview:large","max-video-preview":"max-video-preview:-1"},"og_locale":"nb_NO","og_type":"article","og_title":"Done by Deer pall powder barnestol","og_description":"Done by Deer krakk powder barnestol &#8211; sendes innen 24 timer !&nbsp; Gj\u00f8r barnerommet ditt enda finere med denne gr\u00e5 krakken fra danske Done by Deer. Uansett om du velger \u00e5 matche krakken med et bord i samme serie s\u00e5 vil du ha mye glede av denne. Barn liker \u00e5 sitte h\u00f8yt n\u00e5r de gj\u00f8r [&hellip;]","og_url":"https:\/\/babylove.se\/no\/produkt\/gjort-av-hjort-pall-pulver-barnestol\/","og_site_name":"Babylove Norska","article_modified_time":"2026-04-08T07:12:06+00:00","og_image":[{"width":750,"height":750,"url":"https:\/\/babylove.se\/no\/wp-content\/uploads\/sites\/3\/2025\/07\/59f0e0b647a49.jpeg","type":"image\/jpeg"}],"twitter_card":"summary_large_image","twitter_misc":{"Price":"379,00&nbsp;&#107;&#114;","Availability":"Out of stock"},"schema":{"@context":"https:\/\/schema.org","@graph":[{"@type":"WebPage","@id":"https:\/\/babylove.se\/no\/produkt\/gjort-av-hjort-pall-pulver-barnestol\/","url":"https:\/\/babylove.se\/no\/produkt\/gjort-av-hjort-pall-pulver-barnestol\/","name":"Done by Deer pall powder barnestol - Babylove Norska","isPartOf":{"@id":"https:\/\/babylove.se\/no\/#website"},"primaryImageOfPage":{"@id":"https:\/\/babylove.se\/no\/produkt\/gjort-av-hjort-pall-pulver-barnestol\/#primaryimage"},"image":{"@id":"https:\/\/babylove.se\/no\/produkt\/gjort-av-hjort-pall-pulver-barnestol\/#primaryimage"},"thumbnailUrl":"https:\/\/babylove.se\/no\/wp-content\/uploads\/sites\/3\/2025\/07\/59f0e0b647a49.jpeg","datePublished":"2025-07-18T19:25:19+00:00","dateModified":"2026-04-08T07:12:06+00:00","breadcrumb":{"@id":"https:\/\/babylove.se\/no\/produkt\/gjort-av-hjort-pall-pulver-barnestol\/#breadcrumb"},"inLanguage":"nb-NO","potentialAction":[{"@type":"ReadAction","target":["https:\/\/babylove.se\/no\/produkt\/gjort-av-hjort-pall-pulver-barnestol\/"]}]},{"@type":"ImageObject","inLanguage":"nb-NO","@id":"https:\/\/babylove.se\/no\/produkt\/gjort-av-hjort-pall-pulver-barnestol\/#primaryimage","url":"https:\/\/babylove.se\/no\/wp-content\/uploads\/sites\/3\/2025\/07\/59f0e0b647a49.jpeg","contentUrl":"https:\/\/babylove.se\/no\/wp-content\/uploads\/sites\/3\/2025\/07\/59f0e0b647a49.jpeg","width":750,"height":750},{"@type":"BreadcrumbList","@id":"https:\/\/babylove.se\/no\/produkt\/gjort-av-hjort-pall-pulver-barnestol\/#breadcrumb","itemListElement":[{"@type":"ListItem","position":1,"name":"Hem","item":"https:\/\/babylove.se\/no\/"},{"@type":"ListItem","position":2,"name":"Butik","item":"https:\/\/babylove.se\/no\/butik\/"},{"@type":"ListItem","position":3,"name":"Done by Deer pall powder barnestol"}]},{"@type":"WebSite","@id":"https:\/\/babylove.se\/no\/#website","url":"https:\/\/babylove.se\/no\/","name":"Babylove Norska","description":"","potentialAction":[{"@type":"SearchAction","target":{"@type":"EntryPoint","urlTemplate":"https:\/\/babylove.se\/no\/?s={search_term_string}"},"query-input":{"@type":"PropertyValueSpecification","valueRequired":true,"valueName":"search_term_string"}}],"inLanguage":"nb-NO"}]},"product_brand":"Done by Deer","product_price_amount":"379.00","product_price_currency":"SEK","og_availability":"out of stock","product_availability":"out of stock","product_retailer_item_id":"1500","product_condition":"new"},"_links":{"self":[{"href":"https:\/\/babylove.se\/no\/wp-json\/wp\/v2\/product\/4845","targetHints":{"allow":["GET"]}}],"collection":[{"href":"https:\/\/babylove.se\/no\/wp-json\/wp\/v2\/product"}],"about":[{"href":"https:\/\/babylove.se\/no\/wp-json\/wp\/v2\/types\/product"}],"replies":[{"embeddable":true,"href":"https:\/\/babylove.se\/no\/wp-json\/wp\/v2\/comments?post=4845"}],"wp:featuredmedia":[{"embeddable":true,"href":"https:\/\/babylove.se\/no\/wp-json\/wp\/v2\/media\/4847"}],"wp:attachment":[{"href":"https:\/\/babylove.se\/no\/wp-json\/wp\/v2\/media?parent=4845"}],"wp:term":[{"taxonomy":"product_brand","embeddable":true,"href":"https:\/\/babylove.se\/no\/wp-json\/wp\/v2\/product_brand?post=4845"},{"taxonomy":"product_cat","embeddable":true,"href":"https:\/\/babylove.se\/no\/wp-json\/wp\/v2\/product_cat?post=4845"},{"taxonomy":"product_tag","embeddable":true,"href":"https:\/\/babylove.se\/no\/wp-json\/wp\/v2\/product_tag?post=4845"}],"curies":[{"name":"wp","href":"https:\/\/api.w.org\/{rel}","templated":true}]}}