{"id":48457,"date":"2025-07-19T10:55:34","date_gmt":"2025-07-19T09:55:34","guid":{"rendered":"https:\/\/babylove.se\/produkt\/blush-lekmatta-deluxe-av-linne-med-volang-cotton-sweets\/"},"modified":"2026-04-08T13:08:34","modified_gmt":"2026-04-08T12:08:34","slug":"blush-lekematte-deluxe-av-lin-med-volang-cotton-sweets","status":"publish","type":"product","link":"https:\/\/babylove.se\/no\/produkt\/blush-lekematte-deluxe-av-lin-med-volang-cotton-sweets\/","title":{"rendered":"Blush lekematte DeLuxe av lin med volang, Cotton &#038; Sweets"},"content":{"rendered":"<p>For de aller minste tilbyr vi en vidunderlig lekematte som er ekstremt myk og behagelig for barnet. Det ideelle stedet for ditt barn \u00e5 ha det g\u00f8y p\u00e5. Skap en unik barnerominnredning med denne lekematten, og kombiner den gjerne med andre produkter som sengehimmel eller hengende leker. Lekematten er dessuten ogs\u00e5 dekorert med meget vakre volanger.&nbsp;<\/p>\n<p><strong>M\u00e5l<\/strong>: Diameter 120 cm og mattens tykkelse er ca 2-4 cm.&nbsp;<\/p>\n<p><strong>Material<\/strong>: 100 % lin og fyll av polyester.<\/p>\n<p>Designer: <a href=\"https:\/\/babylove.se\/varumarken\/cottonsweets\"><u>Cotton &amp; Sweets<\/u><\/a><\/p>\n","protected":false},"excerpt":{"rendered":"<p>For de aller minste tilbyr vi en vidunderlig lekematte som er ekstremt myk og behagelig for barnet. Det ideelle stedet for ditt barn \u00e5 ha det g\u00f8y p\u00e5. Skap en unik barnerominnredning med denne lekematten, og kombiner den gjerne med andre produkter som sengehimmel eller hengende leker. Lekematten er dessuten ogs\u00e5 dekorert med meget vakre [&hellip;]<\/p>\n","protected":false},"featured_media":48459,"comment_status":"closed","ping_status":"open","template":"","meta":{"_acf_changed":false},"product_brand":[143],"product_cat":[144,25,125,52,135],"product_tag":[1689],"class_list":{"0":"post-48457","1":"product","2":"type-product","3":"status-publish","4":"has-post-thumbnail","6":"product_brand-cotton-sweets","7":"product_cat-cottonsweets","8":"product_cat-ikke-bare-jenter","9":"product_cat-boho","10":"product_cat-lekematter","11":"product_cat-tepper","12":"product_tag-bestillingsvaror","14":"first","15":"instock","16":"taxable","17":"shipping-taxable","18":"purchasable","19":"product-type-simple"},"acf":[],"yoast_head":"<!-- This site is optimized with the Yoast SEO Premium plugin v25.8 (Yoast SEO v27.2) - https:\/\/yoast.com\/product\/yoast-seo-premium-wordpress\/ -->\n<title>Blush lekematte DeLuxe av lin med volang, Cotton &amp; Sweets - Babylove Norska<\/title>\n<meta name=\"robots\" content=\"noindex, follow, max-snippet:-1, max-image-preview:large, max-video-preview:-1\" \/>\n<meta property=\"og:locale\" content=\"nb_NO\" \/>\n<meta property=\"og:type\" content=\"article\" \/>\n<meta property=\"og:title\" content=\"Blush lekematte DeLuxe av lin med volang, Cotton &amp; Sweets\" \/>\n<meta property=\"og:description\" content=\"For de aller minste tilbyr vi en vidunderlig lekematte som er ekstremt myk og behagelig for barnet. Det ideelle stedet for ditt barn \u00e5 ha det g\u00f8y p\u00e5. Skap en unik barnerominnredning med denne lekematten, og kombiner den gjerne med andre produkter som sengehimmel eller hengende leker. Lekematten er dessuten ogs\u00e5 dekorert med meget vakre [&hellip;]\" \/>\n<meta property=\"og:url\" content=\"https:\/\/babylove.se\/no\/produkt\/blush-lekematte-deluxe-av-lin-med-volang-cotton-sweets\/\" \/>\n<meta property=\"og:site_name\" content=\"Babylove Norska\" \/>\n<meta property=\"article:modified_time\" content=\"2026-04-08T12:08:34+00:00\" \/>\n<meta property=\"og:image\" content=\"https:\/\/babylove.se\/no\/wp-content\/uploads\/sites\/3\/2025\/07\/639302a514dd7.jpeg\" \/>\n\t<meta property=\"og:image:width\" content=\"800\" \/>\n\t<meta property=\"og:image:height\" content=\"800\" \/>\n\t<meta property=\"og:image:type\" content=\"image\/jpeg\" \/>\n<meta name=\"twitter:card\" content=\"summary_large_image\" \/>\n<meta name=\"twitter:label1\" content=\"Price\" \/>\n\t<meta name=\"twitter:data1\" content=\"1 099,00&nbsp;&#107;&#114;\" \/>\n\t<meta name=\"twitter:label2\" content=\"Availability\" \/>\n\t<meta name=\"twitter:data2\" content=\"In stock\" \/>\n<script type=\"application\/ld+json\" class=\"yoast-schema-graph\">{\"@context\":\"https:\/\/schema.org\",\"@graph\":[{\"@type\":\"WebPage\",\"@id\":\"https:\/\/babylove.se\/no\/produkt\/blush-lekematte-deluxe-av-lin-med-volang-cotton-sweets\/\",\"url\":\"https:\/\/babylove.se\/no\/produkt\/blush-lekematte-deluxe-av-lin-med-volang-cotton-sweets\/\",\"name\":\"Blush lekematte DeLuxe av lin med volang, Cotton & Sweets - Babylove Norska\",\"isPartOf\":{\"@id\":\"https:\/\/babylove.se\/no\/#website\"},\"primaryImageOfPage\":{\"@id\":\"https:\/\/babylove.se\/no\/produkt\/blush-lekematte-deluxe-av-lin-med-volang-cotton-sweets\/#primaryimage\"},\"image\":{\"@id\":\"https:\/\/babylove.se\/no\/produkt\/blush-lekematte-deluxe-av-lin-med-volang-cotton-sweets\/#primaryimage\"},\"thumbnailUrl\":\"https:\/\/babylove.se\/no\/wp-content\/uploads\/sites\/3\/2025\/07\/639302a514dd7.jpeg\",\"datePublished\":\"2025-07-19T09:55:34+00:00\",\"dateModified\":\"2026-04-08T12:08:34+00:00\",\"breadcrumb\":{\"@id\":\"https:\/\/babylove.se\/no\/produkt\/blush-lekematte-deluxe-av-lin-med-volang-cotton-sweets\/#breadcrumb\"},\"inLanguage\":\"nb-NO\",\"potentialAction\":[{\"@type\":\"ReadAction\",\"target\":[\"https:\/\/babylove.se\/no\/produkt\/blush-lekematte-deluxe-av-lin-med-volang-cotton-sweets\/\"]}]},{\"@type\":\"ImageObject\",\"inLanguage\":\"nb-NO\",\"@id\":\"https:\/\/babylove.se\/no\/produkt\/blush-lekematte-deluxe-av-lin-med-volang-cotton-sweets\/#primaryimage\",\"url\":\"https:\/\/babylove.se\/no\/wp-content\/uploads\/sites\/3\/2025\/07\/639302a514dd7.jpeg\",\"contentUrl\":\"https:\/\/babylove.se\/no\/wp-content\/uploads\/sites\/3\/2025\/07\/639302a514dd7.jpeg\",\"width\":800,\"height\":800},{\"@type\":\"BreadcrumbList\",\"@id\":\"https:\/\/babylove.se\/no\/produkt\/blush-lekematte-deluxe-av-lin-med-volang-cotton-sweets\/#breadcrumb\",\"itemListElement\":[{\"@type\":\"ListItem\",\"position\":1,\"name\":\"Hem\",\"item\":\"https:\/\/babylove.se\/no\/\"},{\"@type\":\"ListItem\",\"position\":2,\"name\":\"Butik\",\"item\":\"https:\/\/babylove.se\/no\/butik\/\"},{\"@type\":\"ListItem\",\"position\":3,\"name\":\"Blush lekematte DeLuxe av lin med volang, Cotton &#038; Sweets\"}]},{\"@type\":\"WebSite\",\"@id\":\"https:\/\/babylove.se\/no\/#website\",\"url\":\"https:\/\/babylove.se\/no\/\",\"name\":\"Babylove Norska\",\"description\":\"\",\"potentialAction\":[{\"@type\":\"SearchAction\",\"target\":{\"@type\":\"EntryPoint\",\"urlTemplate\":\"https:\/\/babylove.se\/no\/?s={search_term_string}\"},\"query-input\":{\"@type\":\"PropertyValueSpecification\",\"valueRequired\":true,\"valueName\":\"search_term_string\"}}],\"inLanguage\":\"nb-NO\"}]}<\/script>\n<meta property=\"product:brand\" content=\"Cotton &amp; Sweets\" \/>\n<meta property=\"product:price:amount\" content=\"1099.00\" \/>\n<meta property=\"product:price:currency\" content=\"SEK\" \/>\n<meta property=\"og:availability\" content=\"instock\" \/>\n<meta property=\"product:availability\" content=\"instock\" \/>\n<meta property=\"product:retailer_item_id\" content=\"PN13221\" \/>\n<meta property=\"product:condition\" content=\"new\" \/>\n<!-- \/ Yoast SEO Premium plugin. -->","yoast_head_json":{"title":"Blush lekematte DeLuxe av lin med volang, Cotton & Sweets - Babylove Norska","robots":{"index":"noindex","follow":"follow","max-snippet":"max-snippet:-1","max-image-preview":"max-image-preview:large","max-video-preview":"max-video-preview:-1"},"og_locale":"nb_NO","og_type":"article","og_title":"Blush lekematte DeLuxe av lin med volang, Cotton & Sweets","og_description":"For de aller minste tilbyr vi en vidunderlig lekematte som er ekstremt myk og behagelig for barnet. Det ideelle stedet for ditt barn \u00e5 ha det g\u00f8y p\u00e5. Skap en unik barnerominnredning med denne lekematten, og kombiner den gjerne med andre produkter som sengehimmel eller hengende leker. Lekematten er dessuten ogs\u00e5 dekorert med meget vakre [&hellip;]","og_url":"https:\/\/babylove.se\/no\/produkt\/blush-lekematte-deluxe-av-lin-med-volang-cotton-sweets\/","og_site_name":"Babylove Norska","article_modified_time":"2026-04-08T12:08:34+00:00","og_image":[{"width":800,"height":800,"url":"https:\/\/babylove.se\/no\/wp-content\/uploads\/sites\/3\/2025\/07\/639302a514dd7.jpeg","type":"image\/jpeg"}],"twitter_card":"summary_large_image","twitter_misc":{"Price":"1 099,00&nbsp;&#107;&#114;","Availability":"In stock"},"schema":{"@context":"https:\/\/schema.org","@graph":[{"@type":"WebPage","@id":"https:\/\/babylove.se\/no\/produkt\/blush-lekematte-deluxe-av-lin-med-volang-cotton-sweets\/","url":"https:\/\/babylove.se\/no\/produkt\/blush-lekematte-deluxe-av-lin-med-volang-cotton-sweets\/","name":"Blush lekematte DeLuxe av lin med volang, Cotton & Sweets - Babylove Norska","isPartOf":{"@id":"https:\/\/babylove.se\/no\/#website"},"primaryImageOfPage":{"@id":"https:\/\/babylove.se\/no\/produkt\/blush-lekematte-deluxe-av-lin-med-volang-cotton-sweets\/#primaryimage"},"image":{"@id":"https:\/\/babylove.se\/no\/produkt\/blush-lekematte-deluxe-av-lin-med-volang-cotton-sweets\/#primaryimage"},"thumbnailUrl":"https:\/\/babylove.se\/no\/wp-content\/uploads\/sites\/3\/2025\/07\/639302a514dd7.jpeg","datePublished":"2025-07-19T09:55:34+00:00","dateModified":"2026-04-08T12:08:34+00:00","breadcrumb":{"@id":"https:\/\/babylove.se\/no\/produkt\/blush-lekematte-deluxe-av-lin-med-volang-cotton-sweets\/#breadcrumb"},"inLanguage":"nb-NO","potentialAction":[{"@type":"ReadAction","target":["https:\/\/babylove.se\/no\/produkt\/blush-lekematte-deluxe-av-lin-med-volang-cotton-sweets\/"]}]},{"@type":"ImageObject","inLanguage":"nb-NO","@id":"https:\/\/babylove.se\/no\/produkt\/blush-lekematte-deluxe-av-lin-med-volang-cotton-sweets\/#primaryimage","url":"https:\/\/babylove.se\/no\/wp-content\/uploads\/sites\/3\/2025\/07\/639302a514dd7.jpeg","contentUrl":"https:\/\/babylove.se\/no\/wp-content\/uploads\/sites\/3\/2025\/07\/639302a514dd7.jpeg","width":800,"height":800},{"@type":"BreadcrumbList","@id":"https:\/\/babylove.se\/no\/produkt\/blush-lekematte-deluxe-av-lin-med-volang-cotton-sweets\/#breadcrumb","itemListElement":[{"@type":"ListItem","position":1,"name":"Hem","item":"https:\/\/babylove.se\/no\/"},{"@type":"ListItem","position":2,"name":"Butik","item":"https:\/\/babylove.se\/no\/butik\/"},{"@type":"ListItem","position":3,"name":"Blush lekematte DeLuxe av lin med volang, Cotton &#038; Sweets"}]},{"@type":"WebSite","@id":"https:\/\/babylove.se\/no\/#website","url":"https:\/\/babylove.se\/no\/","name":"Babylove Norska","description":"","potentialAction":[{"@type":"SearchAction","target":{"@type":"EntryPoint","urlTemplate":"https:\/\/babylove.se\/no\/?s={search_term_string}"},"query-input":{"@type":"PropertyValueSpecification","valueRequired":true,"valueName":"search_term_string"}}],"inLanguage":"nb-NO"}]},"product_brand":"Cotton &amp; Sweets","product_price_amount":"1099.00","product_price_currency":"SEK","og_availability":"instock","product_availability":"instock","product_retailer_item_id":"PN13221","product_condition":"new"},"_links":{"self":[{"href":"https:\/\/babylove.se\/no\/wp-json\/wp\/v2\/product\/48457","targetHints":{"allow":["GET"]}}],"collection":[{"href":"https:\/\/babylove.se\/no\/wp-json\/wp\/v2\/product"}],"about":[{"href":"https:\/\/babylove.se\/no\/wp-json\/wp\/v2\/types\/product"}],"replies":[{"embeddable":true,"href":"https:\/\/babylove.se\/no\/wp-json\/wp\/v2\/comments?post=48457"}],"wp:featuredmedia":[{"embeddable":true,"href":"https:\/\/babylove.se\/no\/wp-json\/wp\/v2\/media\/48459"}],"wp:attachment":[{"href":"https:\/\/babylove.se\/no\/wp-json\/wp\/v2\/media?parent=48457"}],"wp:term":[{"taxonomy":"product_brand","embeddable":true,"href":"https:\/\/babylove.se\/no\/wp-json\/wp\/v2\/product_brand?post=48457"},{"taxonomy":"product_cat","embeddable":true,"href":"https:\/\/babylove.se\/no\/wp-json\/wp\/v2\/product_cat?post=48457"},{"taxonomy":"product_tag","embeddable":true,"href":"https:\/\/babylove.se\/no\/wp-json\/wp\/v2\/product_tag?post=48457"}],"curies":[{"name":"wp","href":"https:\/\/api.w.org\/{rel}","templated":true}]}}