{"id":48485,"date":"2025-07-19T10:55:41","date_gmt":"2025-07-19T09:55:41","guid":{"rendered":"https:\/\/babylove.se\/produkt\/ljusgra-lekmatta-basic-med-volang-cottonsweets\/"},"modified":"2026-04-08T13:08:56","modified_gmt":"2026-04-08T12:08:56","slug":"lysegra-lekematte-basic-med-volang-cottonsweets","status":"publish","type":"product","link":"https:\/\/babylove.se\/no\/produkt\/lysegra-lekematte-basic-med-volang-cottonsweets\/","title":{"rendered":"Lysegr\u00e5 lekematte Basic med volang, Cotton&#038;Sweets"},"content":{"rendered":"<p>For de aller minste tilbyr vi en fantastisk lekematte<strong>&nbsp;<\/strong>som er ekstremt myk og behagelig for barnet. Det ideelle stedet for ditt barn \u00e5 ha det g\u00f8y p\u00e5. Skap en unik barnerominnredning med denne lekematten, og kombiner den gjerne med andre produkter som sengehimmel eller hengende leker. Lekematten er dessuten ogs\u00e5 dekorert med meget vakre volanger.&nbsp;<\/p>\n<p><strong>M\u00e5l<\/strong>: Diameter 120 cm og mattens tykkelse er ca 2-4 cm<\/p>\n<p><strong>Materiale<\/strong>: 100% polyester og fylling av polyester.<\/p>\n<p>Designer : <a href=\"https:\/\/babylove.se\/varumarken\/cottonsweets\"><u>Cotton &amp; Sweets<\/u><\/a><\/p>\n","protected":false},"excerpt":{"rendered":"<p>For de aller minste tilbyr vi en fantastisk lekematte&nbsp;som er ekstremt myk og behagelig for barnet. Det ideelle stedet for ditt barn \u00e5 ha det g\u00f8y p\u00e5. Skap en unik barnerominnredning med denne lekematten, og kombiner den gjerne med andre produkter som sengehimmel eller hengende leker. Lekematten er dessuten ogs\u00e5 dekorert med meget vakre volanger.&nbsp; [&hellip;]<\/p>\n","protected":false},"featured_media":48487,"comment_status":"closed","ping_status":"open","template":"","meta":{"_acf_changed":false},"product_brand":[143],"product_cat":[28,144,25,52,135],"product_tag":[1689],"class_list":{"0":"post-48485","1":"product","2":"type-product","3":"status-publish","4":"has-post-thumbnail","6":"product_brand-cotton-sweets","7":"product_cat-sorthvit","8":"product_cat-cottonsweets","9":"product_cat-ikke-bare-jenter","10":"product_cat-lekematter","11":"product_cat-tepper","12":"product_tag-bestillingsvaror","14":"first","15":"instock","16":"taxable","17":"shipping-taxable","18":"purchasable","19":"product-type-simple"},"acf":[],"yoast_head":"<!-- This site is optimized with the Yoast SEO Premium plugin v25.8 (Yoast SEO v27.2) - https:\/\/yoast.com\/product\/yoast-seo-premium-wordpress\/ -->\n<title>Vit lekmatta DeLuxe med volang, Cotton&amp;Sweets<\/title>\n<meta name=\"description\" content=\"F\u00f6r de minsta erbjuder vi en lekmatta som \u00e4r mjuk och behaglig f\u00f6r barnet. En idealisk plats f\u00f6r ditt barn - 14 dagars \u00f6ppet k\u00f6p - Fri frakt \u00f6ver 999 kr\" \/>\n<meta name=\"robots\" content=\"noindex, follow, max-snippet:-1, max-image-preview:large, max-video-preview:-1\" \/>\n<meta property=\"og:locale\" content=\"nb_NO\" \/>\n<meta property=\"og:type\" content=\"article\" \/>\n<meta property=\"og:title\" content=\"Lysegr\u00e5 lekematte Basic med volang, Cotton&amp;Sweets\" \/>\n<meta property=\"og:description\" content=\"F\u00f6r de minsta erbjuder vi en lekmatta som \u00e4r mjuk och behaglig f\u00f6r barnet. En idealisk plats f\u00f6r ditt barn - 14 dagars \u00f6ppet k\u00f6p - Fri frakt \u00f6ver 999 kr\" \/>\n<meta property=\"og:url\" content=\"https:\/\/babylove.se\/no\/produkt\/lysegra-lekematte-basic-med-volang-cottonsweets\/\" \/>\n<meta property=\"og:site_name\" content=\"Babylove Norska\" \/>\n<meta property=\"article:modified_time\" content=\"2026-04-08T12:08:56+00:00\" \/>\n<meta property=\"og:image\" content=\"https:\/\/babylove.se\/no\/wp-content\/uploads\/sites\/3\/2025\/07\/63930df12f795.jpeg\" \/>\n\t<meta property=\"og:image:width\" content=\"1000\" \/>\n\t<meta property=\"og:image:height\" content=\"980\" \/>\n\t<meta property=\"og:image:type\" content=\"image\/jpeg\" \/>\n<meta name=\"twitter:card\" content=\"summary_large_image\" \/>\n<meta name=\"twitter:label1\" content=\"Price\" \/>\n\t<meta name=\"twitter:data1\" content=\"999,00&nbsp;&#107;&#114;\" \/>\n\t<meta name=\"twitter:label2\" content=\"Availability\" \/>\n\t<meta name=\"twitter:data2\" content=\"In stock\" \/>\n<script type=\"application\/ld+json\" class=\"yoast-schema-graph\">{\"@context\":\"https:\/\/schema.org\",\"@graph\":[{\"@type\":\"WebPage\",\"@id\":\"https:\/\/babylove.se\/no\/produkt\/lysegra-lekematte-basic-med-volang-cottonsweets\/\",\"url\":\"https:\/\/babylove.se\/no\/produkt\/lysegra-lekematte-basic-med-volang-cottonsweets\/\",\"name\":\"Vit lekmatta DeLuxe med volang, Cotton&Sweets\",\"isPartOf\":{\"@id\":\"https:\/\/babylove.se\/no\/#website\"},\"primaryImageOfPage\":{\"@id\":\"https:\/\/babylove.se\/no\/produkt\/lysegra-lekematte-basic-med-volang-cottonsweets\/#primaryimage\"},\"image\":{\"@id\":\"https:\/\/babylove.se\/no\/produkt\/lysegra-lekematte-basic-med-volang-cottonsweets\/#primaryimage\"},\"thumbnailUrl\":\"https:\/\/babylove.se\/no\/wp-content\/uploads\/sites\/3\/2025\/07\/63930df12f795.jpeg\",\"datePublished\":\"2025-07-19T09:55:41+00:00\",\"dateModified\":\"2026-04-08T12:08:56+00:00\",\"description\":\"F\u00f6r de minsta erbjuder vi en lekmatta som \u00e4r mjuk och behaglig f\u00f6r barnet. En idealisk plats f\u00f6r ditt barn - 14 dagars \u00f6ppet k\u00f6p - Fri frakt \u00f6ver 999 kr\",\"breadcrumb\":{\"@id\":\"https:\/\/babylove.se\/no\/produkt\/lysegra-lekematte-basic-med-volang-cottonsweets\/#breadcrumb\"},\"inLanguage\":\"nb-NO\",\"potentialAction\":[{\"@type\":\"ReadAction\",\"target\":[\"https:\/\/babylove.se\/no\/produkt\/lysegra-lekematte-basic-med-volang-cottonsweets\/\"]}]},{\"@type\":\"ImageObject\",\"inLanguage\":\"nb-NO\",\"@id\":\"https:\/\/babylove.se\/no\/produkt\/lysegra-lekematte-basic-med-volang-cottonsweets\/#primaryimage\",\"url\":\"https:\/\/babylove.se\/no\/wp-content\/uploads\/sites\/3\/2025\/07\/63930df12f795.jpeg\",\"contentUrl\":\"https:\/\/babylove.se\/no\/wp-content\/uploads\/sites\/3\/2025\/07\/63930df12f795.jpeg\",\"width\":1000,\"height\":980},{\"@type\":\"BreadcrumbList\",\"@id\":\"https:\/\/babylove.se\/no\/produkt\/lysegra-lekematte-basic-med-volang-cottonsweets\/#breadcrumb\",\"itemListElement\":[{\"@type\":\"ListItem\",\"position\":1,\"name\":\"Hem\",\"item\":\"https:\/\/babylove.se\/no\/\"},{\"@type\":\"ListItem\",\"position\":2,\"name\":\"Butik\",\"item\":\"https:\/\/babylove.se\/no\/butik\/\"},{\"@type\":\"ListItem\",\"position\":3,\"name\":\"Lysegr\u00e5 lekematte Basic med volang, Cotton&#038;Sweets\"}]},{\"@type\":\"WebSite\",\"@id\":\"https:\/\/babylove.se\/no\/#website\",\"url\":\"https:\/\/babylove.se\/no\/\",\"name\":\"Babylove Norska\",\"description\":\"\",\"potentialAction\":[{\"@type\":\"SearchAction\",\"target\":{\"@type\":\"EntryPoint\",\"urlTemplate\":\"https:\/\/babylove.se\/no\/?s={search_term_string}\"},\"query-input\":{\"@type\":\"PropertyValueSpecification\",\"valueRequired\":true,\"valueName\":\"search_term_string\"}}],\"inLanguage\":\"nb-NO\"}]}<\/script>\n<meta property=\"product:brand\" content=\"Cotton &amp; Sweets\" \/>\n<meta property=\"product:price:amount\" content=\"999.00\" \/>\n<meta property=\"product:price:currency\" content=\"SEK\" \/>\n<meta property=\"og:availability\" content=\"instock\" \/>\n<meta property=\"product:availability\" content=\"instock\" \/>\n<meta property=\"product:retailer_item_id\" content=\"BC13203\" \/>\n<meta property=\"product:condition\" content=\"new\" \/>\n<!-- \/ Yoast SEO Premium plugin. -->","yoast_head_json":{"title":"Vit lekmatta DeLuxe med volang, Cotton&Sweets","description":"F\u00f6r de minsta erbjuder vi en lekmatta som \u00e4r mjuk och behaglig f\u00f6r barnet. En idealisk plats f\u00f6r ditt barn - 14 dagars \u00f6ppet k\u00f6p - Fri frakt \u00f6ver 999 kr","robots":{"index":"noindex","follow":"follow","max-snippet":"max-snippet:-1","max-image-preview":"max-image-preview:large","max-video-preview":"max-video-preview:-1"},"og_locale":"nb_NO","og_type":"article","og_title":"Lysegr\u00e5 lekematte Basic med volang, Cotton&Sweets","og_description":"F\u00f6r de minsta erbjuder vi en lekmatta som \u00e4r mjuk och behaglig f\u00f6r barnet. En idealisk plats f\u00f6r ditt barn - 14 dagars \u00f6ppet k\u00f6p - Fri frakt \u00f6ver 999 kr","og_url":"https:\/\/babylove.se\/no\/produkt\/lysegra-lekematte-basic-med-volang-cottonsweets\/","og_site_name":"Babylove Norska","article_modified_time":"2026-04-08T12:08:56+00:00","og_image":[{"width":1000,"height":980,"url":"https:\/\/babylove.se\/no\/wp-content\/uploads\/sites\/3\/2025\/07\/63930df12f795.jpeg","type":"image\/jpeg"}],"twitter_card":"summary_large_image","twitter_misc":{"Price":"999,00&nbsp;&#107;&#114;","Availability":"In stock"},"schema":{"@context":"https:\/\/schema.org","@graph":[{"@type":"WebPage","@id":"https:\/\/babylove.se\/no\/produkt\/lysegra-lekematte-basic-med-volang-cottonsweets\/","url":"https:\/\/babylove.se\/no\/produkt\/lysegra-lekematte-basic-med-volang-cottonsweets\/","name":"Vit lekmatta DeLuxe med volang, Cotton&Sweets","isPartOf":{"@id":"https:\/\/babylove.se\/no\/#website"},"primaryImageOfPage":{"@id":"https:\/\/babylove.se\/no\/produkt\/lysegra-lekematte-basic-med-volang-cottonsweets\/#primaryimage"},"image":{"@id":"https:\/\/babylove.se\/no\/produkt\/lysegra-lekematte-basic-med-volang-cottonsweets\/#primaryimage"},"thumbnailUrl":"https:\/\/babylove.se\/no\/wp-content\/uploads\/sites\/3\/2025\/07\/63930df12f795.jpeg","datePublished":"2025-07-19T09:55:41+00:00","dateModified":"2026-04-08T12:08:56+00:00","description":"F\u00f6r de minsta erbjuder vi en lekmatta som \u00e4r mjuk och behaglig f\u00f6r barnet. En idealisk plats f\u00f6r ditt barn - 14 dagars \u00f6ppet k\u00f6p - Fri frakt \u00f6ver 999 kr","breadcrumb":{"@id":"https:\/\/babylove.se\/no\/produkt\/lysegra-lekematte-basic-med-volang-cottonsweets\/#breadcrumb"},"inLanguage":"nb-NO","potentialAction":[{"@type":"ReadAction","target":["https:\/\/babylove.se\/no\/produkt\/lysegra-lekematte-basic-med-volang-cottonsweets\/"]}]},{"@type":"ImageObject","inLanguage":"nb-NO","@id":"https:\/\/babylove.se\/no\/produkt\/lysegra-lekematte-basic-med-volang-cottonsweets\/#primaryimage","url":"https:\/\/babylove.se\/no\/wp-content\/uploads\/sites\/3\/2025\/07\/63930df12f795.jpeg","contentUrl":"https:\/\/babylove.se\/no\/wp-content\/uploads\/sites\/3\/2025\/07\/63930df12f795.jpeg","width":1000,"height":980},{"@type":"BreadcrumbList","@id":"https:\/\/babylove.se\/no\/produkt\/lysegra-lekematte-basic-med-volang-cottonsweets\/#breadcrumb","itemListElement":[{"@type":"ListItem","position":1,"name":"Hem","item":"https:\/\/babylove.se\/no\/"},{"@type":"ListItem","position":2,"name":"Butik","item":"https:\/\/babylove.se\/no\/butik\/"},{"@type":"ListItem","position":3,"name":"Lysegr\u00e5 lekematte Basic med volang, Cotton&#038;Sweets"}]},{"@type":"WebSite","@id":"https:\/\/babylove.se\/no\/#website","url":"https:\/\/babylove.se\/no\/","name":"Babylove Norska","description":"","potentialAction":[{"@type":"SearchAction","target":{"@type":"EntryPoint","urlTemplate":"https:\/\/babylove.se\/no\/?s={search_term_string}"},"query-input":{"@type":"PropertyValueSpecification","valueRequired":true,"valueName":"search_term_string"}}],"inLanguage":"nb-NO"}]},"product_brand":"Cotton &amp; Sweets","product_price_amount":"999.00","product_price_currency":"SEK","og_availability":"instock","product_availability":"instock","product_retailer_item_id":"BC13203","product_condition":"new"},"_links":{"self":[{"href":"https:\/\/babylove.se\/no\/wp-json\/wp\/v2\/product\/48485","targetHints":{"allow":["GET"]}}],"collection":[{"href":"https:\/\/babylove.se\/no\/wp-json\/wp\/v2\/product"}],"about":[{"href":"https:\/\/babylove.se\/no\/wp-json\/wp\/v2\/types\/product"}],"replies":[{"embeddable":true,"href":"https:\/\/babylove.se\/no\/wp-json\/wp\/v2\/comments?post=48485"}],"wp:featuredmedia":[{"embeddable":true,"href":"https:\/\/babylove.se\/no\/wp-json\/wp\/v2\/media\/48487"}],"wp:attachment":[{"href":"https:\/\/babylove.se\/no\/wp-json\/wp\/v2\/media?parent=48485"}],"wp:term":[{"taxonomy":"product_brand","embeddable":true,"href":"https:\/\/babylove.se\/no\/wp-json\/wp\/v2\/product_brand?post=48485"},{"taxonomy":"product_cat","embeddable":true,"href":"https:\/\/babylove.se\/no\/wp-json\/wp\/v2\/product_cat?post=48485"},{"taxonomy":"product_tag","embeddable":true,"href":"https:\/\/babylove.se\/no\/wp-json\/wp\/v2\/product_tag?post=48485"}],"curies":[{"name":"wp","href":"https:\/\/api.w.org\/{rel}","templated":true}]}}