{"id":48492,"date":"2025-07-19T10:55:55","date_gmt":"2025-07-19T09:55:55","guid":{"rendered":"https:\/\/babylove.se\/produkt\/dra-pa-lakan-till-juniorsang-wonderland\/"},"modified":"2026-04-08T13:09:03","modified_gmt":"2026-04-08T12:09:03","slug":"dra-pa-laken-til-juniorseng-wonderland","status":"publish","type":"product","link":"https:\/\/babylove.se\/no\/produkt\/dra-pa-laken-til-juniorseng-wonderland\/","title":{"rendered":"Dra-p\u00e5-laken til juniorseng, Wonderland"},"content":{"rendered":"<p>Et vakkert strikkformet laken tilpasset juniorsenger og barnesenger. Laget av myk, organisk bomull som garanterer en god s\u00f8vn for ditt barn fra f\u00f8rste kveld. <\/p>\n<p>Lakenet er veldig enkelt \u00e5 ta av og sette p\u00e5 takket v\u00e6re elastiske b\u00e5nd p\u00e5 kanten, og \u00e5 vaske det blir derfor sv\u00e6rt smidig. <\/p>\n<p>Finnes i tre st\u00f8rrelser: <\/p>\n<ul>\n<li>80 x 160 cm<\/li>\n<li>90 x 160 cm<\/li>\n<li>90 x 200 cm<\/li>\n<\/ul>\n<p><strong>Materiale<\/strong>: 100 % OEKO TEX-sertifisert organisk bomull i <span style=\"background-color: initial; text-align: initial;\">144 TC (stoffets vevtetthet).<\/span> <\/p>\n<p>Vaskeinstruksjoner: Vaskes i maksimalt 60 grader. Maks krymping 5 %.<\/p>\n","protected":false},"excerpt":{"rendered":"<p>Et vakkert strikkformet laken tilpasset juniorsenger og barnesenger. Laget av myk, organisk bomull som garanterer en god s\u00f8vn for ditt barn fra f\u00f8rste kveld. Lakenet er veldig enkelt \u00e5 ta av og sette p\u00e5 takket v\u00e6re elastiske b\u00e5nd p\u00e5 kanten, og \u00e5 vaske det blir derfor sv\u00e6rt smidig. Finnes i tre st\u00f8rrelser: 80 x 160 [&hellip;]<\/p>\n","protected":false},"featured_media":48494,"comment_status":"closed","ping_status":"closed","template":"","meta":{"_acf_changed":false},"product_brand":[1088],"product_cat":[39,248,1089,119],"product_tag":[],"class_list":{"0":"post-48492","1":"product","2":"type-product","3":"status-publish","4":"has-post-thumbnail","6":"product_brand-marsielle-decor","7":"product_cat-barnesangklaer","8":"product_cat-regnbue","9":"product_cat-marsielle-decor","10":"product_cat-underlaken","11":"pa_storlek-80-x-160-cm","12":"pa_storlek-90-x-160-cm","13":"pa_storlek-90-x-200-cm","15":"first","16":"instock","17":"taxable","18":"shipping-taxable","19":"purchasable","20":"product-type-variable"},"acf":[],"yoast_head":"<!-- This site is optimized with the Yoast SEO Premium plugin v25.8 (Yoast SEO v27.2) - https:\/\/yoast.com\/product\/yoast-seo-premium-wordpress\/ -->\n<title>Dra-p\u00e5-laken til juniorseng, Wonderland - Babylove Norska<\/title>\n<meta name=\"robots\" content=\"noindex, follow, max-snippet:-1, max-image-preview:large, max-video-preview:-1\" \/>\n<meta property=\"og:locale\" content=\"nb_NO\" \/>\n<meta property=\"og:type\" content=\"article\" \/>\n<meta property=\"og:title\" content=\"Dra-p\u00e5-laken til juniorseng, Wonderland\" \/>\n<meta property=\"og:description\" content=\"Et vakkert strikkformet laken tilpasset juniorsenger og barnesenger. Laget av myk, organisk bomull som garanterer en god s\u00f8vn for ditt barn fra f\u00f8rste kveld. Lakenet er veldig enkelt \u00e5 ta av og sette p\u00e5 takket v\u00e6re elastiske b\u00e5nd p\u00e5 kanten, og \u00e5 vaske det blir derfor sv\u00e6rt smidig. Finnes i tre st\u00f8rrelser: 80 x 160 [&hellip;]\" \/>\n<meta property=\"og:url\" content=\"https:\/\/babylove.se\/no\/produkt\/dra-pa-laken-til-juniorseng-wonderland\/\" \/>\n<meta property=\"og:site_name\" content=\"Babylove Norska\" \/>\n<meta property=\"article:modified_time\" content=\"2026-04-08T12:09:03+00:00\" \/>\n<meta property=\"og:image\" content=\"https:\/\/babylove.se\/no\/wp-content\/uploads\/sites\/3\/2025\/07\/639ad047692f3.jpeg\" \/>\n\t<meta property=\"og:image:width\" content=\"847\" \/>\n\t<meta property=\"og:image:height\" content=\"565\" \/>\n\t<meta property=\"og:image:type\" content=\"image\/jpeg\" \/>\n<meta name=\"twitter:card\" content=\"summary_large_image\" \/>\n<meta name=\"twitter:label1\" content=\"Availability\" \/>\n\t<meta name=\"twitter:data1\" content=\"In stock\" \/>\n<script type=\"application\/ld+json\" class=\"yoast-schema-graph\">{\"@context\":\"https:\/\/schema.org\",\"@graph\":[{\"@type\":\"WebPage\",\"@id\":\"https:\/\/babylove.se\/no\/produkt\/dra-pa-laken-til-juniorseng-wonderland\/\",\"url\":\"https:\/\/babylove.se\/no\/produkt\/dra-pa-laken-til-juniorseng-wonderland\/\",\"name\":\"Dra-p\u00e5-laken til juniorseng, Wonderland - Babylove Norska\",\"isPartOf\":{\"@id\":\"https:\/\/babylove.se\/no\/#website\"},\"primaryImageOfPage\":{\"@id\":\"https:\/\/babylove.se\/no\/produkt\/dra-pa-laken-til-juniorseng-wonderland\/#primaryimage\"},\"image\":{\"@id\":\"https:\/\/babylove.se\/no\/produkt\/dra-pa-laken-til-juniorseng-wonderland\/#primaryimage\"},\"thumbnailUrl\":\"https:\/\/babylove.se\/no\/wp-content\/uploads\/sites\/3\/2025\/07\/639ad047692f3.jpeg\",\"datePublished\":\"2025-07-19T09:55:55+00:00\",\"dateModified\":\"2026-04-08T12:09:03+00:00\",\"breadcrumb\":{\"@id\":\"https:\/\/babylove.se\/no\/produkt\/dra-pa-laken-til-juniorseng-wonderland\/#breadcrumb\"},\"inLanguage\":\"nb-NO\",\"potentialAction\":[{\"@type\":\"ReadAction\",\"target\":[\"https:\/\/babylove.se\/no\/produkt\/dra-pa-laken-til-juniorseng-wonderland\/\"]}]},{\"@type\":\"ImageObject\",\"inLanguage\":\"nb-NO\",\"@id\":\"https:\/\/babylove.se\/no\/produkt\/dra-pa-laken-til-juniorseng-wonderland\/#primaryimage\",\"url\":\"https:\/\/babylove.se\/no\/wp-content\/uploads\/sites\/3\/2025\/07\/639ad047692f3.jpeg\",\"contentUrl\":\"https:\/\/babylove.se\/no\/wp-content\/uploads\/sites\/3\/2025\/07\/639ad047692f3.jpeg\",\"width\":847,\"height\":565},{\"@type\":\"BreadcrumbList\",\"@id\":\"https:\/\/babylove.se\/no\/produkt\/dra-pa-laken-til-juniorseng-wonderland\/#breadcrumb\",\"itemListElement\":[{\"@type\":\"ListItem\",\"position\":1,\"name\":\"Hem\",\"item\":\"https:\/\/babylove.se\/no\/\"},{\"@type\":\"ListItem\",\"position\":2,\"name\":\"Butik\",\"item\":\"https:\/\/babylove.se\/no\/butik\/\"},{\"@type\":\"ListItem\",\"position\":3,\"name\":\"Dra-p\u00e5-laken til juniorseng, Wonderland\"}]},{\"@type\":\"WebSite\",\"@id\":\"https:\/\/babylove.se\/no\/#website\",\"url\":\"https:\/\/babylove.se\/no\/\",\"name\":\"Babylove Norska\",\"description\":\"\",\"potentialAction\":[{\"@type\":\"SearchAction\",\"target\":{\"@type\":\"EntryPoint\",\"urlTemplate\":\"https:\/\/babylove.se\/no\/?s={search_term_string}\"},\"query-input\":{\"@type\":\"PropertyValueSpecification\",\"valueRequired\":true,\"valueName\":\"search_term_string\"}}],\"inLanguage\":\"nb-NO\"}]}<\/script>\n<meta property=\"product:brand\" content=\"Marsielle Decor\" \/>\n<meta property=\"og:availability\" content=\"instock\" \/>\n<meta property=\"product:availability\" content=\"instock\" \/>\n<meta property=\"product:retailer_item_id\" content=\"MSD00030971\" \/>\n<meta property=\"product:condition\" content=\"new\" \/>\n<!-- \/ Yoast SEO Premium plugin. -->","yoast_head_json":{"title":"Dra-p\u00e5-laken til juniorseng, Wonderland - Babylove Norska","robots":{"index":"noindex","follow":"follow","max-snippet":"max-snippet:-1","max-image-preview":"max-image-preview:large","max-video-preview":"max-video-preview:-1"},"og_locale":"nb_NO","og_type":"article","og_title":"Dra-p\u00e5-laken til juniorseng, Wonderland","og_description":"Et vakkert strikkformet laken tilpasset juniorsenger og barnesenger. Laget av myk, organisk bomull som garanterer en god s\u00f8vn for ditt barn fra f\u00f8rste kveld. Lakenet er veldig enkelt \u00e5 ta av og sette p\u00e5 takket v\u00e6re elastiske b\u00e5nd p\u00e5 kanten, og \u00e5 vaske det blir derfor sv\u00e6rt smidig. Finnes i tre st\u00f8rrelser: 80 x 160 [&hellip;]","og_url":"https:\/\/babylove.se\/no\/produkt\/dra-pa-laken-til-juniorseng-wonderland\/","og_site_name":"Babylove Norska","article_modified_time":"2026-04-08T12:09:03+00:00","og_image":[{"width":847,"height":565,"url":"https:\/\/babylove.se\/no\/wp-content\/uploads\/sites\/3\/2025\/07\/639ad047692f3.jpeg","type":"image\/jpeg"}],"twitter_card":"summary_large_image","twitter_misc":{"Availability":"In stock"},"schema":{"@context":"https:\/\/schema.org","@graph":[{"@type":"WebPage","@id":"https:\/\/babylove.se\/no\/produkt\/dra-pa-laken-til-juniorseng-wonderland\/","url":"https:\/\/babylove.se\/no\/produkt\/dra-pa-laken-til-juniorseng-wonderland\/","name":"Dra-p\u00e5-laken til juniorseng, Wonderland - Babylove Norska","isPartOf":{"@id":"https:\/\/babylove.se\/no\/#website"},"primaryImageOfPage":{"@id":"https:\/\/babylove.se\/no\/produkt\/dra-pa-laken-til-juniorseng-wonderland\/#primaryimage"},"image":{"@id":"https:\/\/babylove.se\/no\/produkt\/dra-pa-laken-til-juniorseng-wonderland\/#primaryimage"},"thumbnailUrl":"https:\/\/babylove.se\/no\/wp-content\/uploads\/sites\/3\/2025\/07\/639ad047692f3.jpeg","datePublished":"2025-07-19T09:55:55+00:00","dateModified":"2026-04-08T12:09:03+00:00","breadcrumb":{"@id":"https:\/\/babylove.se\/no\/produkt\/dra-pa-laken-til-juniorseng-wonderland\/#breadcrumb"},"inLanguage":"nb-NO","potentialAction":[{"@type":"ReadAction","target":["https:\/\/babylove.se\/no\/produkt\/dra-pa-laken-til-juniorseng-wonderland\/"]}]},{"@type":"ImageObject","inLanguage":"nb-NO","@id":"https:\/\/babylove.se\/no\/produkt\/dra-pa-laken-til-juniorseng-wonderland\/#primaryimage","url":"https:\/\/babylove.se\/no\/wp-content\/uploads\/sites\/3\/2025\/07\/639ad047692f3.jpeg","contentUrl":"https:\/\/babylove.se\/no\/wp-content\/uploads\/sites\/3\/2025\/07\/639ad047692f3.jpeg","width":847,"height":565},{"@type":"BreadcrumbList","@id":"https:\/\/babylove.se\/no\/produkt\/dra-pa-laken-til-juniorseng-wonderland\/#breadcrumb","itemListElement":[{"@type":"ListItem","position":1,"name":"Hem","item":"https:\/\/babylove.se\/no\/"},{"@type":"ListItem","position":2,"name":"Butik","item":"https:\/\/babylove.se\/no\/butik\/"},{"@type":"ListItem","position":3,"name":"Dra-p\u00e5-laken til juniorseng, Wonderland"}]},{"@type":"WebSite","@id":"https:\/\/babylove.se\/no\/#website","url":"https:\/\/babylove.se\/no\/","name":"Babylove Norska","description":"","potentialAction":[{"@type":"SearchAction","target":{"@type":"EntryPoint","urlTemplate":"https:\/\/babylove.se\/no\/?s={search_term_string}"},"query-input":{"@type":"PropertyValueSpecification","valueRequired":true,"valueName":"search_term_string"}}],"inLanguage":"nb-NO"}]},"product_brand":"Marsielle Decor","og_availability":"instock","product_availability":"instock","product_retailer_item_id":"MSD00030971","product_condition":"new"},"_links":{"self":[{"href":"https:\/\/babylove.se\/no\/wp-json\/wp\/v2\/product\/48492","targetHints":{"allow":["GET"]}}],"collection":[{"href":"https:\/\/babylove.se\/no\/wp-json\/wp\/v2\/product"}],"about":[{"href":"https:\/\/babylove.se\/no\/wp-json\/wp\/v2\/types\/product"}],"replies":[{"embeddable":true,"href":"https:\/\/babylove.se\/no\/wp-json\/wp\/v2\/comments?post=48492"}],"wp:featuredmedia":[{"embeddable":true,"href":"https:\/\/babylove.se\/no\/wp-json\/wp\/v2\/media\/48494"}],"wp:attachment":[{"href":"https:\/\/babylove.se\/no\/wp-json\/wp\/v2\/media?parent=48492"}],"wp:term":[{"taxonomy":"product_brand","embeddable":true,"href":"https:\/\/babylove.se\/no\/wp-json\/wp\/v2\/product_brand?post=48492"},{"taxonomy":"product_cat","embeddable":true,"href":"https:\/\/babylove.se\/no\/wp-json\/wp\/v2\/product_cat?post=48492"},{"taxonomy":"product_tag","embeddable":true,"href":"https:\/\/babylove.se\/no\/wp-json\/wp\/v2\/product_tag?post=48492"}],"curies":[{"name":"wp","href":"https:\/\/api.w.org\/{rel}","templated":true}]}}