{"id":48533,"date":"2025-07-19T10:56:12","date_gmt":"2025-07-19T09:56:12","guid":{"rendered":"https:\/\/babylove.se\/produkt\/meow-klatterstallning-med-klattervagg-och-rutschkana-vit\/"},"modified":"2026-04-08T13:09:27","modified_gmt":"2026-04-08T12:09:27","slug":"meow-klatreutstyr-med-klatrevegg-og-rutsjebane-hvit","status":"publish","type":"product","link":"https:\/\/babylove.se\/no\/produkt\/meow-klatreutstyr-med-klatrevegg-og-rutsjebane-hvit\/","title":{"rendered":"Meow, klatrestativ med klatrevegg og rutsjebane, hvit"},"content":{"rendered":"<p>Multifunksjonelt klatresett som best\u00e5r av to pikler-trekanter med to dobbeltsidige ramper fra popul\u00e6re Meow!&nbsp;<\/p>\n<p>De to klatretrekantene kan brukes hver for seg eller sammen med de to rampene. Rampene er dobbeltsidige og kan brukes som b\u00e5de sklie eller klatrevegg.&nbsp;<\/p>\n<p>Hvis du bare tenker \u00e5 kj\u00f8pe en aktivitetsleke er det denne du skal kj\u00f8pe! <span>Lag din egen<\/span> hinderl\u00f8ype hjemme! Stativet fremmer utvikling av motorikk, koordinasjon, balanse og styrke gjennom aktiv lek.&nbsp;<\/p>\n<p>Bare fantasien som setter stopp for hvordan du kan bruke denne klatretrekanten. Bruk rampen som en sklie for de minste. For \u00e5 gj\u00f8re den om til et lekeslott eller en hytte legg noen koselige puter og tepper. Legg den p\u00e5 siden mot en vegg og du f\u00e5r en lekeoppbevaring!&nbsp;<\/p>\n<p>Materialene som brukes er selvf\u00f8lgelig barnevennlige og holdbare. Skal kun brukes innend\u00f8rs.&nbsp;<\/p>\n<p>Laget etter Montessoripedagogikk som motiverer barnet til p\u00e5 egen h\u00e5nd \u00e5 utforske og l\u00e6re nye ting.&nbsp;<\/p>\n<p><strong>Info klatretrekant<\/strong>:<\/p>\n<ul>\n<li>Maks vektbelastning: 40 kg<\/li>\n<li>Alder: 3 \u00e5r og oppover<\/li>\n<li>CE-sertifisert<\/li>\n<\/ul>\n<p><strong>M\u00e5l klatretrekant<\/strong>:&nbsp;<\/p>\n<ul>\n<li>Bredde: 59,5-61 cm<\/li>\n<li>Lengde: 68-125,5 cm<\/li>\n<li>H\u00f8yde: 10-60 cm<\/li>\n<\/ul>\n<p>Designer:<span>&nbsp;<\/span><a href=\"https:\/\/babylove.se\/varumarken\/meow\">Meow<\/a><\/p>\n","protected":false},"excerpt":{"rendered":"<p>Multifunksjonelt klatresett som best\u00e5r av to pikler-trekanter med to dobbeltsidige ramper fra popul\u00e6re Meow!&nbsp; De to klatretrekantene kan brukes hver for seg eller sammen med de to rampene. Rampene er dobbeltsidige og kan brukes som b\u00e5de sklie eller klatrevegg.&nbsp; Hvis du bare tenker \u00e5 kj\u00f8pe en aktivitetsleke er det denne du skal kj\u00f8pe! Lag din [&hellip;]<\/p>\n","protected":false},"featured_media":48535,"comment_status":"closed","ping_status":"open","template":"","meta":{"_acf_changed":false},"product_brand":[774],"product_cat":[775,204,203,112],"product_tag":[1689],"class_list":{"0":"post-48533","1":"product","2":"type-product","3":"status-publish","4":"has-post-thumbnail","6":"product_brand-meow","7":"product_cat-meow","8":"product_cat-motoriske-barnmobler","9":"product_cat-rutsjebaner","10":"product_cat-treleker","11":"product_tag-bestillingsvaror","13":"first","14":"outofstock","15":"taxable","16":"shipping-taxable","17":"purchasable","18":"product-type-simple"},"acf":[],"yoast_head":"<!-- This site is optimized with the Yoast SEO Premium plugin v25.8 (Yoast SEO v27.2) - https:\/\/yoast.com\/product\/yoast-seo-premium-wordpress\/ -->\n<title>Meow, klatrestativ med klatrevegg og rutsjebane, hvit - Babylove Norska<\/title>\n<meta name=\"robots\" content=\"noindex, follow, max-snippet:-1, max-image-preview:large, max-video-preview:-1\" \/>\n<meta property=\"og:locale\" content=\"nb_NO\" \/>\n<meta property=\"og:type\" content=\"article\" \/>\n<meta property=\"og:title\" content=\"Meow, klatrestativ med klatrevegg og rutsjebane, hvit\" \/>\n<meta property=\"og:description\" content=\"Multifunksjonelt klatresett som best\u00e5r av to pikler-trekanter med to dobbeltsidige ramper fra popul\u00e6re Meow!&nbsp; De to klatretrekantene kan brukes hver for seg eller sammen med de to rampene. Rampene er dobbeltsidige og kan brukes som b\u00e5de sklie eller klatrevegg.&nbsp; Hvis du bare tenker \u00e5 kj\u00f8pe en aktivitetsleke er det denne du skal kj\u00f8pe! Lag din [&hellip;]\" \/>\n<meta property=\"og:url\" content=\"https:\/\/babylove.se\/no\/produkt\/meow-klatreutstyr-med-klatrevegg-og-rutsjebane-hvit\/\" \/>\n<meta property=\"og:site_name\" content=\"Babylove Norska\" \/>\n<meta property=\"article:modified_time\" content=\"2026-04-08T12:09:27+00:00\" \/>\n<meta property=\"og:image\" content=\"https:\/\/babylove.se\/no\/wp-content\/uploads\/sites\/3\/2025\/07\/639c33db57153.jpeg\" \/>\n\t<meta property=\"og:image:width\" content=\"1600\" \/>\n\t<meta property=\"og:image:height\" content=\"1600\" \/>\n\t<meta property=\"og:image:type\" content=\"image\/jpeg\" \/>\n<meta name=\"twitter:card\" content=\"summary_large_image\" \/>\n<meta name=\"twitter:label1\" content=\"Price\" \/>\n\t<meta name=\"twitter:data1\" content=\"4 799,00&nbsp;&#107;&#114;\" \/>\n\t<meta name=\"twitter:label2\" content=\"Availability\" \/>\n\t<meta name=\"twitter:data2\" content=\"Out of stock\" \/>\n<script type=\"application\/ld+json\" class=\"yoast-schema-graph\">{\"@context\":\"https:\/\/schema.org\",\"@graph\":[{\"@type\":\"WebPage\",\"@id\":\"https:\/\/babylove.se\/no\/produkt\/meow-klatreutstyr-med-klatrevegg-og-rutsjebane-hvit\/\",\"url\":\"https:\/\/babylove.se\/no\/produkt\/meow-klatreutstyr-med-klatrevegg-og-rutsjebane-hvit\/\",\"name\":\"Meow, klatrestativ med klatrevegg og rutsjebane, hvit - Babylove Norska\",\"isPartOf\":{\"@id\":\"https:\/\/babylove.se\/no\/#website\"},\"primaryImageOfPage\":{\"@id\":\"https:\/\/babylove.se\/no\/produkt\/meow-klatreutstyr-med-klatrevegg-og-rutsjebane-hvit\/#primaryimage\"},\"image\":{\"@id\":\"https:\/\/babylove.se\/no\/produkt\/meow-klatreutstyr-med-klatrevegg-og-rutsjebane-hvit\/#primaryimage\"},\"thumbnailUrl\":\"https:\/\/babylove.se\/no\/wp-content\/uploads\/sites\/3\/2025\/07\/639c33db57153.jpeg\",\"datePublished\":\"2025-07-19T09:56:12+00:00\",\"dateModified\":\"2026-04-08T12:09:27+00:00\",\"breadcrumb\":{\"@id\":\"https:\/\/babylove.se\/no\/produkt\/meow-klatreutstyr-med-klatrevegg-og-rutsjebane-hvit\/#breadcrumb\"},\"inLanguage\":\"nb-NO\",\"potentialAction\":[{\"@type\":\"ReadAction\",\"target\":[\"https:\/\/babylove.se\/no\/produkt\/meow-klatreutstyr-med-klatrevegg-og-rutsjebane-hvit\/\"]}]},{\"@type\":\"ImageObject\",\"inLanguage\":\"nb-NO\",\"@id\":\"https:\/\/babylove.se\/no\/produkt\/meow-klatreutstyr-med-klatrevegg-og-rutsjebane-hvit\/#primaryimage\",\"url\":\"https:\/\/babylove.se\/no\/wp-content\/uploads\/sites\/3\/2025\/07\/639c33db57153.jpeg\",\"contentUrl\":\"https:\/\/babylove.se\/no\/wp-content\/uploads\/sites\/3\/2025\/07\/639c33db57153.jpeg\",\"width\":1600,\"height\":1600},{\"@type\":\"BreadcrumbList\",\"@id\":\"https:\/\/babylove.se\/no\/produkt\/meow-klatreutstyr-med-klatrevegg-og-rutsjebane-hvit\/#breadcrumb\",\"itemListElement\":[{\"@type\":\"ListItem\",\"position\":1,\"name\":\"Hem\",\"item\":\"https:\/\/babylove.se\/no\/\"},{\"@type\":\"ListItem\",\"position\":2,\"name\":\"Butik\",\"item\":\"https:\/\/babylove.se\/no\/butik\/\"},{\"@type\":\"ListItem\",\"position\":3,\"name\":\"Meow, klatrestativ med klatrevegg og rutsjebane, hvit\"}]},{\"@type\":\"WebSite\",\"@id\":\"https:\/\/babylove.se\/no\/#website\",\"url\":\"https:\/\/babylove.se\/no\/\",\"name\":\"Babylove Norska\",\"description\":\"\",\"potentialAction\":[{\"@type\":\"SearchAction\",\"target\":{\"@type\":\"EntryPoint\",\"urlTemplate\":\"https:\/\/babylove.se\/no\/?s={search_term_string}\"},\"query-input\":{\"@type\":\"PropertyValueSpecification\",\"valueRequired\":true,\"valueName\":\"search_term_string\"}}],\"inLanguage\":\"nb-NO\"}]}<\/script>\n<meta property=\"product:brand\" content=\"Meow\" \/>\n<meta property=\"product:price:amount\" content=\"4799.00\" \/>\n<meta property=\"product:price:currency\" content=\"SEK\" \/>\n<meta property=\"og:availability\" content=\"out of stock\" \/>\n<meta property=\"product:availability\" content=\"out of stock\" \/>\n<meta property=\"product:retailer_item_id\" content=\"ZZWDAIE\" \/>\n<meta property=\"product:condition\" content=\"new\" \/>\n<!-- \/ Yoast SEO Premium plugin. -->","yoast_head_json":{"title":"Meow, klatrestativ med klatrevegg og rutsjebane, hvit - Babylove Norska","robots":{"index":"noindex","follow":"follow","max-snippet":"max-snippet:-1","max-image-preview":"max-image-preview:large","max-video-preview":"max-video-preview:-1"},"og_locale":"nb_NO","og_type":"article","og_title":"Meow, klatrestativ med klatrevegg og rutsjebane, hvit","og_description":"Multifunksjonelt klatresett som best\u00e5r av to pikler-trekanter med to dobbeltsidige ramper fra popul\u00e6re Meow!&nbsp; De to klatretrekantene kan brukes hver for seg eller sammen med de to rampene. Rampene er dobbeltsidige og kan brukes som b\u00e5de sklie eller klatrevegg.&nbsp; Hvis du bare tenker \u00e5 kj\u00f8pe en aktivitetsleke er det denne du skal kj\u00f8pe! Lag din [&hellip;]","og_url":"https:\/\/babylove.se\/no\/produkt\/meow-klatreutstyr-med-klatrevegg-og-rutsjebane-hvit\/","og_site_name":"Babylove Norska","article_modified_time":"2026-04-08T12:09:27+00:00","og_image":[{"width":1600,"height":1600,"url":"https:\/\/babylove.se\/no\/wp-content\/uploads\/sites\/3\/2025\/07\/639c33db57153.jpeg","type":"image\/jpeg"}],"twitter_card":"summary_large_image","twitter_misc":{"Price":"4 799,00&nbsp;&#107;&#114;","Availability":"Out of stock"},"schema":{"@context":"https:\/\/schema.org","@graph":[{"@type":"WebPage","@id":"https:\/\/babylove.se\/no\/produkt\/meow-klatreutstyr-med-klatrevegg-og-rutsjebane-hvit\/","url":"https:\/\/babylove.se\/no\/produkt\/meow-klatreutstyr-med-klatrevegg-og-rutsjebane-hvit\/","name":"Meow, klatrestativ med klatrevegg og rutsjebane, hvit - Babylove Norska","isPartOf":{"@id":"https:\/\/babylove.se\/no\/#website"},"primaryImageOfPage":{"@id":"https:\/\/babylove.se\/no\/produkt\/meow-klatreutstyr-med-klatrevegg-og-rutsjebane-hvit\/#primaryimage"},"image":{"@id":"https:\/\/babylove.se\/no\/produkt\/meow-klatreutstyr-med-klatrevegg-og-rutsjebane-hvit\/#primaryimage"},"thumbnailUrl":"https:\/\/babylove.se\/no\/wp-content\/uploads\/sites\/3\/2025\/07\/639c33db57153.jpeg","datePublished":"2025-07-19T09:56:12+00:00","dateModified":"2026-04-08T12:09:27+00:00","breadcrumb":{"@id":"https:\/\/babylove.se\/no\/produkt\/meow-klatreutstyr-med-klatrevegg-og-rutsjebane-hvit\/#breadcrumb"},"inLanguage":"nb-NO","potentialAction":[{"@type":"ReadAction","target":["https:\/\/babylove.se\/no\/produkt\/meow-klatreutstyr-med-klatrevegg-og-rutsjebane-hvit\/"]}]},{"@type":"ImageObject","inLanguage":"nb-NO","@id":"https:\/\/babylove.se\/no\/produkt\/meow-klatreutstyr-med-klatrevegg-og-rutsjebane-hvit\/#primaryimage","url":"https:\/\/babylove.se\/no\/wp-content\/uploads\/sites\/3\/2025\/07\/639c33db57153.jpeg","contentUrl":"https:\/\/babylove.se\/no\/wp-content\/uploads\/sites\/3\/2025\/07\/639c33db57153.jpeg","width":1600,"height":1600},{"@type":"BreadcrumbList","@id":"https:\/\/babylove.se\/no\/produkt\/meow-klatreutstyr-med-klatrevegg-og-rutsjebane-hvit\/#breadcrumb","itemListElement":[{"@type":"ListItem","position":1,"name":"Hem","item":"https:\/\/babylove.se\/no\/"},{"@type":"ListItem","position":2,"name":"Butik","item":"https:\/\/babylove.se\/no\/butik\/"},{"@type":"ListItem","position":3,"name":"Meow, klatrestativ med klatrevegg og rutsjebane, hvit"}]},{"@type":"WebSite","@id":"https:\/\/babylove.se\/no\/#website","url":"https:\/\/babylove.se\/no\/","name":"Babylove Norska","description":"","potentialAction":[{"@type":"SearchAction","target":{"@type":"EntryPoint","urlTemplate":"https:\/\/babylove.se\/no\/?s={search_term_string}"},"query-input":{"@type":"PropertyValueSpecification","valueRequired":true,"valueName":"search_term_string"}}],"inLanguage":"nb-NO"}]},"product_brand":"Meow","product_price_amount":"4799.00","product_price_currency":"SEK","og_availability":"out of stock","product_availability":"out of stock","product_retailer_item_id":"ZZWDAIE","product_condition":"new"},"_links":{"self":[{"href":"https:\/\/babylove.se\/no\/wp-json\/wp\/v2\/product\/48533","targetHints":{"allow":["GET"]}}],"collection":[{"href":"https:\/\/babylove.se\/no\/wp-json\/wp\/v2\/product"}],"about":[{"href":"https:\/\/babylove.se\/no\/wp-json\/wp\/v2\/types\/product"}],"replies":[{"embeddable":true,"href":"https:\/\/babylove.se\/no\/wp-json\/wp\/v2\/comments?post=48533"}],"wp:featuredmedia":[{"embeddable":true,"href":"https:\/\/babylove.se\/no\/wp-json\/wp\/v2\/media\/48535"}],"wp:attachment":[{"href":"https:\/\/babylove.se\/no\/wp-json\/wp\/v2\/media?parent=48533"}],"wp:term":[{"taxonomy":"product_brand","embeddable":true,"href":"https:\/\/babylove.se\/no\/wp-json\/wp\/v2\/product_brand?post=48533"},{"taxonomy":"product_cat","embeddable":true,"href":"https:\/\/babylove.se\/no\/wp-json\/wp\/v2\/product_cat?post=48533"},{"taxonomy":"product_tag","embeddable":true,"href":"https:\/\/babylove.se\/no\/wp-json\/wp\/v2\/product_tag?post=48533"}],"curies":[{"name":"wp","href":"https:\/\/api.w.org\/{rel}","templated":true}]}}