{"id":48571,"date":"2025-07-19T10:56:58","date_gmt":"2025-07-19T09:56:58","guid":{"rendered":"https:\/\/babylove.se\/produkt\/cam-cam-skotbord-skap-harlequin-oak\/"},"modified":"2026-04-08T13:09:37","modified_gmt":"2026-04-08T12:09:37","slug":"cam-cam-skudbord-skap-harlequin-eik","status":"publish","type":"product","link":"https:\/\/babylove.se\/no\/produkt\/cam-cam-skudbord-skap-harlequin-eik\/","title":{"rendered":"Cam Cam, Stellebord Skap Harlequin Oak"},"content":{"rendered":"<p>Et superfint og elegant stellebord med dobbelhd\u00f8r og to praktiske hyller til barnerommet fra danske Cam Cam. Dette fantastiske stellebordet omformes enkelt til et skap n\u00e5r bleieperioden er over! <\/p>\n<p>Utrolig vakker m\u00f8bel som vil bidra mye til barneromsinnredningen din. Stellebordet passer utmerket sammen med andre m\u00f8bler fra samme serie. <\/p>\n<p><strong>M\u00e5l<\/strong>: <\/p>\n<ul>\n<li>Stellebord: H100 x B84 x D69 cm<\/li>\n<li>Skap: H100 x B84 x D52 cm<\/li>\n<\/ul>\n<p><strong>Materiale<\/strong>: MDF <\/p>\n<p>Fargen er giftfri i henhold til direktiv for leketoysikkerhet EN 71\/3 2013. <\/p>\n<p>Skal kun rengj\u00f8res forsiktig med en lett fuktig klut. <\/p>\n<p>Designer:<a href=\"https:\/\/babylove.se\/varumarken\/cam-cam-copenhagen\"> Cam Cam Copenhagen<\/a><\/p>\n","protected":false},"excerpt":{"rendered":"<p>Et superfint og elegant stellebord med dobbelhd\u00f8r og to praktiske hyller til barnerommet fra danske Cam Cam. Dette fantastiske stellebordet omformes enkelt til et skap n\u00e5r bleieperioden er over! Utrolig vakker m\u00f8bel som vil bidra mye til barneromsinnredningen din. Stellebordet passer utmerket sammen med andre m\u00f8bler fra samme serie. M\u00e5l: Stellebord: H100 x B84 x [&hellip;]<\/p>\n","protected":false},"featured_media":48573,"comment_status":"closed","ping_status":"closed","template":"","meta":{"_acf_changed":false},"product_brand":[1024],"product_cat":[1025,43,838],"product_tag":[],"class_list":{"0":"post-48571","1":"product","2":"type-product","3":"status-publish","4":"has-post-thumbnail","6":"product_brand-cam-cam-copenhagen","7":"product_cat-cam-cam-copenhagen","8":"product_cat-oppbevaringskurver","9":"product_cat-skap","11":"first","12":"outofstock","13":"taxable","14":"shipping-taxable","15":"purchasable","16":"product-type-simple"},"acf":[],"yoast_head":"<!-- This site is optimized with the Yoast SEO Premium plugin v25.8 (Yoast SEO v27.2) - https:\/\/yoast.com\/product\/yoast-seo-premium-wordpress\/ -->\n<title>Cam Cam, Stellebord Skap Harlequin Oak - Babylove Norska<\/title>\n<meta name=\"robots\" content=\"noindex, follow, max-snippet:-1, max-image-preview:large, max-video-preview:-1\" \/>\n<meta property=\"og:locale\" content=\"nb_NO\" \/>\n<meta property=\"og:type\" content=\"article\" \/>\n<meta property=\"og:title\" content=\"Cam Cam, Stellebord Skap Harlequin Oak\" \/>\n<meta property=\"og:description\" content=\"Et superfint og elegant stellebord med dobbelhd\u00f8r og to praktiske hyller til barnerommet fra danske Cam Cam. Dette fantastiske stellebordet omformes enkelt til et skap n\u00e5r bleieperioden er over! Utrolig vakker m\u00f8bel som vil bidra mye til barneromsinnredningen din. Stellebordet passer utmerket sammen med andre m\u00f8bler fra samme serie. M\u00e5l: Stellebord: H100 x B84 x [&hellip;]\" \/>\n<meta property=\"og:url\" content=\"https:\/\/babylove.se\/no\/produkt\/cam-cam-skudbord-skap-harlequin-eik\/\" \/>\n<meta property=\"og:site_name\" content=\"Babylove Norska\" \/>\n<meta property=\"article:modified_time\" content=\"2026-04-08T12:09:37+00:00\" \/>\n<meta property=\"og:image\" content=\"https:\/\/babylove.se\/no\/wp-content\/uploads\/sites\/3\/2025\/07\/639c3d934bdb2.webp\" \/>\n\t<meta property=\"og:image:width\" content=\"1024\" \/>\n\t<meta property=\"og:image:height\" content=\"1024\" \/>\n\t<meta property=\"og:image:type\" content=\"image\/webp\" \/>\n<meta name=\"twitter:card\" content=\"summary_large_image\" \/>\n<meta name=\"twitter:label1\" content=\"Price\" \/>\n\t<meta name=\"twitter:data1\" content=\"10 999,00&nbsp;&#107;&#114;\" \/>\n\t<meta name=\"twitter:label2\" content=\"Availability\" \/>\n\t<meta name=\"twitter:data2\" content=\"Out of stock\" \/>\n<script type=\"application\/ld+json\" class=\"yoast-schema-graph\">{\"@context\":\"https:\/\/schema.org\",\"@graph\":[{\"@type\":\"WebPage\",\"@id\":\"https:\/\/babylove.se\/no\/produkt\/cam-cam-skudbord-skap-harlequin-eik\/\",\"url\":\"https:\/\/babylove.se\/no\/produkt\/cam-cam-skudbord-skap-harlequin-eik\/\",\"name\":\"Cam Cam, Stellebord Skap Harlequin Oak - Babylove Norska\",\"isPartOf\":{\"@id\":\"https:\/\/babylove.se\/no\/#website\"},\"primaryImageOfPage\":{\"@id\":\"https:\/\/babylove.se\/no\/produkt\/cam-cam-skudbord-skap-harlequin-eik\/#primaryimage\"},\"image\":{\"@id\":\"https:\/\/babylove.se\/no\/produkt\/cam-cam-skudbord-skap-harlequin-eik\/#primaryimage\"},\"thumbnailUrl\":\"https:\/\/babylove.se\/no\/wp-content\/uploads\/sites\/3\/2025\/07\/639c3d934bdb2.webp\",\"datePublished\":\"2025-07-19T09:56:58+00:00\",\"dateModified\":\"2026-04-08T12:09:37+00:00\",\"breadcrumb\":{\"@id\":\"https:\/\/babylove.se\/no\/produkt\/cam-cam-skudbord-skap-harlequin-eik\/#breadcrumb\"},\"inLanguage\":\"nb-NO\",\"potentialAction\":[{\"@type\":\"ReadAction\",\"target\":[\"https:\/\/babylove.se\/no\/produkt\/cam-cam-skudbord-skap-harlequin-eik\/\"]}]},{\"@type\":\"ImageObject\",\"inLanguage\":\"nb-NO\",\"@id\":\"https:\/\/babylove.se\/no\/produkt\/cam-cam-skudbord-skap-harlequin-eik\/#primaryimage\",\"url\":\"https:\/\/babylove.se\/no\/wp-content\/uploads\/sites\/3\/2025\/07\/639c3d934bdb2.webp\",\"contentUrl\":\"https:\/\/babylove.se\/no\/wp-content\/uploads\/sites\/3\/2025\/07\/639c3d934bdb2.webp\",\"width\":1024,\"height\":1024},{\"@type\":\"BreadcrumbList\",\"@id\":\"https:\/\/babylove.se\/no\/produkt\/cam-cam-skudbord-skap-harlequin-eik\/#breadcrumb\",\"itemListElement\":[{\"@type\":\"ListItem\",\"position\":1,\"name\":\"Hem\",\"item\":\"https:\/\/babylove.se\/no\/\"},{\"@type\":\"ListItem\",\"position\":2,\"name\":\"Butik\",\"item\":\"https:\/\/babylove.se\/no\/butik\/\"},{\"@type\":\"ListItem\",\"position\":3,\"name\":\"Cam Cam, Stellebord Skap Harlequin Oak\"}]},{\"@type\":\"WebSite\",\"@id\":\"https:\/\/babylove.se\/no\/#website\",\"url\":\"https:\/\/babylove.se\/no\/\",\"name\":\"Babylove Norska\",\"description\":\"\",\"potentialAction\":[{\"@type\":\"SearchAction\",\"target\":{\"@type\":\"EntryPoint\",\"urlTemplate\":\"https:\/\/babylove.se\/no\/?s={search_term_string}\"},\"query-input\":{\"@type\":\"PropertyValueSpecification\",\"valueRequired\":true,\"valueName\":\"search_term_string\"}}],\"inLanguage\":\"nb-NO\"}]}<\/script>\n<meta property=\"product:brand\" content=\"Cam Cam Copenhagen\" \/>\n<meta property=\"product:price:amount\" content=\"10999.00\" \/>\n<meta property=\"product:price:currency\" content=\"SEK\" \/>\n<meta property=\"og:availability\" content=\"out of stock\" \/>\n<meta property=\"product:availability\" content=\"out of stock\" \/>\n<meta property=\"product:retailer_item_id\" content=\"7033\" \/>\n<meta property=\"product:condition\" content=\"new\" \/>\n<!-- \/ Yoast SEO Premium plugin. -->","yoast_head_json":{"title":"Cam Cam, Stellebord Skap Harlequin Oak - Babylove Norska","robots":{"index":"noindex","follow":"follow","max-snippet":"max-snippet:-1","max-image-preview":"max-image-preview:large","max-video-preview":"max-video-preview:-1"},"og_locale":"nb_NO","og_type":"article","og_title":"Cam Cam, Stellebord Skap Harlequin Oak","og_description":"Et superfint og elegant stellebord med dobbelhd\u00f8r og to praktiske hyller til barnerommet fra danske Cam Cam. Dette fantastiske stellebordet omformes enkelt til et skap n\u00e5r bleieperioden er over! Utrolig vakker m\u00f8bel som vil bidra mye til barneromsinnredningen din. Stellebordet passer utmerket sammen med andre m\u00f8bler fra samme serie. M\u00e5l: Stellebord: H100 x B84 x [&hellip;]","og_url":"https:\/\/babylove.se\/no\/produkt\/cam-cam-skudbord-skap-harlequin-eik\/","og_site_name":"Babylove Norska","article_modified_time":"2026-04-08T12:09:37+00:00","og_image":[{"width":1024,"height":1024,"url":"https:\/\/babylove.se\/no\/wp-content\/uploads\/sites\/3\/2025\/07\/639c3d934bdb2.webp","type":"image\/webp"}],"twitter_card":"summary_large_image","twitter_misc":{"Price":"10 999,00&nbsp;&#107;&#114;","Availability":"Out of stock"},"schema":{"@context":"https:\/\/schema.org","@graph":[{"@type":"WebPage","@id":"https:\/\/babylove.se\/no\/produkt\/cam-cam-skudbord-skap-harlequin-eik\/","url":"https:\/\/babylove.se\/no\/produkt\/cam-cam-skudbord-skap-harlequin-eik\/","name":"Cam Cam, Stellebord Skap Harlequin Oak - Babylove Norska","isPartOf":{"@id":"https:\/\/babylove.se\/no\/#website"},"primaryImageOfPage":{"@id":"https:\/\/babylove.se\/no\/produkt\/cam-cam-skudbord-skap-harlequin-eik\/#primaryimage"},"image":{"@id":"https:\/\/babylove.se\/no\/produkt\/cam-cam-skudbord-skap-harlequin-eik\/#primaryimage"},"thumbnailUrl":"https:\/\/babylove.se\/no\/wp-content\/uploads\/sites\/3\/2025\/07\/639c3d934bdb2.webp","datePublished":"2025-07-19T09:56:58+00:00","dateModified":"2026-04-08T12:09:37+00:00","breadcrumb":{"@id":"https:\/\/babylove.se\/no\/produkt\/cam-cam-skudbord-skap-harlequin-eik\/#breadcrumb"},"inLanguage":"nb-NO","potentialAction":[{"@type":"ReadAction","target":["https:\/\/babylove.se\/no\/produkt\/cam-cam-skudbord-skap-harlequin-eik\/"]}]},{"@type":"ImageObject","inLanguage":"nb-NO","@id":"https:\/\/babylove.se\/no\/produkt\/cam-cam-skudbord-skap-harlequin-eik\/#primaryimage","url":"https:\/\/babylove.se\/no\/wp-content\/uploads\/sites\/3\/2025\/07\/639c3d934bdb2.webp","contentUrl":"https:\/\/babylove.se\/no\/wp-content\/uploads\/sites\/3\/2025\/07\/639c3d934bdb2.webp","width":1024,"height":1024},{"@type":"BreadcrumbList","@id":"https:\/\/babylove.se\/no\/produkt\/cam-cam-skudbord-skap-harlequin-eik\/#breadcrumb","itemListElement":[{"@type":"ListItem","position":1,"name":"Hem","item":"https:\/\/babylove.se\/no\/"},{"@type":"ListItem","position":2,"name":"Butik","item":"https:\/\/babylove.se\/no\/butik\/"},{"@type":"ListItem","position":3,"name":"Cam Cam, Stellebord Skap Harlequin Oak"}]},{"@type":"WebSite","@id":"https:\/\/babylove.se\/no\/#website","url":"https:\/\/babylove.se\/no\/","name":"Babylove Norska","description":"","potentialAction":[{"@type":"SearchAction","target":{"@type":"EntryPoint","urlTemplate":"https:\/\/babylove.se\/no\/?s={search_term_string}"},"query-input":{"@type":"PropertyValueSpecification","valueRequired":true,"valueName":"search_term_string"}}],"inLanguage":"nb-NO"}]},"product_brand":"Cam Cam Copenhagen","product_price_amount":"10999.00","product_price_currency":"SEK","og_availability":"out of stock","product_availability":"out of stock","product_retailer_item_id":"7033","product_condition":"new"},"_links":{"self":[{"href":"https:\/\/babylove.se\/no\/wp-json\/wp\/v2\/product\/48571","targetHints":{"allow":["GET"]}}],"collection":[{"href":"https:\/\/babylove.se\/no\/wp-json\/wp\/v2\/product"}],"about":[{"href":"https:\/\/babylove.se\/no\/wp-json\/wp\/v2\/types\/product"}],"replies":[{"embeddable":true,"href":"https:\/\/babylove.se\/no\/wp-json\/wp\/v2\/comments?post=48571"}],"wp:featuredmedia":[{"embeddable":true,"href":"https:\/\/babylove.se\/no\/wp-json\/wp\/v2\/media\/48573"}],"wp:attachment":[{"href":"https:\/\/babylove.se\/no\/wp-json\/wp\/v2\/media?parent=48571"}],"wp:term":[{"taxonomy":"product_brand","embeddable":true,"href":"https:\/\/babylove.se\/no\/wp-json\/wp\/v2\/product_brand?post=48571"},{"taxonomy":"product_cat","embeddable":true,"href":"https:\/\/babylove.se\/no\/wp-json\/wp\/v2\/product_cat?post=48571"},{"taxonomy":"product_tag","embeddable":true,"href":"https:\/\/babylove.se\/no\/wp-json\/wp\/v2\/product_tag?post=48571"}],"curies":[{"name":"wp","href":"https:\/\/api.w.org\/{rel}","templated":true}]}}