{"id":48642,"date":"2025-07-19T10:57:32","date_gmt":"2025-07-19T09:57:32","guid":{"rendered":"https:\/\/babylove.se\/produkt\/bini-saccosack-soft-lavender\/"},"modified":"2026-04-08T13:10:16","modified_gmt":"2026-04-08T12:10:16","slug":"bini-saccosekk-soft-lavendel","status":"publish","type":"product","link":"https:\/\/babylove.se\/no\/produkt\/bini-saccosekk-soft-lavendel\/","title":{"rendered":"Bini sovepose soft, Lavender"},"content":{"rendered":"<p>Et vakkert produkt som passer like godt i barnets rom som i stua!<\/p>\n<p>Bini Soft er en meget deilig saccosekk som er designet med stor omtanke, slik at du og barnet ditt kan sitte p\u00e5 den, ligge p\u00e5 den eller til og med leke p\u00e5 den.&nbsp;<\/p>\n<p>Den er laget av meget slitesterkt teddystoff, som samtidig er ultramykt og behagelig. Den lages for h\u00e5nd i Europa og materialet har ikke v\u00e6rt utsatt for noen kjemiske prosesser og inneholder ikke silikon.&nbsp;<\/p>\n<p>Innerposen inneholder en fylling av polypropen som er et perfekt materiale for en sittepose, da den lett former seg etter kroppen og kroppens posisjon.<\/p>\n<p><strong>M\u00e5l<\/strong>: 80 x 80 x 110 cm<\/p>\n<p><strong>Materiale<\/strong>: 100 % OEKO-TEX-sertifisert PES. Trekket kan vaskes p\u00e5 30 grader.<\/p>\n<p>Designer: <a href=\"https:\/\/babylove.se\/varumarken\/bini\">Bini<\/a><\/p>\n","protected":false},"excerpt":{"rendered":"<p>Et vakkert produkt som passer like godt i barnets rom som i stua! Bini Soft er en meget deilig saccosekk som er designet med stor omtanke, slik at du og barnet ditt kan sitte p\u00e5 den, ligge p\u00e5 den eller til og med leke p\u00e5 den.&nbsp; Den er laget av meget slitesterkt teddystoff, som samtidig [&hellip;]<\/p>\n","protected":false},"featured_media":48644,"comment_status":"closed","ping_status":"open","template":"","meta":{"_acf_changed":false},"product_brand":[734],"product_cat":[735,44,80],"product_tag":[1689],"class_list":{"0":"post-48642","1":"product","2":"type-product","3":"status-publish","4":"has-post-thumbnail","6":"product_brand-bini","7":"product_cat-bini","8":"product_cat-sitteputfer-saccosekker","9":"product_cat-stoler","10":"product_tag-bestillingsvaror","12":"first","13":"instock","14":"taxable","15":"shipping-taxable","16":"purchasable","17":"product-type-simple"},"acf":[],"yoast_head":"<!-- This site is optimized with the Yoast SEO Premium plugin v25.8 (Yoast SEO v27.2) - https:\/\/yoast.com\/product\/yoast-seo-premium-wordpress\/ -->\n<title>Bini sovepose soft, Lavender - Babylove Norska<\/title>\n<meta name=\"robots\" content=\"noindex, follow, max-snippet:-1, max-image-preview:large, max-video-preview:-1\" \/>\n<meta property=\"og:locale\" content=\"nb_NO\" \/>\n<meta property=\"og:type\" content=\"article\" \/>\n<meta property=\"og:title\" content=\"Bini sovepose soft, Lavender\" \/>\n<meta property=\"og:description\" content=\"Et vakkert produkt som passer like godt i barnets rom som i stua! Bini Soft er en meget deilig saccosekk som er designet med stor omtanke, slik at du og barnet ditt kan sitte p\u00e5 den, ligge p\u00e5 den eller til og med leke p\u00e5 den.&nbsp; Den er laget av meget slitesterkt teddystoff, som samtidig [&hellip;]\" \/>\n<meta property=\"og:url\" content=\"https:\/\/babylove.se\/no\/produkt\/bini-saccosekk-soft-lavendel\/\" \/>\n<meta property=\"og:site_name\" content=\"Babylove Norska\" \/>\n<meta property=\"article:modified_time\" content=\"2026-04-08T12:10:16+00:00\" \/>\n<meta property=\"og:image\" content=\"https:\/\/babylove.se\/no\/wp-content\/uploads\/sites\/3\/2025\/07\/63ad5770ac9b3.jpeg\" \/>\n\t<meta property=\"og:image:width\" content=\"1600\" \/>\n\t<meta property=\"og:image:height\" content=\"1549\" \/>\n\t<meta property=\"og:image:type\" content=\"image\/jpeg\" \/>\n<meta name=\"twitter:card\" content=\"summary_large_image\" \/>\n<meta name=\"twitter:label1\" content=\"Price\" \/>\n\t<meta name=\"twitter:data1\" content=\"2 799,00&nbsp;&#107;&#114;\" \/>\n\t<meta name=\"twitter:label2\" content=\"Availability\" \/>\n\t<meta name=\"twitter:data2\" content=\"In stock\" \/>\n<script type=\"application\/ld+json\" class=\"yoast-schema-graph\">{\"@context\":\"https:\/\/schema.org\",\"@graph\":[{\"@type\":\"WebPage\",\"@id\":\"https:\/\/babylove.se\/no\/produkt\/bini-saccosekk-soft-lavendel\/\",\"url\":\"https:\/\/babylove.se\/no\/produkt\/bini-saccosekk-soft-lavendel\/\",\"name\":\"Bini sovepose soft, Lavender - Babylove Norska\",\"isPartOf\":{\"@id\":\"https:\/\/babylove.se\/no\/#website\"},\"primaryImageOfPage\":{\"@id\":\"https:\/\/babylove.se\/no\/produkt\/bini-saccosekk-soft-lavendel\/#primaryimage\"},\"image\":{\"@id\":\"https:\/\/babylove.se\/no\/produkt\/bini-saccosekk-soft-lavendel\/#primaryimage\"},\"thumbnailUrl\":\"https:\/\/babylove.se\/no\/wp-content\/uploads\/sites\/3\/2025\/07\/63ad5770ac9b3.jpeg\",\"datePublished\":\"2025-07-19T09:57:32+00:00\",\"dateModified\":\"2026-04-08T12:10:16+00:00\",\"breadcrumb\":{\"@id\":\"https:\/\/babylove.se\/no\/produkt\/bini-saccosekk-soft-lavendel\/#breadcrumb\"},\"inLanguage\":\"nb-NO\",\"potentialAction\":[{\"@type\":\"ReadAction\",\"target\":[\"https:\/\/babylove.se\/no\/produkt\/bini-saccosekk-soft-lavendel\/\"]}]},{\"@type\":\"ImageObject\",\"inLanguage\":\"nb-NO\",\"@id\":\"https:\/\/babylove.se\/no\/produkt\/bini-saccosekk-soft-lavendel\/#primaryimage\",\"url\":\"https:\/\/babylove.se\/no\/wp-content\/uploads\/sites\/3\/2025\/07\/63ad5770ac9b3.jpeg\",\"contentUrl\":\"https:\/\/babylove.se\/no\/wp-content\/uploads\/sites\/3\/2025\/07\/63ad5770ac9b3.jpeg\",\"width\":1600,\"height\":1549},{\"@type\":\"BreadcrumbList\",\"@id\":\"https:\/\/babylove.se\/no\/produkt\/bini-saccosekk-soft-lavendel\/#breadcrumb\",\"itemListElement\":[{\"@type\":\"ListItem\",\"position\":1,\"name\":\"Hem\",\"item\":\"https:\/\/babylove.se\/no\/\"},{\"@type\":\"ListItem\",\"position\":2,\"name\":\"Butik\",\"item\":\"https:\/\/babylove.se\/no\/butik\/\"},{\"@type\":\"ListItem\",\"position\":3,\"name\":\"Bini sovepose soft, Lavender\"}]},{\"@type\":\"WebSite\",\"@id\":\"https:\/\/babylove.se\/no\/#website\",\"url\":\"https:\/\/babylove.se\/no\/\",\"name\":\"Babylove Norska\",\"description\":\"\",\"potentialAction\":[{\"@type\":\"SearchAction\",\"target\":{\"@type\":\"EntryPoint\",\"urlTemplate\":\"https:\/\/babylove.se\/no\/?s={search_term_string}\"},\"query-input\":{\"@type\":\"PropertyValueSpecification\",\"valueRequired\":true,\"valueName\":\"search_term_string\"}}],\"inLanguage\":\"nb-NO\"}]}<\/script>\n<meta property=\"product:brand\" content=\"Bini\" \/>\n<meta property=\"product:price:amount\" content=\"2799.00\" \/>\n<meta property=\"product:price:currency\" content=\"SEK\" \/>\n<meta property=\"og:availability\" content=\"instock\" \/>\n<meta property=\"product:availability\" content=\"instock\" \/>\n<meta property=\"product:retailer_item_id\" content=\"16098\" \/>\n<meta property=\"product:condition\" content=\"new\" \/>\n<!-- \/ Yoast SEO Premium plugin. -->","yoast_head_json":{"title":"Bini sovepose soft, Lavender - Babylove Norska","robots":{"index":"noindex","follow":"follow","max-snippet":"max-snippet:-1","max-image-preview":"max-image-preview:large","max-video-preview":"max-video-preview:-1"},"og_locale":"nb_NO","og_type":"article","og_title":"Bini sovepose soft, Lavender","og_description":"Et vakkert produkt som passer like godt i barnets rom som i stua! Bini Soft er en meget deilig saccosekk som er designet med stor omtanke, slik at du og barnet ditt kan sitte p\u00e5 den, ligge p\u00e5 den eller til og med leke p\u00e5 den.&nbsp; Den er laget av meget slitesterkt teddystoff, som samtidig [&hellip;]","og_url":"https:\/\/babylove.se\/no\/produkt\/bini-saccosekk-soft-lavendel\/","og_site_name":"Babylove Norska","article_modified_time":"2026-04-08T12:10:16+00:00","og_image":[{"width":1600,"height":1549,"url":"https:\/\/babylove.se\/no\/wp-content\/uploads\/sites\/3\/2025\/07\/63ad5770ac9b3.jpeg","type":"image\/jpeg"}],"twitter_card":"summary_large_image","twitter_misc":{"Price":"2 799,00&nbsp;&#107;&#114;","Availability":"In stock"},"schema":{"@context":"https:\/\/schema.org","@graph":[{"@type":"WebPage","@id":"https:\/\/babylove.se\/no\/produkt\/bini-saccosekk-soft-lavendel\/","url":"https:\/\/babylove.se\/no\/produkt\/bini-saccosekk-soft-lavendel\/","name":"Bini sovepose soft, Lavender - Babylove Norska","isPartOf":{"@id":"https:\/\/babylove.se\/no\/#website"},"primaryImageOfPage":{"@id":"https:\/\/babylove.se\/no\/produkt\/bini-saccosekk-soft-lavendel\/#primaryimage"},"image":{"@id":"https:\/\/babylove.se\/no\/produkt\/bini-saccosekk-soft-lavendel\/#primaryimage"},"thumbnailUrl":"https:\/\/babylove.se\/no\/wp-content\/uploads\/sites\/3\/2025\/07\/63ad5770ac9b3.jpeg","datePublished":"2025-07-19T09:57:32+00:00","dateModified":"2026-04-08T12:10:16+00:00","breadcrumb":{"@id":"https:\/\/babylove.se\/no\/produkt\/bini-saccosekk-soft-lavendel\/#breadcrumb"},"inLanguage":"nb-NO","potentialAction":[{"@type":"ReadAction","target":["https:\/\/babylove.se\/no\/produkt\/bini-saccosekk-soft-lavendel\/"]}]},{"@type":"ImageObject","inLanguage":"nb-NO","@id":"https:\/\/babylove.se\/no\/produkt\/bini-saccosekk-soft-lavendel\/#primaryimage","url":"https:\/\/babylove.se\/no\/wp-content\/uploads\/sites\/3\/2025\/07\/63ad5770ac9b3.jpeg","contentUrl":"https:\/\/babylove.se\/no\/wp-content\/uploads\/sites\/3\/2025\/07\/63ad5770ac9b3.jpeg","width":1600,"height":1549},{"@type":"BreadcrumbList","@id":"https:\/\/babylove.se\/no\/produkt\/bini-saccosekk-soft-lavendel\/#breadcrumb","itemListElement":[{"@type":"ListItem","position":1,"name":"Hem","item":"https:\/\/babylove.se\/no\/"},{"@type":"ListItem","position":2,"name":"Butik","item":"https:\/\/babylove.se\/no\/butik\/"},{"@type":"ListItem","position":3,"name":"Bini sovepose soft, Lavender"}]},{"@type":"WebSite","@id":"https:\/\/babylove.se\/no\/#website","url":"https:\/\/babylove.se\/no\/","name":"Babylove Norska","description":"","potentialAction":[{"@type":"SearchAction","target":{"@type":"EntryPoint","urlTemplate":"https:\/\/babylove.se\/no\/?s={search_term_string}"},"query-input":{"@type":"PropertyValueSpecification","valueRequired":true,"valueName":"search_term_string"}}],"inLanguage":"nb-NO"}]},"product_brand":"Bini","product_price_amount":"2799.00","product_price_currency":"SEK","og_availability":"instock","product_availability":"instock","product_retailer_item_id":"16098","product_condition":"new"},"_links":{"self":[{"href":"https:\/\/babylove.se\/no\/wp-json\/wp\/v2\/product\/48642","targetHints":{"allow":["GET"]}}],"collection":[{"href":"https:\/\/babylove.se\/no\/wp-json\/wp\/v2\/product"}],"about":[{"href":"https:\/\/babylove.se\/no\/wp-json\/wp\/v2\/types\/product"}],"replies":[{"embeddable":true,"href":"https:\/\/babylove.se\/no\/wp-json\/wp\/v2\/comments?post=48642"}],"wp:featuredmedia":[{"embeddable":true,"href":"https:\/\/babylove.se\/no\/wp-json\/wp\/v2\/media\/48644"}],"wp:attachment":[{"href":"https:\/\/babylove.se\/no\/wp-json\/wp\/v2\/media?parent=48642"}],"wp:term":[{"taxonomy":"product_brand","embeddable":true,"href":"https:\/\/babylove.se\/no\/wp-json\/wp\/v2\/product_brand?post=48642"},{"taxonomy":"product_cat","embeddable":true,"href":"https:\/\/babylove.se\/no\/wp-json\/wp\/v2\/product_cat?post=48642"},{"taxonomy":"product_tag","embeddable":true,"href":"https:\/\/babylove.se\/no\/wp-json\/wp\/v2\/product_tag?post=48642"}],"curies":[{"name":"wp","href":"https:\/\/api.w.org\/{rel}","templated":true}]}}