{"id":48707,"date":"2025-07-19T10:58:42","date_gmt":"2025-07-19T09:58:42","guid":{"rendered":"https:\/\/babylove.se\/produkt\/sebra-skotbord-byra-2-i-1-vit\/"},"modified":"2026-04-08T13:10:33","modified_gmt":"2026-04-08T12:10:33","slug":"sebra-stellebord-byra-2-i-1-hvit","status":"publish","type":"product","link":"https:\/\/babylove.se\/no\/produkt\/sebra-stellebord-byra-2-i-1-hvit\/","title":{"rendered":"Sebra, stellebord kommode 2 i 1, hvit"},"content":{"rendered":"<p>Elegant og funksjonell 2-i-1 m\u00f8bel, som best\u00e5r av en kommode, et stellebord og to skuffer fra danske Sebra! Praktisk og pent n\u00e5r det er p\u00e5 sitt beste!<\/p>\n<p>Stellebordet er romslig slik at du enkelt kan f\u00e5 plass til en stellemadras, bleier, babykrem og annet som du trenger. De store skuffene lukkes forsiktig takket v\u00e6re &#8220;soft close&#8221;.<\/p>\n<p>Den klassiske stilen garanterer en lang levetid.<\/p>\n<p>M\u00e5l B75 x H102 x D70 cm<\/p>\n<p>Materiale: FSC-sertifisert plywood\/b\u00f8ketre\/MDF<\/p>\n<p>Designer: <a href=\"https:\/\/babylove.se\/varumarken\/sebra\">Sebra<\/a><\/p>\n<p>Hjemlevering er inkludert i prisen.<\/p>\n","protected":false},"excerpt":{"rendered":"<p>Elegant og funksjonell 2-i-1 m\u00f8bel, som best\u00e5r av en kommode, et stellebord og to skuffer fra danske Sebra! Praktisk og pent n\u00e5r det er p\u00e5 sitt beste! Stellebordet er romslig slik at du enkelt kan f\u00e5 plass til en stellemadras, bleier, babykrem og annet som du trenger. De store skuffene lukkes forsiktig takket v\u00e6re &#8220;soft [&hellip;]<\/p>\n","protected":false},"featured_media":48709,"comment_status":"closed","ping_status":"open","template":"","meta":{"_acf_changed":false},"product_brand":[],"product_cat":[595,161],"product_tag":[],"class_list":{"0":"post-48707","1":"product","2":"type-product","3":"status-publish","4":"has-post-thumbnail","6":"product_cat-garderobe","7":"product_cat-sebra","9":"first","10":"outofstock","11":"taxable","12":"shipping-taxable","13":"purchasable","14":"product-type-simple"},"acf":[],"yoast_head":"<!-- This site is optimized with the Yoast SEO Premium plugin v25.8 (Yoast SEO v27.2) - https:\/\/yoast.com\/product\/yoast-seo-premium-wordpress\/ -->\n<title>Sebra, stellebord kommode 2 i 1, hvit - Babylove Norska<\/title>\n<meta name=\"robots\" content=\"noindex, follow, max-snippet:-1, max-image-preview:large, max-video-preview:-1\" \/>\n<meta property=\"og:locale\" content=\"nb_NO\" \/>\n<meta property=\"og:type\" content=\"article\" \/>\n<meta property=\"og:title\" content=\"Sebra, stellebord kommode 2 i 1, hvit\" \/>\n<meta property=\"og:description\" content=\"Elegant og funksjonell 2-i-1 m\u00f8bel, som best\u00e5r av en kommode, et stellebord og to skuffer fra danske Sebra! Praktisk og pent n\u00e5r det er p\u00e5 sitt beste! Stellebordet er romslig slik at du enkelt kan f\u00e5 plass til en stellemadras, bleier, babykrem og annet som du trenger. De store skuffene lukkes forsiktig takket v\u00e6re &#8220;soft [&hellip;]\" \/>\n<meta property=\"og:url\" content=\"https:\/\/babylove.se\/no\/produkt\/sebra-stellebord-byra-2-i-1-hvit\/\" \/>\n<meta property=\"og:site_name\" content=\"Babylove Norska\" \/>\n<meta property=\"article:modified_time\" content=\"2026-04-08T12:10:33+00:00\" \/>\n<meta property=\"og:image\" content=\"https:\/\/babylove.se\/no\/wp-content\/uploads\/sites\/3\/2025\/07\/63b405bbd8b08.jpeg\" \/>\n\t<meta property=\"og:image:width\" content=\"1230\" \/>\n\t<meta property=\"og:image:height\" content=\"1230\" \/>\n\t<meta property=\"og:image:type\" content=\"image\/jpeg\" \/>\n<meta name=\"twitter:card\" content=\"summary_large_image\" \/>\n<meta name=\"twitter:label1\" content=\"Price\" \/>\n\t<meta name=\"twitter:data1\" content=\"8 495,00&nbsp;&#107;&#114;\" \/>\n\t<meta name=\"twitter:label2\" content=\"Availability\" \/>\n\t<meta name=\"twitter:data2\" content=\"Out of stock\" \/>\n<script type=\"application\/ld+json\" class=\"yoast-schema-graph\">{\"@context\":\"https:\/\/schema.org\",\"@graph\":[{\"@type\":\"WebPage\",\"@id\":\"https:\/\/babylove.se\/no\/produkt\/sebra-stellebord-byra-2-i-1-hvit\/\",\"url\":\"https:\/\/babylove.se\/no\/produkt\/sebra-stellebord-byra-2-i-1-hvit\/\",\"name\":\"Sebra, stellebord kommode 2 i 1, hvit - Babylove Norska\",\"isPartOf\":{\"@id\":\"https:\/\/babylove.se\/no\/#website\"},\"primaryImageOfPage\":{\"@id\":\"https:\/\/babylove.se\/no\/produkt\/sebra-stellebord-byra-2-i-1-hvit\/#primaryimage\"},\"image\":{\"@id\":\"https:\/\/babylove.se\/no\/produkt\/sebra-stellebord-byra-2-i-1-hvit\/#primaryimage\"},\"thumbnailUrl\":\"https:\/\/babylove.se\/no\/wp-content\/uploads\/sites\/3\/2025\/07\/63b405bbd8b08.jpeg\",\"datePublished\":\"2025-07-19T09:58:42+00:00\",\"dateModified\":\"2026-04-08T12:10:33+00:00\",\"breadcrumb\":{\"@id\":\"https:\/\/babylove.se\/no\/produkt\/sebra-stellebord-byra-2-i-1-hvit\/#breadcrumb\"},\"inLanguage\":\"nb-NO\",\"potentialAction\":[{\"@type\":\"ReadAction\",\"target\":[\"https:\/\/babylove.se\/no\/produkt\/sebra-stellebord-byra-2-i-1-hvit\/\"]}]},{\"@type\":\"ImageObject\",\"inLanguage\":\"nb-NO\",\"@id\":\"https:\/\/babylove.se\/no\/produkt\/sebra-stellebord-byra-2-i-1-hvit\/#primaryimage\",\"url\":\"https:\/\/babylove.se\/no\/wp-content\/uploads\/sites\/3\/2025\/07\/63b405bbd8b08.jpeg\",\"contentUrl\":\"https:\/\/babylove.se\/no\/wp-content\/uploads\/sites\/3\/2025\/07\/63b405bbd8b08.jpeg\",\"width\":1230,\"height\":1230},{\"@type\":\"BreadcrumbList\",\"@id\":\"https:\/\/babylove.se\/no\/produkt\/sebra-stellebord-byra-2-i-1-hvit\/#breadcrumb\",\"itemListElement\":[{\"@type\":\"ListItem\",\"position\":1,\"name\":\"Hem\",\"item\":\"https:\/\/babylove.se\/no\/\"},{\"@type\":\"ListItem\",\"position\":2,\"name\":\"Butik\",\"item\":\"https:\/\/babylove.se\/no\/butik\/\"},{\"@type\":\"ListItem\",\"position\":3,\"name\":\"Sebra, stellebord kommode 2 i 1, hvit\"}]},{\"@type\":\"WebSite\",\"@id\":\"https:\/\/babylove.se\/no\/#website\",\"url\":\"https:\/\/babylove.se\/no\/\",\"name\":\"Babylove Norska\",\"description\":\"\",\"potentialAction\":[{\"@type\":\"SearchAction\",\"target\":{\"@type\":\"EntryPoint\",\"urlTemplate\":\"https:\/\/babylove.se\/no\/?s={search_term_string}\"},\"query-input\":{\"@type\":\"PropertyValueSpecification\",\"valueRequired\":true,\"valueName\":\"search_term_string\"}}],\"inLanguage\":\"nb-NO\"}]}<\/script>\n<meta property=\"product:price:amount\" content=\"8495.00\" \/>\n<meta property=\"product:price:currency\" content=\"SEK\" \/>\n<meta property=\"og:availability\" content=\"out of stock\" \/>\n<meta property=\"product:availability\" content=\"out of stock\" \/>\n<meta property=\"product:retailer_item_id\" content=\"201330033\" \/>\n<meta property=\"product:condition\" content=\"new\" \/>\n<!-- \/ Yoast SEO Premium plugin. -->","yoast_head_json":{"title":"Sebra, stellebord kommode 2 i 1, hvit - Babylove Norska","robots":{"index":"noindex","follow":"follow","max-snippet":"max-snippet:-1","max-image-preview":"max-image-preview:large","max-video-preview":"max-video-preview:-1"},"og_locale":"nb_NO","og_type":"article","og_title":"Sebra, stellebord kommode 2 i 1, hvit","og_description":"Elegant og funksjonell 2-i-1 m\u00f8bel, som best\u00e5r av en kommode, et stellebord og to skuffer fra danske Sebra! Praktisk og pent n\u00e5r det er p\u00e5 sitt beste! Stellebordet er romslig slik at du enkelt kan f\u00e5 plass til en stellemadras, bleier, babykrem og annet som du trenger. De store skuffene lukkes forsiktig takket v\u00e6re &#8220;soft [&hellip;]","og_url":"https:\/\/babylove.se\/no\/produkt\/sebra-stellebord-byra-2-i-1-hvit\/","og_site_name":"Babylove Norska","article_modified_time":"2026-04-08T12:10:33+00:00","og_image":[{"width":1230,"height":1230,"url":"https:\/\/babylove.se\/no\/wp-content\/uploads\/sites\/3\/2025\/07\/63b405bbd8b08.jpeg","type":"image\/jpeg"}],"twitter_card":"summary_large_image","twitter_misc":{"Price":"8 495,00&nbsp;&#107;&#114;","Availability":"Out of stock"},"schema":{"@context":"https:\/\/schema.org","@graph":[{"@type":"WebPage","@id":"https:\/\/babylove.se\/no\/produkt\/sebra-stellebord-byra-2-i-1-hvit\/","url":"https:\/\/babylove.se\/no\/produkt\/sebra-stellebord-byra-2-i-1-hvit\/","name":"Sebra, stellebord kommode 2 i 1, hvit - Babylove Norska","isPartOf":{"@id":"https:\/\/babylove.se\/no\/#website"},"primaryImageOfPage":{"@id":"https:\/\/babylove.se\/no\/produkt\/sebra-stellebord-byra-2-i-1-hvit\/#primaryimage"},"image":{"@id":"https:\/\/babylove.se\/no\/produkt\/sebra-stellebord-byra-2-i-1-hvit\/#primaryimage"},"thumbnailUrl":"https:\/\/babylove.se\/no\/wp-content\/uploads\/sites\/3\/2025\/07\/63b405bbd8b08.jpeg","datePublished":"2025-07-19T09:58:42+00:00","dateModified":"2026-04-08T12:10:33+00:00","breadcrumb":{"@id":"https:\/\/babylove.se\/no\/produkt\/sebra-stellebord-byra-2-i-1-hvit\/#breadcrumb"},"inLanguage":"nb-NO","potentialAction":[{"@type":"ReadAction","target":["https:\/\/babylove.se\/no\/produkt\/sebra-stellebord-byra-2-i-1-hvit\/"]}]},{"@type":"ImageObject","inLanguage":"nb-NO","@id":"https:\/\/babylove.se\/no\/produkt\/sebra-stellebord-byra-2-i-1-hvit\/#primaryimage","url":"https:\/\/babylove.se\/no\/wp-content\/uploads\/sites\/3\/2025\/07\/63b405bbd8b08.jpeg","contentUrl":"https:\/\/babylove.se\/no\/wp-content\/uploads\/sites\/3\/2025\/07\/63b405bbd8b08.jpeg","width":1230,"height":1230},{"@type":"BreadcrumbList","@id":"https:\/\/babylove.se\/no\/produkt\/sebra-stellebord-byra-2-i-1-hvit\/#breadcrumb","itemListElement":[{"@type":"ListItem","position":1,"name":"Hem","item":"https:\/\/babylove.se\/no\/"},{"@type":"ListItem","position":2,"name":"Butik","item":"https:\/\/babylove.se\/no\/butik\/"},{"@type":"ListItem","position":3,"name":"Sebra, stellebord kommode 2 i 1, hvit"}]},{"@type":"WebSite","@id":"https:\/\/babylove.se\/no\/#website","url":"https:\/\/babylove.se\/no\/","name":"Babylove Norska","description":"","potentialAction":[{"@type":"SearchAction","target":{"@type":"EntryPoint","urlTemplate":"https:\/\/babylove.se\/no\/?s={search_term_string}"},"query-input":{"@type":"PropertyValueSpecification","valueRequired":true,"valueName":"search_term_string"}}],"inLanguage":"nb-NO"}]},"product_price_amount":"8495.00","product_price_currency":"SEK","og_availability":"out of stock","product_availability":"out of stock","product_retailer_item_id":"201330033","product_condition":"new"},"_links":{"self":[{"href":"https:\/\/babylove.se\/no\/wp-json\/wp\/v2\/product\/48707","targetHints":{"allow":["GET"]}}],"collection":[{"href":"https:\/\/babylove.se\/no\/wp-json\/wp\/v2\/product"}],"about":[{"href":"https:\/\/babylove.se\/no\/wp-json\/wp\/v2\/types\/product"}],"replies":[{"embeddable":true,"href":"https:\/\/babylove.se\/no\/wp-json\/wp\/v2\/comments?post=48707"}],"wp:featuredmedia":[{"embeddable":true,"href":"https:\/\/babylove.se\/no\/wp-json\/wp\/v2\/media\/48709"}],"wp:attachment":[{"href":"https:\/\/babylove.se\/no\/wp-json\/wp\/v2\/media?parent=48707"}],"wp:term":[{"taxonomy":"product_brand","embeddable":true,"href":"https:\/\/babylove.se\/no\/wp-json\/wp\/v2\/product_brand?post=48707"},{"taxonomy":"product_cat","embeddable":true,"href":"https:\/\/babylove.se\/no\/wp-json\/wp\/v2\/product_cat?post=48707"},{"taxonomy":"product_tag","embeddable":true,"href":"https:\/\/babylove.se\/no\/wp-json\/wp\/v2\/product_tag?post=48707"}],"curies":[{"name":"wp","href":"https:\/\/api.w.org\/{rel}","templated":true}]}}