{"id":48715,"date":"2025-07-19T10:58:42","date_gmt":"2025-07-19T09:58:42","guid":{"rendered":"https:\/\/babylove.se\/produkt\/lorena-canals-mjuk-matta-till-barnrummet-bamboo-leaf\/"},"modified":"2026-04-08T13:10:40","modified_gmt":"2026-04-08T12:10:40","slug":"lorena-canals-myk-teppe-til-barnerommet-bamboo-leaf","status":"publish","type":"product","link":"https:\/\/babylove.se\/no\/produkt\/lorena-canals-myk-teppe-til-barnerommet-bamboo-leaf\/","title":{"rendered":"Lorena Canals, mykt teppe til barnerommet, Bamboo Leaf"},"content":{"rendered":"<p>Ekstra myk teppe som er herlig deilig for barnet \u00e5 leke p\u00e5 fra verdensber\u00f8mte Lorena Canals! Med et deilig og helt h\u00e5ndlaget kvalitetsteppe blir det sv\u00e6rt enkelt \u00e5 skape en fin atmosf\u00e6re i barnerommet!<\/p>\n<p>Teppet er dekorert med et avtakbart, sensorisk bambublad i \u00f8kologisk bomull og leveres med en praktisk veske.<\/p>\n<p>Hvert teppe er h\u00e5ndlaget og unikt, det kan forekomme mindre variasjoner i farge og form. I tillegg til at teppene er fine og praktiske, er de dessuten trygge for ditt barn. Samtlige materialer og farger er selvf\u00f8lgelig helt giftfrie. En ekstra bonus at du enkelt holder p\u00e5 hygienen p\u00e5 teppet, det er vaskbart i en vanlig vaskemaskin (opp til 30 grader).&nbsp;<\/p>\n<p><strong>Farge<\/strong>: Olivengr\u00f8nn<\/p>\n<p><strong>St\u00f8rrelse<\/strong>: \u00d8120 cm<\/p>\n<p><strong>Materiale<\/strong>: 87 % bomull, 10 % bambus og 3 % andre fibre.<\/p>\n<p>Designer: <a href=\"https:\/\/babylove.se\/varumarken\/lorena-canals\"><u>Lorena Canals<\/u><\/a><\/p>\n","protected":false},"excerpt":{"rendered":"<p>Ekstra myk teppe som er herlig deilig for barnet \u00e5 leke p\u00e5 fra verdensber\u00f8mte Lorena Canals! Med et deilig og helt h\u00e5ndlaget kvalitetsteppe blir det sv\u00e6rt enkelt \u00e5 skape en fin atmosf\u00e6re i barnerommet! Teppet er dekorert med et avtakbart, sensorisk bambublad i \u00f8kologisk bomull og leveres med en praktisk veske. Hvert teppe er h\u00e5ndlaget [&hellip;]<\/p>\n","protected":false},"featured_media":48717,"comment_status":"closed","ping_status":"open","template":"","meta":{"_acf_changed":false},"product_brand":[277],"product_cat":[52,278,135],"product_tag":[],"class_list":{"0":"post-48715","1":"product","2":"type-product","3":"status-publish","4":"has-post-thumbnail","6":"product_brand-lorena-canals","7":"product_cat-lekematter","8":"product_cat-lorena-canals","9":"product_cat-tepper","11":"first","12":"outofstock","13":"taxable","14":"shipping-taxable","15":"purchasable","16":"product-type-simple"},"acf":[],"yoast_head":"<!-- This site is optimized with the Yoast SEO Premium plugin v25.8 (Yoast SEO v27.2) - https:\/\/yoast.com\/product\/yoast-seo-premium-wordpress\/ -->\n<title>Lorena Canals, mykt teppe til barnerommet, Bamboo Leaf - Babylove Norska<\/title>\n<meta name=\"robots\" content=\"noindex, follow, max-snippet:-1, max-image-preview:large, max-video-preview:-1\" \/>\n<meta property=\"og:locale\" content=\"nb_NO\" \/>\n<meta property=\"og:type\" content=\"article\" \/>\n<meta property=\"og:title\" content=\"Lorena Canals, mykt teppe til barnerommet, Bamboo Leaf\" \/>\n<meta property=\"og:description\" content=\"Ekstra myk teppe som er herlig deilig for barnet \u00e5 leke p\u00e5 fra verdensber\u00f8mte Lorena Canals! Med et deilig og helt h\u00e5ndlaget kvalitetsteppe blir det sv\u00e6rt enkelt \u00e5 skape en fin atmosf\u00e6re i barnerommet! Teppet er dekorert med et avtakbart, sensorisk bambublad i \u00f8kologisk bomull og leveres med en praktisk veske. Hvert teppe er h\u00e5ndlaget [&hellip;]\" \/>\n<meta property=\"og:url\" content=\"https:\/\/babylove.se\/no\/produkt\/lorena-canals-myk-teppe-til-barnerommet-bamboo-leaf\/\" \/>\n<meta property=\"og:site_name\" content=\"Babylove Norska\" \/>\n<meta property=\"article:modified_time\" content=\"2026-04-08T12:10:40+00:00\" \/>\n<meta property=\"og:image\" content=\"https:\/\/babylove.se\/no\/wp-content\/uploads\/sites\/3\/2025\/07\/63b55ae5a0985.jpeg\" \/>\n\t<meta property=\"og:image:width\" content=\"576\" \/>\n\t<meta property=\"og:image:height\" content=\"864\" \/>\n\t<meta property=\"og:image:type\" content=\"image\/jpeg\" \/>\n<meta name=\"twitter:card\" content=\"summary_large_image\" \/>\n<meta name=\"twitter:label1\" content=\"Price\" \/>\n\t<meta name=\"twitter:data1\" content=\"1 399,00&nbsp;&#107;&#114;\" \/>\n\t<meta name=\"twitter:label2\" content=\"Availability\" \/>\n\t<meta name=\"twitter:data2\" content=\"Out of stock\" \/>\n<script type=\"application\/ld+json\" class=\"yoast-schema-graph\">{\"@context\":\"https:\/\/schema.org\",\"@graph\":[{\"@type\":\"WebPage\",\"@id\":\"https:\/\/babylove.se\/no\/produkt\/lorena-canals-myk-teppe-til-barnerommet-bamboo-leaf\/\",\"url\":\"https:\/\/babylove.se\/no\/produkt\/lorena-canals-myk-teppe-til-barnerommet-bamboo-leaf\/\",\"name\":\"Lorena Canals, mykt teppe til barnerommet, Bamboo Leaf - Babylove Norska\",\"isPartOf\":{\"@id\":\"https:\/\/babylove.se\/no\/#website\"},\"primaryImageOfPage\":{\"@id\":\"https:\/\/babylove.se\/no\/produkt\/lorena-canals-myk-teppe-til-barnerommet-bamboo-leaf\/#primaryimage\"},\"image\":{\"@id\":\"https:\/\/babylove.se\/no\/produkt\/lorena-canals-myk-teppe-til-barnerommet-bamboo-leaf\/#primaryimage\"},\"thumbnailUrl\":\"https:\/\/babylove.se\/no\/wp-content\/uploads\/sites\/3\/2025\/07\/63b55ae5a0985.jpeg\",\"datePublished\":\"2025-07-19T09:58:42+00:00\",\"dateModified\":\"2026-04-08T12:10:40+00:00\",\"breadcrumb\":{\"@id\":\"https:\/\/babylove.se\/no\/produkt\/lorena-canals-myk-teppe-til-barnerommet-bamboo-leaf\/#breadcrumb\"},\"inLanguage\":\"nb-NO\",\"potentialAction\":[{\"@type\":\"ReadAction\",\"target\":[\"https:\/\/babylove.se\/no\/produkt\/lorena-canals-myk-teppe-til-barnerommet-bamboo-leaf\/\"]}]},{\"@type\":\"ImageObject\",\"inLanguage\":\"nb-NO\",\"@id\":\"https:\/\/babylove.se\/no\/produkt\/lorena-canals-myk-teppe-til-barnerommet-bamboo-leaf\/#primaryimage\",\"url\":\"https:\/\/babylove.se\/no\/wp-content\/uploads\/sites\/3\/2025\/07\/63b55ae5a0985.jpeg\",\"contentUrl\":\"https:\/\/babylove.se\/no\/wp-content\/uploads\/sites\/3\/2025\/07\/63b55ae5a0985.jpeg\",\"width\":576,\"height\":864},{\"@type\":\"BreadcrumbList\",\"@id\":\"https:\/\/babylove.se\/no\/produkt\/lorena-canals-myk-teppe-til-barnerommet-bamboo-leaf\/#breadcrumb\",\"itemListElement\":[{\"@type\":\"ListItem\",\"position\":1,\"name\":\"Hem\",\"item\":\"https:\/\/babylove.se\/no\/\"},{\"@type\":\"ListItem\",\"position\":2,\"name\":\"Butik\",\"item\":\"https:\/\/babylove.se\/no\/butik\/\"},{\"@type\":\"ListItem\",\"position\":3,\"name\":\"Lorena Canals, mykt teppe til barnerommet, Bamboo Leaf\"}]},{\"@type\":\"WebSite\",\"@id\":\"https:\/\/babylove.se\/no\/#website\",\"url\":\"https:\/\/babylove.se\/no\/\",\"name\":\"Babylove Norska\",\"description\":\"\",\"potentialAction\":[{\"@type\":\"SearchAction\",\"target\":{\"@type\":\"EntryPoint\",\"urlTemplate\":\"https:\/\/babylove.se\/no\/?s={search_term_string}\"},\"query-input\":{\"@type\":\"PropertyValueSpecification\",\"valueRequired\":true,\"valueName\":\"search_term_string\"}}],\"inLanguage\":\"nb-NO\"}]}<\/script>\n<meta property=\"product:brand\" content=\"Lorena Canals\" \/>\n<meta property=\"product:price:amount\" content=\"1399.00\" \/>\n<meta property=\"product:price:currency\" content=\"SEK\" \/>\n<meta property=\"og:availability\" content=\"out of stock\" \/>\n<meta property=\"product:availability\" content=\"out of stock\" \/>\n<meta property=\"product:retailer_item_id\" content=\"C-BOOLEAF\" \/>\n<meta property=\"product:condition\" content=\"new\" \/>\n<!-- \/ Yoast SEO Premium plugin. -->","yoast_head_json":{"title":"Lorena Canals, mykt teppe til barnerommet, Bamboo Leaf - Babylove Norska","robots":{"index":"noindex","follow":"follow","max-snippet":"max-snippet:-1","max-image-preview":"max-image-preview:large","max-video-preview":"max-video-preview:-1"},"og_locale":"nb_NO","og_type":"article","og_title":"Lorena Canals, mykt teppe til barnerommet, Bamboo Leaf","og_description":"Ekstra myk teppe som er herlig deilig for barnet \u00e5 leke p\u00e5 fra verdensber\u00f8mte Lorena Canals! Med et deilig og helt h\u00e5ndlaget kvalitetsteppe blir det sv\u00e6rt enkelt \u00e5 skape en fin atmosf\u00e6re i barnerommet! Teppet er dekorert med et avtakbart, sensorisk bambublad i \u00f8kologisk bomull og leveres med en praktisk veske. Hvert teppe er h\u00e5ndlaget [&hellip;]","og_url":"https:\/\/babylove.se\/no\/produkt\/lorena-canals-myk-teppe-til-barnerommet-bamboo-leaf\/","og_site_name":"Babylove Norska","article_modified_time":"2026-04-08T12:10:40+00:00","og_image":[{"width":576,"height":864,"url":"https:\/\/babylove.se\/no\/wp-content\/uploads\/sites\/3\/2025\/07\/63b55ae5a0985.jpeg","type":"image\/jpeg"}],"twitter_card":"summary_large_image","twitter_misc":{"Price":"1 399,00&nbsp;&#107;&#114;","Availability":"Out of stock"},"schema":{"@context":"https:\/\/schema.org","@graph":[{"@type":"WebPage","@id":"https:\/\/babylove.se\/no\/produkt\/lorena-canals-myk-teppe-til-barnerommet-bamboo-leaf\/","url":"https:\/\/babylove.se\/no\/produkt\/lorena-canals-myk-teppe-til-barnerommet-bamboo-leaf\/","name":"Lorena Canals, mykt teppe til barnerommet, Bamboo Leaf - Babylove Norska","isPartOf":{"@id":"https:\/\/babylove.se\/no\/#website"},"primaryImageOfPage":{"@id":"https:\/\/babylove.se\/no\/produkt\/lorena-canals-myk-teppe-til-barnerommet-bamboo-leaf\/#primaryimage"},"image":{"@id":"https:\/\/babylove.se\/no\/produkt\/lorena-canals-myk-teppe-til-barnerommet-bamboo-leaf\/#primaryimage"},"thumbnailUrl":"https:\/\/babylove.se\/no\/wp-content\/uploads\/sites\/3\/2025\/07\/63b55ae5a0985.jpeg","datePublished":"2025-07-19T09:58:42+00:00","dateModified":"2026-04-08T12:10:40+00:00","breadcrumb":{"@id":"https:\/\/babylove.se\/no\/produkt\/lorena-canals-myk-teppe-til-barnerommet-bamboo-leaf\/#breadcrumb"},"inLanguage":"nb-NO","potentialAction":[{"@type":"ReadAction","target":["https:\/\/babylove.se\/no\/produkt\/lorena-canals-myk-teppe-til-barnerommet-bamboo-leaf\/"]}]},{"@type":"ImageObject","inLanguage":"nb-NO","@id":"https:\/\/babylove.se\/no\/produkt\/lorena-canals-myk-teppe-til-barnerommet-bamboo-leaf\/#primaryimage","url":"https:\/\/babylove.se\/no\/wp-content\/uploads\/sites\/3\/2025\/07\/63b55ae5a0985.jpeg","contentUrl":"https:\/\/babylove.se\/no\/wp-content\/uploads\/sites\/3\/2025\/07\/63b55ae5a0985.jpeg","width":576,"height":864},{"@type":"BreadcrumbList","@id":"https:\/\/babylove.se\/no\/produkt\/lorena-canals-myk-teppe-til-barnerommet-bamboo-leaf\/#breadcrumb","itemListElement":[{"@type":"ListItem","position":1,"name":"Hem","item":"https:\/\/babylove.se\/no\/"},{"@type":"ListItem","position":2,"name":"Butik","item":"https:\/\/babylove.se\/no\/butik\/"},{"@type":"ListItem","position":3,"name":"Lorena Canals, mykt teppe til barnerommet, Bamboo Leaf"}]},{"@type":"WebSite","@id":"https:\/\/babylove.se\/no\/#website","url":"https:\/\/babylove.se\/no\/","name":"Babylove Norska","description":"","potentialAction":[{"@type":"SearchAction","target":{"@type":"EntryPoint","urlTemplate":"https:\/\/babylove.se\/no\/?s={search_term_string}"},"query-input":{"@type":"PropertyValueSpecification","valueRequired":true,"valueName":"search_term_string"}}],"inLanguage":"nb-NO"}]},"product_brand":"Lorena Canals","product_price_amount":"1399.00","product_price_currency":"SEK","og_availability":"out of stock","product_availability":"out of stock","product_retailer_item_id":"C-BOOLEAF","product_condition":"new"},"_links":{"self":[{"href":"https:\/\/babylove.se\/no\/wp-json\/wp\/v2\/product\/48715","targetHints":{"allow":["GET"]}}],"collection":[{"href":"https:\/\/babylove.se\/no\/wp-json\/wp\/v2\/product"}],"about":[{"href":"https:\/\/babylove.se\/no\/wp-json\/wp\/v2\/types\/product"}],"replies":[{"embeddable":true,"href":"https:\/\/babylove.se\/no\/wp-json\/wp\/v2\/comments?post=48715"}],"wp:featuredmedia":[{"embeddable":true,"href":"https:\/\/babylove.se\/no\/wp-json\/wp\/v2\/media\/48717"}],"wp:attachment":[{"href":"https:\/\/babylove.se\/no\/wp-json\/wp\/v2\/media?parent=48715"}],"wp:term":[{"taxonomy":"product_brand","embeddable":true,"href":"https:\/\/babylove.se\/no\/wp-json\/wp\/v2\/product_brand?post=48715"},{"taxonomy":"product_cat","embeddable":true,"href":"https:\/\/babylove.se\/no\/wp-json\/wp\/v2\/product_cat?post=48715"},{"taxonomy":"product_tag","embeddable":true,"href":"https:\/\/babylove.se\/no\/wp-json\/wp\/v2\/product_tag?post=48715"}],"curies":[{"name":"wp","href":"https:\/\/api.w.org\/{rel}","templated":true}]}}