{"id":48727,"date":"2025-07-19T10:58:56","date_gmt":"2025-07-19T09:58:56","guid":{"rendered":"https:\/\/babylove.se\/produkt\/lorena-canals-mjuk-matta-till-barnrummet-bamboo-forest\/"},"modified":"2026-04-08T13:10:43","modified_gmt":"2026-04-08T12:10:43","slug":"lorena-canals-mykt-teppe-til-barnerommet-bamboo-forest","status":"publish","type":"product","link":"https:\/\/babylove.se\/no\/produkt\/lorena-canals-mykt-teppe-til-barnerommet-bamboo-forest\/","title":{"rendered":"Lorena Canals, mykt teppe til barnerommet, Bamboo Forest"},"content":{"rendered":"<p>Ekstra mykt teppe som er herlig deilig for barnet \u00e5 leke p\u00e5 fra verdensber\u00f8mte Lorena Canals! Med et deilig og helt h\u00e5ndlaget kvalitetsteppe blir det veldig enkelt \u00e5 skape en fin atmosf\u00e6re i barnerommet!&nbsp;<\/p>\n<p>Teppets ulike farger har ulik luggh\u00f8yde for \u00e5 skape ekstra overflatestruktur. Dekorert med fem avtakbare bambublad i \u00f8kologisk bomull og leveres med en praktisk veske.<\/p>\n<p>Hvert teppe er unikt og annerledes, det kan forekomme mindre variasjoner i farge og form. Disse teppene er herlig deilige for barnet \u00e5 leke p\u00e5, men skaper samtidig en fin atmosf\u00e6re og bidrar til det vakre i rommet. I tillegg til at teppene er fine og praktiske, er de dessuten trygge for ditt barn. Samtlige materialer og farger er selvf\u00f8lgelig helt giftfrie. En ekstra bonus at du enkelt holder etter hygienen p\u00e5 teppet, det er vaskbart i en vanlig vaskemaskin (opp til 30 grader).&nbsp;<\/p>\n<p><strong>St\u00f8rrelse<\/strong>: 120 cm x 160 cm&nbsp;<\/p>\n<p><strong>Materiale<\/strong>: 87 % bomull, 10 % bambus og 3 % andre fibre.<\/p>\n<p>Designer: <a href=\"https:\/\/babylove.se\/varumarken\/lorena-canals\"><u>Lorena Canals<\/u><\/a><\/p>\n","protected":false},"excerpt":{"rendered":"<p>Ekstra mykt teppe som er herlig deilig for barnet \u00e5 leke p\u00e5 fra verdensber\u00f8mte Lorena Canals! Med et deilig og helt h\u00e5ndlaget kvalitetsteppe blir det veldig enkelt \u00e5 skape en fin atmosf\u00e6re i barnerommet!&nbsp; Teppets ulike farger har ulik luggh\u00f8yde for \u00e5 skape ekstra overflatestruktur. Dekorert med fem avtakbare bambublad i \u00f8kologisk bomull og leveres [&hellip;]<\/p>\n","protected":false},"featured_media":48729,"comment_status":"closed","ping_status":"open","template":"","meta":{"_acf_changed":false},"product_brand":[],"product_cat":[125,278,135],"product_tag":[],"class_list":{"0":"post-48727","1":"product","2":"type-product","3":"status-publish","4":"has-post-thumbnail","6":"product_cat-boho","7":"product_cat-lorena-canals","8":"product_cat-tepper","10":"first","11":"outofstock","12":"taxable","13":"shipping-taxable","14":"purchasable","15":"product-type-simple"},"acf":[],"yoast_head":"<!-- This site is optimized with the Yoast SEO Premium plugin v25.8 (Yoast SEO v27.2) - https:\/\/yoast.com\/product\/yoast-seo-premium-wordpress\/ -->\n<title>Lorena Canals, mykt teppe til barnerommet, Bamboo Forest - Babylove Norska<\/title>\n<meta name=\"robots\" content=\"noindex, follow, max-snippet:-1, max-image-preview:large, max-video-preview:-1\" \/>\n<meta property=\"og:locale\" content=\"nb_NO\" \/>\n<meta property=\"og:type\" content=\"article\" \/>\n<meta property=\"og:title\" content=\"Lorena Canals, mykt teppe til barnerommet, Bamboo Forest\" \/>\n<meta property=\"og:description\" content=\"Ekstra mykt teppe som er herlig deilig for barnet \u00e5 leke p\u00e5 fra verdensber\u00f8mte Lorena Canals! Med et deilig og helt h\u00e5ndlaget kvalitetsteppe blir det veldig enkelt \u00e5 skape en fin atmosf\u00e6re i barnerommet!&nbsp; Teppets ulike farger har ulik luggh\u00f8yde for \u00e5 skape ekstra overflatestruktur. Dekorert med fem avtakbare bambublad i \u00f8kologisk bomull og leveres [&hellip;]\" \/>\n<meta property=\"og:url\" content=\"https:\/\/babylove.se\/no\/produkt\/lorena-canals-mykt-teppe-til-barnerommet-bamboo-forest\/\" \/>\n<meta property=\"og:site_name\" content=\"Babylove Norska\" \/>\n<meta property=\"article:modified_time\" content=\"2026-04-08T12:10:43+00:00\" \/>\n<meta property=\"og:image\" content=\"https:\/\/babylove.se\/no\/wp-content\/uploads\/sites\/3\/2025\/07\/63b6801400d77.jpeg\" \/>\n\t<meta property=\"og:image:width\" content=\"459\" \/>\n\t<meta property=\"og:image:height\" content=\"689\" \/>\n\t<meta property=\"og:image:type\" content=\"image\/jpeg\" \/>\n<meta name=\"twitter:card\" content=\"summary_large_image\" \/>\n<meta name=\"twitter:label1\" content=\"Price\" \/>\n\t<meta name=\"twitter:data1\" content=\"1 799,00&nbsp;&#107;&#114;\" \/>\n\t<meta name=\"twitter:label2\" content=\"Availability\" \/>\n\t<meta name=\"twitter:data2\" content=\"Out of stock\" \/>\n<script type=\"application\/ld+json\" class=\"yoast-schema-graph\">{\"@context\":\"https:\/\/schema.org\",\"@graph\":[{\"@type\":\"WebPage\",\"@id\":\"https:\/\/babylove.se\/no\/produkt\/lorena-canals-mykt-teppe-til-barnerommet-bamboo-forest\/\",\"url\":\"https:\/\/babylove.se\/no\/produkt\/lorena-canals-mykt-teppe-til-barnerommet-bamboo-forest\/\",\"name\":\"Lorena Canals, mykt teppe til barnerommet, Bamboo Forest - Babylove Norska\",\"isPartOf\":{\"@id\":\"https:\/\/babylove.se\/no\/#website\"},\"primaryImageOfPage\":{\"@id\":\"https:\/\/babylove.se\/no\/produkt\/lorena-canals-mykt-teppe-til-barnerommet-bamboo-forest\/#primaryimage\"},\"image\":{\"@id\":\"https:\/\/babylove.se\/no\/produkt\/lorena-canals-mykt-teppe-til-barnerommet-bamboo-forest\/#primaryimage\"},\"thumbnailUrl\":\"https:\/\/babylove.se\/no\/wp-content\/uploads\/sites\/3\/2025\/07\/63b6801400d77.jpeg\",\"datePublished\":\"2025-07-19T09:58:56+00:00\",\"dateModified\":\"2026-04-08T12:10:43+00:00\",\"breadcrumb\":{\"@id\":\"https:\/\/babylove.se\/no\/produkt\/lorena-canals-mykt-teppe-til-barnerommet-bamboo-forest\/#breadcrumb\"},\"inLanguage\":\"nb-NO\",\"potentialAction\":[{\"@type\":\"ReadAction\",\"target\":[\"https:\/\/babylove.se\/no\/produkt\/lorena-canals-mykt-teppe-til-barnerommet-bamboo-forest\/\"]}]},{\"@type\":\"ImageObject\",\"inLanguage\":\"nb-NO\",\"@id\":\"https:\/\/babylove.se\/no\/produkt\/lorena-canals-mykt-teppe-til-barnerommet-bamboo-forest\/#primaryimage\",\"url\":\"https:\/\/babylove.se\/no\/wp-content\/uploads\/sites\/3\/2025\/07\/63b6801400d77.jpeg\",\"contentUrl\":\"https:\/\/babylove.se\/no\/wp-content\/uploads\/sites\/3\/2025\/07\/63b6801400d77.jpeg\",\"width\":459,\"height\":689},{\"@type\":\"BreadcrumbList\",\"@id\":\"https:\/\/babylove.se\/no\/produkt\/lorena-canals-mykt-teppe-til-barnerommet-bamboo-forest\/#breadcrumb\",\"itemListElement\":[{\"@type\":\"ListItem\",\"position\":1,\"name\":\"Hem\",\"item\":\"https:\/\/babylove.se\/no\/\"},{\"@type\":\"ListItem\",\"position\":2,\"name\":\"Butik\",\"item\":\"https:\/\/babylove.se\/no\/butik\/\"},{\"@type\":\"ListItem\",\"position\":3,\"name\":\"Lorena Canals, mykt teppe til barnerommet, Bamboo Forest\"}]},{\"@type\":\"WebSite\",\"@id\":\"https:\/\/babylove.se\/no\/#website\",\"url\":\"https:\/\/babylove.se\/no\/\",\"name\":\"Babylove Norska\",\"description\":\"\",\"potentialAction\":[{\"@type\":\"SearchAction\",\"target\":{\"@type\":\"EntryPoint\",\"urlTemplate\":\"https:\/\/babylove.se\/no\/?s={search_term_string}\"},\"query-input\":{\"@type\":\"PropertyValueSpecification\",\"valueRequired\":true,\"valueName\":\"search_term_string\"}}],\"inLanguage\":\"nb-NO\"}]}<\/script>\n<meta property=\"product:price:amount\" content=\"1799.00\" \/>\n<meta property=\"product:price:currency\" content=\"SEK\" \/>\n<meta property=\"og:availability\" content=\"out of stock\" \/>\n<meta property=\"product:availability\" content=\"out of stock\" \/>\n<meta property=\"product:retailer_item_id\" content=\"C-BAMBFOR-S\" \/>\n<meta property=\"product:condition\" content=\"new\" \/>\n<!-- \/ Yoast SEO Premium plugin. -->","yoast_head_json":{"title":"Lorena Canals, mykt teppe til barnerommet, Bamboo Forest - Babylove Norska","robots":{"index":"noindex","follow":"follow","max-snippet":"max-snippet:-1","max-image-preview":"max-image-preview:large","max-video-preview":"max-video-preview:-1"},"og_locale":"nb_NO","og_type":"article","og_title":"Lorena Canals, mykt teppe til barnerommet, Bamboo Forest","og_description":"Ekstra mykt teppe som er herlig deilig for barnet \u00e5 leke p\u00e5 fra verdensber\u00f8mte Lorena Canals! Med et deilig og helt h\u00e5ndlaget kvalitetsteppe blir det veldig enkelt \u00e5 skape en fin atmosf\u00e6re i barnerommet!&nbsp; Teppets ulike farger har ulik luggh\u00f8yde for \u00e5 skape ekstra overflatestruktur. Dekorert med fem avtakbare bambublad i \u00f8kologisk bomull og leveres [&hellip;]","og_url":"https:\/\/babylove.se\/no\/produkt\/lorena-canals-mykt-teppe-til-barnerommet-bamboo-forest\/","og_site_name":"Babylove Norska","article_modified_time":"2026-04-08T12:10:43+00:00","og_image":[{"width":459,"height":689,"url":"https:\/\/babylove.se\/no\/wp-content\/uploads\/sites\/3\/2025\/07\/63b6801400d77.jpeg","type":"image\/jpeg"}],"twitter_card":"summary_large_image","twitter_misc":{"Price":"1 799,00&nbsp;&#107;&#114;","Availability":"Out of stock"},"schema":{"@context":"https:\/\/schema.org","@graph":[{"@type":"WebPage","@id":"https:\/\/babylove.se\/no\/produkt\/lorena-canals-mykt-teppe-til-barnerommet-bamboo-forest\/","url":"https:\/\/babylove.se\/no\/produkt\/lorena-canals-mykt-teppe-til-barnerommet-bamboo-forest\/","name":"Lorena Canals, mykt teppe til barnerommet, Bamboo Forest - Babylove Norska","isPartOf":{"@id":"https:\/\/babylove.se\/no\/#website"},"primaryImageOfPage":{"@id":"https:\/\/babylove.se\/no\/produkt\/lorena-canals-mykt-teppe-til-barnerommet-bamboo-forest\/#primaryimage"},"image":{"@id":"https:\/\/babylove.se\/no\/produkt\/lorena-canals-mykt-teppe-til-barnerommet-bamboo-forest\/#primaryimage"},"thumbnailUrl":"https:\/\/babylove.se\/no\/wp-content\/uploads\/sites\/3\/2025\/07\/63b6801400d77.jpeg","datePublished":"2025-07-19T09:58:56+00:00","dateModified":"2026-04-08T12:10:43+00:00","breadcrumb":{"@id":"https:\/\/babylove.se\/no\/produkt\/lorena-canals-mykt-teppe-til-barnerommet-bamboo-forest\/#breadcrumb"},"inLanguage":"nb-NO","potentialAction":[{"@type":"ReadAction","target":["https:\/\/babylove.se\/no\/produkt\/lorena-canals-mykt-teppe-til-barnerommet-bamboo-forest\/"]}]},{"@type":"ImageObject","inLanguage":"nb-NO","@id":"https:\/\/babylove.se\/no\/produkt\/lorena-canals-mykt-teppe-til-barnerommet-bamboo-forest\/#primaryimage","url":"https:\/\/babylove.se\/no\/wp-content\/uploads\/sites\/3\/2025\/07\/63b6801400d77.jpeg","contentUrl":"https:\/\/babylove.se\/no\/wp-content\/uploads\/sites\/3\/2025\/07\/63b6801400d77.jpeg","width":459,"height":689},{"@type":"BreadcrumbList","@id":"https:\/\/babylove.se\/no\/produkt\/lorena-canals-mykt-teppe-til-barnerommet-bamboo-forest\/#breadcrumb","itemListElement":[{"@type":"ListItem","position":1,"name":"Hem","item":"https:\/\/babylove.se\/no\/"},{"@type":"ListItem","position":2,"name":"Butik","item":"https:\/\/babylove.se\/no\/butik\/"},{"@type":"ListItem","position":3,"name":"Lorena Canals, mykt teppe til barnerommet, Bamboo Forest"}]},{"@type":"WebSite","@id":"https:\/\/babylove.se\/no\/#website","url":"https:\/\/babylove.se\/no\/","name":"Babylove Norska","description":"","potentialAction":[{"@type":"SearchAction","target":{"@type":"EntryPoint","urlTemplate":"https:\/\/babylove.se\/no\/?s={search_term_string}"},"query-input":{"@type":"PropertyValueSpecification","valueRequired":true,"valueName":"search_term_string"}}],"inLanguage":"nb-NO"}]},"product_price_amount":"1799.00","product_price_currency":"SEK","og_availability":"out of stock","product_availability":"out of stock","product_retailer_item_id":"C-BAMBFOR-S","product_condition":"new"},"_links":{"self":[{"href":"https:\/\/babylove.se\/no\/wp-json\/wp\/v2\/product\/48727","targetHints":{"allow":["GET"]}}],"collection":[{"href":"https:\/\/babylove.se\/no\/wp-json\/wp\/v2\/product"}],"about":[{"href":"https:\/\/babylove.se\/no\/wp-json\/wp\/v2\/types\/product"}],"replies":[{"embeddable":true,"href":"https:\/\/babylove.se\/no\/wp-json\/wp\/v2\/comments?post=48727"}],"wp:featuredmedia":[{"embeddable":true,"href":"https:\/\/babylove.se\/no\/wp-json\/wp\/v2\/media\/48729"}],"wp:attachment":[{"href":"https:\/\/babylove.se\/no\/wp-json\/wp\/v2\/media?parent=48727"}],"wp:term":[{"taxonomy":"product_brand","embeddable":true,"href":"https:\/\/babylove.se\/no\/wp-json\/wp\/v2\/product_brand?post=48727"},{"taxonomy":"product_cat","embeddable":true,"href":"https:\/\/babylove.se\/no\/wp-json\/wp\/v2\/product_cat?post=48727"},{"taxonomy":"product_tag","embeddable":true,"href":"https:\/\/babylove.se\/no\/wp-json\/wp\/v2\/product_tag?post=48727"}],"curies":[{"name":"wp","href":"https:\/\/api.w.org\/{rel}","templated":true}]}}