{"id":48736,"date":"2025-07-19T10:58:56","date_gmt":"2025-07-19T09:58:56","guid":{"rendered":"https:\/\/babylove.se\/produkt\/lorena-canals-dubbelsidig-lekmatta-i-bomull-bamboo-leaf\/"},"modified":"2026-04-08T13:10:46","modified_gmt":"2026-04-08T12:10:46","slug":"lorena-canals-dobbeltsidig-lekematte-i-bomull-bamboo-leaf","status":"publish","type":"product","link":"https:\/\/babylove.se\/no\/produkt\/lorena-canals-dobbeltsidig-lekematte-i-bomull-bamboo-leaf\/","title":{"rendered":"Lorena Canals, dobbeltsidig lekematte i bomull, Bamboo Leaf"},"content":{"rendered":"<p>Myk polstret lekematte i \u00f8kologisk bomull som er deilig myk for barnet \u00e5 leke p\u00e5 fra verdensber\u00f8mte Lorena Canals!&nbsp;<\/p>\n<p>Matta er utviklet med barnets beste i tankene, og er derfor laget kun av n\u00f8ye utvalgte materialer. Deres<span>&nbsp;<\/span>kjennetegn er at de er dobbeltsidige og vendbare. Den ene siden er olivengr\u00f8nn og den andre er naturfarga.<\/p>\n<p>Leveres med en praktisk veske og en lekeskramle i form av en bambuspinne med l\u00f8v.<\/p>\n<p>Hver matte er unik og annerledes, det kan forekomme mindre variasjoner i farge og form. Disse mattene er deilig myke for barnet \u00e5 leke p\u00e5, men skaper samtidig en fin atmosf\u00e6re og bidrar til det vakre i rommet. I tillegg til at mattene er fine og praktiske, er de dessuten trygge for ditt barn. Samtlige materialer og farger er selvf\u00f8lgelig helt giftfrie. En ekstra bonus at du enkelt holder etter hygienen p\u00e5 matta, den er vaskbar i en vanlig vaskemaskin (opp til 30 grader).&nbsp;<\/p>\n<p><strong>St\u00f8rrelse<\/strong>: \u00d8100 cm<\/p>\n<p><strong>Materiale<\/strong>: 100% \u00f8kologisk bomull. Fyll 100% polyester.&nbsp;<\/p>\n<p>Designer: <a href=\"https:\/\/babylove.se\/varumarken\/lorena-canals\"><u>Lorena Canals<\/u><\/a><\/p>\n","protected":false},"excerpt":{"rendered":"<p>Myk polstret lekematte i \u00f8kologisk bomull som er deilig myk for barnet \u00e5 leke p\u00e5 fra verdensber\u00f8mte Lorena Canals!&nbsp; Matta er utviklet med barnets beste i tankene, og er derfor laget kun av n\u00f8ye utvalgte materialer. Deres&nbsp;kjennetegn er at de er dobbeltsidige og vendbare. Den ene siden er olivengr\u00f8nn og den andre er naturfarga. Leveres [&hellip;]<\/p>\n","protected":false},"featured_media":48738,"comment_status":"closed","ping_status":"open","template":"","meta":{"_acf_changed":false},"product_brand":[277],"product_cat":[52,278,135],"product_tag":[],"class_list":{"0":"post-48736","1":"product","2":"type-product","3":"status-publish","4":"has-post-thumbnail","6":"product_brand-lorena-canals","7":"product_cat-lekematter","8":"product_cat-lorena-canals","9":"product_cat-tepper","11":"first","12":"outofstock","13":"taxable","14":"shipping-taxable","15":"purchasable","16":"product-type-simple"},"acf":[],"yoast_head":"<!-- This site is optimized with the Yoast SEO Premium plugin v25.8 (Yoast SEO v27.2) - https:\/\/yoast.com\/product\/yoast-seo-premium-wordpress\/ -->\n<title>Lorena Canals, dobbeltsidig lekematte i bomull, Bamboo Leaf - Babylove Norska<\/title>\n<meta name=\"robots\" content=\"noindex, follow, max-snippet:-1, max-image-preview:large, max-video-preview:-1\" \/>\n<meta property=\"og:locale\" content=\"nb_NO\" \/>\n<meta property=\"og:type\" content=\"article\" \/>\n<meta property=\"og:title\" content=\"Lorena Canals, dobbeltsidig lekematte i bomull, Bamboo Leaf\" \/>\n<meta property=\"og:description\" content=\"Myk polstret lekematte i \u00f8kologisk bomull som er deilig myk for barnet \u00e5 leke p\u00e5 fra verdensber\u00f8mte Lorena Canals!&nbsp; Matta er utviklet med barnets beste i tankene, og er derfor laget kun av n\u00f8ye utvalgte materialer. Deres&nbsp;kjennetegn er at de er dobbeltsidige og vendbare. Den ene siden er olivengr\u00f8nn og den andre er naturfarga. Leveres [&hellip;]\" \/>\n<meta property=\"og:url\" content=\"https:\/\/babylove.se\/no\/produkt\/lorena-canals-dobbeltsidig-lekematte-i-bomull-bamboo-leaf\/\" \/>\n<meta property=\"og:site_name\" content=\"Babylove Norska\" \/>\n<meta property=\"article:modified_time\" content=\"2026-04-08T12:10:46+00:00\" \/>\n<meta property=\"og:image\" content=\"https:\/\/babylove.se\/no\/wp-content\/uploads\/sites\/3\/2025\/07\/63b68612ebb59.jpeg\" \/>\n\t<meta property=\"og:image:width\" content=\"620\" \/>\n\t<meta property=\"og:image:height\" content=\"929\" \/>\n\t<meta property=\"og:image:type\" content=\"image\/jpeg\" \/>\n<meta name=\"twitter:card\" content=\"summary_large_image\" \/>\n<meta name=\"twitter:label1\" content=\"Price\" \/>\n\t<meta name=\"twitter:data1\" content=\"999,00&nbsp;&#107;&#114;\" \/>\n\t<meta name=\"twitter:label2\" content=\"Availability\" \/>\n\t<meta name=\"twitter:data2\" content=\"Out of stock\" \/>\n<script type=\"application\/ld+json\" class=\"yoast-schema-graph\">{\"@context\":\"https:\/\/schema.org\",\"@graph\":[{\"@type\":\"WebPage\",\"@id\":\"https:\/\/babylove.se\/no\/produkt\/lorena-canals-dobbeltsidig-lekematte-i-bomull-bamboo-leaf\/\",\"url\":\"https:\/\/babylove.se\/no\/produkt\/lorena-canals-dobbeltsidig-lekematte-i-bomull-bamboo-leaf\/\",\"name\":\"Lorena Canals, dobbeltsidig lekematte i bomull, Bamboo Leaf - Babylove Norska\",\"isPartOf\":{\"@id\":\"https:\/\/babylove.se\/no\/#website\"},\"primaryImageOfPage\":{\"@id\":\"https:\/\/babylove.se\/no\/produkt\/lorena-canals-dobbeltsidig-lekematte-i-bomull-bamboo-leaf\/#primaryimage\"},\"image\":{\"@id\":\"https:\/\/babylove.se\/no\/produkt\/lorena-canals-dobbeltsidig-lekematte-i-bomull-bamboo-leaf\/#primaryimage\"},\"thumbnailUrl\":\"https:\/\/babylove.se\/no\/wp-content\/uploads\/sites\/3\/2025\/07\/63b68612ebb59.jpeg\",\"datePublished\":\"2025-07-19T09:58:56+00:00\",\"dateModified\":\"2026-04-08T12:10:46+00:00\",\"breadcrumb\":{\"@id\":\"https:\/\/babylove.se\/no\/produkt\/lorena-canals-dobbeltsidig-lekematte-i-bomull-bamboo-leaf\/#breadcrumb\"},\"inLanguage\":\"nb-NO\",\"potentialAction\":[{\"@type\":\"ReadAction\",\"target\":[\"https:\/\/babylove.se\/no\/produkt\/lorena-canals-dobbeltsidig-lekematte-i-bomull-bamboo-leaf\/\"]}]},{\"@type\":\"ImageObject\",\"inLanguage\":\"nb-NO\",\"@id\":\"https:\/\/babylove.se\/no\/produkt\/lorena-canals-dobbeltsidig-lekematte-i-bomull-bamboo-leaf\/#primaryimage\",\"url\":\"https:\/\/babylove.se\/no\/wp-content\/uploads\/sites\/3\/2025\/07\/63b68612ebb59.jpeg\",\"contentUrl\":\"https:\/\/babylove.se\/no\/wp-content\/uploads\/sites\/3\/2025\/07\/63b68612ebb59.jpeg\",\"width\":620,\"height\":929},{\"@type\":\"BreadcrumbList\",\"@id\":\"https:\/\/babylove.se\/no\/produkt\/lorena-canals-dobbeltsidig-lekematte-i-bomull-bamboo-leaf\/#breadcrumb\",\"itemListElement\":[{\"@type\":\"ListItem\",\"position\":1,\"name\":\"Hem\",\"item\":\"https:\/\/babylove.se\/no\/\"},{\"@type\":\"ListItem\",\"position\":2,\"name\":\"Butik\",\"item\":\"https:\/\/babylove.se\/no\/butik\/\"},{\"@type\":\"ListItem\",\"position\":3,\"name\":\"Lorena Canals, dobbeltsidig lekematte i bomull, Bamboo Leaf\"}]},{\"@type\":\"WebSite\",\"@id\":\"https:\/\/babylove.se\/no\/#website\",\"url\":\"https:\/\/babylove.se\/no\/\",\"name\":\"Babylove Norska\",\"description\":\"\",\"potentialAction\":[{\"@type\":\"SearchAction\",\"target\":{\"@type\":\"EntryPoint\",\"urlTemplate\":\"https:\/\/babylove.se\/no\/?s={search_term_string}\"},\"query-input\":{\"@type\":\"PropertyValueSpecification\",\"valueRequired\":true,\"valueName\":\"search_term_string\"}}],\"inLanguage\":\"nb-NO\"}]}<\/script>\n<meta property=\"product:brand\" content=\"Lorena Canals\" \/>\n<meta property=\"product:price:amount\" content=\"999.00\" \/>\n<meta property=\"product:price:currency\" content=\"SEK\" \/>\n<meta property=\"og:availability\" content=\"out of stock\" \/>\n<meta property=\"product:availability\" content=\"out of stock\" \/>\n<meta property=\"product:retailer_item_id\" content=\"BBM-BAMLEAF\" \/>\n<meta property=\"product:condition\" content=\"new\" \/>\n<!-- \/ Yoast SEO Premium plugin. -->","yoast_head_json":{"title":"Lorena Canals, dobbeltsidig lekematte i bomull, Bamboo Leaf - Babylove Norska","robots":{"index":"noindex","follow":"follow","max-snippet":"max-snippet:-1","max-image-preview":"max-image-preview:large","max-video-preview":"max-video-preview:-1"},"og_locale":"nb_NO","og_type":"article","og_title":"Lorena Canals, dobbeltsidig lekematte i bomull, Bamboo Leaf","og_description":"Myk polstret lekematte i \u00f8kologisk bomull som er deilig myk for barnet \u00e5 leke p\u00e5 fra verdensber\u00f8mte Lorena Canals!&nbsp; Matta er utviklet med barnets beste i tankene, og er derfor laget kun av n\u00f8ye utvalgte materialer. Deres&nbsp;kjennetegn er at de er dobbeltsidige og vendbare. Den ene siden er olivengr\u00f8nn og den andre er naturfarga. Leveres [&hellip;]","og_url":"https:\/\/babylove.se\/no\/produkt\/lorena-canals-dobbeltsidig-lekematte-i-bomull-bamboo-leaf\/","og_site_name":"Babylove Norska","article_modified_time":"2026-04-08T12:10:46+00:00","og_image":[{"width":620,"height":929,"url":"https:\/\/babylove.se\/no\/wp-content\/uploads\/sites\/3\/2025\/07\/63b68612ebb59.jpeg","type":"image\/jpeg"}],"twitter_card":"summary_large_image","twitter_misc":{"Price":"999,00&nbsp;&#107;&#114;","Availability":"Out of stock"},"schema":{"@context":"https:\/\/schema.org","@graph":[{"@type":"WebPage","@id":"https:\/\/babylove.se\/no\/produkt\/lorena-canals-dobbeltsidig-lekematte-i-bomull-bamboo-leaf\/","url":"https:\/\/babylove.se\/no\/produkt\/lorena-canals-dobbeltsidig-lekematte-i-bomull-bamboo-leaf\/","name":"Lorena Canals, dobbeltsidig lekematte i bomull, Bamboo Leaf - Babylove Norska","isPartOf":{"@id":"https:\/\/babylove.se\/no\/#website"},"primaryImageOfPage":{"@id":"https:\/\/babylove.se\/no\/produkt\/lorena-canals-dobbeltsidig-lekematte-i-bomull-bamboo-leaf\/#primaryimage"},"image":{"@id":"https:\/\/babylove.se\/no\/produkt\/lorena-canals-dobbeltsidig-lekematte-i-bomull-bamboo-leaf\/#primaryimage"},"thumbnailUrl":"https:\/\/babylove.se\/no\/wp-content\/uploads\/sites\/3\/2025\/07\/63b68612ebb59.jpeg","datePublished":"2025-07-19T09:58:56+00:00","dateModified":"2026-04-08T12:10:46+00:00","breadcrumb":{"@id":"https:\/\/babylove.se\/no\/produkt\/lorena-canals-dobbeltsidig-lekematte-i-bomull-bamboo-leaf\/#breadcrumb"},"inLanguage":"nb-NO","potentialAction":[{"@type":"ReadAction","target":["https:\/\/babylove.se\/no\/produkt\/lorena-canals-dobbeltsidig-lekematte-i-bomull-bamboo-leaf\/"]}]},{"@type":"ImageObject","inLanguage":"nb-NO","@id":"https:\/\/babylove.se\/no\/produkt\/lorena-canals-dobbeltsidig-lekematte-i-bomull-bamboo-leaf\/#primaryimage","url":"https:\/\/babylove.se\/no\/wp-content\/uploads\/sites\/3\/2025\/07\/63b68612ebb59.jpeg","contentUrl":"https:\/\/babylove.se\/no\/wp-content\/uploads\/sites\/3\/2025\/07\/63b68612ebb59.jpeg","width":620,"height":929},{"@type":"BreadcrumbList","@id":"https:\/\/babylove.se\/no\/produkt\/lorena-canals-dobbeltsidig-lekematte-i-bomull-bamboo-leaf\/#breadcrumb","itemListElement":[{"@type":"ListItem","position":1,"name":"Hem","item":"https:\/\/babylove.se\/no\/"},{"@type":"ListItem","position":2,"name":"Butik","item":"https:\/\/babylove.se\/no\/butik\/"},{"@type":"ListItem","position":3,"name":"Lorena Canals, dobbeltsidig lekematte i bomull, Bamboo Leaf"}]},{"@type":"WebSite","@id":"https:\/\/babylove.se\/no\/#website","url":"https:\/\/babylove.se\/no\/","name":"Babylove Norska","description":"","potentialAction":[{"@type":"SearchAction","target":{"@type":"EntryPoint","urlTemplate":"https:\/\/babylove.se\/no\/?s={search_term_string}"},"query-input":{"@type":"PropertyValueSpecification","valueRequired":true,"valueName":"search_term_string"}}],"inLanguage":"nb-NO"}]},"product_brand":"Lorena Canals","product_price_amount":"999.00","product_price_currency":"SEK","og_availability":"out of stock","product_availability":"out of stock","product_retailer_item_id":"BBM-BAMLEAF","product_condition":"new"},"_links":{"self":[{"href":"https:\/\/babylove.se\/no\/wp-json\/wp\/v2\/product\/48736","targetHints":{"allow":["GET"]}}],"collection":[{"href":"https:\/\/babylove.se\/no\/wp-json\/wp\/v2\/product"}],"about":[{"href":"https:\/\/babylove.se\/no\/wp-json\/wp\/v2\/types\/product"}],"replies":[{"embeddable":true,"href":"https:\/\/babylove.se\/no\/wp-json\/wp\/v2\/comments?post=48736"}],"wp:featuredmedia":[{"embeddable":true,"href":"https:\/\/babylove.se\/no\/wp-json\/wp\/v2\/media\/48738"}],"wp:attachment":[{"href":"https:\/\/babylove.se\/no\/wp-json\/wp\/v2\/media?parent=48736"}],"wp:term":[{"taxonomy":"product_brand","embeddable":true,"href":"https:\/\/babylove.se\/no\/wp-json\/wp\/v2\/product_brand?post=48736"},{"taxonomy":"product_cat","embeddable":true,"href":"https:\/\/babylove.se\/no\/wp-json\/wp\/v2\/product_cat?post=48736"},{"taxonomy":"product_tag","embeddable":true,"href":"https:\/\/babylove.se\/no\/wp-json\/wp\/v2\/product_tag?post=48736"}],"curies":[{"name":"wp","href":"https:\/\/api.w.org\/{rel}","templated":true}]}}